{"id":20,"date":"2023-11-10T12:08:43","date_gmt":"2023-11-10T11:08:43","guid":{"rendered":"https:\/\/lpctour.fr\/2023\/td\/claire\/?page_id=20"},"modified":"2023-11-10T12:28:52","modified_gmt":"2023-11-10T11:28:52","slug":"formalites","status":"publish","type":"page","link":"https:\/\/lpctour.fr\/2023\/td\/claire\/formalites\/","title":{"rendered":"Formalit\u00e9s"},"content":{"rendered":"<h3><strong>Formalit\u00e9s d&rsquo;entr\u00e9e aux Etats Unis :<\/strong><\/h3>\n<p>1.Pr\u00e9senter un passeport biom\u00e9trique en cours de validit\u00e9. Conform\u00e9ment \u00e0 la loi am\u00e9ricaine, la validit\u00e9 du passeport d\u2019un ressortissant \u00e9tranger doit couvrir une p\u00e9riode de 6 mois au-del\u00e0 de la date pr\u00e9vue pour son d\u00e9part des Etats-Unis <span style=\"color: #ff0000;\"><strong>\u00e0 l\u2019exception des pays faisant partie du \u00ab Six Month Club Members \u00bb dont la France fait partie.<\/strong><\/span><\/p>\n<p><img loading=\"lazy\" decoding=\"async\" class=\"alignnone wp-image-21\" src=\"https:\/\/lpctour.fr\/2023\/td\/claire\/wp-content\/uploads\/2023\/11\/39-300x100.jpg\" alt=\"\" width=\"288\" height=\"96\" srcset=\"https:\/\/lpctour.fr\/2023\/td\/claire\/wp-content\/uploads\/2023\/11\/39-300x100.jpg 300w, https:\/\/lpctour.fr\/2023\/td\/claire\/wp-content\/uploads\/2023\/11\/39.jpg 600w\" sizes=\"auto, (max-width: 288px) 100vw, 288px\" \/>\u00a0 \u00a0 \u00a0 \u00a0 \u00a0 \u00a0 \u00a02.\u00a0 Avoir re\u00e7u une autorisation <span style=\"color: #0000ff;\">ESTA\u00a0 \u00a0 \u00a0 \u00a0 \u00a0 \u00a0 \u00a0 \u00a0 \u00a0 \u00a0 \u00a0 \u00a0 \u00a0 \u00a0 \u00a0 \u00a0 \u00a0 \u00a0 \u00a0 \u00a0 \u00a0 <img loading=\"lazy\" decoding=\"async\" class=\"alignnone wp-image-25\" src=\"https:\/\/lpctour.fr\/2023\/td\/claire\/wp-content\/uploads\/2023\/11\/Etrait-ESTA-approuve-300x155.png\" alt=\"\" width=\"228\" height=\"118\" srcset=\"https:\/\/lpctour.fr\/2023\/td\/claire\/wp-content\/uploads\/2023\/11\/Etrait-ESTA-approuve-300x155.png 300w, https:\/\/lpctour.fr\/2023\/td\/claire\/wp-content\/uploads\/2023\/11\/Etrait-ESTA-approuve.png 732w\" sizes=\"auto, (max-width: 228px) 100vw, 228px\" \/><\/span><\/p>\n<p>3. Avoir un billet d\u2019avion <span style=\"color: #0000ff;\">aller-retour<\/span> ou un billet de croisi\u00e8re (prouvant votre sortie du territoire US, qu\u2019importe le lieu d\u2019entr\u00e9e et de sortie)<\/p>\n<p><img loading=\"lazy\" decoding=\"async\" class=\"alignnone wp-image-28\" src=\"https:\/\/lpctour.fr\/2023\/td\/claire\/wp-content\/uploads\/2023\/11\/il-existe-un-jour-ideal-pour-reserver-des-billets-davion-moins-chers-1320141-300x158.jpg\" alt=\"\" width=\"253\" height=\"133\" srcset=\"https:\/\/lpctour.fr\/2023\/td\/claire\/wp-content\/uploads\/2023\/11\/il-existe-un-jour-ideal-pour-reserver-des-billets-davion-moins-chers-1320141-300x158.jpg 300w, https:\/\/lpctour.fr\/2023\/td\/claire\/wp-content\/uploads\/2023\/11\/il-existe-un-jour-ideal-pour-reserver-des-billets-davion-moins-chers-1320141-1024x538.jpg 1024w, https:\/\/lpctour.fr\/2023\/td\/claire\/wp-content\/uploads\/2023\/11\/il-existe-un-jour-ideal-pour-reserver-des-billets-davion-moins-chers-1320141-768x403.jpg 768w, https:\/\/lpctour.fr\/2023\/td\/claire\/wp-content\/uploads\/2023\/11\/il-existe-un-jour-ideal-pour-reserver-des-billets-davion-moins-chers-1320141.jpg 1200w\" sizes=\"auto, (max-width: 253px) 100vw, 253px\" \/><\/p>\n<p>4. Projeter un s\u00e9jour de<span style=\"color: #ff0000;\"> 90 jours maximum<\/span> (le s\u00e9jour ne peut \u00eatre prolong\u00e9 sur place, le visiteur ne peut pas changer de statut, accepter un emploi ou \u00e9tudier).<\/p>\n<p><img loading=\"lazy\" decoding=\"async\" class=\"alignnone  wp-image-30\" src=\"https:\/\/lpctour.fr\/2023\/td\/claire\/wp-content\/uploads\/2023\/11\/582175.ori_-300x200.jpg\" alt=\"\" width=\"234\" height=\"156\" srcset=\"https:\/\/lpctour.fr\/2023\/td\/claire\/wp-content\/uploads\/2023\/11\/582175.ori_-300x200.jpg 300w, https:\/\/lpctour.fr\/2023\/td\/claire\/wp-content\/uploads\/2023\/11\/582175.ori_.jpg 736w\" sizes=\"auto, (max-width: 234px) 100vw, 234px\" \/><\/p>\n<p>5. Pr\u00e9senter une <span style=\"color: #0000ff;\">preuve de solvabilit\u00e9<\/span> (carte de cr\u00e9dit, ch\u00e8ques de voyage, etc).<\/p>\n<p><img loading=\"lazy\" decoding=\"async\" class=\"\" src=\"https:\/\/www.american-motors-travel.com\/blog\/wp-content\/uploads\/2022\/01\/guide-formalit%C3%A9-USA-2-1024x1024.png\" alt=\"Le guide complet des formalit\u00e9s pour les USA | Blog d'American Motors Travel\" width=\"150\" height=\"150\" \/><\/p>\n<p>&nbsp;<\/p>\n<p><span style=\"color: #ff0000;\"><strong>ATTENTION :<\/strong><\/span> le visa est toujours n\u00e9cessaire pour certaines cat\u00e9gories de voyageurs (exemple : si votre visa pr\u00e9c\u00e9dent a \u00e9t\u00e9 refus\u00e9, ou si vous avez d\u00e9j\u00e0 \u00e9t\u00e9 a Cuba ). Pour toute information sur les visas, nous vous invitons \u00e0 consulter le site internet de l\u2019Ambassade <a href=\"https:\/\/fr.usembassy.gov\/fr\/\" target=\"_blank\" rel=\"noopener noreferrer\">https:\/\/fr.usembassy.gov\/fr<\/a>\/.<\/p>\n<p>&nbsp;<\/p>\n<p>&nbsp;<\/p>\n<p>&nbsp;<\/p>\n","protected":false},"excerpt":{"rendered":"<div class=\"mh-excerpt\"><p>Formalit\u00e9s d&rsquo;entr\u00e9e aux Etats Unis : 1.Pr\u00e9senter un passeport biom\u00e9trique en cours de validit\u00e9. Conform\u00e9ment \u00e0 la loi am\u00e9ricaine, la validit\u00e9 du passeport d\u2019un ressortissant <a class=\"mh-excerpt-more\" href=\"https:\/\/lpctour.fr\/2023\/td\/claire\/formalites\/\" title=\"Formalit\u00e9s\">[&#8230;]<\/a><\/p>\n<\/div>","protected":false},"author":1,"featured_media":0,"parent":0,"menu_order":0,"comment_status":"closed","ping_status":"closed","template":"","meta":{"footnotes":""},"class_list":["post-20","page","type-page","status-publish","hentry"],"_links":{"self":[{"href":"https:\/\/lpctour.fr\/2023\/td\/claire\/wp-json\/wp\/v2\/pages\/20","targetHints":{"allow":["GET"]}}],"collection":[{"href":"https:\/\/lpctour.fr\/2023\/td\/claire\/wp-json\/wp\/v2\/pages"}],"about":[{"href":"https:\/\/lpctour.fr\/2023\/td\/claire\/wp-json\/wp\/v2\/types\/page"}],"author":[{"embeddable":true,"href":"https:\/\/lpctour.fr\/2023\/td\/claire\/wp-json\/wp\/v2\/users\/1"}],"replies":[{"embeddable":true,"href":"https:\/\/lpctour.fr\/2023\/td\/claire\/wp-json\/wp\/v2\/comments?post=20"}],"version-history":[{"count":5,"href":"https:\/\/lpctour.fr\/2023\/td\/claire\/wp-json\/wp\/v2\/pages\/20\/revisions"}],"predecessor-version":[{"id":31,"href":"https:\/\/lpctour.fr\/2023\/td\/claire\/wp-json\/wp\/v2\/pages\/20\/revisions\/31"}],"wp:attachment":[{"href":"https:\/\/lpctour.fr\/2023\/td\/claire\/wp-json\/wp\/v2\/media?parent=20"}],"curies":[{"name":"wp","href":"https:\/\/api.w.org\/{rel}","templated":true}]}}