{"id":33,"date":"2023-11-24T09:38:02","date_gmt":"2023-11-24T08:38:02","guid":{"rendered":"https:\/\/lpctour.fr\/2023\/td\/claire\/?page_id=33"},"modified":"2023-11-24T10:18:56","modified_gmt":"2023-11-24T09:18:56","slug":"climat","status":"publish","type":"page","link":"https:\/\/lpctour.fr\/2023\/td\/claire\/climat\/","title":{"rendered":"Climat"},"content":{"rendered":"<p><img decoding=\"async\" src=\"https:\/\/www.partir.com\/images\/quand-partir\/climat-new-york.jpg\" alt=\"Quand partir \u00e0 New York ? Climat, Temp\u00e9ratures et M\u00e9t\u00e9o\" \/><\/p>\n<p>&nbsp;<\/p>\n<p>La ville de <strong>New York<\/strong> a un climat <strong>continental<\/strong>. En effet, il est conseill\u00e9 d&rsquo;y aller <span style=\"color: #008000;\"><strong>entre avril et juin<\/strong><\/span> et <span style=\"color: #008000;\"><strong>entre septembre et novembre<\/strong> <\/span>car les temp\u00e9ratures sont <span style=\"color: #008000;\"><strong>douces<\/strong> <\/span>. G\u00e9n\u00e9ralement<span style=\"color: #0000ff;\">, <strong>entre d\u00e9cembre et f\u00e9vrier<\/strong><\/span>, les temp\u00e9ratures sont<span style=\"color: #0000ff;\"><strong> tr\u00e8s basses<\/strong><\/span> et il fait <strong><span style=\"color: #0000ff;\">extr\u00eamement froid<\/span><\/strong>. En <span style=\"color: #ff0000;\"><strong>juillet et ao\u00fbt<\/strong><\/span> la <strong><span style=\"color: #ff0000;\">chaleur<\/span><\/strong> peut \u00eatre <strong><span style=\"color: #ff0000;\">\u00e9touffante<\/span> <\/strong>dans la ville avec des temp\u00e9ratures qui peuvent atteindre les <strong><span style=\"color: #ff0000;\">40\u00b0C.<\/span><\/strong><\/p>\n<p><img decoding=\"async\" src=\"https:\/\/encrypted-tbn0.gstatic.com\/images?q=tbn:ANd9GcQT1wg2CQEcMMrS0K8GT6VlB-4RrGPN6i9gzvSXBOVjJg&amp;s\" alt=\"10 choses \u00e0 faire en hiver \u00e0 New York - Hellotickets\" \/>\u00a0 \u00a0 <img loading=\"lazy\" decoding=\"async\" class=\"alignright\" src=\"https:\/\/www.newyorkwelcome.net\/kimg\/1200\/governors-island.jpg\" alt=\"L'\u00e9t\u00e9 \u00e0 New York: Que faire et que visiter dans la Grosse Pomme\" width=\"408\" height=\"272\" \/><\/p>\n","protected":false},"excerpt":{"rendered":"<div class=\"mh-excerpt\"><p>&nbsp; La ville de New York a un climat continental. En effet, il est conseill\u00e9 d&rsquo;y aller entre avril et juin et entre septembre et <a class=\"mh-excerpt-more\" href=\"https:\/\/lpctour.fr\/2023\/td\/claire\/climat\/\" title=\"Climat\">[&#8230;]<\/a><\/p>\n<\/div>","protected":false},"author":1,"featured_media":0,"parent":0,"menu_order":0,"comment_status":"closed","ping_status":"closed","template":"","meta":{"footnotes":""},"class_list":["post-33","page","type-page","status-publish","hentry"],"_links":{"self":[{"href":"https:\/\/lpctour.fr\/2023\/td\/claire\/wp-json\/wp\/v2\/pages\/33","targetHints":{"allow":["GET"]}}],"collection":[{"href":"https:\/\/lpctour.fr\/2023\/td\/claire\/wp-json\/wp\/v2\/pages"}],"about":[{"href":"https:\/\/lpctour.fr\/2023\/td\/claire\/wp-json\/wp\/v2\/types\/page"}],"author":[{"embeddable":true,"href":"https:\/\/lpctour.fr\/2023\/td\/claire\/wp-json\/wp\/v2\/users\/1"}],"replies":[{"embeddable":true,"href":"https:\/\/lpctour.fr\/2023\/td\/claire\/wp-json\/wp\/v2\/comments?post=33"}],"version-history":[{"count":3,"href":"https:\/\/lpctour.fr\/2023\/td\/claire\/wp-json\/wp\/v2\/pages\/33\/revisions"}],"predecessor-version":[{"id":38,"href":"https:\/\/lpctour.fr\/2023\/td\/claire\/wp-json\/wp\/v2\/pages\/33\/revisions\/38"}],"wp:attachment":[{"href":"https:\/\/lpctour.fr\/2023\/td\/claire\/wp-json\/wp\/v2\/media?parent=33"}],"curies":[{"name":"wp","href":"https:\/\/api.w.org\/{rel}","templated":true}]}}