{"id":67,"date":"2023-12-22T09:16:38","date_gmt":"2023-12-22T08:16:38","guid":{"rendered":"https:\/\/lpctour.fr\/2023\/td\/claire\/?page_id=67"},"modified":"2024-01-18T14:46:56","modified_gmt":"2024-01-18T13:46:56","slug":"le-met","status":"publish","type":"page","link":"https:\/\/lpctour.fr\/2023\/td\/claire\/le-met\/","title":{"rendered":"Le MET"},"content":{"rendered":"<p>Le\u00a0<span style=\"color: #ff0000;\"><b>Metropolitan Museum of Art<\/b><\/span>\u00a0de\u00a0New York\u00a0(aussi connu sous le nom abr\u00e9g\u00e9 de<span style=\"color: #ff0000;\">\u00a0<b>The Met<\/b><\/span>) est le plus grand mus\u00e9e d&rsquo;art des\u00a0\u00c9tats-Unis<sup id=\"cite_ref-1\" class=\"reference\"><\/sup>\u00a0et\u00a0l&rsquo;un des plus grands mus\u00e9es d&rsquo;art au monde. Il a \u00e9t\u00e9 en 2019 le\u00a0quatri\u00e8me mus\u00e9e le plus visit\u00e9 au monde\u00a0avec plus de 6 millions de visiteurs<sup id=\"cite_ref-:0_2-0\" class=\"reference\"><\/sup>. Ouvert au public depuis le\u00a0<time class=\"nowrap\" datetime=\"1872-02-20\" data-sort-value=\"1872-02-20\">20 f\u00e9vrier 1872<\/time><sup id=\"cite_ref-This_Weekend_in_Met_History:_February_20_3-0\" class=\"reference\"><\/sup>, il est situ\u00e9 dans l&rsquo;arrondissement\u00a0de\u00a0Manhattan, du c\u00f4t\u00e9 de\u00a0Central Park\u00a0sur la\u00a0Cinqui\u00e8me Avenue\u00a0et \u00e0 la hauteur de la\u00a0<abbr class=\"abbr\" title=\"Quatre-vingt-deuxi\u00e8me (huitante-deuxi\u00e8me \/ octante-deuxi\u00e8me)\">82<sup>e<\/sup><\/abbr>\u00a0rue.<\/p>\n<p><img loading=\"lazy\" decoding=\"async\" class=\"\" src=\"https:\/\/www.newyork-forever.com\/wp-content\/uploads\/2018\/09\/metropolitan-museum-of-art.jpg\" alt=\"Metropolitan Museum of Art MET - New York Forever\" width=\"255\" height=\"170\" \/><\/p>\n<p>Le\u00a0<span style=\"color: #ff0000;\"><em>Met<\/em><\/span>\u00a0a beaucoup \u00e0 offrir, il y en a tellement qu\u2019il est conseill\u00e9 de pr\u00e9parer \u00e0 l\u2019avance une liste de ce que vous aimeriez voir. Le mus\u00e9e est si grand que se promener sans but n\u2019a pas de sens. Vous entrez par la salle centrale du mus\u00e9e qui est d\u00e9j\u00e0 impressionnante, le\u00a0<em>Great Hall<\/em>. Je recommande \u00e0 tout le monde, m\u00eame aux non-amateurs d\u2019art comme moi, de visiter le d\u00e9partement d\u2019art \u00e9gyptien (Galeries 100-138). Vous pouvez m\u00eame y admirer un temple \u00e9gyptien.<\/p>\n<p>&nbsp;<\/p>\n<p>Il y a vraiment quelque chose pour tout le monde au <em>Met<\/em>\u00a0: des objets de l\u2019\u00c9gypte ancienne, des armures de l\u2019\u00e9poque m\u00e9di\u00e9vale europ\u00e9enne, de la mode, de la photographie, de l\u2019art contemporain et bien s\u00fbr les marches de\u00a0<em>Gossip Girl<\/em>. M\u00eame si vous n\u2019\u00eates pas amateur de mus\u00e9e,\u00a0<em>The Met<\/em> aura toujours quelque chose que vous aimez.<\/p>\n<p><img loading=\"lazy\" decoding=\"async\" class=\"\" src=\"https:\/\/www.voyageway.com\/wp-content\/uploads\/2019\/01\/metropolitan-museum-of-art.jpg\" alt=\"Metropolitan Museum of Art de New York ou MET, une visite \u00e0 faire \u00e0 NY !\" width=\"266\" height=\"151\" \/><\/p>\n<h3><span id=\"Informations_pratiques\" style=\"color: #ff0000;\">Informations pratiques:<\/span><\/h3>\n<ul>\n<li><span style=\"color: #ff0000;\"><strong>Heures d\u2019ouverture<\/strong>\u00a0:<\/span>\n<ul>\n<li>de dimanche au mardi : de 10h00 \u00e0 17h00<\/li>\n<li>le mercredi : ferm\u00e9<\/li>\n<li>le jeudi : de 10h00 \u00e0 17h00<\/li>\n<li>le vendredi et le samedi : de 10h00 \u00e0 21h00<\/li>\n<\/ul>\n<\/li>\n<li><span style=\"color: #ff0000;\"><strong>Localisation :\u00a0<\/strong><\/span><em>1000\u00a0Fifth Avenue\u00a0<\/em>(au niveau de la\u00a0<em>82nd Street<\/em>). Pour rejoindre le\u00a0<em>Met<\/em>, empruntez la ligne verte 4, 5 ou 6 or la ligne jaune Q jusqu\u2019\u00e0\u00a0<em>86 St<\/em>. Vous pouvez ensuite rejoindre le mus\u00e9e \u00e0 pied en 10-15 minutes ou prendre le bus\u00a0<em>M86<\/em>\u00a0jusqu\u2019\u00e0\u00a0<em>Fifth Avenue<\/em>. Les transferts entre le m\u00e9tro et le bus sont gratuits, vous n\u2019avez pas besoin de repayer pour prendre le bus.<\/li>\n<li>Tous les visiteurs doivent \u00eatre munis d\u2019un billet. Les entr\u00e9es \u00ab\u00a0<em>Pay what you wish<\/em>\u00a0\u00bb sont r\u00e9serv\u00e9es uniquement aux r\u00e9sidents de New York.<\/li>\n<\/ul>\n","protected":false},"excerpt":{"rendered":"<div class=\"mh-excerpt\"><p>Le\u00a0Metropolitan Museum of Art\u00a0de\u00a0New York\u00a0(aussi connu sous le nom abr\u00e9g\u00e9 de\u00a0The Met) est le plus grand mus\u00e9e d&rsquo;art des\u00a0\u00c9tats-Unis\u00a0et\u00a0l&rsquo;un des plus grands mus\u00e9es d&rsquo;art au <a class=\"mh-excerpt-more\" href=\"https:\/\/lpctour.fr\/2023\/td\/claire\/le-met\/\" title=\"Le MET\">[&#8230;]<\/a><\/p>\n<\/div>","protected":false},"author":1,"featured_media":0,"parent":0,"menu_order":0,"comment_status":"closed","ping_status":"closed","template":"","meta":{"footnotes":""},"class_list":["post-67","page","type-page","status-publish","hentry"],"_links":{"self":[{"href":"https:\/\/lpctour.fr\/2023\/td\/claire\/wp-json\/wp\/v2\/pages\/67","targetHints":{"allow":["GET"]}}],"collection":[{"href":"https:\/\/lpctour.fr\/2023\/td\/claire\/wp-json\/wp\/v2\/pages"}],"about":[{"href":"https:\/\/lpctour.fr\/2023\/td\/claire\/wp-json\/wp\/v2\/types\/page"}],"author":[{"embeddable":true,"href":"https:\/\/lpctour.fr\/2023\/td\/claire\/wp-json\/wp\/v2\/users\/1"}],"replies":[{"embeddable":true,"href":"https:\/\/lpctour.fr\/2023\/td\/claire\/wp-json\/wp\/v2\/comments?post=67"}],"version-history":[{"count":3,"href":"https:\/\/lpctour.fr\/2023\/td\/claire\/wp-json\/wp\/v2\/pages\/67\/revisions"}],"predecessor-version":[{"id":104,"href":"https:\/\/lpctour.fr\/2023\/td\/claire\/wp-json\/wp\/v2\/pages\/67\/revisions\/104"}],"wp:attachment":[{"href":"https:\/\/lpctour.fr\/2023\/td\/claire\/wp-json\/wp\/v2\/media?parent=67"}],"curies":[{"name":"wp","href":"https:\/\/api.w.org\/{rel}","templated":true}]}}