{"id":69,"date":"2023-12-22T09:17:19","date_gmt":"2023-12-22T08:17:19","guid":{"rendered":"https:\/\/lpctour.fr\/2023\/td\/claire\/?page_id=69"},"modified":"2024-01-18T14:30:27","modified_gmt":"2024-01-18T13:30:27","slug":"lempire-state-building","status":"publish","type":"page","link":"https:\/\/lpctour.fr\/2023\/td\/claire\/lempire-state-building\/","title":{"rendered":"L&rsquo;Empire State Building"},"content":{"rendered":"<p class=\"intro\">L\u2019Empire State Building est le\u00a0<strong>gratte-ciel le plus connu de New York<\/strong>, c\u2019est LA star des monuments de Manhattan ! Bien qu\u2019il ne soit plus le plus haut immeuble de la ville, il a \u00e9t\u00e9 pendant longtemps le\u00a0<strong>building de tous les records<\/strong>.<\/p>\n<p class=\"intro\">Ses deux observatoires :\u00a0<strong>86e et 102e \u00e9tage<\/strong>\u00a0qui surplombent Manhattan et sa skyline offrent une vue \u00e9poustouflante aussi bien de jour que de nuit. L\u2019Empire State Building est l\u2019une des\u00a0<strong>visites les plus incontournables de New York<\/strong>\u00a0!<\/p>\n<p><img loading=\"lazy\" decoding=\"async\" class=\"\" src=\"https:\/\/cdn-imgix.headout.com\/media\/images\/7c38a42f16928a408907af46f774e1b0-Empire%20state%20building.jpg\" alt=\"R\u00e9servez des billets pour l'Empire State Building | Acc\u00e8s \u00e0 la file d'attente\" width=\"370\" height=\"231\" \/>\u00a0 \u00a0 \u00a0 \u00a0 \u00a0 \u00a0 \u00a0 \u00a0 \u00a0 \u00a0 \u00a0 \u00a0 \u00a0 \u00a0 \u00a0 \u00a0 \u00a0 \u00a0 \u00a0 \u00a0 \u00a0 \u00a0 <img loading=\"lazy\" decoding=\"async\" class=\"\" src=\"https:\/\/assets.rockettes.com\/wp-content\/uploads\/2016\/06\/empire-state-building-nys.jpg\" alt=\"The Empire State Building Is Lighting Up For the New York Spectacular | The Rockettes\" width=\"150\" height=\"181\" \/>\u00a0 \u00a0 \u00a0 \u00a0 \u00a0 \u00a0 \u00a0 \u00a0 \u00a0 \u00a0 \u00a0 \u00a0 \u00a0 \u00a0 \u00a0 \u00a0 \u00a0 \u00a0 \u00a0 \u00a0 \u00a0 \u00a0 \u00a0\u00a0 <img loading=\"lazy\" decoding=\"async\" class=\"\" src=\"https:\/\/cdn.getyourguide.com\/img\/location\/5b06b327ada4f.jpeg\/68.jpg\" alt=\"Empire State Building : observatoire du 102e \u00e9tage, New York - R\u00e9servez des tickets pour votre visite | GetYourGuide\" width=\"222\" height=\"148\" \/><\/p>\n<h3 id=\"le-musee-de-l-empire-state-building\" class=\"wp-block-heading\">Le mus\u00e9e de l\u2019Empire State Building<\/h3>\n<p>Un mus\u00e9e a \u00e9galement vu le jour aux 2<sup>e<\/sup>\u00a0et 80<sup>e<\/sup>\u00a0\u00e9tages. Sur pr\u00e8s de 1 000 m<sup>2<\/sup>, une dizaine d\u2019expositions retracent l\u2019histoire et les faits marquants de la star new yorkaise.<\/p>\n<p>Au travers de t\u00e9lescopes, films, statues ou r\u00e9pliques des ascenseurs originaux du b\u00e2timent, l\u2019Empire State Building vous livre ses secrets, y compris comment cet \u00e9norme building est devenu peu \u00e0 peu un mod\u00e8le en termes d\u2019\u00e9conomie d\u2019\u00e9nergie.<\/p>\n<p>Les deux expositions les plus marquantes sont celles d\u00e9di\u00e9es \u00e0\u00a0<strong>King Kong<\/strong>\u00a0(qui est un peu chez lui ici) et aux\u00a0<strong>stars ayant visit\u00e9 le gratte-ciel<\/strong>.<\/p>\n<p><span style=\"color: #ff0000;\"><strong>Les prix pour acc\u00e9der \u00e0 l&rsquo;Empire State Building<\/strong><\/span><\/p>\n<table>\n<thead>\n<tr>\n<th class=\"has-text-align-left\" data-align=\"left\"><strong>TICKETS<\/strong><\/th>\n<th class=\"has-text-align-left\" data-align=\"left\">EMPIRE STATE BUILDING PRIX<\/th>\n<th><\/th>\n<\/tr>\n<\/thead>\n<tbody>\n<tr>\n<td class=\"has-text-align-left\" data-align=\"left\"><strong>Observatoire 86<sup>e<\/sup>\u00a0\u00e9tage<\/strong><br \/>\nTicket standard<\/td>\n<td class=\"has-text-align-left\" data-align=\"left\">Adulte : 47 \u20ac<br \/>\nEnfant : 41 \u20ac<br \/>\nSenior (+62 ans) : 45 \u20ac<br \/>\nMoins de 6 ans : Gratuit<\/td>\n<td><\/td>\n<\/tr>\n<tr>\n<td class=\"has-text-align-left\" data-align=\"left\"><strong>Observatoires 86<sup>e<\/sup>\u00a0+ 102<sup>e<\/sup>\u00a0\u00e9tages<\/strong><br \/>\nTicket standard<\/td>\n<td class=\"has-text-align-left\" data-align=\"left\">Adulte : 82 \u20ac<br \/>\nEnfant : 76 \u20ac<br \/>\nSenior : 80 \u20ac<\/td>\n<td><\/td>\n<\/tr>\n<tr>\n<td class=\"has-text-align-left\" data-align=\"left\"><strong>Lever du soleil<\/strong><br \/>\nMaximum de 100 billets disponibles par session<\/td>\n<td class=\"has-text-align-left\" data-align=\"left\">Tarif unique : 139 \u20ac<\/td>\n<td><\/td>\n<\/tr>\n<tr>\n<td class=\"has-text-align-left\" data-align=\"left\"><strong>Acc\u00e8s jour + nuit (2 mont\u00e9es)<\/strong><br \/>\nNon recommand\u00e9, prenez plut\u00f4t un New York CityPASS ou un Explorer Pass, plus rentable<\/td>\n<td class=\"has-text-align-left\" data-align=\"left\">Adulte : 67 \u20ac<br \/>\nEnfant : 56,60 \u20ac<\/td>\n<\/tr>\n<\/tbody>\n<\/table>\n","protected":false},"excerpt":{"rendered":"<div class=\"mh-excerpt\"><p>L\u2019Empire State Building est le\u00a0gratte-ciel le plus connu de New York, c\u2019est LA star des monuments de Manhattan ! Bien qu\u2019il ne soit plus le <a class=\"mh-excerpt-more\" href=\"https:\/\/lpctour.fr\/2023\/td\/claire\/lempire-state-building\/\" title=\"L&rsquo;Empire State Building\">[&#8230;]<\/a><\/p>\n<\/div>","protected":false},"author":1,"featured_media":0,"parent":0,"menu_order":0,"comment_status":"closed","ping_status":"closed","template":"","meta":{"footnotes":""},"class_list":["post-69","page","type-page","status-publish","hentry"],"_links":{"self":[{"href":"https:\/\/lpctour.fr\/2023\/td\/claire\/wp-json\/wp\/v2\/pages\/69","targetHints":{"allow":["GET"]}}],"collection":[{"href":"https:\/\/lpctour.fr\/2023\/td\/claire\/wp-json\/wp\/v2\/pages"}],"about":[{"href":"https:\/\/lpctour.fr\/2023\/td\/claire\/wp-json\/wp\/v2\/types\/page"}],"author":[{"embeddable":true,"href":"https:\/\/lpctour.fr\/2023\/td\/claire\/wp-json\/wp\/v2\/users\/1"}],"replies":[{"embeddable":true,"href":"https:\/\/lpctour.fr\/2023\/td\/claire\/wp-json\/wp\/v2\/comments?post=69"}],"version-history":[{"count":4,"href":"https:\/\/lpctour.fr\/2023\/td\/claire\/wp-json\/wp\/v2\/pages\/69\/revisions"}],"predecessor-version":[{"id":100,"href":"https:\/\/lpctour.fr\/2023\/td\/claire\/wp-json\/wp\/v2\/pages\/69\/revisions\/100"}],"wp:attachment":[{"href":"https:\/\/lpctour.fr\/2023\/td\/claire\/wp-json\/wp\/v2\/media?parent=69"}],"curies":[{"name":"wp","href":"https:\/\/api.w.org\/{rel}","templated":true}]}}