{"id":72,"date":"2023-12-22T09:18:57","date_gmt":"2023-12-22T08:18:57","guid":{"rendered":"https:\/\/lpctour.fr\/2023\/td\/claire\/?page_id=72"},"modified":"2024-01-18T15:07:16","modified_gmt":"2024-01-18T14:07:16","slug":"statue-de-la-liberte-et-ellis-island","status":"publish","type":"page","link":"https:\/\/lpctour.fr\/2023\/td\/claire\/statue-de-la-liberte-et-ellis-island\/","title":{"rendered":"Statue de la Libert\u00e9 et Ellis Island"},"content":{"rendered":"<p>La c\u00e9l\u00e8bre\u00a0<strong><span style=\"color: #ff0000;\">Statue de la Libert\u00e9<\/span>\u00a0<\/strong>repr\u00e9sente une femme drap\u00e9e dans une toge et brandissant une torche de la main droite. Sur les tablettes qu\u2019elle tient de la main gauche, on peut lire en chiffres romains \u00ab\u00a04 juillet 1776\u00a0\u00bb, jour de l\u2019Ind\u00e9pendance am\u00e9ricaine.<\/p>\n<p>Les 7 rayons de sa couronne repr\u00e9sentent les 7 mers et continents, et \u00e0 ses pieds, une plaque de bronze comporte le po\u00e8me d\u2019Emma Lazarus,\u00a0<em>\u00ab\u00a0The New Colossus\u00a0\u00bb,<\/em>\u00a0qui s\u2019adresse aux millions d\u2019immigrants d\u00e9barquant \u00e0 Ellis Island.<\/p>\n<p>Con\u00e7ue par Bartholdi et Eiffel, elle fut offerte par les fran\u00e7ais en guise d\u2019amiti\u00e9 franco-am\u00e9ricaine, \u00e0 l\u2019occasion du centenaire des Etats-Unis en 1876.<\/p>\n<p>Sur Ellis Island, vous aurez l\u2019opportunit\u00e9 de visiter le mus\u00e9e de l\u2019immigration.<\/p>\n<p>Suite aux inondations de 2012, la Statue de la Libert\u00e9 a \u00e9t\u00e9 rouverte. En revanche,\u00a0<span style=\"color: #ff0000;\"><strong>Ellis Island<\/strong>\u00a0<\/span>o\u00f9 se trouve le mus\u00e9e de l\u2019immigration, reste ferm\u00e9e \u00e0 ce jour.<\/p>\n<p><img loading=\"lazy\" decoding=\"async\" class=\"\" src=\"https:\/\/media.ceetiz.com\/activity\/STANYC001\/thumbnails\/642x450\/ferry-statue-liberte-ellis-island-ceetiz-4.jpg\" alt=\"Ferry pour la Statue de la libert\u00e9 &amp; Ellis Island \u2013 Billet prioritaire\" width=\"250\" height=\"175\" \/>\u00a0 \u00a0 \u00a0 \u00a0 \u00a0 \u00a0 \u00a0 \u00a0 \u00a0 \u00a0 \u00a0 \u00a0 \u00a0 <img loading=\"lazy\" decoding=\"async\" class=\"\" src=\"https:\/\/images.musement.com\/cover\/0151\/10\/thumb_15009704_cover_header.jpeg\" alt=\"Visite \u00e0 pied d'Ellis Island et de la statue de la Libert\u00e9 | musement\" width=\"452\" height=\"301\" \/><\/p>\n<p>&nbsp;<\/p>\n<ul class=\"encart_blocs\">\n<li>\n<div>\n<p><strong>D\u00e9parts :<\/strong><br \/>\n\u2013 depuis Battery Park au Castle Clinton.<br \/>\n\u2013 depuis Liberty State Park dans le New Jersey<\/p>\n<\/div>\n<\/li>\n<li><i class=\"fas fa-dollar-sign fa-solid\"><\/i>\n<div>\n<p><strong>Tarifs :\u00a0<\/strong>$24.50 (adulte), $12 (4-12 ans), $18 (+62 ans)<\/p>\n<\/div>\n<\/li>\n<li><i class=\"far fa-calendar-alt \"><\/i>\n<div>\n<p><strong>Horaires :<\/strong>\u00a0de 9\u202fh\u202f30 \u00e0 17\u202fh\u202f00 selon les saisons (dernier d\u00e9part de ferry vers 15\u202fh).<\/p>\n<\/div>\n<\/li>\n<li><i class=\" far fa-solid fa-thumbs-up\"><\/i>\n<div>\n<p><strong>Bon plan :\u00a0<\/strong>certains\u00a0pass attractions\u00a0incluent la travers\u00e9e en ferry, l\u2019acc\u00e8s \u00e0 Liberty\u00a0Island, au mus\u00e9e de la statue de la Libert\u00e9 et aussi au mus\u00e9e de l\u2019immigration \u00e0 Ellis\u00a0Island.<\/p>\n<\/div>\n<\/li>\n<li><i class=\" fas fa-info-circle \"><\/i>\n<div>\n<p><strong>Info :<\/strong>\u00a0Vous passerez par un poste de s\u00e9curit\u00e9 (comme dans les a\u00e9roports) avant d\u2019embarquer sur le ferry. Comptez environ 30 minutes d\u2019attente.<\/p>\n<\/div>\n<\/li>\n<\/ul>\n","protected":false},"excerpt":{"rendered":"<div class=\"mh-excerpt\"><p>La c\u00e9l\u00e8bre\u00a0Statue de la Libert\u00e9\u00a0repr\u00e9sente une femme drap\u00e9e dans une toge et brandissant une torche de la main droite. Sur les tablettes qu\u2019elle tient de <a class=\"mh-excerpt-more\" href=\"https:\/\/lpctour.fr\/2023\/td\/claire\/statue-de-la-liberte-et-ellis-island\/\" title=\"Statue de la Libert\u00e9 et Ellis Island\">[&#8230;]<\/a><\/p>\n<\/div>","protected":false},"author":1,"featured_media":0,"parent":0,"menu_order":0,"comment_status":"closed","ping_status":"closed","template":"","meta":{"footnotes":""},"class_list":["post-72","page","type-page","status-publish","hentry"],"_links":{"self":[{"href":"https:\/\/lpctour.fr\/2023\/td\/claire\/wp-json\/wp\/v2\/pages\/72","targetHints":{"allow":["GET"]}}],"collection":[{"href":"https:\/\/lpctour.fr\/2023\/td\/claire\/wp-json\/wp\/v2\/pages"}],"about":[{"href":"https:\/\/lpctour.fr\/2023\/td\/claire\/wp-json\/wp\/v2\/types\/page"}],"author":[{"embeddable":true,"href":"https:\/\/lpctour.fr\/2023\/td\/claire\/wp-json\/wp\/v2\/users\/1"}],"replies":[{"embeddable":true,"href":"https:\/\/lpctour.fr\/2023\/td\/claire\/wp-json\/wp\/v2\/comments?post=72"}],"version-history":[{"count":3,"href":"https:\/\/lpctour.fr\/2023\/td\/claire\/wp-json\/wp\/v2\/pages\/72\/revisions"}],"predecessor-version":[{"id":108,"href":"https:\/\/lpctour.fr\/2023\/td\/claire\/wp-json\/wp\/v2\/pages\/72\/revisions\/108"}],"wp:attachment":[{"href":"https:\/\/lpctour.fr\/2023\/td\/claire\/wp-json\/wp\/v2\/media?parent=72"}],"curies":[{"name":"wp","href":"https:\/\/api.w.org\/{rel}","templated":true}]}}