{"id":74,"date":"2023-12-22T09:24:24","date_gmt":"2023-12-22T08:24:24","guid":{"rendered":"https:\/\/lpctour.fr\/2023\/td\/claire\/?page_id=74"},"modified":"2024-01-18T14:57:37","modified_gmt":"2024-01-18T13:57:37","slug":"memorial-et-musee-du-11-septembre","status":"publish","type":"page","link":"https:\/\/lpctour.fr\/2023\/td\/claire\/memorial-et-musee-du-11-septembre\/","title":{"rendered":"M\u00e9morial et Mus\u00e9e du 11 septembre"},"content":{"rendered":"<p><em>Situ\u00e9s sur le site du World Trade Center, le M\u00e9morial du 11 Septembre et son mus\u00e9e comm\u00e9morent les attaques terroristes du 11 septembre 2001 et du 26 f\u00e9vrier 1993.<\/em><\/p>\n<p>Visitez le M\u00e9morial du 11 Septembre et son mus\u00e9e<\/p>\n<ul>\n<li><strong>Conseil : allez-y t\u00f4t le matin\u00a0pour obtenir des billets horodot\u00e9s dans la journ\u00e9e.<\/strong><\/li>\n<\/ul>\n<p>Le M\u00e9morial du 11 Septembre et son mus\u00e9e rendent hommage aux victimes de ces attaques (pr\u00e8s de 3 000) et \u00e0 toutes celles et ceux qui ont risqu\u00e9 leur vie pour en sauver d&rsquo;autres. D\u00e9couvrez les deux bassins du m\u00e9morial situ\u00e9s \u00e0 l&#8217;emplacement exact o\u00f9 s&rsquo;\u00e9levaient les anciennes tours jumelles. La profondeur de ces bassins d&rsquo;une superficie de pr\u00e8s de 3 000 m<sup>2<\/sup>\u00a0chacun a permis de construire les plus grandes cascades artificielles d&rsquo;Am\u00e9rique du Nord. Les noms de toutes les victimes des attaques de 2001 et de 1993 sont grav\u00e9s dans les st\u00e8les de bronze qui entourent les bassins.<\/p>\n<p>Dans les 10\u00a0200 m\u00e8tres carr\u00e9s d&rsquo;espace d&rsquo;exposition du mus\u00e9e, les visiteurs d\u00e9couvriront l&rsquo;histoire du 11 Septembre \u00e0 travers des supports multim\u00e9dias, des archives, des r\u00e9cits et une collection d&rsquo;objets monumentaux et authentiques.<\/p>\n<p><img loading=\"lazy\" decoding=\"async\" class=\"\" src=\"https:\/\/lh3.googleusercontent.com\/proxy\/dPcY4FtKy-GE0A7nJyxJ2EUTwva386n6zplHww80L9baYI0zPNxbDNkVqFTDCp4CSM_D3CgzDOWo3B3PJx1r9YmNkl7iAKoaNICAiMk01Zrq5gMnIQ\" alt=\"Visiter 9\/11 Memorial Museum - Horaires, tarifs, prix, acc\u00e8s\" width=\"334\" height=\"222\" \/>\u00a0 \u00a0 \u00a0 \u00a0 \u00a0 \u00a0 \u00a0 \u00a0 \u00a0 \u00a0 \u00a0 \u00a0 \u00a0 \u00a0 \u00a0 <img loading=\"lazy\" decoding=\"async\" class=\"\" src=\"https:\/\/img.lapresse.ca\/924x615\/201409\/17\/906535-musee-souterrain-sorte-crypte-geante.jpg\" alt=\"Mus\u00e9e du 11-Septembre: un million de visiteurs d\u00e9j\u00e0 | La Presse\" width=\"251\" height=\"167\" \/>\u00a0 \u00a0 \u00a0 \u00a0 \u00a0 \u00a0 \u00a0 \u00a0 \u00a0 \u00a0 <img loading=\"lazy\" decoding=\"async\" class=\"\" src=\"https:\/\/www.leparisien.fr\/resizer\/uLbkI5aOQLkuCG4t3nyFQj_Owew=\/932x582\/arc-anglerfish-eu-central-1-prod-leparisien.s3.amazonaws.com\/public\/KIC3MJG7ETSOKJSMAA756ZQ6ZE.jpg\" alt=\"11 Septembre : des ann\u00e9es apr\u00e8s le drame, l'ombre du cancer plane sur New  York - Le Parisien\" width=\"274\" height=\"171\" \/><\/p>\n<p>Points forts du M\u00e9morial du 11 Septembre et son mus\u00e9e<\/p>\n<p><strong>Foundation Hall<\/strong>\u00a0: avec une superficie de 1\u00a0400\u00a0m\u00e8tres carr\u00e9s et une hauteur de plafond de 18 m\u00e8tres, le Foundation Hall est la plus grande salle du mus\u00e9e. Il abrite une portion du mur de fondation restant du World Trade Center. Ce dernier pan de mur atteint une hauteur de 11 m\u00e8tres et est recouvert de souvenirs, d&rsquo;inscriptions comm\u00e9moratives et d&rsquo;avis de recherche laiss\u00e9s par les ouvriers de construction, les sauveteurs et d&rsquo;autres.<\/p>\n<p><strong>L&rsquo;exposition historique\u00a0<\/strong>: install\u00e9e sur les fondations de la tour nord, cette exposition pr\u00e9sente l&rsquo;histoire du 11 Septembre en trois parties\u00a0: avant, pendant et apr\u00e8s. Des objets, des images, des t\u00e9moignages et des enregistrements audio et vid\u00e9o sont pr\u00e9sent\u00e9s.<\/p>\n<p><strong>L&rsquo;exposition du M\u00e9morial<\/strong>\u00a0: cette exposition est d\u00e9di\u00e9e aux victimes des attaques du 11 septembre 2001 et du 26 f\u00e9vrier 1993.<\/p>\n<p><strong>Cover Stories<\/strong>\u00a0: une exposition de 33 unes du journal\u00a0<em>The New Yorker<\/em>, qui montrent comment le magazine hebdomadaire a d\u00e9crit les tours jumelles sur des illustrations de couverture, avant et apr\u00e8s le 11 Septembre.<\/p>\n<p><strong>Pavillion<\/strong>\u00a0: dans le hall d&rsquo;entr\u00e9e, vous pouvez apercevoir les Tridents,\u00a0deux colonnes d&rsquo;acier de 24 m\u00e8tres de haut qui faisaient autrefois partie de l&rsquo;ext\u00e9rieur de la tour nord. Vous y d\u00e9couvrirez aussi une remarquable collection de drapeaux, certains faisant partie des 180 qui \u00e9taient pr\u00e9sents dans le lobby des tours jumelles au World Trade Center.<\/p>\n<p>Infos sur le M\u00e9morial du 11 Septembre et son mus\u00e9e<\/p>\n<ul>\n<li>Le M\u00e9morial du 11 Septembre et son mus\u00e9e ont ouvert pour le dixi\u00e8me anniversaire du 11 Septembre, le 11 september 2011.<\/li>\n<li>Les bassins du M\u00e9morial du 11 Septembre mesurent pr\u00e8s de 4 000 m\u00e8tres carr\u00e9s et comportent la plus grande cascade artificielle d&rsquo;Am\u00e9rique du Nord.<\/li>\n<li>Les noms de toutes les victimes des attaques de 2001 et 1993 sont inscrites sur les panneaux des bassins.<\/li>\n<\/ul>\n<p><img loading=\"lazy\" decoding=\"async\" class=\"\" src=\"https:\/\/static.lpnt.fr\/images\/2016\/05\/19\/4023372lpw-4023774-article-jpg_3555007_1250x625.jpg\" alt=\"Le 11 Septembre en 5 chiffres\" width=\"410\" height=\"205\" \/>\u00a0 \u00a0 \u00a0 \u00a0 \u00a0 \u00a0 \u00a0 \u00a0 \u00a0 \u00a0 \u00a0 \u00a0 <img loading=\"lazy\" decoding=\"async\" class=\"\" src=\"https:\/\/www.bons-plans-voyage-new-york.com\/wordpress\/wp-content\/uploads\/2016\/05\/musee-memorial-9-11-new-york-15.jpg\" alt=\"Visiter le M\u00e9morial et le Mus\u00e9e du 11 Septembre 2001\" width=\"338\" height=\"226\" \/><\/p>\n","protected":false},"excerpt":{"rendered":"<div class=\"mh-excerpt\"><p>Situ\u00e9s sur le site du World Trade Center, le M\u00e9morial du 11 Septembre et son mus\u00e9e comm\u00e9morent les attaques terroristes du 11 septembre 2001 et <a class=\"mh-excerpt-more\" href=\"https:\/\/lpctour.fr\/2023\/td\/claire\/memorial-et-musee-du-11-septembre\/\" title=\"M\u00e9morial et Mus\u00e9e du 11 septembre\">[&#8230;]<\/a><\/p>\n<\/div>","protected":false},"author":1,"featured_media":0,"parent":0,"menu_order":0,"comment_status":"closed","ping_status":"closed","template":"","meta":{"footnotes":""},"class_list":["post-74","page","type-page","status-publish","hentry"],"_links":{"self":[{"href":"https:\/\/lpctour.fr\/2023\/td\/claire\/wp-json\/wp\/v2\/pages\/74","targetHints":{"allow":["GET"]}}],"collection":[{"href":"https:\/\/lpctour.fr\/2023\/td\/claire\/wp-json\/wp\/v2\/pages"}],"about":[{"href":"https:\/\/lpctour.fr\/2023\/td\/claire\/wp-json\/wp\/v2\/types\/page"}],"author":[{"embeddable":true,"href":"https:\/\/lpctour.fr\/2023\/td\/claire\/wp-json\/wp\/v2\/users\/1"}],"replies":[{"embeddable":true,"href":"https:\/\/lpctour.fr\/2023\/td\/claire\/wp-json\/wp\/v2\/comments?post=74"}],"version-history":[{"count":3,"href":"https:\/\/lpctour.fr\/2023\/td\/claire\/wp-json\/wp\/v2\/pages\/74\/revisions"}],"predecessor-version":[{"id":106,"href":"https:\/\/lpctour.fr\/2023\/td\/claire\/wp-json\/wp\/v2\/pages\/74\/revisions\/106"}],"wp:attachment":[{"href":"https:\/\/lpctour.fr\/2023\/td\/claire\/wp-json\/wp\/v2\/media?parent=74"}],"curies":[{"name":"wp","href":"https:\/\/api.w.org\/{rel}","templated":true}]}}