{"id":80,"date":"2023-12-22T09:26:10","date_gmt":"2023-12-22T08:26:10","guid":{"rendered":"https:\/\/lpctour.fr\/2023\/td\/claire\/?page_id=80"},"modified":"2024-01-18T14:35:50","modified_gmt":"2024-01-18T13:35:50","slug":"time-square","status":"publish","type":"page","link":"https:\/\/lpctour.fr\/2023\/td\/claire\/time-square\/","title":{"rendered":"Times Square"},"content":{"rendered":"<div class=\"l-guide-section o-content-aside__container u-hide--mobile\">\n<div class=\"l-guide-section__inner\">\n<aside class=\"o-content-aside --buttons-right\">\n<div id=\"generatedID_04236391396225143\" class=\"o-gallery-thumbs u-hide--mobile\">\n<div class=\"o-gallery-thumbs__imgs\">\n<div class=\"o-gallery-thumbs__item\">\n<section class=\"l-guide-section _text-collection _first-guide-section\">\n<div class=\"l-guide-section__inner\">\n<div class=\"o-content \">\n<p><span style=\"color: #ff0000;\"><b style=\"color: #ff0000;\">La place de\u00a0Times Square est le <\/b><span style=\"color: #ff0000;\"><b>c\u0153ur<\/b><\/span><b style=\"color: #ff0000;\">\u00a0de la ville de New York, elle s&rsquo;est transform\u00e9e avec les ann\u00e9es en l&rsquo;un des embl\u00e8mes de cette ville cosmopolite, gr\u00e2ce \u00e0 ses lumi\u00e8res et ses remarquables panneaux publicitaires.<\/b><\/span><\/p>\n<\/div>\n<p><img loading=\"lazy\" decoding=\"async\" class=\"\" src=\"https:\/\/www.new-york.fr\/f\/estados-unidos\/nueva-york\/guia\/times-square-m.jpg\" alt=\"Times Square - Le quartier le plus anim\u00e9 et c\u00e9l\u00e8bre de New York\" width=\"341\" height=\"204\" \/><\/p>\n<\/div>\n<\/section>\n<\/div>\n<\/div>\n<\/div>\n<\/aside>\n<\/div>\n<\/div>\n<section class=\"l-guide-section _text-collection _first-guide-section\">\n<div class=\"l-guide-section__inner\">\n<div class=\"o-content \">\n<p>Avec ses milliers d&rsquo;illuminations et ses \u00e9normes panneaux publicitaires,\u00a0<strong>Times Square est certainement l&rsquo;une des premi\u00e8res images qui vient \u00e0 l&rsquo;esprit lorsque l&rsquo;on pense \u00e0 New York.<\/strong>\u00a0Le centre n\u00e9vralgique du quartier est sa c\u00e9l\u00e8bre\u00a0place,\u00a0<strong>au croisement de\u00a0Broadway\u00a0avec la 7\u00e8me Avenue.<\/strong><\/p>\n<p><img loading=\"lazy\" decoding=\"async\" class=\"\" src=\"https:\/\/cqh.imgix.net\/2023\/08\/pexels-jose-francisco-fernandez-saura-802024.jpg?auto=compress%2Cformat&amp;ixlib=php-3.3.1&amp;q=70\" alt=\"Things to do in Times Square for Free\" width=\"442\" height=\"294\" \/><\/p>\n<p>\u00c0 Times Square, il y a des bars, des restaurants, des\u00a0th\u00e9\u00e2tres, des\u00a0mus\u00e9es\u00a0et de l&rsquo;ambiance, beaucoup d&rsquo;ambiance. Quand la nuit tombe,\u00a0<strong>les lumi\u00e8res de Times Square illuminent tout<\/strong>, et il n&rsquo;y a pas un voyageur ou un New-Yorkais qui ne se laisse pas s\u00e9duire par le charme de la plus c\u00e9l\u00e8bre place de la ville.<\/p>\n<p>Visiter Times Square est un incontournable pour tout voyage \u00e0 New York. Lieu de tournage de nombreux\u00a0films et s\u00e9ries, Times Square est la place la plus fr\u00e9quent\u00e9e de\u00a0Manhattan\u00a0et rassemble des gens de tous horizons.<\/p>\n<p>Les\u00a0<strong>enseignes caract\u00e9ristiques de Times Square sont probablement la plus grande attraction de la place<\/strong>, car les visages et les produits qu&rsquo;elles projettent remplissent tout, o\u00f9 que l&rsquo;on regarde.<\/p>\n<p><img loading=\"lazy\" decoding=\"async\" class=\"\" src=\"https:\/\/images.unsplash.com\/photo-1570740753915-b7b204e7f2a0?q=80&amp;w=1000&amp;auto=format&amp;fit=crop&amp;ixlib=rb-4.0.3&amp;ixid=M3wxMjA3fDB8MHxzZWFyY2h8Mnx8dGltZSUyMHNxdWFyZXxlbnwwfHwwfHx8MA%3D%3D\" alt=\"30,000+ Time Square Pictures | Download Free Images on Unsplash\" width=\"305\" height=\"218\" \/><\/p>\n<\/div>\n<\/div>\n<\/section>\n","protected":false},"excerpt":{"rendered":"<div class=\"mh-excerpt\"><p>La place de\u00a0Times Square est le c\u0153ur\u00a0de la ville de New York, elle s&rsquo;est transform\u00e9e avec les ann\u00e9es en l&rsquo;un des embl\u00e8mes de cette ville <a class=\"mh-excerpt-more\" href=\"https:\/\/lpctour.fr\/2023\/td\/claire\/time-square\/\" title=\"Times Square\">[&#8230;]<\/a><\/p>\n<\/div>","protected":false},"author":1,"featured_media":0,"parent":0,"menu_order":0,"comment_status":"closed","ping_status":"closed","template":"","meta":{"footnotes":""},"class_list":["post-80","page","type-page","status-publish","hentry"],"_links":{"self":[{"href":"https:\/\/lpctour.fr\/2023\/td\/claire\/wp-json\/wp\/v2\/pages\/80","targetHints":{"allow":["GET"]}}],"collection":[{"href":"https:\/\/lpctour.fr\/2023\/td\/claire\/wp-json\/wp\/v2\/pages"}],"about":[{"href":"https:\/\/lpctour.fr\/2023\/td\/claire\/wp-json\/wp\/v2\/types\/page"}],"author":[{"embeddable":true,"href":"https:\/\/lpctour.fr\/2023\/td\/claire\/wp-json\/wp\/v2\/users\/1"}],"replies":[{"embeddable":true,"href":"https:\/\/lpctour.fr\/2023\/td\/claire\/wp-json\/wp\/v2\/comments?post=80"}],"version-history":[{"count":4,"href":"https:\/\/lpctour.fr\/2023\/td\/claire\/wp-json\/wp\/v2\/pages\/80\/revisions"}],"predecessor-version":[{"id":102,"href":"https:\/\/lpctour.fr\/2023\/td\/claire\/wp-json\/wp\/v2\/pages\/80\/revisions\/102"}],"wp:attachment":[{"href":"https:\/\/lpctour.fr\/2023\/td\/claire\/wp-json\/wp\/v2\/media?parent=80"}],"curies":[{"name":"wp","href":"https:\/\/api.w.org\/{rel}","templated":true}]}}