{"id":44,"date":"2025-11-28T12:07:47","date_gmt":"2025-11-28T11:07:47","guid":{"rendered":"https:\/\/lpctour.buchon.fr\/2025\/td\/asma\/?page_id=44"},"modified":"2026-01-29T23:42:23","modified_gmt":"2026-01-29T22:42:23","slug":"gastronomie","status":"publish","type":"page","link":"https:\/\/lpctour.fr\/2025\/td\/asma\/gastronomie\/","title":{"rendered":"Gastronomie"},"content":{"rendered":"\n<p><strong>Gastronomie costaricienne : saveurs authentiques &amp; cuisine Pura Vida<\/strong><\/p>\n\n\n\n<div class=\"wp-block-media-text is-stacked-on-mobile\" style=\"grid-template-columns:26% auto\"><figure class=\"wp-block-media-text__media\"><img loading=\"lazy\" decoding=\"async\" width=\"683\" height=\"1024\" src=\"https:\/\/lpctour.fr\/2025\/td\/asma\/wp-content\/uploads\/2026\/01\/Menu-683x1024.png\" alt=\"\" class=\"wp-image-240 size-full\" srcset=\"https:\/\/lpctour.fr\/2025\/td\/asma\/wp-content\/uploads\/2026\/01\/Menu-683x1024.png 683w, https:\/\/lpctour.fr\/2025\/td\/asma\/wp-content\/uploads\/2026\/01\/Menu-200x300.png 200w, https:\/\/lpctour.fr\/2025\/td\/asma\/wp-content\/uploads\/2026\/01\/Menu-768x1152.png 768w, https:\/\/lpctour.fr\/2025\/td\/asma\/wp-content\/uploads\/2026\/01\/Menu.png 1024w\" sizes=\"auto, (max-width: 683px) 100vw, 683px\" \/><\/figure><div class=\"wp-block-media-text__content\">\n<p>La gastronomie costaricienne est simple, g\u00e9n\u00e9reuse et profond\u00e9ment li\u00e9e \u00e0 la nature. Elle refl\u00e8te l\u2019esprit <em>Pura Vida<\/em> : des plats color\u00e9s, nourrissants, pr\u00e9par\u00e9s avec des produits frais issus des terres volcaniques et des c\u00f4tes tropicales. Ici, on cuisine avec le c\u0153ur, en privil\u00e9giant les ingr\u00e9dients locaux et les recettes transmises de g\u00e9n\u00e9ration en g\u00e9n\u00e9ration.<\/p>\n<\/div><\/div>\n\n\n\n<div class=\"wp-block-media-text has-media-on-the-right is-stacked-on-mobile\" style=\"grid-template-columns:auto 26%\"><div class=\"wp-block-media-text__content\">\n<p>La plupart des plats reposent sur des ingr\u00e9dients essentiels :<\/p>\n\n\n\n<ul class=\"wp-block-list\">\n<li>Riz<\/li>\n<\/ul>\n\n\n\n<ul class=\"wp-block-list\">\n<li>Haricots noirs<\/li>\n<\/ul>\n\n\n\n<ul class=\"wp-block-list\">\n<li>Banane plantain<\/li>\n<\/ul>\n\n\n\n<ul class=\"wp-block-list\">\n<li>Ma\u00efs<\/li>\n<\/ul>\n\n\n\n<ul class=\"wp-block-list\">\n<li>L\u00e9gumes tropicaux<\/li>\n<\/ul>\n\n\n\n<ul class=\"wp-block-list\">\n<li>Poissons et fruits de mer<\/li>\n<\/ul>\n\n\n\n<p>Fruits exotiques (ananas, papaye, mangue, goyave\u2026) Ces aliments simples deviennent de v\u00e9ritables tr\u00e9sors gr\u00e2ce aux \u00e9pices douces et aux cuissons traditionnelles.<\/p>\n<\/div><figure class=\"wp-block-media-text__media\"><img loading=\"lazy\" decoding=\"async\" width=\"683\" height=\"1024\" src=\"https:\/\/lpctour.fr\/2025\/td\/asma\/wp-content\/uploads\/2026\/01\/carte-visuelle--683x1024.png\" alt=\"\" class=\"wp-image-241 size-full\" srcset=\"https:\/\/lpctour.fr\/2025\/td\/asma\/wp-content\/uploads\/2026\/01\/carte-visuelle--683x1024.png 683w, https:\/\/lpctour.fr\/2025\/td\/asma\/wp-content\/uploads\/2026\/01\/carte-visuelle--200x300.png 200w, https:\/\/lpctour.fr\/2025\/td\/asma\/wp-content\/uploads\/2026\/01\/carte-visuelle--768x1152.png 768w, https:\/\/lpctour.fr\/2025\/td\/asma\/wp-content\/uploads\/2026\/01\/carte-visuelle-.png 1024w\" sizes=\"auto, (max-width: 683px) 100vw, 683px\" \/><\/figure><\/div>\n\n\n\n<div class=\"wp-block-media-text is-stacked-on-mobile\" style=\"grid-template-columns:26% auto\"><figure class=\"wp-block-media-text__media\"><img loading=\"lazy\" decoding=\"async\" width=\"683\" height=\"1024\" src=\"https:\/\/lpctour.fr\/2025\/td\/asma\/wp-content\/uploads\/2026\/01\/Boissons-683x1024.png\" alt=\"\" class=\"wp-image-242 size-full\" srcset=\"https:\/\/lpctour.fr\/2025\/td\/asma\/wp-content\/uploads\/2026\/01\/Boissons-683x1024.png 683w, https:\/\/lpctour.fr\/2025\/td\/asma\/wp-content\/uploads\/2026\/01\/Boissons-200x300.png 200w, https:\/\/lpctour.fr\/2025\/td\/asma\/wp-content\/uploads\/2026\/01\/Boissons-768x1152.png 768w, https:\/\/lpctour.fr\/2025\/td\/asma\/wp-content\/uploads\/2026\/01\/Boissons.png 1024w\" sizes=\"auto, (max-width: 683px) 100vw, 683px\" \/><\/figure><div class=\"wp-block-media-text__content\">\n<p>La gastronomie costaricienne n\u2019est pas seulement un ensemble de recettes : c\u2019est une mani\u00e8re de vivre. Elle c\u00e9l\u00e8bre la simplicit\u00e9, le partage et la connexion \u00e0 la nature. Chaque plat raconte une histoire, chaque saveur invite au voyage.<\/p>\n<\/div><\/div>\n","protected":false},"excerpt":{"rendered":"<p>Gastronomie costaricienne : saveurs authentiques &amp; cuisine Pura Vida La gastronomie costaricienne est simple, g\u00e9n\u00e9reuse et profond\u00e9ment li\u00e9e \u00e0 la [&hellip;]<\/p>\n","protected":false},"author":1,"featured_media":0,"parent":0,"menu_order":0,"comment_status":"closed","ping_status":"closed","template":"","meta":{"site-sidebar-layout":"default","site-content-layout":"","ast-site-content-layout":"default","site-content-style":"default","site-sidebar-style":"default","ast-global-header-display":"","ast-banner-title-visibility":"","ast-main-header-display":"","ast-hfb-above-header-display":"","ast-hfb-below-header-display":"","ast-hfb-mobile-header-display":"","site-post-title":"","ast-breadcrumbs-content":"","ast-featured-img":"","footer-sml-layout":"","ast-disable-related-posts":"","theme-transparent-header-meta":"","adv-header-id-meta":"","stick-header-meta":"","header-above-stick-meta":"","header-main-stick-meta":"","header-below-stick-meta":"","astra-migrate-meta-layouts":"default","ast-page-background-enabled":"default","ast-page-background-meta":{"desktop":{"background-color":"var(--ast-global-color-5)","background-image":"","background-repeat":"repeat","background-position":"center center","background-size":"auto","background-attachment":"scroll","background-type":"","background-media":"","overlay-type":"","overlay-color":"","overlay-opacity":"","overlay-gradient":""},"tablet":{"background-color":"","background-image":"","background-repeat":"repeat","background-position":"center center","background-size":"auto","background-attachment":"scroll","background-type":"","background-media":"","overlay-type":"","overlay-color":"","overlay-opacity":"","overlay-gradient":""},"mobile":{"background-color":"","background-image":"","background-repeat":"repeat","background-position":"center center","background-size":"auto","background-attachment":"scroll","background-type":"","background-media":"","overlay-type":"","overlay-color":"","overlay-opacity":"","overlay-gradient":""}},"ast-content-background-meta":{"desktop":{"background-color":"var(--ast-global-color-4)","background-image":"","background-repeat":"repeat","background-position":"center center","background-size":"auto","background-attachment":"scroll","background-type":"","background-media":"","overlay-type":"","overlay-color":"","overlay-opacity":"","overlay-gradient":""},"tablet":{"background-color":"var(--ast-global-color-4)","background-image":"","background-repeat":"repeat","background-position":"center center","background-size":"auto","background-attachment":"scroll","background-type":"","background-media":"","overlay-type":"","overlay-color":"","overlay-opacity":"","overlay-gradient":""},"mobile":{"background-color":"var(--ast-global-color-4)","background-image":"","background-repeat":"repeat","background-position":"center center","background-size":"auto","background-attachment":"scroll","background-type":"","background-media":"","overlay-type":"","overlay-color":"","overlay-opacity":"","overlay-gradient":""}},"ngg_post_thumbnail":0,"footnotes":""},"class_list":["post-44","page","type-page","status-publish","hentry"],"_links":{"self":[{"href":"https:\/\/lpctour.fr\/2025\/td\/asma\/wp-json\/wp\/v2\/pages\/44","targetHints":{"allow":["GET"]}}],"collection":[{"href":"https:\/\/lpctour.fr\/2025\/td\/asma\/wp-json\/wp\/v2\/pages"}],"about":[{"href":"https:\/\/lpctour.fr\/2025\/td\/asma\/wp-json\/wp\/v2\/types\/page"}],"author":[{"embeddable":true,"href":"https:\/\/lpctour.fr\/2025\/td\/asma\/wp-json\/wp\/v2\/users\/1"}],"replies":[{"embeddable":true,"href":"https:\/\/lpctour.fr\/2025\/td\/asma\/wp-json\/wp\/v2\/comments?post=44"}],"version-history":[{"count":2,"href":"https:\/\/lpctour.fr\/2025\/td\/asma\/wp-json\/wp\/v2\/pages\/44\/revisions"}],"predecessor-version":[{"id":243,"href":"https:\/\/lpctour.fr\/2025\/td\/asma\/wp-json\/wp\/v2\/pages\/44\/revisions\/243"}],"wp:attachment":[{"href":"https:\/\/lpctour.fr\/2025\/td\/asma\/wp-json\/wp\/v2\/media?parent=44"}],"curies":[{"name":"wp","href":"https:\/\/api.w.org\/{rel}","templated":true}]}}