{"id":95,"date":"2025-12-19T11:49:48","date_gmt":"2025-12-19T10:49:48","guid":{"rendered":"https:\/\/lpctour.fr\/2025\/td\/asma\/?page_id=95"},"modified":"2026-01-30T19:50:15","modified_gmt":"2026-01-30T18:50:15","slug":"sites-touristiques","status":"publish","type":"page","link":"https:\/\/lpctour.fr\/2025\/td\/asma\/sites-touristiques\/","title":{"rendered":"Sites Touristiques"},"content":{"rendered":"\n<p><strong>Les tr\u00e9sors naturels du Costa Rica<\/strong><\/p>\n\n\n\n<p>Le Costa Rica est un v\u00e9ritable sanctuaire de biodiversit\u00e9, o\u00f9 chaque r\u00e9gion offre une exp\u00e9rience unique. Des volcans majestueux aux plages sauvages, en passant par les for\u00eats de nuages et les canaux tropicaux, le pays regorge de sites touristiques spectaculaires qui s\u00e9duisent les voyageurs en qu\u00eate d\u2019aventure, de d\u00e9tente et de d\u00e9couverte.<\/p>\n\n\n\n<p><strong>Un voyage entre terre, mer et ciel<\/strong><\/p>\n\n\n\n<p>Le territoire costaricien se distingue par sa diversit\u00e9 g\u00e9ographique :<\/p>\n\n\n\n<ul class=\"wp-block-list\">\n<li>\ud83c\udf0b Des volcans actifs comme l\u2019Arenal ou le Rincon de la Vieja<\/li>\n\n\n\n<li>\ud83c\udf3f Des parcs nationaux prot\u00e9g\u00e9s abritant une faune exceptionnelle<\/li>\n\n\n\n<li>\ud83c\udfd6\ufe0f Deux c\u00f4tes aux ambiances contrast\u00e9es : Pacifique et Cara\u00efbes<\/li>\n\n\n\n<li>\ud83d\udc22 Des r\u00e9serves naturelles accessibles uniquement en bateau<\/li>\n\n\n\n<li>\ud83c\udf2b\ufe0f Des for\u00eats de nuages myst\u00e9rieuses perch\u00e9es dans les hauteurs<\/li>\n<\/ul>\n\n\n\n<p>Chaque site est une invitation \u00e0 explorer, ressentir et s\u2019\u00e9merveiller.<\/p>\n\n\n\n<p><strong>Des exp\u00e9riences inoubliables<\/strong><\/p>\n\n\n\n<p>Que vous soyez amateur de randonn\u00e9e, passionn\u00e9 de faune sauvage, adepte du surf ou simplement curieux de d\u00e9couvrir une culture chaleureuse, le Costa Rica vous offre :<\/p>\n\n\n\n<ul class=\"wp-block-list\">\n<li>Des tyroliennes au-dessus de la canop\u00e9e<\/li>\n\n\n\n<li>Des bains dans des sources chaudes volcaniques<\/li>\n\n\n\n<li>Des rencontres avec des paresseux, toucans et singes hurleurs<\/li>\n\n\n\n<li>Des plages class\u00e9es parmi les plus belles du monde<\/li>\n\n\n\n<li>Des villages color\u00e9s et accueillants<\/li>\n<\/ul>\n\n\n\n<div class=\"wp-block-group is-layout-constrained wp-block-group-is-layout-constrained\">\n<p class=\"has-text-align-center\"><strong><em>D\u00e9couvrez les 5 sites touristiques incontournables en cliquant sur les liens ci-dessous pour acc\u00e9der \u00e0 des descriptifs complets et immersifs.<\/em><\/strong><\/p>\n\n\n\n<div class=\"wp-block-columns alignwide is-layout-flex wp-container-core-columns-is-layout-d2da2050 wp-block-columns-is-layout-flex\" style=\"margin-bottom:0\">\n<div class=\"wp-block-column has-text-color has-background has-link-color wp-elements-59359565895f911315cb84525c20090a is-layout-flow wp-block-column-is-layout-flow\" style=\"color:#000000;background-color:#ffe97d;padding-top:2em;padding-right:2em;padding-bottom:2em;padding-left:2em\">\n<div class=\"wp-block-buttons alignfull is-horizontal is-content-justification-center is-layout-flex wp-container-core-buttons-is-layout-03627597 wp-block-buttons-is-layout-flex\">\n<div class=\"wp-block-button has-custom-width wp-block-button__width-100\"><a class=\"wp-block-button__link has-white-color has-text-color has-background no-border-radius wp-element-button\" href=\"https:\/\/lpctour.fr\/2025\/td\/asma\/2026\/01\/28\/puerto-viejo-la-cote-caraibe\/\" style=\"background-color:#000000\">Puerto Viejo &amp; la c\u00f4te Cara\u00efbe<\/a><\/div>\n<\/div>\n<\/div>\n\n\n\n<div class=\"wp-block-column has-text-color has-background has-link-color wp-elements-b4c7dbd0b629fc60c364e6367557e0bf is-layout-flow wp-block-column-is-layout-flow\" style=\"color:#000000;background-color:#d1d1e1;padding-top:2em;padding-right:2em;padding-bottom:2em;padding-left:2em\">\n<div class=\"wp-block-buttons alignfull is-horizontal is-content-justification-center is-layout-flex wp-container-core-buttons-is-layout-03627597 wp-block-buttons-is-layout-flex\">\n<div class=\"wp-block-button has-custom-width wp-block-button__width-100 is-style-fill\"><a class=\"wp-block-button__link has-white-color has-text-color has-background no-border-radius wp-element-button\" href=\"https:\/\/lpctour.fr\/2025\/td\/asma\/2026\/01\/28\/monteverde-foret-de-nuages\/\" style=\"background-color:#000000\">Monteverde \u2013 For\u00eat de nuages<\/a><\/div>\n<\/div>\n<\/div>\n<\/div>\n\n\n\n<div class=\"wp-block-group alignwide is-layout-constrained wp-block-group-is-layout-constrained\">\n<div class=\"wp-block-columns alignwide is-layout-flex wp-container-core-columns-is-layout-d2da2050 wp-block-columns-is-layout-flex\" style=\"margin-bottom:0\">\n<div class=\"wp-block-column has-text-color has-background has-link-color wp-elements-83b05f768f27ff3ef28a707d21c6b2ad is-layout-flow wp-block-column-is-layout-flow\" style=\"color:#000000;background-color:#ffe97d;padding-top:2em;padding-right:2em;padding-bottom:2em;padding-left:2em\">\n<div class=\"wp-block-buttons alignfull is-horizontal is-content-justification-center is-layout-flex wp-container-core-buttons-is-layout-03627597 wp-block-buttons-is-layout-flex\">\n<div class=\"wp-block-button is-style-outline is-style-outline--1\"><a class=\"wp-block-button__link wp-element-button\" href=\"https:\/\/lpctour.fr\/2025\/td\/asma\/2026\/01\/28\/tortuguero\/\">Tortuguero<\/a><\/div>\n<\/div>\n<\/div>\n\n\n\n<div class=\"wp-block-column has-text-color has-background has-link-color wp-elements-e71e06ebb83ba9525e6059282e095c74 is-layout-flow wp-block-column-is-layout-flow\" style=\"color:#000000;background-color:#d1d1e1;padding-top:2em;padding-right:2em;padding-bottom:2em;padding-left:2em\">\n<div class=\"wp-block-buttons alignfull is-horizontal is-content-justification-center is-layout-flex wp-container-core-buttons-is-layout-03627597 wp-block-buttons-is-layout-flex\">\n<div class=\"wp-block-button has-custom-width wp-block-button__width-100 is-style-fill\"><a class=\"wp-block-button__link has-white-color has-text-color has-background no-border-radius wp-element-button\" href=\"https:\/\/lpctour.fr\/2025\/td\/asma\/2026\/01\/28\/volcan-arenal-la-fortuna\/\" style=\"background-color:#000000\">Volcan Arenal &amp; La Fortuna<\/a><\/div>\n<\/div>\n<\/div>\n\n\n\n<div class=\"wp-block-column has-text-color has-background has-link-color wp-elements-f051f8fc67ec1203f428b6ee1e2c9544 is-layout-flow wp-block-column-is-layout-flow\" style=\"color:#000000;background-color:#c0ebf1;padding-top:2em;padding-right:2em;padding-bottom:2em;padding-left:2em\">\n<div class=\"wp-block-buttons alignfull is-horizontal is-content-justification-center is-layout-flex wp-container-core-buttons-is-layout-03627597 wp-block-buttons-is-layout-flex\">\n<div class=\"wp-block-button has-custom-width wp-block-button__width-100\"><a class=\"wp-block-button__link has-white-color has-text-color has-background no-border-radius wp-element-button\" href=\"https:\/\/lpctour.fr\/2025\/td\/asma\/2026\/01\/28\/parc-national-manuel-antonio\/\" style=\"background-color:#000000\">Parc National Manuel Antonio<\/a><\/div>\n<\/div>\n<\/div>\n<\/div>\n<\/div>\n<\/div>\n\n\n\n<figure class=\"wp-block-pullquote\"><blockquote><p>Voyager, c\u2019est grandir. C\u2019est la grande aventure. Celle qui laisse des traces dans l\u2019\u00e2me. <\/p><cite><strong>Marc Thiercelin<\/strong><br><\/cite><\/blockquote><\/figure>\n","protected":false},"excerpt":{"rendered":"<p>Les tr\u00e9sors naturels du Costa Rica Le Costa Rica est un v\u00e9ritable sanctuaire de biodiversit\u00e9, o\u00f9 chaque r\u00e9gion offre une [&hellip;]<\/p>\n","protected":false},"author":1,"featured_media":0,"parent":0,"menu_order":0,"comment_status":"closed","ping_status":"closed","template":"","meta":{"site-sidebar-layout":"default","site-content-layout":"","ast-site-content-layout":"default","site-content-style":"default","site-sidebar-style":"default","ast-global-header-display":"","ast-banner-title-visibility":"","ast-main-header-display":"","ast-hfb-above-header-display":"","ast-hfb-below-header-display":"","ast-hfb-mobile-header-display":"","site-post-title":"","ast-breadcrumbs-content":"","ast-featured-img":"","footer-sml-layout":"","ast-disable-related-posts":"","theme-transparent-header-meta":"","adv-header-id-meta":"","stick-header-meta":"","header-above-stick-meta":"","header-main-stick-meta":"","header-below-stick-meta":"","astra-migrate-meta-layouts":"default","ast-page-background-enabled":"default","ast-page-background-meta":{"desktop":{"background-color":"var(--ast-global-color-5)","background-image":"","background-repeat":"repeat","background-position":"center center","background-size":"auto","background-attachment":"scroll","background-type":"","background-media":"","overlay-type":"","overlay-color":"","overlay-opacity":"","overlay-gradient":""},"tablet":{"background-color":"","background-image":"","background-repeat":"repeat","background-position":"center center","background-size":"auto","background-attachment":"scroll","background-type":"","background-media":"","overlay-type":"","overlay-color":"","overlay-opacity":"","overlay-gradient":""},"mobile":{"background-color":"","background-image":"","background-repeat":"repeat","background-position":"center center","background-size":"auto","background-attachment":"scroll","background-type":"","background-media":"","overlay-type":"","overlay-color":"","overlay-opacity":"","overlay-gradient":""}},"ast-content-background-meta":{"desktop":{"background-color":"var(--ast-global-color-4)","background-image":"","background-repeat":"repeat","background-position":"center center","background-size":"auto","background-attachment":"scroll","background-type":"","background-media":"","overlay-type":"","overlay-color":"","overlay-opacity":"","overlay-gradient":""},"tablet":{"background-color":"var(--ast-global-color-4)","background-image":"","background-repeat":"repeat","background-position":"center center","background-size":"auto","background-attachment":"scroll","background-type":"","background-media":"","overlay-type":"","overlay-color":"","overlay-opacity":"","overlay-gradient":""},"mobile":{"background-color":"var(--ast-global-color-4)","background-image":"","background-repeat":"repeat","background-position":"center center","background-size":"auto","background-attachment":"scroll","background-type":"","background-media":"","overlay-type":"","overlay-color":"","overlay-opacity":"","overlay-gradient":""}},"ngg_post_thumbnail":0,"footnotes":""},"class_list":["post-95","page","type-page","status-publish","hentry"],"_links":{"self":[{"href":"https:\/\/lpctour.fr\/2025\/td\/asma\/wp-json\/wp\/v2\/pages\/95","targetHints":{"allow":["GET"]}}],"collection":[{"href":"https:\/\/lpctour.fr\/2025\/td\/asma\/wp-json\/wp\/v2\/pages"}],"about":[{"href":"https:\/\/lpctour.fr\/2025\/td\/asma\/wp-json\/wp\/v2\/types\/page"}],"author":[{"embeddable":true,"href":"https:\/\/lpctour.fr\/2025\/td\/asma\/wp-json\/wp\/v2\/users\/1"}],"replies":[{"embeddable":true,"href":"https:\/\/lpctour.fr\/2025\/td\/asma\/wp-json\/wp\/v2\/comments?post=95"}],"version-history":[{"count":13,"href":"https:\/\/lpctour.fr\/2025\/td\/asma\/wp-json\/wp\/v2\/pages\/95\/revisions"}],"predecessor-version":[{"id":260,"href":"https:\/\/lpctour.fr\/2025\/td\/asma\/wp-json\/wp\/v2\/pages\/95\/revisions\/260"}],"wp:attachment":[{"href":"https:\/\/lpctour.fr\/2025\/td\/asma\/wp-json\/wp\/v2\/media?parent=95"}],"curies":[{"name":"wp","href":"https:\/\/api.w.org\/{rel}","templated":true}]}}