{"id":100,"date":"2025-12-17T17:01:32","date_gmt":"2025-12-17T16:01:32","guid":{"rendered":"https:\/\/lpctour.buchon.fr\/2025\/td\/cedrine\/?page_id=100"},"modified":"2026-01-09T09:29:46","modified_gmt":"2026-01-09T08:29:46","slug":"les-applications-indispensables-pour-voyager-en-coree-du-sud","status":"publish","type":"page","link":"https:\/\/lpctour.fr\/2025\/td\/cedrine\/les-applications-indispensables-pour-voyager-en-coree-du-sud\/","title":{"rendered":"Les applications indispensables pour voyager en Cor\u00e9e du Sud"},"content":{"rendered":"<h2 data-start=\"1127\" data-end=\"1190\"><\/h2>\n<p data-start=\"1192\" data-end=\"1285\"><em>Ton smartphone sera ton meilleur alli\u00e9 en Cor\u00e9e ! Voici quelques applis incontournables :<\/em><\/p>\n<ul data-start=\"1287\" data-end=\"1517\">\n<li data-start=\"1287\" data-end=\"1350\">\n<p data-start=\"1289\" data-end=\"1350\"><strong>Naver Map ou KakaoMap<\/strong> : pour te d\u00e9placer facilement <img decoding=\"async\" class=\"alignnone wp-image-132\" src=\"https:\/\/lpctour.fr\/2025\/td\/cedrine\/wp-content\/uploads\/2026\/01\/Naver-Map-English-promo-1-300x261.png\" alt=\"\" width=\"184\" height=\"160\" srcset=\"https:\/\/lpctour.fr\/2025\/td\/cedrine\/wp-content\/uploads\/2026\/01\/Naver-Map-English-promo-1-300x261.png 300w, https:\/\/lpctour.fr\/2025\/td\/cedrine\/wp-content\/uploads\/2026\/01\/Naver-Map-English-promo-1.png 400w\" sizes=\"(max-width: 184px) 100vw, 184px\" \/><img decoding=\"async\" class=\"alignnone wp-image-134\" style=\"font-size: 1rem;\" src=\"https:\/\/lpctour.fr\/2025\/td\/cedrine\/wp-content\/uploads\/2026\/01\/kako-1-300x214.jpg\" alt=\"\" width=\"212\" height=\"151\" srcset=\"https:\/\/lpctour.fr\/2025\/td\/cedrine\/wp-content\/uploads\/2026\/01\/kako-1-300x214.jpg 300w, https:\/\/lpctour.fr\/2025\/td\/cedrine\/wp-content\/uploads\/2026\/01\/kako-1.jpg 750w\" sizes=\"(max-width: 212px) 100vw, 212px\" \/><\/p>\n<\/li>\n<li data-start=\"1351\" data-end=\"1407\">\n<p data-start=\"1353\" data-end=\"1407\"><strong>Papago<\/strong> : la meilleure appli de traduction cor\u00e9en<\/p>\n<\/li>\n<\/ul>\n<p><img decoding=\"async\" class=\"alignnone wp-image-133\" src=\"https:\/\/lpctour.fr\/2025\/td\/cedrine\/wp-content\/uploads\/2026\/01\/papago-1-300x300.png\" alt=\"\" width=\"186\" height=\"186\" srcset=\"https:\/\/lpctour.fr\/2025\/td\/cedrine\/wp-content\/uploads\/2026\/01\/papago-1-300x300.png 300w, https:\/\/lpctour.fr\/2025\/td\/cedrine\/wp-content\/uploads\/2026\/01\/papago-1-150x150.png 150w, https:\/\/lpctour.fr\/2025\/td\/cedrine\/wp-content\/uploads\/2026\/01\/papago-1-100x100.png 100w, https:\/\/lpctour.fr\/2025\/td\/cedrine\/wp-content\/uploads\/2026\/01\/papago-1.png 512w\" sizes=\"(max-width: 186px) 100vw, 186px\" \/><\/p>\n<ul data-start=\"1287\" data-end=\"1517\">\n<li data-start=\"1408\" data-end=\"1463\">\n<p data-start=\"1410\" data-end=\"1463\"><strong>KakaoTalk<\/strong> : messagerie ultra utilis\u00e9e sur place<\/p>\n<\/li>\n<li data-start=\"1464\" data-end=\"1517\">\n<p data-start=\"1466\" data-end=\"1517\"><strong>Subway Korea<\/strong> : pratique pour le m\u00e9tro \u00e0 S\u00e9oul<\/p>\n<\/li>\n<\/ul>\n<p data-start=\"1519\" data-end=\"1599\"><em>Avec ces applications, voyager en Cor\u00e9e devient simple, fluide et sans stress \ud83d\udcf1<\/em><\/p>\n","protected":false},"excerpt":{"rendered":"<p>Ton smartphone sera ton meilleur alli\u00e9 en Cor\u00e9e ! Voici quelques applis incontournables : Naver Map ou KakaoMap : pour te d\u00e9placer facilement Papago : la meilleure appli de traduction cor\u00e9en KakaoTalk : messagerie ultra utilis\u00e9e sur place Subway Korea : pratique pour le m\u00e9tro \u00e0 S\u00e9oul Avec ces applications, voyager en Cor\u00e9e devient simple, &hellip; <\/p>\n<p class=\"link-more\"><a href=\"https:\/\/lpctour.fr\/2025\/td\/cedrine\/les-applications-indispensables-pour-voyager-en-coree-du-sud\/\" class=\"more-link\">Continuer la lecture<span class=\"screen-reader-text\"> de &laquo;&nbsp;Les applications indispensables pour voyager en Cor\u00e9e du Sud&nbsp;&raquo;<\/span><\/a><\/p>\n","protected":false},"author":1,"featured_media":138,"parent":0,"menu_order":0,"comment_status":"closed","ping_status":"closed","template":"","meta":{"footnotes":""},"class_list":["post-100","page","type-page","status-publish","has-post-thumbnail","hentry"],"_links":{"self":[{"href":"https:\/\/lpctour.fr\/2025\/td\/cedrine\/wp-json\/wp\/v2\/pages\/100","targetHints":{"allow":["GET"]}}],"collection":[{"href":"https:\/\/lpctour.fr\/2025\/td\/cedrine\/wp-json\/wp\/v2\/pages"}],"about":[{"href":"https:\/\/lpctour.fr\/2025\/td\/cedrine\/wp-json\/wp\/v2\/types\/page"}],"author":[{"embeddable":true,"href":"https:\/\/lpctour.fr\/2025\/td\/cedrine\/wp-json\/wp\/v2\/users\/1"}],"replies":[{"embeddable":true,"href":"https:\/\/lpctour.fr\/2025\/td\/cedrine\/wp-json\/wp\/v2\/comments?post=100"}],"version-history":[{"count":4,"href":"https:\/\/lpctour.fr\/2025\/td\/cedrine\/wp-json\/wp\/v2\/pages\/100\/revisions"}],"predecessor-version":[{"id":162,"href":"https:\/\/lpctour.fr\/2025\/td\/cedrine\/wp-json\/wp\/v2\/pages\/100\/revisions\/162"}],"wp:featuredmedia":[{"embeddable":true,"href":"https:\/\/lpctour.fr\/2025\/td\/cedrine\/wp-json\/wp\/v2\/media\/138"}],"wp:attachment":[{"href":"https:\/\/lpctour.fr\/2025\/td\/cedrine\/wp-json\/wp\/v2\/media?parent=100"}],"curies":[{"name":"wp","href":"https:\/\/api.w.org\/{rel}","templated":true}]}}