{"id":17,"date":"2025-11-28T11:45:54","date_gmt":"2025-11-28T10:45:54","guid":{"rendered":"https:\/\/lpctour.buchon.fr\/2025\/td\/cedrine\/?page_id=17"},"modified":"2026-01-02T16:55:38","modified_gmt":"2026-01-02T15:55:38","slug":"bienvenue-en-coree-du-sud-2","status":"publish","type":"page","link":"https:\/\/lpctour.fr\/2025\/td\/cedrine\/","title":{"rendered":"Bienvenue en Cor\u00e9e du Sud !"},"content":{"rendered":"<p style=\"text-align: left;\"><em>La Cor\u00e9e du Sud est un m\u00e9lange unique entre de tradition et modernit\u00e9: temples anciens et gratte-ciel futuristes, street-food d\u00e9licieuse et caf\u00e9s styl\u00e9s, festivals mill\u00e9naires et culture pop.\u00a0<\/em><\/p>\n<p style=\"text-align: left;\"><strong><em>Culture &amp; lifestyle\u00a0<\/em><\/strong><\/p>\n<p style=\"text-align: left;\"><em>Mode, K-pop, K-dramas, street-art&#8230; la jeunesse cor\u00e9enne r\u00e9invente constamment le pays et ses quartiers.<\/em><\/p>\n<p style=\"text-align: left;\"><strong><em>Gastronomie<\/em><\/strong><\/p>\n<p style=\"text-align: left;\"><em>Tteokbokki, hotteok, K-BBQ, caf\u00e9s&#8230; chaques repas est une exp\u00e9rience \u00e0 partager.<\/em><\/p>\n<p style=\"text-align: left;\"><em><strong>Paysages &amp; d\u00e9couvertes\u00a0<\/strong>\u00a0<\/em><\/p>\n<p style=\"text-align: left;\"><em>Montagnes, plages, ruelles color\u00e9es&#8230; la Cor\u00e9e offre un m\u00e9lange parfait de nature et de villes vibrantes.<\/em><\/p>\n<p style=\"text-align: left;\"><em>\u00a0<\/em><em>La Cor\u00e9e du Sud n&rsquo;est pas juste \u00e0 visiter, c&rsquo;est \u00e0 vivre!\u00a0<\/em><\/p>\n<p><iframe src=\"https:\/\/www.google.com\/maps\/embed?pb=!1m18!1m12!1m3!1d3314071.24871319!2d125.23267535341704!3d35.79016866861086!2m3!1f0!2f0!3f0!3m2!1i1024!2i768!4f13.1!3m3!1m2!1s0x356455ebcb11ba9b%3A0x91249b00ba88db4b!2sCor%C3%A9e%20du%20Sud!5e0!3m2!1sfr!2sfr!4v1767369217605!5m2!1sfr!2sfr\" width=\"600\" height=\"650\" style=\"border:0;\" allowfullscreen=\"\" loading=\"lazy\" referrerpolicy=\"no-referrer-when-downgrade\"><\/iframe><\/p>\n","protected":false},"excerpt":{"rendered":"<p>La Cor\u00e9e du Sud est un m\u00e9lange unique entre de tradition et modernit\u00e9: temples anciens et gratte-ciel futuristes, street-food d\u00e9licieuse et caf\u00e9s styl\u00e9s, festivals mill\u00e9naires et culture pop.\u00a0 Culture &amp; lifestyle\u00a0 Mode, K-pop, K-dramas, street-art&#8230; la jeunesse cor\u00e9enne r\u00e9invente constamment le pays et ses quartiers. Gastronomie Tteokbokki, hotteok, K-BBQ, caf\u00e9s&#8230; chaques repas est une exp\u00e9rience &hellip; <\/p>\n<p class=\"link-more\"><a href=\"https:\/\/lpctour.fr\/2025\/td\/cedrine\/\" class=\"more-link\">Continuer la lecture<span class=\"screen-reader-text\"> de &laquo;&nbsp;Bienvenue en Cor\u00e9e du Sud !&nbsp;&raquo;<\/span><\/a><\/p>\n","protected":false},"author":1,"featured_media":0,"parent":0,"menu_order":0,"comment_status":"closed","ping_status":"closed","template":"","meta":{"footnotes":""},"class_list":["post-17","page","type-page","status-publish","hentry"],"_links":{"self":[{"href":"https:\/\/lpctour.fr\/2025\/td\/cedrine\/wp-json\/wp\/v2\/pages\/17","targetHints":{"allow":["GET"]}}],"collection":[{"href":"https:\/\/lpctour.fr\/2025\/td\/cedrine\/wp-json\/wp\/v2\/pages"}],"about":[{"href":"https:\/\/lpctour.fr\/2025\/td\/cedrine\/wp-json\/wp\/v2\/types\/page"}],"author":[{"embeddable":true,"href":"https:\/\/lpctour.fr\/2025\/td\/cedrine\/wp-json\/wp\/v2\/users\/1"}],"replies":[{"embeddable":true,"href":"https:\/\/lpctour.fr\/2025\/td\/cedrine\/wp-json\/wp\/v2\/comments?post=17"}],"version-history":[{"count":3,"href":"https:\/\/lpctour.fr\/2025\/td\/cedrine\/wp-json\/wp\/v2\/pages\/17\/revisions"}],"predecessor-version":[{"id":149,"href":"https:\/\/lpctour.fr\/2025\/td\/cedrine\/wp-json\/wp\/v2\/pages\/17\/revisions\/149"}],"wp:attachment":[{"href":"https:\/\/lpctour.fr\/2025\/td\/cedrine\/wp-json\/wp\/v2\/media?parent=17"}],"curies":[{"name":"wp","href":"https:\/\/api.w.org\/{rel}","templated":true}]}}