{"id":28,"date":"2025-12-12T09:44:39","date_gmt":"2025-12-12T08:44:39","guid":{"rendered":"https:\/\/lpctour.buchon.fr\/2025\/td\/cedrine\/?page_id=28"},"modified":"2025-12-12T11:29:27","modified_gmt":"2025-12-12T10:29:27","slug":"tourisme-et-decouverte","status":"publish","type":"page","link":"https:\/\/lpctour.fr\/2025\/td\/cedrine\/tourisme-et-decouverte\/","title":{"rendered":"Tourisme et d\u00e9couverte"},"content":{"rendered":"<ul>\n<li>Les incontournables de la Cor\u00e9e: villes, lieux, monuments<\/li>\n<li>Lieux secrets \/ spots cach\u00e9s<\/li>\n<li>Les quartiers: Hongdae, Myeondong, Gangnam<\/li>\n<li>D\u00e9couvrir Busan: plages, caf\u00e9s, march\u00e9s<\/li>\n<li>Les \u00eeles de Cor\u00e9e: Jeju, Ulleungdo, Wando<\/li>\n<\/ul>\n","protected":false},"excerpt":{"rendered":"<p>Les incontournables de la Cor\u00e9e: villes, lieux, monuments Lieux secrets \/ spots cach\u00e9s Les quartiers: Hongdae, Myeondong, Gangnam D\u00e9couvrir Busan: plages, caf\u00e9s, march\u00e9s Les \u00eeles de Cor\u00e9e: Jeju, Ulleungdo, Wando<\/p>\n","protected":false},"author":1,"featured_media":0,"parent":0,"menu_order":0,"comment_status":"closed","ping_status":"closed","template":"","meta":{"footnotes":""},"class_list":["post-28","page","type-page","status-publish","hentry"],"_links":{"self":[{"href":"https:\/\/lpctour.fr\/2025\/td\/cedrine\/wp-json\/wp\/v2\/pages\/28","targetHints":{"allow":["GET"]}}],"collection":[{"href":"https:\/\/lpctour.fr\/2025\/td\/cedrine\/wp-json\/wp\/v2\/pages"}],"about":[{"href":"https:\/\/lpctour.fr\/2025\/td\/cedrine\/wp-json\/wp\/v2\/types\/page"}],"author":[{"embeddable":true,"href":"https:\/\/lpctour.fr\/2025\/td\/cedrine\/wp-json\/wp\/v2\/users\/1"}],"replies":[{"embeddable":true,"href":"https:\/\/lpctour.fr\/2025\/td\/cedrine\/wp-json\/wp\/v2\/comments?post=28"}],"version-history":[{"count":3,"href":"https:\/\/lpctour.fr\/2025\/td\/cedrine\/wp-json\/wp\/v2\/pages\/28\/revisions"}],"predecessor-version":[{"id":47,"href":"https:\/\/lpctour.fr\/2025\/td\/cedrine\/wp-json\/wp\/v2\/pages\/28\/revisions\/47"}],"wp:attachment":[{"href":"https:\/\/lpctour.fr\/2025\/td\/cedrine\/wp-json\/wp\/v2\/media?parent=28"}],"curies":[{"name":"wp","href":"https:\/\/api.w.org\/{rel}","templated":true}]}}