{"id":79,"date":"2025-12-17T16:44:39","date_gmt":"2025-12-17T15:44:39","guid":{"rendered":"https:\/\/lpctour.buchon.fr\/2025\/td\/cedrine\/?page_id=79"},"modified":"2026-01-02T16:03:15","modified_gmt":"2026-01-02T15:03:15","slug":"street-food-coreenne-le-paradis-des-gourmands","status":"publish","type":"page","link":"https:\/\/lpctour.fr\/2025\/td\/cedrine\/street-food-coreenne-le-paradis-des-gourmands\/","title":{"rendered":"Street-food cor\u00e9enne : le paradis des gourmands"},"content":{"rendered":"<p>La street-food en Cor\u00e9e, c\u2019est une exp\u00e9rience : simple, bon march\u00e9 et carr\u00e9ment addictive.<\/p>\n<p>Les incontournables<\/p>\n<ul>\n<li>Tteokbokki : riz, sauce piment\u00e9e, le classique ultime<\/li>\n<li>Hotteok : cr\u00eape sucr\u00e9e et chaude, parfaite en hiver<\/li>\n<li>Corndog cor\u00e9en : mozzarella fondue + croustillant<\/li>\n<li>Mandu : gyozas cor\u00e9ens, grill\u00e9s ou vapeur<\/li>\n<\/ul>\n<p>O\u00f9 les trouver ?<\/p>\n<ul>\n<li>Myeongdong (S\u00e9oul) : le paradis de la street-food<\/li>\n<li>March\u00e9 de Gwangjang : authentique et anim\u00e9<\/li>\n<li>March\u00e9s locaux de Busan : ultra frais et d\u00e9licieux<\/li>\n<\/ul>\n<p>Manger en Cor\u00e9e, c\u2019est d\u00e9couvrir le pays avec ses papilles.<\/p>\n","protected":false},"excerpt":{"rendered":"<p>La street-food en Cor\u00e9e, c\u2019est une exp\u00e9rience : simple, bon march\u00e9 et carr\u00e9ment addictive. Les incontournables Tteokbokki : riz, sauce piment\u00e9e, le classique ultime Hotteok : cr\u00eape sucr\u00e9e et chaude, parfaite en hiver Corndog cor\u00e9en : mozzarella fondue + croustillant Mandu : gyozas cor\u00e9ens, grill\u00e9s ou vapeur O\u00f9 les trouver ? Myeongdong (S\u00e9oul) : le &hellip; <\/p>\n<p class=\"link-more\"><a href=\"https:\/\/lpctour.fr\/2025\/td\/cedrine\/street-food-coreenne-le-paradis-des-gourmands\/\" class=\"more-link\">Continuer la lecture<span class=\"screen-reader-text\"> de &laquo;&nbsp;Street-food cor\u00e9enne : le paradis des gourmands&nbsp;&raquo;<\/span><\/a><\/p>\n","protected":false},"author":1,"featured_media":119,"parent":0,"menu_order":0,"comment_status":"closed","ping_status":"closed","template":"","meta":{"footnotes":""},"class_list":["post-79","page","type-page","status-publish","has-post-thumbnail","hentry"],"_links":{"self":[{"href":"https:\/\/lpctour.fr\/2025\/td\/cedrine\/wp-json\/wp\/v2\/pages\/79","targetHints":{"allow":["GET"]}}],"collection":[{"href":"https:\/\/lpctour.fr\/2025\/td\/cedrine\/wp-json\/wp\/v2\/pages"}],"about":[{"href":"https:\/\/lpctour.fr\/2025\/td\/cedrine\/wp-json\/wp\/v2\/types\/page"}],"author":[{"embeddable":true,"href":"https:\/\/lpctour.fr\/2025\/td\/cedrine\/wp-json\/wp\/v2\/users\/1"}],"replies":[{"embeddable":true,"href":"https:\/\/lpctour.fr\/2025\/td\/cedrine\/wp-json\/wp\/v2\/comments?post=79"}],"version-history":[{"count":1,"href":"https:\/\/lpctour.fr\/2025\/td\/cedrine\/wp-json\/wp\/v2\/pages\/79\/revisions"}],"predecessor-version":[{"id":80,"href":"https:\/\/lpctour.fr\/2025\/td\/cedrine\/wp-json\/wp\/v2\/pages\/79\/revisions\/80"}],"wp:featuredmedia":[{"embeddable":true,"href":"https:\/\/lpctour.fr\/2025\/td\/cedrine\/wp-json\/wp\/v2\/media\/119"}],"wp:attachment":[{"href":"https:\/\/lpctour.fr\/2025\/td\/cedrine\/wp-json\/wp\/v2\/media?parent=79"}],"curies":[{"name":"wp","href":"https:\/\/api.w.org\/{rel}","templated":true}]}}