{"id":81,"date":"2025-12-17T16:45:19","date_gmt":"2025-12-17T15:45:19","guid":{"rendered":"https:\/\/lpctour.buchon.fr\/2025\/td\/cedrine\/?page_id=81"},"modified":"2026-01-09T09:27:18","modified_gmt":"2026-01-09T08:27:18","slug":"comprendre-la-culture-coreenne","status":"publish","type":"page","link":"https:\/\/lpctour.fr\/2025\/td\/cedrine\/comprendre-la-culture-coreenne\/","title":{"rendered":"Comprendre la culture cor\u00e9enne"},"content":{"rendered":"<p><em>La Cor\u00e9e du Sud a une culture unique, m\u00e9langeant traditions fortes et modernit\u00e9 ultra rapide.<\/em><\/p>\n<p>&nbsp;<\/p>\n<p><strong>Les valeurs essentielles<\/strong><\/p>\n<ul>\n<li>Respect : envers les a\u00een\u00e9s, les traditions, les lieux<\/li>\n<li>Communaut\u00e9 : manger ensemble, sortir en groupe<\/li>\n<li>Travail &amp; effort : une culture tr\u00e8s ambitieuse<\/li>\n<\/ul>\n<p>&nbsp;<\/p>\n<p><strong>Les grandes f\u00eates cor\u00e9ennes<\/strong><\/p>\n<ul>\n<li>Chuseok : l\u2019\u00e9quivalent de Thanksgiving<\/li>\n<li>Seollal : le Nouvel An lunaire<\/li>\n<li>Buddha\u2019s Birthday : lanternes partout dans la ville<\/li>\n<\/ul>\n<p>&nbsp;<\/p>\n<p><strong>La pop culture<\/strong><\/p>\n<p>K-pop, K-drama, K-fashion\u2026 ce n\u2019est pas juste tendance, c\u2019est une identit\u00e9.<\/p>\n<p>La jeunesse cor\u00e9enne cr\u00e9e constamment de nouvelles vibes.<\/p>\n<p><em>\u2192 La culture cor\u00e9enne, c\u2019est une histoire, une \u00e9nergie et un style.<\/em><\/p>\n","protected":false},"excerpt":{"rendered":"<p>La Cor\u00e9e du Sud a une culture unique, m\u00e9langeant traditions fortes et modernit\u00e9 ultra rapide. &nbsp; Les valeurs essentielles Respect : envers les a\u00een\u00e9s, les traditions, les lieux Communaut\u00e9 : manger ensemble, sortir en groupe Travail &amp; effort : une culture tr\u00e8s ambitieuse &nbsp; Les grandes f\u00eates cor\u00e9ennes Chuseok : l\u2019\u00e9quivalent de Thanksgiving Seollal : &hellip; <\/p>\n<p class=\"link-more\"><a href=\"https:\/\/lpctour.fr\/2025\/td\/cedrine\/comprendre-la-culture-coreenne\/\" class=\"more-link\">Continuer la lecture<span class=\"screen-reader-text\"> de &laquo;&nbsp;Comprendre la culture cor\u00e9enne&nbsp;&raquo;<\/span><\/a><\/p>\n","protected":false},"author":1,"featured_media":128,"parent":0,"menu_order":0,"comment_status":"closed","ping_status":"closed","template":"","meta":{"footnotes":""},"class_list":["post-81","page","type-page","status-publish","has-post-thumbnail","hentry"],"_links":{"self":[{"href":"https:\/\/lpctour.fr\/2025\/td\/cedrine\/wp-json\/wp\/v2\/pages\/81","targetHints":{"allow":["GET"]}}],"collection":[{"href":"https:\/\/lpctour.fr\/2025\/td\/cedrine\/wp-json\/wp\/v2\/pages"}],"about":[{"href":"https:\/\/lpctour.fr\/2025\/td\/cedrine\/wp-json\/wp\/v2\/types\/page"}],"author":[{"embeddable":true,"href":"https:\/\/lpctour.fr\/2025\/td\/cedrine\/wp-json\/wp\/v2\/users\/1"}],"replies":[{"embeddable":true,"href":"https:\/\/lpctour.fr\/2025\/td\/cedrine\/wp-json\/wp\/v2\/comments?post=81"}],"version-history":[{"count":2,"href":"https:\/\/lpctour.fr\/2025\/td\/cedrine\/wp-json\/wp\/v2\/pages\/81\/revisions"}],"predecessor-version":[{"id":159,"href":"https:\/\/lpctour.fr\/2025\/td\/cedrine\/wp-json\/wp\/v2\/pages\/81\/revisions\/159"}],"wp:featuredmedia":[{"embeddable":true,"href":"https:\/\/lpctour.fr\/2025\/td\/cedrine\/wp-json\/wp\/v2\/media\/128"}],"wp:attachment":[{"href":"https:\/\/lpctour.fr\/2025\/td\/cedrine\/wp-json\/wp\/v2\/media?parent=81"}],"curies":[{"name":"wp","href":"https:\/\/api.w.org\/{rel}","templated":true}]}}