{"id":83,"date":"2025-12-17T16:46:28","date_gmt":"2025-12-17T15:46:28","guid":{"rendered":"https:\/\/lpctour.buchon.fr\/2025\/td\/cedrine\/?page_id=83"},"modified":"2026-01-09T09:26:33","modified_gmt":"2026-01-09T08:26:33","slug":"comment-se-deplacer-en-coree-du-sud","status":"publish","type":"page","link":"https:\/\/lpctour.fr\/2025\/td\/cedrine\/comment-se-deplacer-en-coree-du-sud\/","title":{"rendered":"Comment se d\u00e9placer en Cor\u00e9e du Sud ?"},"content":{"rendered":"<p><em>Bonne nouvelle : se d\u00e9placer en Cor\u00e9e, c\u2019est facile, pas cher et super pratique.<\/em><\/p>\n<p>&nbsp;<\/p>\n<p>Le m\u00e9tro : ton meilleur ami<\/p>\n<p>Propre, moderne, rapide, climatis\u00e9.<\/p>\n<p>S\u00e9oul, Busan, Daegu : tout est ultra connect\u00e9.<\/p>\n<p>&nbsp;<\/p>\n<p>La carte T-Money<\/p>\n<p>Tu la charges \u2192 tu passes partout : m\u00e9tro, bus, m\u00eame certains taxis.<\/p>\n<p>&nbsp;<\/p>\n<p>Le KTX<\/p>\n<p>Le TGV cor\u00e9en.<\/p>\n<p>Exemple : S\u00e9oul \u2192 Busan en 2 h 30 seulement.<\/p>\n<p>&nbsp;<\/p>\n<p>Taxis \/ Apps<\/p>\n<ul>\n<li>KakaoTaxi : fiable, rapide, simple<\/li>\n<li>Taxis bon march\u00e9 compar\u00e9s \u00e0 l\u2019Europe<\/li>\n<\/ul>\n<p><em>\u2192 Tu te d\u00e9places facilement m\u00eame si tu ne parles pas cor\u00e9en.<\/em><\/p>\n","protected":false},"excerpt":{"rendered":"<p>Bonne nouvelle : se d\u00e9placer en Cor\u00e9e, c\u2019est facile, pas cher et super pratique. &nbsp; Le m\u00e9tro : ton meilleur ami Propre, moderne, rapide, climatis\u00e9. S\u00e9oul, Busan, Daegu : tout est ultra connect\u00e9. &nbsp; La carte T-Money Tu la charges \u2192 tu passes partout : m\u00e9tro, bus, m\u00eame certains taxis. &nbsp; Le KTX Le TGV &hellip; <\/p>\n<p class=\"link-more\"><a href=\"https:\/\/lpctour.fr\/2025\/td\/cedrine\/comment-se-deplacer-en-coree-du-sud\/\" class=\"more-link\">Continuer la lecture<span class=\"screen-reader-text\"> de &laquo;&nbsp;Comment se d\u00e9placer en Cor\u00e9e du Sud ?&nbsp;&raquo;<\/span><\/a><\/p>\n","protected":false},"author":1,"featured_media":121,"parent":0,"menu_order":0,"comment_status":"closed","ping_status":"closed","template":"","meta":{"footnotes":""},"class_list":["post-83","page","type-page","status-publish","has-post-thumbnail","hentry"],"_links":{"self":[{"href":"https:\/\/lpctour.fr\/2025\/td\/cedrine\/wp-json\/wp\/v2\/pages\/83","targetHints":{"allow":["GET"]}}],"collection":[{"href":"https:\/\/lpctour.fr\/2025\/td\/cedrine\/wp-json\/wp\/v2\/pages"}],"about":[{"href":"https:\/\/lpctour.fr\/2025\/td\/cedrine\/wp-json\/wp\/v2\/types\/page"}],"author":[{"embeddable":true,"href":"https:\/\/lpctour.fr\/2025\/td\/cedrine\/wp-json\/wp\/v2\/users\/1"}],"replies":[{"embeddable":true,"href":"https:\/\/lpctour.fr\/2025\/td\/cedrine\/wp-json\/wp\/v2\/comments?post=83"}],"version-history":[{"count":2,"href":"https:\/\/lpctour.fr\/2025\/td\/cedrine\/wp-json\/wp\/v2\/pages\/83\/revisions"}],"predecessor-version":[{"id":158,"href":"https:\/\/lpctour.fr\/2025\/td\/cedrine\/wp-json\/wp\/v2\/pages\/83\/revisions\/158"}],"wp:featuredmedia":[{"embeddable":true,"href":"https:\/\/lpctour.fr\/2025\/td\/cedrine\/wp-json\/wp\/v2\/media\/121"}],"wp:attachment":[{"href":"https:\/\/lpctour.fr\/2025\/td\/cedrine\/wp-json\/wp\/v2\/media?parent=83"}],"curies":[{"name":"wp","href":"https:\/\/api.w.org\/{rel}","templated":true}]}}