{"id":89,"date":"2025-12-17T16:50:31","date_gmt":"2025-12-17T15:50:31","guid":{"rendered":"https:\/\/lpctour.buchon.fr\/2025\/td\/cedrine\/?page_id=89"},"modified":"2026-01-09T09:28:48","modified_gmt":"2026-01-09T08:28:48","slug":"korea-insta-spots-les-lieux-les-plus-photogeniques","status":"publish","type":"page","link":"https:\/\/lpctour.fr\/2025\/td\/cedrine\/korea-insta-spots-les-lieux-les-plus-photogeniques\/","title":{"rendered":"Korea Insta Spots \u2013 Les lieux les plus photog\u00e9niques"},"content":{"rendered":"<p><em>Pour cr\u00e9er le feed parfait, la Cor\u00e9e est un terrain de jeu incroyable.<\/em><\/p>\n<p>&nbsp;<\/p>\n<p><strong>S\u00e9oul<\/strong><\/p>\n<ul>\n<li>Ikseon-dong : caf\u00e9s mignons, ruelles traditionnelles<\/li>\n<li>Namsan Tower : vue de nuit incroyable<\/li>\n<li>Common Ground : containers bleus iconiques<\/li>\n<li>Starfield Library : biblioth\u00e8que juste WOW<\/li>\n<\/ul>\n<p>&nbsp;<\/p>\n<p><strong>Busan<\/strong><\/p>\n<ul>\n<li>Gamcheon Culture Village : couleurs partout<\/li>\n<li>Haeundae Sky Capsule : panoramas magnifiques<\/li>\n<li>The Bay 101 : photos de nuit styl\u00e9es<\/li>\n<\/ul>\n<p>&nbsp;<\/p>\n<p><strong>Jeju<\/strong><\/p>\n<ul>\n<li>Seongsan Ilchulbong : lever de soleil<\/li>\n<li>Plages noires volcaniques<\/li>\n<li>Cheonjiyeon Waterfall<\/li>\n<\/ul>\n<p><em>Une photo en Cor\u00e9e = un souvenir styl\u00e9 garanti.<\/em><\/p>\n","protected":false},"excerpt":{"rendered":"<p>Pour cr\u00e9er le feed parfait, la Cor\u00e9e est un terrain de jeu incroyable. &nbsp; S\u00e9oul Ikseon-dong : caf\u00e9s mignons, ruelles traditionnelles Namsan Tower : vue de nuit incroyable Common Ground : containers bleus iconiques Starfield Library : biblioth\u00e8que juste WOW &nbsp; Busan Gamcheon Culture Village : couleurs partout Haeundae Sky Capsule : panoramas magnifiques The &hellip; <\/p>\n<p class=\"link-more\"><a href=\"https:\/\/lpctour.fr\/2025\/td\/cedrine\/korea-insta-spots-les-lieux-les-plus-photogeniques\/\" class=\"more-link\">Continuer la lecture<span class=\"screen-reader-text\"> de &laquo;&nbsp;Korea Insta Spots \u2013 Les lieux les plus photog\u00e9niques&nbsp;&raquo;<\/span><\/a><\/p>\n","protected":false},"author":1,"featured_media":131,"parent":0,"menu_order":0,"comment_status":"closed","ping_status":"closed","template":"","meta":{"footnotes":""},"class_list":["post-89","page","type-page","status-publish","has-post-thumbnail","hentry"],"_links":{"self":[{"href":"https:\/\/lpctour.fr\/2025\/td\/cedrine\/wp-json\/wp\/v2\/pages\/89","targetHints":{"allow":["GET"]}}],"collection":[{"href":"https:\/\/lpctour.fr\/2025\/td\/cedrine\/wp-json\/wp\/v2\/pages"}],"about":[{"href":"https:\/\/lpctour.fr\/2025\/td\/cedrine\/wp-json\/wp\/v2\/types\/page"}],"author":[{"embeddable":true,"href":"https:\/\/lpctour.fr\/2025\/td\/cedrine\/wp-json\/wp\/v2\/users\/1"}],"replies":[{"embeddable":true,"href":"https:\/\/lpctour.fr\/2025\/td\/cedrine\/wp-json\/wp\/v2\/comments?post=89"}],"version-history":[{"count":2,"href":"https:\/\/lpctour.fr\/2025\/td\/cedrine\/wp-json\/wp\/v2\/pages\/89\/revisions"}],"predecessor-version":[{"id":161,"href":"https:\/\/lpctour.fr\/2025\/td\/cedrine\/wp-json\/wp\/v2\/pages\/89\/revisions\/161"}],"wp:featuredmedia":[{"embeddable":true,"href":"https:\/\/lpctour.fr\/2025\/td\/cedrine\/wp-json\/wp\/v2\/media\/131"}],"wp:attachment":[{"href":"https:\/\/lpctour.fr\/2025\/td\/cedrine\/wp-json\/wp\/v2\/media?parent=89"}],"curies":[{"name":"wp","href":"https:\/\/api.w.org\/{rel}","templated":true}]}}