{"id":92,"date":"2025-12-17T16:56:57","date_gmt":"2025-12-17T15:56:57","guid":{"rendered":"https:\/\/lpctour.buchon.fr\/2025\/td\/cedrine\/?page_id=92"},"modified":"2026-01-02T16:02:02","modified_gmt":"2026-01-02T15:02:02","slug":"fetes-et-traditions-en-coree-du-sud-des-moments-forts-a-partager","status":"publish","type":"page","link":"https:\/\/lpctour.fr\/2025\/td\/cedrine\/fetes-et-traditions-en-coree-du-sud-des-moments-forts-a-partager\/","title":{"rendered":"F\u00eates et traditions en Cor\u00e9e du Sud : des moments forts \u00e0 partager"},"content":{"rendered":"<p data-start=\"198\" data-end=\"405\">En Cor\u00e9e du Sud, les f\u00eates traditionnelles sont bien plus que des jours f\u00e9ri\u00e9s : ce sont de vrais moments de retrouvailles. Parmi les plus importantes, Seollal et Chuseok occupent une place centrale.<\/p>\n<p data-start=\"407\" data-end=\"696\">Seollal, le Nouvel An lunaire, marque un nouveau d\u00e9part. Les familles portent le hanbok, rendent hommage aux anc\u00eatres et partagent le tteokguk, une soupe symbolisant une nouvelle ann\u00e9e de chance. Les plus jeunes saluent leurs a\u00een\u00e9s dans un esprit de respect et de transmission.<\/p>\n<p data-start=\"698\" data-end=\"928\">Chuseok, souvent appel\u00e9 la f\u00eate des moissons, est l\u2019occasion de remercier les anc\u00eatres et de c\u00e9l\u00e9brer la famille. On y d\u00e9guste les c\u00e9l\u00e8bres songpyeon et on profite d\u2019activit\u00e9s traditionnelles dans une ambiance chaleureuse.<\/p>\n<p data-start=\"930\" data-end=\"1046\">Ces f\u00eates montrent \u00e0 quel point la Cor\u00e9e du Sud sait pr\u00e9server ses traditions tout en restant tourn\u00e9e vers l\u2019avenir.<\/p>\n","protected":false},"excerpt":{"rendered":"<p>En Cor\u00e9e du Sud, les f\u00eates traditionnelles sont bien plus que des jours f\u00e9ri\u00e9s : ce sont de vrais moments de retrouvailles. Parmi les plus importantes, Seollal et Chuseok occupent une place centrale. Seollal, le Nouvel An lunaire, marque un nouveau d\u00e9part. Les familles portent le hanbok, rendent hommage aux anc\u00eatres et partagent le tteokguk, &hellip; <\/p>\n<p class=\"link-more\"><a href=\"https:\/\/lpctour.fr\/2025\/td\/cedrine\/fetes-et-traditions-en-coree-du-sud-des-moments-forts-a-partager\/\" class=\"more-link\">Continuer la lecture<span class=\"screen-reader-text\"> de &laquo;&nbsp;F\u00eates et traditions en Cor\u00e9e du Sud : des moments forts \u00e0 partager&nbsp;&raquo;<\/span><\/a><\/p>\n","protected":false},"author":1,"featured_media":118,"parent":0,"menu_order":0,"comment_status":"closed","ping_status":"closed","template":"","meta":{"footnotes":""},"class_list":["post-92","page","type-page","status-publish","has-post-thumbnail","hentry"],"_links":{"self":[{"href":"https:\/\/lpctour.fr\/2025\/td\/cedrine\/wp-json\/wp\/v2\/pages\/92","targetHints":{"allow":["GET"]}}],"collection":[{"href":"https:\/\/lpctour.fr\/2025\/td\/cedrine\/wp-json\/wp\/v2\/pages"}],"about":[{"href":"https:\/\/lpctour.fr\/2025\/td\/cedrine\/wp-json\/wp\/v2\/types\/page"}],"author":[{"embeddable":true,"href":"https:\/\/lpctour.fr\/2025\/td\/cedrine\/wp-json\/wp\/v2\/users\/1"}],"replies":[{"embeddable":true,"href":"https:\/\/lpctour.fr\/2025\/td\/cedrine\/wp-json\/wp\/v2\/comments?post=92"}],"version-history":[{"count":1,"href":"https:\/\/lpctour.fr\/2025\/td\/cedrine\/wp-json\/wp\/v2\/pages\/92\/revisions"}],"predecessor-version":[{"id":93,"href":"https:\/\/lpctour.fr\/2025\/td\/cedrine\/wp-json\/wp\/v2\/pages\/92\/revisions\/93"}],"wp:featuredmedia":[{"embeddable":true,"href":"https:\/\/lpctour.fr\/2025\/td\/cedrine\/wp-json\/wp\/v2\/media\/118"}],"wp:attachment":[{"href":"https:\/\/lpctour.fr\/2025\/td\/cedrine\/wp-json\/wp\/v2\/media?parent=92"}],"curies":[{"name":"wp","href":"https:\/\/api.w.org\/{rel}","templated":true}]}}