{"id":94,"date":"2025-12-17T16:57:35","date_gmt":"2025-12-17T15:57:35","guid":{"rendered":"https:\/\/lpctour.buchon.fr\/2025\/td\/cedrine\/?page_id=94"},"modified":"2026-01-02T16:29:25","modified_gmt":"2026-01-02T15:29:25","slug":"la-mode-en-coree-du-sud-tendance-audace-et-creativite","status":"publish","type":"page","link":"https:\/\/lpctour.fr\/2025\/td\/cedrine\/la-mode-en-coree-du-sud-tendance-audace-et-creativite\/","title":{"rendered":"La mode en Cor\u00e9e du Sud : tendance, audace et cr\u00e9ativit\u00e9"},"content":{"rendered":"<p data-start=\"1114\" data-end=\"1286\">La mode cor\u00e9enne fait aujourd\u2019hui sensation dans le monde entier. Inspir\u00e9e par la K-pop et les dramas, elle m\u00e9lange styles, couleurs et coupes avec beaucoup de libert\u00e9.<\/p>\n<p data-start=\"1288\" data-end=\"1513\">\u00c0 S\u00e9oul, notamment dans les quartiers comme Hongdae, la mode devient un v\u00e9ritable terrain de jeu : streetwear oversize, looks minimalistes ou pi\u00e8ces originales, tout est permis. L\u2019important est d\u2019affirmer sa personnalit\u00e9.<\/p>\n<p data-start=\"1515\" data-end=\"1653\">M\u00eame le hanbok se r\u00e9invente gr\u00e2ce \u00e0 des versions modernes, faciles \u00e0 porter au quotidien, tout en gardant son \u00e9l\u00e9gance traditionnelle.<\/p>\n<p data-start=\"1655\" data-end=\"1764\">Cr\u00e9ative et en constante \u00e9volution, la mode sud-cor\u00e9enne continue d\u2019influencer les tendances internationales.<\/p>\n","protected":false},"excerpt":{"rendered":"<p>La mode cor\u00e9enne fait aujourd\u2019hui sensation dans le monde entier. Inspir\u00e9e par la K-pop et les dramas, elle m\u00e9lange styles, couleurs et coupes avec beaucoup de libert\u00e9. \u00c0 S\u00e9oul, notamment dans les quartiers comme Hongdae, la mode devient un v\u00e9ritable terrain de jeu : streetwear oversize, looks minimalistes ou pi\u00e8ces originales, tout est permis. L\u2019important &hellip; <\/p>\n<p class=\"link-more\"><a href=\"https:\/\/lpctour.fr\/2025\/td\/cedrine\/la-mode-en-coree-du-sud-tendance-audace-et-creativite\/\" class=\"more-link\">Continuer la lecture<span class=\"screen-reader-text\"> de &laquo;&nbsp;La mode en Cor\u00e9e du Sud : tendance, audace et cr\u00e9ativit\u00e9&nbsp;&raquo;<\/span><\/a><\/p>\n","protected":false},"author":1,"featured_media":129,"parent":0,"menu_order":0,"comment_status":"closed","ping_status":"closed","template":"","meta":{"footnotes":""},"class_list":["post-94","page","type-page","status-publish","has-post-thumbnail","hentry"],"_links":{"self":[{"href":"https:\/\/lpctour.fr\/2025\/td\/cedrine\/wp-json\/wp\/v2\/pages\/94","targetHints":{"allow":["GET"]}}],"collection":[{"href":"https:\/\/lpctour.fr\/2025\/td\/cedrine\/wp-json\/wp\/v2\/pages"}],"about":[{"href":"https:\/\/lpctour.fr\/2025\/td\/cedrine\/wp-json\/wp\/v2\/types\/page"}],"author":[{"embeddable":true,"href":"https:\/\/lpctour.fr\/2025\/td\/cedrine\/wp-json\/wp\/v2\/users\/1"}],"replies":[{"embeddable":true,"href":"https:\/\/lpctour.fr\/2025\/td\/cedrine\/wp-json\/wp\/v2\/comments?post=94"}],"version-history":[{"count":1,"href":"https:\/\/lpctour.fr\/2025\/td\/cedrine\/wp-json\/wp\/v2\/pages\/94\/revisions"}],"predecessor-version":[{"id":95,"href":"https:\/\/lpctour.fr\/2025\/td\/cedrine\/wp-json\/wp\/v2\/pages\/94\/revisions\/95"}],"wp:featuredmedia":[{"embeddable":true,"href":"https:\/\/lpctour.fr\/2025\/td\/cedrine\/wp-json\/wp\/v2\/media\/129"}],"wp:attachment":[{"href":"https:\/\/lpctour.fr\/2025\/td\/cedrine\/wp-json\/wp\/v2\/media?parent=94"}],"curies":[{"name":"wp","href":"https:\/\/api.w.org\/{rel}","templated":true}]}}