{"id":96,"date":"2025-12-17T16:59:39","date_gmt":"2025-12-17T15:59:39","guid":{"rendered":"https:\/\/lpctour.buchon.fr\/2025\/td\/cedrine\/?page_id=96"},"modified":"2026-01-02T16:19:52","modified_gmt":"2026-01-02T15:19:52","slug":"quel-budget-prevoir-pour-un-voyage-en-coree-du-sud","status":"publish","type":"page","link":"https:\/\/lpctour.fr\/2025\/td\/cedrine\/quel-budget-prevoir-pour-un-voyage-en-coree-du-sud\/","title":{"rendered":"Quel budget pr\u00e9voir pour un voyage en Cor\u00e9e du Sud ?"},"content":{"rendered":"<p data-start=\"197\" data-end=\"374\">Bonne nouvelle : la Cor\u00e9e du Sud peut s\u2019adapter \u00e0 diff\u00e9rents budgets. Pour un voyage d\u2019environ 10 \u00e0 14 jours, il faut compter en moyenne 1 200 \u00e0 2 000 \u20ac selon ton style.<\/p>\n<p data-start=\"376\" data-end=\"706\">Le billet d\u2019avion repr\u00e9sente souvent la plus grosse d\u00e9pense. Sur place, les transports sont abordables, la street food est peu ch\u00e8re et d\u00e9licieuse, et on trouve facilement des h\u00e9bergements \u00e0 tous les prix (guesthouses, h\u00f4tels, Airbnb). En g\u00e9rant bien ton budget, il est tout \u00e0 fait possible de profiter du pays sans se ruiner.<\/p>\n","protected":false},"excerpt":{"rendered":"<p>Bonne nouvelle : la Cor\u00e9e du Sud peut s\u2019adapter \u00e0 diff\u00e9rents budgets. Pour un voyage d\u2019environ 10 \u00e0 14 jours, il faut compter en moyenne 1 200 \u00e0 2 000 \u20ac selon ton style. Le billet d\u2019avion repr\u00e9sente souvent la plus grosse d\u00e9pense. Sur place, les transports sont abordables, la street food est peu ch\u00e8re &hellip; <\/p>\n<p class=\"link-more\"><a href=\"https:\/\/lpctour.fr\/2025\/td\/cedrine\/quel-budget-prevoir-pour-un-voyage-en-coree-du-sud\/\" class=\"more-link\">Continuer la lecture<span class=\"screen-reader-text\"> de &laquo;&nbsp;Quel budget pr\u00e9voir pour un voyage en Cor\u00e9e du Sud ?&nbsp;&raquo;<\/span><\/a><\/p>\n","protected":false},"author":1,"featured_media":127,"parent":0,"menu_order":0,"comment_status":"closed","ping_status":"closed","template":"","meta":{"footnotes":""},"class_list":["post-96","page","type-page","status-publish","has-post-thumbnail","hentry"],"_links":{"self":[{"href":"https:\/\/lpctour.fr\/2025\/td\/cedrine\/wp-json\/wp\/v2\/pages\/96","targetHints":{"allow":["GET"]}}],"collection":[{"href":"https:\/\/lpctour.fr\/2025\/td\/cedrine\/wp-json\/wp\/v2\/pages"}],"about":[{"href":"https:\/\/lpctour.fr\/2025\/td\/cedrine\/wp-json\/wp\/v2\/types\/page"}],"author":[{"embeddable":true,"href":"https:\/\/lpctour.fr\/2025\/td\/cedrine\/wp-json\/wp\/v2\/users\/1"}],"replies":[{"embeddable":true,"href":"https:\/\/lpctour.fr\/2025\/td\/cedrine\/wp-json\/wp\/v2\/comments?post=96"}],"version-history":[{"count":1,"href":"https:\/\/lpctour.fr\/2025\/td\/cedrine\/wp-json\/wp\/v2\/pages\/96\/revisions"}],"predecessor-version":[{"id":97,"href":"https:\/\/lpctour.fr\/2025\/td\/cedrine\/wp-json\/wp\/v2\/pages\/96\/revisions\/97"}],"wp:featuredmedia":[{"embeddable":true,"href":"https:\/\/lpctour.fr\/2025\/td\/cedrine\/wp-json\/wp\/v2\/media\/127"}],"wp:attachment":[{"href":"https:\/\/lpctour.fr\/2025\/td\/cedrine\/wp-json\/wp\/v2\/media?parent=96"}],"curies":[{"name":"wp","href":"https:\/\/api.w.org\/{rel}","templated":true}]}}