{"id":98,"date":"2025-12-17T17:00:13","date_gmt":"2025-12-17T16:00:13","guid":{"rendered":"https:\/\/lpctour.buchon.fr\/2025\/td\/cedrine\/?page_id=98"},"modified":"2026-01-09T09:25:14","modified_gmt":"2026-01-09T08:25:14","slug":"checklist-essentielle-avant-de-partir-en-coree-du-sud","status":"publish","type":"page","link":"https:\/\/lpctour.fr\/2025\/td\/cedrine\/checklist-essentielle-avant-de-partir-en-coree-du-sud\/","title":{"rendered":"Checklist essentielle avant de partir en Cor\u00e9e du Sud"},"content":{"rendered":"<p data-start=\"771\" data-end=\"859\"><em>Avant de d\u00e9coller, mieux vaut \u00eatre bien pr\u00e9par\u00e9 !<\/em><br data-start=\"820\" data-end=\"823\" \/><em>Voici l\u2019essentiel \u00e0 ne pas oublier :<\/em><\/p>\n<ul data-start=\"861\" data-end=\"1053\">\n<li data-start=\"861\" data-end=\"881\">\n<p style=\"text-align: left;\" data-start=\"863\" data-end=\"881\">Passeport valide<\/p>\n<\/li>\n<li style=\"text-align: left;\" data-start=\"882\" data-end=\"907\">\n<p data-start=\"884\" data-end=\"907\">Adaptateur \u00e9lectrique<\/p>\n<\/li>\n<li style=\"text-align: left;\" data-start=\"908\" data-end=\"941\">\n<p data-start=\"910\" data-end=\"941\">Carte bancaire internationale<\/p>\n<\/li>\n<li style=\"text-align: left;\" data-start=\"942\" data-end=\"962\">\n<p data-start=\"944\" data-end=\"962\">Assurance voyage<\/p>\n<\/li>\n<li style=\"text-align: left;\" data-start=\"963\" data-end=\"997\">\n<p data-start=\"965\" data-end=\"997\">Copies de documents importants<\/p>\n<\/li>\n<li data-start=\"998\" data-end=\"1053\">\n<p style=\"text-align: left;\" data-start=\"1000\" data-end=\"1053\">Quelques bases en cor\u00e9en ou une appli de traduction<\/p>\n<\/li>\n<\/ul>\n<p data-start=\"1055\" data-end=\"1120\"><em>Un petit sac bien organis\u00e9, et tu partiras l\u2019esprit tranquille \u2708\ufe0f<\/em><\/p>\n","protected":false},"excerpt":{"rendered":"<p>Avant de d\u00e9coller, mieux vaut \u00eatre bien pr\u00e9par\u00e9 !Voici l\u2019essentiel \u00e0 ne pas oublier : Passeport valide Adaptateur \u00e9lectrique Carte bancaire internationale Assurance voyage Copies de documents importants Quelques bases en cor\u00e9en ou une appli de traduction Un petit sac bien organis\u00e9, et tu partiras l\u2019esprit tranquille \u2708\ufe0f<\/p>\n","protected":false},"author":1,"featured_media":122,"parent":0,"menu_order":0,"comment_status":"closed","ping_status":"closed","template":"","meta":{"footnotes":""},"class_list":["post-98","page","type-page","status-publish","has-post-thumbnail","hentry"],"_links":{"self":[{"href":"https:\/\/lpctour.fr\/2025\/td\/cedrine\/wp-json\/wp\/v2\/pages\/98","targetHints":{"allow":["GET"]}}],"collection":[{"href":"https:\/\/lpctour.fr\/2025\/td\/cedrine\/wp-json\/wp\/v2\/pages"}],"about":[{"href":"https:\/\/lpctour.fr\/2025\/td\/cedrine\/wp-json\/wp\/v2\/types\/page"}],"author":[{"embeddable":true,"href":"https:\/\/lpctour.fr\/2025\/td\/cedrine\/wp-json\/wp\/v2\/users\/1"}],"replies":[{"embeddable":true,"href":"https:\/\/lpctour.fr\/2025\/td\/cedrine\/wp-json\/wp\/v2\/comments?post=98"}],"version-history":[{"count":2,"href":"https:\/\/lpctour.fr\/2025\/td\/cedrine\/wp-json\/wp\/v2\/pages\/98\/revisions"}],"predecessor-version":[{"id":157,"href":"https:\/\/lpctour.fr\/2025\/td\/cedrine\/wp-json\/wp\/v2\/pages\/98\/revisions\/157"}],"wp:featuredmedia":[{"embeddable":true,"href":"https:\/\/lpctour.fr\/2025\/td\/cedrine\/wp-json\/wp\/v2\/media\/122"}],"wp:attachment":[{"href":"https:\/\/lpctour.fr\/2025\/td\/cedrine\/wp-json\/wp\/v2\/media?parent=98"}],"curies":[{"name":"wp","href":"https:\/\/api.w.org\/{rel}","templated":true}]}}