{"id":26,"date":"2026-01-09T11:39:01","date_gmt":"2026-01-09T10:39:01","guid":{"rendered":"https:\/\/lpctour.fr\/2025\/td\/clement\/?page_id=26"},"modified":"2026-01-29T15:16:04","modified_gmt":"2026-01-29T14:16:04","slug":"nos-voyages-organises","status":"publish","type":"page","link":"https:\/\/lpctour.fr\/2025\/td\/clement\/nos-voyages-organises\/","title":{"rendered":"Nos Voyages Organis\u00e9s"},"content":{"rendered":"<p>Retrouvez tous nos voyages disponibles pour d\u00e9couvrir un lieu et profitez d&rsquo;un \u00e9v\u00e8nement sportif par la m\u00eame occasion !<\/p>\n<p style=\"text-align: center;\"><a href=\"https:\/\/lpctour.fr\/2025\/td\/clement\/nos-voyages-organises\/madrid\/\"><span style=\"font-family: 'book antiqua', palatino, serif;\">Madrid<\/span><\/a><\/p>\n<p>Vivez l\u2019un des derbys les plus intenses d\u2019Europe au c\u0153ur de Madrid, entre football de tr\u00e8s haut niveau et d\u00e9couverte de la capitale espagnole !<\/p>\n<p>&nbsp;<\/p>\n<p style=\"text-align: center;\"><a href=\"https:\/\/lpctour.fr\/2025\/td\/clement\/nos-voyages-organises\/miami\/\"><span style=\"font-family: 'book antiqua', palatino, serif;\">Miami<\/span><\/a><\/p>\n<p>Vivez la vitesse, le luxe et l&rsquo;excitation du Grand Prix de Miami ! Plongez au coeur de l&rsquo;action sur le Miami International Autodrome, profitez des plages paradisiaques et vibrez au rythme de la formule 1 et de la f\u00eate pour un s\u00e9jour incroyable sous le soleil de Floride !<\/p>\n<p>&nbsp;<\/p>\n<p>&nbsp;<\/p>\n<p style=\"text-align: center;\"><a href=\"https:\/\/lpctour.fr\/2025\/td\/clement\/nos-voyages-organises\/londres\/\"><span style=\"font-family: 'book antiqua', palatino, serif;\">Londres<\/span><\/a><\/p>\n<p>Plongez dans l&rsquo;\u00e9l\u00e9gance et la l\u00e9gende de Wimbledon ! Vivez l&rsquo;intensit\u00e9 des plus grands match sur le gazon sacr\u00e9 de Londres d\u00e9couvrez la tradition britanniques et profitez d&rsquo;un s\u00e9jour exclusif entre tennis, culture et raffinement !<\/p>\n","protected":false},"excerpt":{"rendered":"<p>Retrouvez tous nos voyages disponibles pour d\u00e9couvrir un lieu et profitez d&rsquo;un \u00e9v\u00e8nement sportif par la m\u00eame occasion ! Madrid Vivez l\u2019un des derbys les plus intenses d\u2019Europe au c\u0153ur de Madrid, entre football de tr\u00e8s haut niveau et d\u00e9couverte de la capitale espagnole ! &nbsp; Miami Vivez la vitesse, le luxe et l&rsquo;excitation du [&hellip;]<\/p>\n","protected":false},"author":1,"featured_media":0,"parent":0,"menu_order":0,"comment_status":"closed","ping_status":"closed","template":"","meta":{"footnotes":""},"class_list":["post-26","page","type-page","status-publish","hentry"],"_links":{"self":[{"href":"https:\/\/lpctour.fr\/2025\/td\/clement\/wp-json\/wp\/v2\/pages\/26","targetHints":{"allow":["GET"]}}],"collection":[{"href":"https:\/\/lpctour.fr\/2025\/td\/clement\/wp-json\/wp\/v2\/pages"}],"about":[{"href":"https:\/\/lpctour.fr\/2025\/td\/clement\/wp-json\/wp\/v2\/types\/page"}],"author":[{"embeddable":true,"href":"https:\/\/lpctour.fr\/2025\/td\/clement\/wp-json\/wp\/v2\/users\/1"}],"replies":[{"embeddable":true,"href":"https:\/\/lpctour.fr\/2025\/td\/clement\/wp-json\/wp\/v2\/comments?post=26"}],"version-history":[{"count":8,"href":"https:\/\/lpctour.fr\/2025\/td\/clement\/wp-json\/wp\/v2\/pages\/26\/revisions"}],"predecessor-version":[{"id":106,"href":"https:\/\/lpctour.fr\/2025\/td\/clement\/wp-json\/wp\/v2\/pages\/26\/revisions\/106"}],"wp:attachment":[{"href":"https:\/\/lpctour.fr\/2025\/td\/clement\/wp-json\/wp\/v2\/media?parent=26"}],"curies":[{"name":"wp","href":"https:\/\/api.w.org\/{rel}","templated":true}]}}