{"id":31,"date":"2026-01-27T13:44:52","date_gmt":"2026-01-27T12:44:52","guid":{"rendered":"https:\/\/lpctour.fr\/2025\/td\/clement\/?page_id=31"},"modified":"2026-01-29T15:17:01","modified_gmt":"2026-01-29T14:17:01","slug":"miami","status":"publish","type":"page","link":"https:\/\/lpctour.fr\/2025\/td\/clement\/nos-voyages-organises\/miami\/","title":{"rendered":"Miami"},"content":{"rendered":"<h2 data-start=\"468\" data-end=\"529\">\ud83d\uddd3\ufe0f <strong data-start=\"475\" data-end=\"524\">Jour 1 \u2013 Arriv\u00e9e \u00e0 Miami &amp; d\u00e9couverte urbaine<\/strong>\ud83c\udf06<\/h2>\n<ul data-start=\"531\" data-end=\"826\">\n<li data-start=\"531\" data-end=\"578\">\n<p data-start=\"533\" data-end=\"578\">Arriv\u00e9e \u00e0 l\u2019a\u00e9roport international de Miami<\/p>\n<\/li>\n<li data-start=\"579\" data-end=\"646\">\n<p data-start=\"581\" data-end=\"646\">Accueil par l\u2019\u00e9quipe <strong data-start=\"602\" data-end=\"618\">Sport Is Now<\/strong> et transfert vers l\u2019h\u00f4tel<\/p>\n<\/li>\n<li data-start=\"647\" data-end=\"681\">\n<p data-start=\"649\" data-end=\"681\">Installation et temps de repos<\/p>\n<\/li>\n<li data-start=\"682\" data-end=\"720\">\n<p data-start=\"684\" data-end=\"720\">Premi\u00e8re d\u00e9couverte de Miami Beach<\/p>\n<\/li>\n<li data-start=\"721\" data-end=\"778\">\n<p data-start=\"723\" data-end=\"778\">Balade \u00e0 <strong data-start=\"732\" data-end=\"747\">Ocean Drive<\/strong> et dans le quartier Art D\u00e9co<\/p>\n<\/li>\n<li data-start=\"779\" data-end=\"807\">\n<p data-start=\"781\" data-end=\"807\">D\u00eener libre ou en groupe<\/p>\n<\/li>\n<li data-start=\"808\" data-end=\"826\">\n<p data-start=\"810\" data-end=\"826\">Nuit \u00e0 l\u2019h\u00f4tel<\/p>\n<\/li>\n<\/ul>\n<hr data-start=\"828\" data-end=\"831\" \/>\n<h2 data-start=\"833\" data-end=\"892\">\ud83d\uddd3\ufe0f <strong data-start=\"840\" data-end=\"887\">Jour 2 \u2013 Essais libres F1 &amp; Miami lifestyle<\/strong> \ud83c\udfc1<\/h2>\n<ul data-start=\"894\" data-end=\"1219\">\n<li data-start=\"894\" data-end=\"922\">\n<p data-start=\"896\" data-end=\"922\">Petit-d\u00e9jeuner \u00e0 l\u2019h\u00f4tel<\/p>\n<\/li>\n<li data-start=\"923\" data-end=\"975\">\n<p data-start=\"925\" data-end=\"975\">Matin\u00e9e libre : plage ou shopping \u00e0 Lincoln Road<\/p>\n<\/li>\n<li data-start=\"976\" data-end=\"994\">\n<p data-start=\"978\" data-end=\"994\">D\u00e9jeuner libre<\/p>\n<\/li>\n<li data-start=\"995\" data-end=\"1050\">\n<p data-start=\"997\" data-end=\"1050\">Transfert vers le <strong data-start=\"1015\" data-end=\"1048\">Miami International Autodrome<\/strong><\/p>\n<\/li>\n<li data-start=\"1051\" data-end=\"1111\">\n<p data-start=\"1053\" data-end=\"1111\">Acc\u00e8s au circuit pour les <strong data-start=\"1079\" data-end=\"1109\">essais libres de Formule 1<\/strong><\/p>\n<\/li>\n<li data-start=\"1112\" data-end=\"1154\">\n<p data-start=\"1114\" data-end=\"1154\">D\u00e9couverte des fan zones et animations<\/p>\n<\/li>\n<li data-start=\"1155\" data-end=\"1175\">\n<p data-start=\"1157\" data-end=\"1175\">Retour \u00e0 l\u2019h\u00f4tel<\/p>\n<\/li>\n<li data-start=\"1176\" data-end=\"1219\">\n<p data-start=\"1178\" data-end=\"1219\">Soir\u00e9e libre ou sortie nocturne \u00e0 Miami<\/p>\n<\/li>\n<\/ul>\n<hr data-start=\"1221\" data-end=\"1224\" \/>\n<h2 data-start=\"1226\" data-end=\"1281\">\ud83d\uddd3\ufe0f <strong data-start=\"1233\" data-end=\"1276\">Jour 3 \u2013 Qualifications &amp; exp\u00e9rience F1<\/strong> \ud83d\udd25<\/h2>\n<ul data-start=\"1283\" data-end=\"1616\">\n<li data-start=\"1283\" data-end=\"1301\">\n<p data-start=\"1285\" data-end=\"1301\">Petit-d\u00e9jeuner<\/p>\n<\/li>\n<li data-start=\"1302\" data-end=\"1367\">\n<p data-start=\"1304\" data-end=\"1367\">Visite du quartier <strong data-start=\"1323\" data-end=\"1334\">Wynwood<\/strong> (street art &amp; culture urbaine)<\/p>\n<\/li>\n<li data-start=\"1368\" data-end=\"1407\">\n<p data-start=\"1370\" data-end=\"1407\">D\u00e9jeuner dans un restaurant typique<\/p>\n<\/li>\n<li data-start=\"1408\" data-end=\"1437\">\n<p data-start=\"1410\" data-end=\"1437\">Transfert vers le circuit<\/p>\n<\/li>\n<li data-start=\"1438\" data-end=\"1493\">\n<p data-start=\"1440\" data-end=\"1493\">Acc\u00e8s aux <strong data-start=\"1450\" data-end=\"1491\">qualifications du Grand Prix de Miami<\/strong><\/p>\n<\/li>\n<li data-start=\"1494\" data-end=\"1560\">\n<p data-start=\"1496\" data-end=\"1560\">Temps libre sur le circuit (boutiques officielles, animations)<\/p>\n<\/li>\n<li data-start=\"1561\" data-end=\"1581\">\n<p data-start=\"1563\" data-end=\"1581\">Retour \u00e0 l\u2019h\u00f4tel<\/p>\n<\/li>\n<li data-start=\"1582\" data-end=\"1616\">\n<p data-start=\"1584\" data-end=\"1616\">D\u00eener festif ou soir\u00e9e rooftop<\/p>\n<\/li>\n<\/ul>\n<hr data-start=\"1618\" data-end=\"1621\" \/>\n<h2 data-start=\"1623\" data-end=\"1671\">\ud83d\uddd3\ufe0f <strong data-start=\"1630\" data-end=\"1666\">Jour 4 \u2013 Jour de course &amp; d\u00e9part<\/strong> \ud83c\udfc6<\/h2>\n<ul data-start=\"1673\" data-end=\"1924\">\n<li data-start=\"1673\" data-end=\"1691\">\n<p data-start=\"1675\" data-end=\"1691\">Petit-d\u00e9jeuner<\/p>\n<\/li>\n<li data-start=\"1692\" data-end=\"1716\">\n<p data-start=\"1694\" data-end=\"1716\">Check-out de l\u2019h\u00f4tel<\/p>\n<\/li>\n<li data-start=\"1717\" data-end=\"1746\">\n<p data-start=\"1719\" data-end=\"1746\">Transfert vers le circuit<\/p>\n<\/li>\n<li data-start=\"1747\" data-end=\"1819\">\n<p data-start=\"1749\" data-end=\"1819\">Acc\u00e8s en tribune pour le <strong data-start=\"1774\" data-end=\"1817\">Grand Prix de Miami \u2013 Course officielle<\/strong><\/p>\n<\/li>\n<li data-start=\"1820\" data-end=\"1863\">\n<p data-start=\"1822\" data-end=\"1863\">Ambiance exceptionnelle et spectacle F1<\/p>\n<\/li>\n<li data-start=\"1864\" data-end=\"1909\">\n<p data-start=\"1866\" data-end=\"1909\">Transfert vers l\u2019a\u00e9roport apr\u00e8s la course<\/p>\n<\/li>\n<li data-start=\"1910\" data-end=\"1924\">\n<p data-start=\"1912\" data-end=\"1924\">Vol retour<\/p>\n<\/li>\n<\/ul>\n","protected":false},"excerpt":{"rendered":"<p>\ud83d\uddd3\ufe0f Jour 1 \u2013 Arriv\u00e9e \u00e0 Miami &amp; d\u00e9couverte urbaine\ud83c\udf06 Arriv\u00e9e \u00e0 l\u2019a\u00e9roport international de Miami Accueil par l\u2019\u00e9quipe Sport Is Now et transfert vers l\u2019h\u00f4tel Installation et temps de repos Premi\u00e8re d\u00e9couverte de Miami Beach Balade \u00e0 Ocean Drive et dans le quartier Art D\u00e9co D\u00eener libre ou en groupe Nuit \u00e0 l\u2019h\u00f4tel \ud83d\uddd3\ufe0f [&hellip;]<\/p>\n","protected":false},"author":1,"featured_media":75,"parent":26,"menu_order":0,"comment_status":"closed","ping_status":"closed","template":"","meta":{"footnotes":""},"class_list":["post-31","page","type-page","status-publish","has-post-thumbnail","hentry"],"_links":{"self":[{"href":"https:\/\/lpctour.fr\/2025\/td\/clement\/wp-json\/wp\/v2\/pages\/31","targetHints":{"allow":["GET"]}}],"collection":[{"href":"https:\/\/lpctour.fr\/2025\/td\/clement\/wp-json\/wp\/v2\/pages"}],"about":[{"href":"https:\/\/lpctour.fr\/2025\/td\/clement\/wp-json\/wp\/v2\/types\/page"}],"author":[{"embeddable":true,"href":"https:\/\/lpctour.fr\/2025\/td\/clement\/wp-json\/wp\/v2\/users\/1"}],"replies":[{"embeddable":true,"href":"https:\/\/lpctour.fr\/2025\/td\/clement\/wp-json\/wp\/v2\/comments?post=31"}],"version-history":[{"count":3,"href":"https:\/\/lpctour.fr\/2025\/td\/clement\/wp-json\/wp\/v2\/pages\/31\/revisions"}],"predecessor-version":[{"id":108,"href":"https:\/\/lpctour.fr\/2025\/td\/clement\/wp-json\/wp\/v2\/pages\/31\/revisions\/108"}],"up":[{"embeddable":true,"href":"https:\/\/lpctour.fr\/2025\/td\/clement\/wp-json\/wp\/v2\/pages\/26"}],"wp:featuredmedia":[{"embeddable":true,"href":"https:\/\/lpctour.fr\/2025\/td\/clement\/wp-json\/wp\/v2\/media\/75"}],"wp:attachment":[{"href":"https:\/\/lpctour.fr\/2025\/td\/clement\/wp-json\/wp\/v2\/media?parent=31"}],"curies":[{"name":"wp","href":"https:\/\/api.w.org\/{rel}","templated":true}]}}