{"id":34,"date":"2026-01-27T13:55:51","date_gmt":"2026-01-27T12:55:51","guid":{"rendered":"https:\/\/lpctour.fr\/2025\/td\/clement\/?page_id=34"},"modified":"2026-01-29T15:13:40","modified_gmt":"2026-01-29T14:13:40","slug":"londres","status":"publish","type":"page","link":"https:\/\/lpctour.fr\/2025\/td\/clement\/nos-voyages-organises\/londres\/","title":{"rendered":"Londres"},"content":{"rendered":"<h2 data-start=\"542\" data-end=\"610\">\ud83d\uddd3\ufe0f <strong data-start=\"549\" data-end=\"603\">Jour 1 \u2013 Arriv\u00e9e \u00e0 Londres &amp; immersion britannique<\/strong> \ud83c\uddec\ud83c\udde7<\/h2>\n<ul data-start=\"612\" data-end=\"859\">\n<li data-start=\"612\" data-end=\"653\">\n<p data-start=\"614\" data-end=\"653\">Arriv\u00e9e \u00e0 Londres (Eurostar ou avion)<\/p>\n<\/li>\n<li data-start=\"654\" data-end=\"695\">\n<p data-start=\"656\" data-end=\"695\">Accueil par l\u2019\u00e9quipe <strong data-start=\"677\" data-end=\"693\">Sport Is Now<\/strong><\/p>\n<\/li>\n<li data-start=\"696\" data-end=\"735\">\n<p data-start=\"698\" data-end=\"735\">Transfert et installation \u00e0 l\u2019h\u00f4tel<\/p>\n<\/li>\n<li data-start=\"736\" data-end=\"762\">\n<p data-start=\"738\" data-end=\"762\">Temps libre pour repos<\/p>\n<\/li>\n<li data-start=\"763\" data-end=\"811\">\n<p data-start=\"765\" data-end=\"811\">Balade dans le quartier de <strong data-start=\"792\" data-end=\"809\">Covent Garden<\/strong><\/p>\n<\/li>\n<li data-start=\"812\" data-end=\"840\">\n<p data-start=\"814\" data-end=\"840\">D\u00eener libre ou en groupe<\/p>\n<\/li>\n<li data-start=\"841\" data-end=\"859\">\n<p data-start=\"843\" data-end=\"859\">Nuit \u00e0 l\u2019h\u00f4tel<\/p>\n<\/li>\n<li data-start=\"841\" data-end=\"859\"><\/li>\n<\/ul>\n<hr data-start=\"861\" data-end=\"864\" \/>\n<h2 data-start=\"866\" data-end=\"935\">\ud83d\uddd3\ufe0f <strong data-start=\"873\" data-end=\"930\">Jour 2 \u2013 Wimbledon Experience &amp; tennis de haut niveau<\/strong> \ud83c\udfbe<\/h2>\n<ul data-start=\"937\" data-end=\"1274\">\n<li data-start=\"937\" data-end=\"965\">\n<p data-start=\"939\" data-end=\"965\">Petit-d\u00e9jeuner \u00e0 l\u2019h\u00f4tel<\/p>\n<\/li>\n<li data-start=\"966\" data-end=\"1020\">\n<p data-start=\"968\" data-end=\"1020\">Transfert vers le <strong data-start=\"986\" data-end=\"1018\">All England Lawn Tennis Club<\/strong><\/p>\n<\/li>\n<li data-start=\"1021\" data-end=\"1082\">\n<p data-start=\"1023\" data-end=\"1082\">Acc\u00e8s aux matchs sur courts annexes et\/ou court principal<\/p>\n<\/li>\n<li data-start=\"1083\" data-end=\"1133\">D\u00e9couverte de l\u2019ambiance mythique de Wimbledon<\/li>\n<li data-start=\"1134\" data-end=\"1175\">\n<p data-start=\"1136\" data-end=\"1175\">D\u00e9jeuner libre sur le site du tournoi<\/p>\n<\/li>\n<li data-start=\"1176\" data-end=\"1219\">\n<p data-start=\"1178\" data-end=\"1219\">Temps libre sur le village de Wimbledon<\/p>\n<\/li>\n<li data-start=\"1220\" data-end=\"1240\">\n<p data-start=\"1222\" data-end=\"1240\">Retour \u00e0 l\u2019h\u00f4tel<\/p>\n<\/li>\n<li data-start=\"1241\" data-end=\"1274\">\n<p data-start=\"1243\" data-end=\"1274\">Soir\u00e9e libre ou pub londonien<\/p>\n<\/li>\n<\/ul>\n<hr data-start=\"1276\" data-end=\"1279\" \/>\n<h2 data-start=\"1281\" data-end=\"1336\">\ud83d\uddd3\ufe0f <strong data-start=\"1288\" data-end=\"1330\">Jour 3 \u2013 Culture londonienne &amp; d\u00e9tente<\/strong> \ud83c\udfdb\ufe0f<\/h2>\n<ul data-start=\"1338\" data-end=\"1630\">\n<li data-start=\"1338\" data-end=\"1356\">\n<p data-start=\"1340\" data-end=\"1356\">Petit-d\u00e9jeuner<\/p>\n<\/li>\n<li data-start=\"1357\" data-end=\"1452\">\n<p data-start=\"1359\" data-end=\"1396\">Visite guid\u00e9e des incontournables :<\/p>\n<ul data-start=\"1399\" data-end=\"1452\">\n<li data-start=\"1399\" data-end=\"1410\">\n<p data-start=\"1401\" data-end=\"1410\">Big Ben<\/p>\n<\/li>\n<li data-start=\"1413\" data-end=\"1428\">\n<p data-start=\"1415\" data-end=\"1428\">Westminster<\/p>\n<\/li>\n<li data-start=\"1431\" data-end=\"1452\">\n<p data-start=\"1433\" data-end=\"1452\">Buckingham Palace<\/p>\n<\/li>\n<\/ul>\n<\/li>\n<li data-start=\"1453\" data-end=\"1471\">\n<p data-start=\"1455\" data-end=\"1471\">D\u00e9jeuner libre<\/p>\n<\/li>\n<li data-start=\"1472\" data-end=\"1542\">\n<p data-start=\"1474\" data-end=\"1542\">Apr\u00e8s-midi d\u00e9tente \u00e0 <strong data-start=\"1495\" data-end=\"1508\">Hyde Park<\/strong> ou shopping \u00e0 <strong data-start=\"1523\" data-end=\"1540\">Oxford Street<\/strong><\/p>\n<\/li>\n<li data-start=\"1543\" data-end=\"1594\">\n<p data-start=\"1545\" data-end=\"1594\">Possibilit\u00e9 de croisi\u00e8re sur la Tamise (option)<\/p>\n<\/li>\n<li data-start=\"1595\" data-end=\"1611\">\n<p data-start=\"1597\" data-end=\"1611\">Soir\u00e9e libre<\/p>\n<\/li>\n<li data-start=\"1612\" data-end=\"1630\">\n<p data-start=\"1614\" data-end=\"1630\">Nuit \u00e0 l\u2019h\u00f4tel<\/p>\n<\/li>\n<\/ul>\n<hr data-start=\"1632\" data-end=\"1635\" \/>\n<h2 data-start=\"1637\" data-end=\"1688\">\ud83d\uddd3\ufe0f <strong data-start=\"1644\" data-end=\"1683\">Jour 4 \u2013 Derniers instants &amp; retour<\/strong> \u2708\ufe0f<\/h2>\n<ul data-start=\"1690\" data-end=\"1825\">\n<li data-start=\"1690\" data-end=\"1708\">\n<p data-start=\"1692\" data-end=\"1708\">Petit-d\u00e9jeuner<\/p>\n<\/li>\n<li data-start=\"1709\" data-end=\"1722\">\n<p data-start=\"1711\" data-end=\"1722\">Check-out<\/p>\n<\/li>\n<li data-start=\"1723\" data-end=\"1773\">\n<p data-start=\"1725\" data-end=\"1773\">Temps libre selon horaires (Camden, souvenirs)<\/p>\n<\/li>\n<li data-start=\"1774\" data-end=\"1814\">\n<p data-start=\"1776\" data-end=\"1814\">Transfert vers la gare ou l\u2019a\u00e9roport<\/p>\n<\/li>\n<li data-start=\"1815\" data-end=\"1825\">\n<p data-start=\"1817\" data-end=\"1825\">Retour<\/p>\n<\/li>\n<\/ul>\n","protected":false},"excerpt":{"rendered":"<p>\ud83d\uddd3\ufe0f Jour 1 \u2013 Arriv\u00e9e \u00e0 Londres &amp; immersion britannique \ud83c\uddec\ud83c\udde7 Arriv\u00e9e \u00e0 Londres (Eurostar ou avion) Accueil par l\u2019\u00e9quipe Sport Is Now Transfert et installation \u00e0 l\u2019h\u00f4tel Temps libre pour repos Balade dans le quartier de Covent Garden D\u00eener libre ou en groupe Nuit \u00e0 l\u2019h\u00f4tel \ud83d\uddd3\ufe0f Jour 2 \u2013 Wimbledon Experience &amp; tennis [&hellip;]<\/p>\n","protected":false},"author":1,"featured_media":87,"parent":26,"menu_order":0,"comment_status":"closed","ping_status":"closed","template":"","meta":{"footnotes":""},"class_list":["post-34","page","type-page","status-publish","has-post-thumbnail","hentry"],"_links":{"self":[{"href":"https:\/\/lpctour.fr\/2025\/td\/clement\/wp-json\/wp\/v2\/pages\/34","targetHints":{"allow":["GET"]}}],"collection":[{"href":"https:\/\/lpctour.fr\/2025\/td\/clement\/wp-json\/wp\/v2\/pages"}],"about":[{"href":"https:\/\/lpctour.fr\/2025\/td\/clement\/wp-json\/wp\/v2\/types\/page"}],"author":[{"embeddable":true,"href":"https:\/\/lpctour.fr\/2025\/td\/clement\/wp-json\/wp\/v2\/users\/1"}],"replies":[{"embeddable":true,"href":"https:\/\/lpctour.fr\/2025\/td\/clement\/wp-json\/wp\/v2\/comments?post=34"}],"version-history":[{"count":4,"href":"https:\/\/lpctour.fr\/2025\/td\/clement\/wp-json\/wp\/v2\/pages\/34\/revisions"}],"predecessor-version":[{"id":102,"href":"https:\/\/lpctour.fr\/2025\/td\/clement\/wp-json\/wp\/v2\/pages\/34\/revisions\/102"}],"up":[{"embeddable":true,"href":"https:\/\/lpctour.fr\/2025\/td\/clement\/wp-json\/wp\/v2\/pages\/26"}],"wp:featuredmedia":[{"embeddable":true,"href":"https:\/\/lpctour.fr\/2025\/td\/clement\/wp-json\/wp\/v2\/media\/87"}],"wp:attachment":[{"href":"https:\/\/lpctour.fr\/2025\/td\/clement\/wp-json\/wp\/v2\/media?parent=34"}],"curies":[{"name":"wp","href":"https:\/\/api.w.org\/{rel}","templated":true}]}}