{"id":37,"date":"2026-01-27T13:58:47","date_gmt":"2026-01-27T12:58:47","guid":{"rendered":"https:\/\/lpctour.fr\/2025\/td\/clement\/?page_id=37"},"modified":"2026-01-29T15:16:33","modified_gmt":"2026-01-29T14:16:33","slug":"madrid","status":"publish","type":"page","link":"https:\/\/lpctour.fr\/2025\/td\/clement\/nos-voyages-organises\/madrid\/","title":{"rendered":"Madrid"},"content":{"rendered":"<h2 data-start=\"489\" data-end=\"556\">\ud83d\uddd3\ufe0f <strong data-start=\"496\" data-end=\"549\">Jour 1 \u2013 Arriv\u00e9e \u00e0 Madrid &amp; premi\u00e8res d\u00e9couvertes<\/strong> \ud83c\uddea\ud83c\uddf8<\/h2>\n<ul data-start=\"558\" data-end=\"821\">\n<li data-start=\"558\" data-end=\"586\">\n<p data-start=\"560\" data-end=\"586\">Arriv\u00e9e \u00e0 Madrid (avion)<\/p>\n<\/li>\n<li data-start=\"587\" data-end=\"628\">\n<p data-start=\"589\" data-end=\"628\">Accueil par l\u2019\u00e9quipe <strong data-start=\"610\" data-end=\"626\">Sport Is Now<\/strong><\/p>\n<\/li>\n<li data-start=\"629\" data-end=\"668\">\n<p data-start=\"631\" data-end=\"668\">Transfert et installation \u00e0 l\u2019h\u00f4tel<\/p>\n<\/li>\n<li data-start=\"669\" data-end=\"695\">\n<p data-start=\"671\" data-end=\"695\">Temps libre pour repos<\/p>\n<\/li>\n<li data-start=\"696\" data-end=\"765\">\n<p data-start=\"698\" data-end=\"765\">Balade dans le centre-ville : <strong data-start=\"728\" data-end=\"746\">Puerta del Sol<\/strong>, <strong data-start=\"748\" data-end=\"763\">Plaza Mayor<\/strong><\/p>\n<\/li>\n<li data-start=\"766\" data-end=\"802\">\n<p data-start=\"768\" data-end=\"802\">D\u00eener libre ou en groupe (tapas)<\/p>\n<\/li>\n<li data-start=\"803\" data-end=\"821\">\n<p data-start=\"805\" data-end=\"821\">Nuit \u00e0 l\u2019h\u00f4tel<\/p>\n<\/li>\n<\/ul>\n<hr data-start=\"823\" data-end=\"826\" \/>\n<h2 data-start=\"828\" data-end=\"891\">\ud83d\uddd3\ufe0f <strong data-start=\"835\" data-end=\"884\">Jour 2 \u2013 Culture madril\u00e8ne &amp; passion football<\/strong> \ud83c\udfdb\ufe0f\u26bd<\/h2>\n<ul data-start=\"893\" data-end=\"1244\">\n<li data-start=\"893\" data-end=\"921\">\n<p data-start=\"895\" data-end=\"921\">Petit-d\u00e9jeuner \u00e0 l\u2019h\u00f4tel<\/p>\n<\/li>\n<li data-start=\"922\" data-end=\"1007\">\n<p data-start=\"924\" data-end=\"951\">Visite guid\u00e9e de Madrid :<\/p>\n<ul data-start=\"954\" data-end=\"1007\">\n<li data-start=\"954\" data-end=\"970\">\n<p data-start=\"956\" data-end=\"970\">Palais Royal<\/p>\n<\/li>\n<li data-start=\"973\" data-end=\"992\">\n<p data-start=\"975\" data-end=\"992\">Plaza de Espa\u00f1a<\/p>\n<\/li>\n<li data-start=\"995\" data-end=\"1007\">\n<p data-start=\"997\" data-end=\"1007\">Gran V\u00eda<\/p>\n<\/li>\n<\/ul>\n<\/li>\n<li data-start=\"1008\" data-end=\"1026\">\n<p data-start=\"1010\" data-end=\"1026\">D\u00e9jeuner libre<\/p>\n<\/li>\n<li data-start=\"1027\" data-end=\"1125\">\n<p data-start=\"1029\" data-end=\"1074\">Apr\u00e8s-midi : visite d\u2019un <strong data-start=\"1054\" data-end=\"1072\">stade mythique<\/strong><\/p>\n<ul data-start=\"1077\" data-end=\"1125\">\n<li data-start=\"1077\" data-end=\"1125\">\n<p data-start=\"1079\" data-end=\"1125\">Santiago Bernab\u00e9u <em data-start=\"1097\" data-end=\"1101\">ou<\/em> Civitas Metropolitano<\/p>\n<\/li>\n<\/ul>\n<\/li>\n<li data-start=\"1126\" data-end=\"1161\">\n<p data-start=\"1128\" data-end=\"1161\">Temps libre shopping ou d\u00e9tente<\/p>\n<\/li>\n<li data-start=\"1162\" data-end=\"1225\">\n<p data-start=\"1164\" data-end=\"1225\">Soir\u00e9e libre dans le quartier <strong data-start=\"1194\" data-end=\"1206\">Malasa\u00f1a<\/strong> ou <strong data-start=\"1210\" data-end=\"1223\">La Latina<\/strong><\/p>\n<\/li>\n<li data-start=\"1226\" data-end=\"1244\">\n<p data-start=\"1228\" data-end=\"1244\">Nuit \u00e0 l\u2019h\u00f4tel<\/p>\n<\/li>\n<\/ul>\n<hr data-start=\"1246\" data-end=\"1249\" \/>\n<h2 data-start=\"1251\" data-end=\"1318\">\ud83d\uddd3\ufe0f <strong data-start=\"1258\" data-end=\"1310\">Jour 3 \u2013 Jour du derby : Real Madrid vs Atl\u00e9tico<\/strong> \ud83d\udd25\ud83c\udfdf\ufe0f<\/h2>\n<ul data-start=\"1320\" data-end=\"1586\">\n<li data-start=\"1320\" data-end=\"1338\">\n<p data-start=\"1322\" data-end=\"1338\">Petit-d\u00e9jeuner<\/p>\n<\/li>\n<li data-start=\"1339\" data-end=\"1391\">\n<p data-start=\"1341\" data-end=\"1391\">Matin\u00e9e libre (Retiro, mus\u00e9e du Prado en option)<\/p>\n<\/li>\n<li data-start=\"1392\" data-end=\"1410\">\n<p data-start=\"1394\" data-end=\"1410\">D\u00e9jeuner libre<\/p>\n<\/li>\n<li data-start=\"1411\" data-end=\"1438\">\n<p data-start=\"1413\" data-end=\"1438\">Transfert vers le stade<\/p>\n<\/li>\n<li data-start=\"1439\" data-end=\"1487\">\n<p data-start=\"1441\" data-end=\"1487\"><strong data-start=\"1441\" data-end=\"1485\">Match : Real Madrid \u2013 Atl\u00e9tico de Madrid<\/strong><\/p>\n<\/li>\n<li data-start=\"1488\" data-end=\"1537\">\n<p data-start=\"1490\" data-end=\"1537\">Immersion dans l\u2019ambiance \u00e9lectrique du derby<\/p>\n<\/li>\n<li data-start=\"1538\" data-end=\"1558\">\n<p data-start=\"1540\" data-end=\"1558\">Retour \u00e0 l\u2019h\u00f4tel<\/p>\n<\/li>\n<li data-start=\"1559\" data-end=\"1586\">\n<p data-start=\"1561\" data-end=\"1586\">Soir\u00e9e libre ou festive<\/p>\n<\/li>\n<\/ul>\n<hr data-start=\"1588\" data-end=\"1591\" \/>\n<h2 data-start=\"1593\" data-end=\"1644\">\ud83d\uddd3\ufe0f <strong data-start=\"1600\" data-end=\"1639\">Jour 4 \u2013 Derniers instants &amp; retour<\/strong> \u2708\ufe0f<\/h2>\n<ul data-start=\"1646\" data-end=\"1780\">\n<li data-start=\"1646\" data-end=\"1664\">\n<p data-start=\"1648\" data-end=\"1664\">Petit-d\u00e9jeuner<\/p>\n<\/li>\n<li data-start=\"1665\" data-end=\"1678\">\n<p data-start=\"1667\" data-end=\"1678\">Check-out<\/p>\n<\/li>\n<li data-start=\"1679\" data-end=\"1739\">\n<p data-start=\"1681\" data-end=\"1739\">Temps libre selon horaires (souvenirs, caf\u00e9 en terrasse)<\/p>\n<\/li>\n<li data-start=\"1740\" data-end=\"1769\">\n<p data-start=\"1742\" data-end=\"1769\">Transfert vers l\u2019a\u00e9roport<\/p>\n<\/li>\n<li data-start=\"1770\" data-end=\"1780\">\n<p data-start=\"1772\" data-end=\"1780\">Retour<\/p>\n<\/li>\n<\/ul>\n","protected":false},"excerpt":{"rendered":"<p>\ud83d\uddd3\ufe0f Jour 1 \u2013 Arriv\u00e9e \u00e0 Madrid &amp; premi\u00e8res d\u00e9couvertes \ud83c\uddea\ud83c\uddf8 Arriv\u00e9e \u00e0 Madrid (avion) Accueil par l\u2019\u00e9quipe Sport Is Now Transfert et installation \u00e0 l\u2019h\u00f4tel Temps libre pour repos Balade dans le centre-ville : Puerta del Sol, Plaza Mayor D\u00eener libre ou en groupe (tapas) Nuit \u00e0 l\u2019h\u00f4tel \ud83d\uddd3\ufe0f Jour 2 \u2013 Culture madril\u00e8ne [&hellip;]<\/p>\n","protected":false},"author":1,"featured_media":92,"parent":26,"menu_order":0,"comment_status":"closed","ping_status":"closed","template":"","meta":{"footnotes":""},"class_list":["post-37","page","type-page","status-publish","has-post-thumbnail","hentry"],"_links":{"self":[{"href":"https:\/\/lpctour.fr\/2025\/td\/clement\/wp-json\/wp\/v2\/pages\/37","targetHints":{"allow":["GET"]}}],"collection":[{"href":"https:\/\/lpctour.fr\/2025\/td\/clement\/wp-json\/wp\/v2\/pages"}],"about":[{"href":"https:\/\/lpctour.fr\/2025\/td\/clement\/wp-json\/wp\/v2\/types\/page"}],"author":[{"embeddable":true,"href":"https:\/\/lpctour.fr\/2025\/td\/clement\/wp-json\/wp\/v2\/users\/1"}],"replies":[{"embeddable":true,"href":"https:\/\/lpctour.fr\/2025\/td\/clement\/wp-json\/wp\/v2\/comments?post=37"}],"version-history":[{"count":3,"href":"https:\/\/lpctour.fr\/2025\/td\/clement\/wp-json\/wp\/v2\/pages\/37\/revisions"}],"predecessor-version":[{"id":107,"href":"https:\/\/lpctour.fr\/2025\/td\/clement\/wp-json\/wp\/v2\/pages\/37\/revisions\/107"}],"up":[{"embeddable":true,"href":"https:\/\/lpctour.fr\/2025\/td\/clement\/wp-json\/wp\/v2\/pages\/26"}],"wp:featuredmedia":[{"embeddable":true,"href":"https:\/\/lpctour.fr\/2025\/td\/clement\/wp-json\/wp\/v2\/media\/92"}],"wp:attachment":[{"href":"https:\/\/lpctour.fr\/2025\/td\/clement\/wp-json\/wp\/v2\/media?parent=37"}],"curies":[{"name":"wp","href":"https:\/\/api.w.org\/{rel}","templated":true}]}}