{"id":43,"date":"2026-01-28T12:08:13","date_gmt":"2026-01-28T11:08:13","guid":{"rendered":"https:\/\/lpctour.fr\/2025\/td\/clement\/?page_id=43"},"modified":"2026-01-29T14:48:54","modified_gmt":"2026-01-29T13:48:54","slug":"a-la-journee","status":"publish","type":"page","link":"https:\/\/lpctour.fr\/2025\/td\/clement\/a-la-journee\/","title":{"rendered":"A la journ\u00e9e"},"content":{"rendered":"<h1 data-start=\"205\" data-end=\"249\">\ud83d\uddd3\ufe0f <strong data-start=\"211\" data-end=\"249\">Nos Programmes \u00e0 la Journ\u00e9e \u2013 2026<\/strong><\/h1>\n<h2 data-start=\"251\" data-end=\"308\">\ud83d\udd25 <strong data-start=\"257\" data-end=\"308\">Une journ\u00e9e, une \u00e9motion, une exp\u00e9rience unique<\/strong><\/h2>\n<p data-start=\"310\" data-end=\"617\">Chez <strong data-start=\"315\" data-end=\"331\">Sport Is Now<\/strong>, nos programmes \u00e0 la journ\u00e9e sont pens\u00e9s pour vivre <strong data-start=\"384\" data-end=\"415\">un \u00e9v\u00e9nement sportif majeur<\/strong> tout en d\u00e9couvrant les richesses culturelles de la destination.<br data-start=\"479\" data-end=\"482\" \/>Accessibles, immersifs et intenses, ils sont id\u00e9als pour les passionn\u00e9s de sport en qu\u00eate d\u2019\u00e9motions fortes\u2026 m\u00eame sur une courte dur\u00e9e.<\/p>\n<h3 data-start=\"189\" data-end=\"243\"><a href=\"https:\/\/lpctour.fr\/2025\/td\/clement\/a-la-journee\/%f0%9f%9a%b4%e2%99%82%ef%b8%8f-arrivee-du-tour-de-france-2026-paris\/\">\ud83d\udeb4\u200d\u2642\ufe0f <strong data-start=\"199\" data-end=\"241\">Arriv\u00e9e du Tour de France 2026 \u2013 Paris<\/strong><\/a><\/h3>\n<p data-start=\"244\" data-end=\"511\">Vivez l\u2019\u00e9motion de la derni\u00e8re \u00e9tape de la Grande Boucle au c\u0153ur de Paris.<br data-start=\"318\" data-end=\"321\" \/>Sur les Champs-\u00c9lys\u00e9es, l\u2019ambiance est \u00e9lectrique et le spectacle garanti jusqu\u2019au dernier coup de p\u00e9dale.<br data-start=\"427\" data-end=\"430\" \/>Une journ\u00e9e mythique entre sport, ferveur populaire et d\u00e9couverte de la capitale.<\/p>\n<hr data-start=\"513\" data-end=\"516\" \/>\n<h3 data-start=\"518\" data-end=\"567\"><a href=\"https:\/\/lpctour.fr\/2025\/td\/clement\/a-la-journee\/%f0%9f%8e%be-finale-de-roland-garros-2026-paris\/\">\ud83c\udfbe <strong data-start=\"525\" data-end=\"565\">Finale de Roland-Garros 2026 \u2013 Paris<\/strong><\/a><\/h3>\n<p data-start=\"568\" data-end=\"821\">Assistez au d\u00e9nouement du plus grand tournoi sur terre battue au monde.<br data-start=\"639\" data-end=\"642\" \/>Entre tension, exploits et \u00e9l\u00e9gance parisienne, la finale de Roland-Garros offre une exp\u00e9rience sportive unique.<br data-start=\"754\" data-end=\"757\" \/>Une journ\u00e9e d\u2019exception pour vibrer au rythme du tennis mondial.<\/p>\n<hr data-start=\"823\" data-end=\"826\" \/>\n<h3 data-start=\"828\" data-end=\"867\"><a href=\"https:\/\/lpctour.fr\/2025\/td\/clement\/a-la-journee\/%f0%9f%8f%8e%ef%b8%8f-grand-prix-de-monaco-2026-journee-f1\/\">\ud83c\udfce\ufe0f <strong data-start=\"836\" data-end=\"865\">Grand Prix de Monaco 2026<\/strong><\/a><\/h3>\n<p data-start=\"868\" data-end=\"1121\">Plongez au c\u0153ur de l\u2019un des circuits les plus prestigieux de la Formule 1.<br data-start=\"942\" data-end=\"945\" \/>Dans les rues \u00e9troites de la Principaut\u00e9, vitesse et adr\u00e9naline se m\u00ealent \u00e0 un d\u00e9cor de luxe incomparable.<br data-start=\"1051\" data-end=\"1054\" \/>Une journ\u00e9e intense o\u00f9 sport automobile et prestige se rencontrent.<\/p>\n","protected":false},"excerpt":{"rendered":"<p>\ud83d\uddd3\ufe0f Nos Programmes \u00e0 la Journ\u00e9e \u2013 2026 \ud83d\udd25 Une journ\u00e9e, une \u00e9motion, une exp\u00e9rience unique Chez Sport Is Now, nos programmes \u00e0 la journ\u00e9e sont pens\u00e9s pour vivre un \u00e9v\u00e9nement sportif majeur tout en d\u00e9couvrant les richesses culturelles de la destination.Accessibles, immersifs et intenses, ils sont id\u00e9als pour les passionn\u00e9s de sport en qu\u00eate [&hellip;]<\/p>\n","protected":false},"author":1,"featured_media":0,"parent":0,"menu_order":0,"comment_status":"closed","ping_status":"closed","template":"","meta":{"footnotes":""},"class_list":["post-43","page","type-page","status-publish","hentry"],"_links":{"self":[{"href":"https:\/\/lpctour.fr\/2025\/td\/clement\/wp-json\/wp\/v2\/pages\/43","targetHints":{"allow":["GET"]}}],"collection":[{"href":"https:\/\/lpctour.fr\/2025\/td\/clement\/wp-json\/wp\/v2\/pages"}],"about":[{"href":"https:\/\/lpctour.fr\/2025\/td\/clement\/wp-json\/wp\/v2\/types\/page"}],"author":[{"embeddable":true,"href":"https:\/\/lpctour.fr\/2025\/td\/clement\/wp-json\/wp\/v2\/users\/1"}],"replies":[{"embeddable":true,"href":"https:\/\/lpctour.fr\/2025\/td\/clement\/wp-json\/wp\/v2\/comments?post=43"}],"version-history":[{"count":8,"href":"https:\/\/lpctour.fr\/2025\/td\/clement\/wp-json\/wp\/v2\/pages\/43\/revisions"}],"predecessor-version":[{"id":81,"href":"https:\/\/lpctour.fr\/2025\/td\/clement\/wp-json\/wp\/v2\/pages\/43\/revisions\/81"}],"wp:attachment":[{"href":"https:\/\/lpctour.fr\/2025\/td\/clement\/wp-json\/wp\/v2\/media?parent=43"}],"curies":[{"name":"wp","href":"https:\/\/api.w.org\/{rel}","templated":true}]}}