{"id":50,"date":"2026-01-28T12:19:56","date_gmt":"2026-01-28T11:19:56","guid":{"rendered":"https:\/\/lpctour.fr\/2025\/td\/clement\/?page_id=50"},"modified":"2026-01-29T15:15:39","modified_gmt":"2026-01-29T14:15:39","slug":"%f0%9f%8e%be-finale-de-roland-garros-2026-paris","status":"publish","type":"page","link":"https:\/\/lpctour.fr\/2025\/td\/clement\/a-la-journee\/%f0%9f%8e%be-finale-de-roland-garros-2026-paris\/","title":{"rendered":"\ud83c\udfbe Finale de Roland-Garros 2026 \u2013 Paris"},"content":{"rendered":"<p>&nbsp;<\/p>\n<p data-start=\"850\" data-end=\"876\"><strong data-start=\"850\" data-end=\"874\">Programme d\u00e9taill\u00e9 :<\/strong><\/p>\n<ul data-start=\"877\" data-end=\"1187\">\n<li data-start=\"877\" data-end=\"939\">Visite de Paris dans la matin\u00e9e et ses monuments<\/li>\n<li data-start=\"877\" data-end=\"939\">\n<p data-start=\"879\" data-end=\"939\">Accueil des participants aux abords du Stade Roland-Garros<\/p>\n<\/li>\n<li data-start=\"940\" data-end=\"996\">\n<p data-start=\"942\" data-end=\"996\">Acc\u00e8s au site du tournoi et d\u00e9couverte de l\u2019ambiance<\/p>\n<\/li>\n<li data-start=\"997\" data-end=\"1037\">\n<p data-start=\"999\" data-end=\"1037\">Matchs et animations avant la finale<\/p>\n<\/li>\n<li data-start=\"1038\" data-end=\"1103\">\n<p data-start=\"1040\" data-end=\"1103\"><strong data-start=\"1040\" data-end=\"1083\">Assistance \u00e0 la finale de Roland-Garros<\/strong> sur court central<\/p>\n<\/li>\n<li data-start=\"1104\" data-end=\"1151\">\n<p data-start=\"1106\" data-end=\"1151\">Temps libre sur le village de Roland-Garros<\/p>\n<\/li>\n<li data-start=\"1152\" data-end=\"1187\">\n<p data-start=\"1154\" data-end=\"1187\">Fin de journ\u00e9e libre dans Paris<\/p>\n<\/li>\n<\/ul>\n","protected":false},"excerpt":{"rendered":"<p>&nbsp; Programme d\u00e9taill\u00e9 : Visite de Paris dans la matin\u00e9e et ses monuments Accueil des participants aux abords du Stade Roland-Garros Acc\u00e8s au site du tournoi et d\u00e9couverte de l\u2019ambiance Matchs et animations avant la finale Assistance \u00e0 la finale de Roland-Garros sur court central Temps libre sur le village de Roland-Garros Fin de journ\u00e9e [&hellip;]<\/p>\n","protected":false},"author":1,"featured_media":76,"parent":43,"menu_order":1,"comment_status":"closed","ping_status":"closed","template":"","meta":{"footnotes":""},"class_list":["post-50","page","type-page","status-publish","has-post-thumbnail","hentry"],"_links":{"self":[{"href":"https:\/\/lpctour.fr\/2025\/td\/clement\/wp-json\/wp\/v2\/pages\/50","targetHints":{"allow":["GET"]}}],"collection":[{"href":"https:\/\/lpctour.fr\/2025\/td\/clement\/wp-json\/wp\/v2\/pages"}],"about":[{"href":"https:\/\/lpctour.fr\/2025\/td\/clement\/wp-json\/wp\/v2\/types\/page"}],"author":[{"embeddable":true,"href":"https:\/\/lpctour.fr\/2025\/td\/clement\/wp-json\/wp\/v2\/users\/1"}],"replies":[{"embeddable":true,"href":"https:\/\/lpctour.fr\/2025\/td\/clement\/wp-json\/wp\/v2\/comments?post=50"}],"version-history":[{"count":4,"href":"https:\/\/lpctour.fr\/2025\/td\/clement\/wp-json\/wp\/v2\/pages\/50\/revisions"}],"predecessor-version":[{"id":105,"href":"https:\/\/lpctour.fr\/2025\/td\/clement\/wp-json\/wp\/v2\/pages\/50\/revisions\/105"}],"up":[{"embeddable":true,"href":"https:\/\/lpctour.fr\/2025\/td\/clement\/wp-json\/wp\/v2\/pages\/43"}],"wp:featuredmedia":[{"embeddable":true,"href":"https:\/\/lpctour.fr\/2025\/td\/clement\/wp-json\/wp\/v2\/media\/76"}],"wp:attachment":[{"href":"https:\/\/lpctour.fr\/2025\/td\/clement\/wp-json\/wp\/v2\/media?parent=50"}],"curies":[{"name":"wp","href":"https:\/\/api.w.org\/{rel}","templated":true}]}}