{"id":53,"date":"2026-01-29T11:28:56","date_gmt":"2026-01-29T10:28:56","guid":{"rendered":"https:\/\/lpctour.fr\/2025\/td\/clement\/?page_id=53"},"modified":"2026-01-29T15:14:35","modified_gmt":"2026-01-29T14:14:35","slug":"%f0%9f%8f%8e%ef%b8%8f-grand-prix-de-monaco-2026-journee-f1","status":"publish","type":"page","link":"https:\/\/lpctour.fr\/2025\/td\/clement\/a-la-journee\/%f0%9f%8f%8e%ef%b8%8f-grand-prix-de-monaco-2026-journee-f1\/","title":{"rendered":"\ud83c\udfce\ufe0f Grand Prix de Monaco 2026 \u2013 Journ\u00e9e F1"},"content":{"rendered":"<p data-start=\"1245\" data-end=\"1271\"><strong data-start=\"1245\" data-end=\"1269\">Programme d\u00e9taill\u00e9 :<\/strong><\/p>\n<ul data-start=\"1272\" data-end=\"1540\">\n<li data-start=\"1272\" data-end=\"1303\">\n<p data-start=\"1274\" data-end=\"1303\">Arriv\u00e9e \u00e0 Monaco en matin\u00e9e<\/p>\n<\/li>\n<li data-start=\"1304\" data-end=\"1353\">\n<p data-start=\"1306\" data-end=\"1353\">D\u00e9couverte du circuit mythique de Monte-Carlo<\/p>\n<\/li>\n<li data-start=\"1354\" data-end=\"1405\">\n<p data-start=\"1356\" data-end=\"1405\">Temps libre sur le port et dans le centre-ville<\/p>\n<\/li>\n<li data-start=\"1406\" data-end=\"1459\">\n<p data-start=\"1408\" data-end=\"1459\">Acc\u00e8s en tribune pour le <strong data-start=\"1433\" data-end=\"1457\">Grand Prix de Monaco<\/strong><\/p>\n<\/li>\n<li data-start=\"1460\" data-end=\"1506\">\n<p data-start=\"1462\" data-end=\"1506\">Immersion totale dans l\u2019ambiance Formule 1<\/p>\n<\/li>\n<li data-start=\"1507\" data-end=\"1540\">\n<p data-start=\"1509\" data-end=\"1540\">Temps libre en fin de journ\u00e9e<\/p>\n<\/li>\n<\/ul>\n","protected":false},"excerpt":{"rendered":"<p>Programme d\u00e9taill\u00e9 : Arriv\u00e9e \u00e0 Monaco en matin\u00e9e D\u00e9couverte du circuit mythique de Monte-Carlo Temps libre sur le port et dans le centre-ville Acc\u00e8s en tribune pour le Grand Prix de Monaco Immersion totale dans l\u2019ambiance Formule 1 Temps libre en fin de journ\u00e9e<\/p>\n","protected":false},"author":1,"featured_media":84,"parent":43,"menu_order":0,"comment_status":"closed","ping_status":"closed","template":"","meta":{"footnotes":""},"class_list":["post-53","page","type-page","status-publish","has-post-thumbnail","hentry"],"_links":{"self":[{"href":"https:\/\/lpctour.fr\/2025\/td\/clement\/wp-json\/wp\/v2\/pages\/53","targetHints":{"allow":["GET"]}}],"collection":[{"href":"https:\/\/lpctour.fr\/2025\/td\/clement\/wp-json\/wp\/v2\/pages"}],"about":[{"href":"https:\/\/lpctour.fr\/2025\/td\/clement\/wp-json\/wp\/v2\/types\/page"}],"author":[{"embeddable":true,"href":"https:\/\/lpctour.fr\/2025\/td\/clement\/wp-json\/wp\/v2\/users\/1"}],"replies":[{"embeddable":true,"href":"https:\/\/lpctour.fr\/2025\/td\/clement\/wp-json\/wp\/v2\/comments?post=53"}],"version-history":[{"count":4,"href":"https:\/\/lpctour.fr\/2025\/td\/clement\/wp-json\/wp\/v2\/pages\/53\/revisions"}],"predecessor-version":[{"id":103,"href":"https:\/\/lpctour.fr\/2025\/td\/clement\/wp-json\/wp\/v2\/pages\/53\/revisions\/103"}],"up":[{"embeddable":true,"href":"https:\/\/lpctour.fr\/2025\/td\/clement\/wp-json\/wp\/v2\/pages\/43"}],"wp:featuredmedia":[{"embeddable":true,"href":"https:\/\/lpctour.fr\/2025\/td\/clement\/wp-json\/wp\/v2\/media\/84"}],"wp:attachment":[{"href":"https:\/\/lpctour.fr\/2025\/td\/clement\/wp-json\/wp\/v2\/media?parent=53"}],"curies":[{"name":"wp","href":"https:\/\/api.w.org\/{rel}","templated":true}]}}