{"id":66,"date":"2026-01-29T12:11:56","date_gmt":"2026-01-29T11:11:56","guid":{"rendered":"https:\/\/lpctour.fr\/2025\/td\/clement\/?page_id=66"},"modified":"2026-01-29T12:21:10","modified_gmt":"2026-01-29T11:21:10","slug":"%f0%9f%93%a9-contactez-nous","status":"publish","type":"page","link":"https:\/\/lpctour.fr\/2025\/td\/clement\/%f0%9f%93%a9-contactez-nous\/","title":{"rendered":"\ud83d\udce9 Contactez-nous"},"content":{"rendered":"<p data-start=\"202\" data-end=\"449\">Vous avez une question, un projet de voyage sportif ou envie d\u2019en savoir plus sur nos s\u00e9jours ?<br data-start=\"297\" data-end=\"300\" \/>L\u2019\u00e9quipe <strong data-start=\"309\" data-end=\"325\">Sport Is Now<\/strong> est \u00e0 votre \u00e9coute pour vous accompagner et vous conseiller dans l\u2019organisation de votre exp\u00e9rience sportive et culturelle.<\/p>\n<p data-start=\"451\" data-end=\"746\">Que ce soit pour un <strong data-start=\"471\" data-end=\"497\">programme \u00e0 la journ\u00e9e<\/strong>, un <strong data-start=\"502\" data-end=\"549\">s\u00e9jour autour d\u2019un \u00e9v\u00e9nement sportif majeur<\/strong> ou une <strong data-start=\"557\" data-end=\"582\">demande personnalis\u00e9e<\/strong>, n\u2019h\u00e9sitez pas \u00e0 nous contacter. Nous mettons un point d\u2019honneur \u00e0 proposer des voyages adapt\u00e9s \u00e0 vos envies, alliant passion du sport, d\u00e9couverte et convivialit\u00e9.<\/p>\n<hr data-start=\"748\" data-end=\"751\" \/>\n<h2 data-start=\"753\" data-end=\"778\">\ud83d\udccd <strong data-start=\"759\" data-end=\"778\">Nos coordonn\u00e9es<\/strong><\/h2>\n<p data-start=\"779\" data-end=\"879\">\ud83d\udce7 <strong data-start=\"782\" data-end=\"791\">Email<\/strong> : sportisnow@gmail.com<br data-start=\"812\" data-end=\"815\" \/>\ud83d\udcde <strong data-start=\"818\" data-end=\"831\">T\u00e9l\u00e9phone<\/strong> : 06 06 00 00 20<br data-start=\"846\" data-end=\"849\" \/>\ud83d\udccd <strong data-start=\"852\" data-end=\"868\">Localisation<\/strong> : France<\/p>\n<hr data-start=\"881\" data-end=\"884\" \/>\n<h2 data-start=\"886\" data-end=\"917\">\ud83d\udcddFormulaire de contact<\/h2>\n<p>&nbsp;<\/p>\n\n<div class=\"wpcf7 no-js\" id=\"wpcf7-f69-o1\" lang=\"fr-FR\" dir=\"ltr\" data-wpcf7-id=\"69\">\n<div class=\"screen-reader-response\"><p role=\"status\" aria-live=\"polite\" aria-atomic=\"true\"><\/p> <ul><\/ul><\/div>\n<form action=\"\/2025\/td\/clement\/wp-json\/wp\/v2\/pages\/66#wpcf7-f69-o1\" method=\"post\" class=\"wpcf7-form init\" aria-label=\"Formulaire de contact\" novalidate=\"novalidate\" data-status=\"init\">\n<fieldset class=\"hidden-fields-container\"><input type=\"hidden\" name=\"_wpcf7\" value=\"69\" \/><input type=\"hidden\" name=\"_wpcf7_version\" value=\"6.1.4\" \/><input type=\"hidden\" name=\"_wpcf7_locale\" value=\"fr_FR\" \/><input type=\"hidden\" name=\"_wpcf7_unit_tag\" value=\"wpcf7-f69-o1\" \/><input type=\"hidden\" name=\"_wpcf7_container_post\" value=\"0\" \/><input type=\"hidden\" name=\"_wpcf7_posted_data_hash\" value=\"\" \/>\n<\/fieldset>\n<p><label> Votre nom<br \/>\n<span class=\"wpcf7-form-control-wrap\" data-name=\"your-name\"><input size=\"40\" maxlength=\"400\" class=\"wpcf7-form-control wpcf7-text wpcf7-validates-as-required\" autocomplete=\"name\" aria-required=\"true\" aria-invalid=\"false\" value=\"\" type=\"text\" name=\"your-name\" \/><\/span> <\/label>\n<\/p>\n<p><label> Votre e-mail<br \/>\n<span class=\"wpcf7-form-control-wrap\" data-name=\"your-email\"><input size=\"40\" maxlength=\"400\" class=\"wpcf7-form-control wpcf7-email wpcf7-validates-as-required wpcf7-text wpcf7-validates-as-email\" autocomplete=\"email\" aria-required=\"true\" aria-invalid=\"false\" value=\"\" type=\"email\" name=\"your-email\" \/><\/span> <\/label>\n<\/p>\n<p><label> Objet<br \/>\n<span class=\"wpcf7-form-control-wrap\" data-name=\"your-subject\"><input size=\"40\" maxlength=\"400\" class=\"wpcf7-form-control wpcf7-text wpcf7-validates-as-required\" aria-required=\"true\" aria-invalid=\"false\" value=\"\" type=\"text\" name=\"your-subject\" \/><\/span> <\/label>\n<\/p>\n<p><label> Votre message (facultatif)<br \/>\n<span class=\"wpcf7-form-control-wrap\" data-name=\"your-message\"><textarea cols=\"40\" rows=\"10\" maxlength=\"2000\" class=\"wpcf7-form-control wpcf7-textarea\" aria-invalid=\"false\" name=\"your-message\"><\/textarea><\/span> <\/label>\n<\/p>\n<p><input class=\"wpcf7-form-control wpcf7-submit has-spinner\" type=\"submit\" value=\"Envoyer\" \/>\n<\/p><p style=\"display: none !important;\" class=\"akismet-fields-container\" data-prefix=\"_wpcf7_ak_\"><label>&#916;<textarea name=\"_wpcf7_ak_hp_textarea\" cols=\"45\" rows=\"8\" maxlength=\"100\"><\/textarea><\/label><input type=\"hidden\" id=\"ak_js_1\" name=\"_wpcf7_ak_js\" value=\"63\"\/><script>document.getElementById( \"ak_js_1\" ).setAttribute( \"value\", ( new Date() ).getTime() );<\/script><\/p><div class=\"wpcf7-response-output\" aria-hidden=\"true\"><\/div>\n<\/form>\n<\/div>\n\n","protected":false},"excerpt":{"rendered":"<p>Vous avez une question, un projet de voyage sportif ou envie d\u2019en savoir plus sur nos s\u00e9jours ?L\u2019\u00e9quipe Sport Is Now est \u00e0 votre \u00e9coute pour vous accompagner et vous conseiller dans l\u2019organisation de votre exp\u00e9rience sportive et culturelle. Que ce soit pour un programme \u00e0 la journ\u00e9e, un s\u00e9jour autour d\u2019un \u00e9v\u00e9nement sportif majeur [&hellip;]<\/p>\n","protected":false},"author":1,"featured_media":0,"parent":0,"menu_order":0,"comment_status":"closed","ping_status":"closed","template":"","meta":{"footnotes":""},"class_list":["post-66","page","type-page","status-publish","hentry"],"_links":{"self":[{"href":"https:\/\/lpctour.fr\/2025\/td\/clement\/wp-json\/wp\/v2\/pages\/66","targetHints":{"allow":["GET"]}}],"collection":[{"href":"https:\/\/lpctour.fr\/2025\/td\/clement\/wp-json\/wp\/v2\/pages"}],"about":[{"href":"https:\/\/lpctour.fr\/2025\/td\/clement\/wp-json\/wp\/v2\/types\/page"}],"author":[{"embeddable":true,"href":"https:\/\/lpctour.fr\/2025\/td\/clement\/wp-json\/wp\/v2\/users\/1"}],"replies":[{"embeddable":true,"href":"https:\/\/lpctour.fr\/2025\/td\/clement\/wp-json\/wp\/v2\/comments?post=66"}],"version-history":[{"count":5,"href":"https:\/\/lpctour.fr\/2025\/td\/clement\/wp-json\/wp\/v2\/pages\/66\/revisions"}],"predecessor-version":[{"id":74,"href":"https:\/\/lpctour.fr\/2025\/td\/clement\/wp-json\/wp\/v2\/pages\/66\/revisions\/74"}],"wp:attachment":[{"href":"https:\/\/lpctour.fr\/2025\/td\/clement\/wp-json\/wp\/v2\/media?parent=66"}],"curies":[{"name":"wp","href":"https:\/\/api.w.org\/{rel}","templated":true}]}}