{"id":9,"date":"2025-12-12T09:30:43","date_gmt":"2025-12-12T08:30:43","guid":{"rendered":"https:\/\/lpctour.buchon.fr\/2025\/td\/clement\/?page_id=9"},"modified":"2026-01-29T15:18:30","modified_gmt":"2026-01-29T14:18:30","slug":"sport-is-now","status":"publish","type":"page","link":"https:\/\/lpctour.fr\/2025\/td\/clement\/sport-is-now\/","title":{"rendered":"Sport is Now"},"content":{"rendered":"<p>Sport Is Now est une association passionn\u00e9e qui allie sport et tourisme culturel pour offrir des voyages uniques et immersifs. Nous croyons que le sport est un vecteur de d\u00e9couverte, de partage et d&rsquo;\u00e9motions, capable de rassembler les passionn\u00e9es autour d&rsquo;exp\u00e9riences inoubliables. Notre mission est de cr\u00e9er des s\u00e9jours ou \u00e9v\u00e8nements sportifs, activit\u00e9s culturelles et aventures locales se m\u00ealent pour une immersion totale. Nous pr\u00f4nons des valeurs fortes : passion, authenticit\u00e9, convivialit\u00e9 et d\u00e9passement de soi. Que ce soit dans un stade mythique, au c\u0153ur d&rsquo;une ville vibrante ou face \u00e0 un paysage \u00e9poustouflant, chaque voyage avec Sport Is Now est une c\u00e9l\u00e9bration du sport et de la culture !<\/p>\n<p>&nbsp;<\/p>\n<p>Cl\u00e9ment Deliers, cr\u00e9ateur du site<\/p>\n<p>Fan de sport et en \u00e9tude dans le tourisme, j&rsquo;ai eu l&rsquo;id\u00e9e de m\u00e9langer ses deux passions pour vous en faire d\u00e9couvrir les plus beaux aspect ! Tout en essayant de vous informer sur le sport en g\u00e9n\u00e9ral, avec des articles pour les plus novices, en vous transmettant ce go\u00fbt au sport qui m&rsquo;anime depuis tout jeune.<\/p>\n","protected":false},"excerpt":{"rendered":"<p>Sport Is Now est une association passionn\u00e9e qui allie sport et tourisme culturel pour offrir des voyages uniques et immersifs. Nous croyons que le sport est un vecteur de d\u00e9couverte, de partage et d&rsquo;\u00e9motions, capable de rassembler les passionn\u00e9es autour d&rsquo;exp\u00e9riences inoubliables. Notre mission est de cr\u00e9er des s\u00e9jours ou \u00e9v\u00e8nements sportifs, activit\u00e9s culturelles et [&hellip;]<\/p>\n","protected":false},"author":1,"featured_media":109,"parent":0,"menu_order":0,"comment_status":"closed","ping_status":"closed","template":"","meta":{"footnotes":""},"class_list":["post-9","page","type-page","status-publish","has-post-thumbnail","hentry"],"_links":{"self":[{"href":"https:\/\/lpctour.fr\/2025\/td\/clement\/wp-json\/wp\/v2\/pages\/9","targetHints":{"allow":["GET"]}}],"collection":[{"href":"https:\/\/lpctour.fr\/2025\/td\/clement\/wp-json\/wp\/v2\/pages"}],"about":[{"href":"https:\/\/lpctour.fr\/2025\/td\/clement\/wp-json\/wp\/v2\/types\/page"}],"author":[{"embeddable":true,"href":"https:\/\/lpctour.fr\/2025\/td\/clement\/wp-json\/wp\/v2\/users\/1"}],"replies":[{"embeddable":true,"href":"https:\/\/lpctour.fr\/2025\/td\/clement\/wp-json\/wp\/v2\/comments?post=9"}],"version-history":[{"count":2,"href":"https:\/\/lpctour.fr\/2025\/td\/clement\/wp-json\/wp\/v2\/pages\/9\/revisions"}],"predecessor-version":[{"id":11,"href":"https:\/\/lpctour.fr\/2025\/td\/clement\/wp-json\/wp\/v2\/pages\/9\/revisions\/11"}],"wp:featuredmedia":[{"embeddable":true,"href":"https:\/\/lpctour.fr\/2025\/td\/clement\/wp-json\/wp\/v2\/media\/109"}],"wp:attachment":[{"href":"https:\/\/lpctour.fr\/2025\/td\/clement\/wp-json\/wp\/v2\/media?parent=9"}],"curies":[{"name":"wp","href":"https:\/\/api.w.org\/{rel}","templated":true}]}}