{"id":207,"date":"2025-12-12T10:23:56","date_gmt":"2025-12-12T09:23:56","guid":{"rendered":"https:\/\/lpctour.buchon.fr\/2025\/td\/ewan\/?page_id=207"},"modified":"2026-01-09T11:03:22","modified_gmt":"2026-01-09T10:03:22","slug":"a-propos-de-nous","status":"publish","type":"page","link":"https:\/\/lpctour.fr\/2025\/td\/ewan\/a-propos-de-nous\/","title":{"rendered":"\u00c0 propos"},"content":{"rendered":"\r\n<div class=\"wp-block-media-text has-media-on-the-right is-stacked-on-mobile\">\r\n<div class=\"wp-block-media-text__content\">\r\n<p style=\"text-align: left;\"><span style=\"font-size: 24pt;\"><strong>Tout commence par un instant. Celui o\u00f9 l\u2019on choisit de cr\u00e9er.<\/strong><\/span><\/p>\r\n<span style=\"font-size: 24pt;\"> \r\n\r\n <\/span>\r\n<p class=\"is-layout-flow wp-block-quote-is-layout-flow\" style=\"text-align: left;\"><span style=\"font-size: 24pt;\"><em>Un instant o\u00f9 l\u2019id\u00e9e devient image.<\/em><\/span><\/p>\r\n<\/div>\r\n<figure class=\"wp-block-media-text__media\"><img loading=\"lazy\" decoding=\"async\" class=\"wp-image-496 \" src=\"https:\/\/lpctour.fr\/2025\/td\/ewan\/wp-content\/uploads\/2026\/01\/Photography-is-a-way-of-feeling-of-touching-of-loving__-e1767948137553.jpg\" alt=\"\" width=\"493\" height=\"468\" srcset=\"https:\/\/lpctour.fr\/2025\/td\/ewan\/wp-content\/uploads\/2026\/01\/Photography-is-a-way-of-feeling-of-touching-of-loving__-e1767948137553.jpg 696w, https:\/\/lpctour.fr\/2025\/td\/ewan\/wp-content\/uploads\/2026\/01\/Photography-is-a-way-of-feeling-of-touching-of-loving__-e1767948137553-300x284.jpg 300w\" sizes=\"auto, (max-width: 493px) 100vw, 493px\" \/><\/figure>\r\n<\/div>\r\n\r\n\r\n\r\n<p>&nbsp;<\/p>\r\n\r\n\r\n<hr class=\"wp-block-separator aligncenter has-alpha-channel-opacity is-style-wide\" \/>\r\n\r\n\r\n<div class=\"wp-block-media-text is-stacked-on-mobile\">\r\n<figure class=\"wp-block-media-text__media\"><img loading=\"lazy\" decoding=\"async\" width=\"719\" height=\"841\" class=\"wp-image-507 size-full\" src=\"https:\/\/lpctour.fr\/2025\/td\/ewan\/wp-content\/uploads\/2026\/01\/telechargement.jpg\" alt=\"\" srcset=\"https:\/\/lpctour.fr\/2025\/td\/ewan\/wp-content\/uploads\/2026\/01\/telechargement.jpg 719w, https:\/\/lpctour.fr\/2025\/td\/ewan\/wp-content\/uploads\/2026\/01\/telechargement-256x300.jpg 256w\" sizes=\"auto, (max-width: 719px) 100vw, 719px\" \/><\/figure>\r\n<div class=\"wp-block-media-text__content\">\r\n<p class=\"has-text-align-center\">\u00a0<\/p>\r\n\r\n\r\n\r\n<p><span style=\"font-size: 24pt;\"><mark class=\"has-inline-color\" style=\"background-color: rgba(0, 0, 0, 0); color: #ab8007;\"><strong>DimWan<\/strong><\/mark> est n\u00e9 d\u2019une passion pour l\u2019image et le d\u00e9sir de raconter des histoires visuelles fortes.<\/span><br \/><span style=\"font-size: 24pt;\">\u00c0 travers la photo et la vid\u00e9o, nous cherchons \u00e0 capter l\u2019essence d\u2019un lieu, d\u2019une ambiance, d\u2019une exp\u00e9rience.<\/span><br \/><span style=\"font-size: 24pt;\">Chaque projet est pens\u00e9 comme une cr\u00e9ation unique, guid\u00e9e par l\u2019\u00e9motion et le d\u00e9tail.<\/span><br \/><span style=\"font-size: 24pt;\">Nous accompagnons les acteurs du tourisme dans la mise en valeur de leur identit\u00e9 visuelle.<\/span><br \/><span style=\"font-size: 24pt;\">Parce qu\u2019une image r\u00e9ussie est celle qui marque les esprits.<\/span><\/p>\r\n<\/div>\r\n<\/div>\r\n\r\n\r\n<hr class=\"wp-block-separator has-alpha-channel-opacity is-style-wide\" \/>\r\n\r\n\r\n<div class=\"wp-block-columns is-layout-flex wp-container-core-columns-is-layout-28f84493 wp-block-columns-is-layout-flex\">\r\n<div class=\"wp-block-column is-layout-flow wp-block-column-is-layout-flow\">\r\n<p>&nbsp;<\/p>\r\n<h1 style=\"text-align: center;\">Nos Promesses<\/h1>\r\n<p>&nbsp;<\/p>\r\n<p>&nbsp;<\/p>\r\n<p><span style=\"font-size: 24pt;\">Chez<strong><mark class=\"has-inline-color\" style=\"background-color: rgba(0, 0, 0, 0); color: #ab8007;\"> DimWan<\/mark><\/strong>, chaque projet est abord\u00e9 avec <strong>exigence, cr\u00e9ativit\u00e9 et attention.<\/strong><\/span><br \/><span style=\"font-size: 24pt;\">Nous nous engageons \u00e0 proposer des contenus visuels de qualit\u00e9 professionnelle, <strong>fid\u00e8les \u00e0 l\u2019identit\u00e9 de chaque lieu.<\/strong><\/span><br \/><span style=\"font-size: 24pt;\">Notre promesse repose sur une approche <strong>sur mesure<\/strong>, <strong>une \u00e9coute attentive<\/strong> et <strong>un sens du d\u00e9tail<\/strong> constant.<\/span><br \/><span style=\"font-size: 24pt;\">Parce que chaque image que nous cr\u00e9ons doit avoir du sens et de l\u2019impact.<\/span><\/p>\r\n<p><\/p>\r\n<\/div>\r\n\r\n\r\n\r\n<div class=\"wp-block-column is-layout-flow wp-block-column-is-layout-flow\">\r\n<div class=\"wp-block-cover is-light\" style=\"min-height: 517px;aspect-ratio:unset;\"><video class=\"wp-block-cover__video-background intrinsic-ignore\" src=\"https:\/\/lpctour.fr\/2025\/td\/ewan\/wp-content\/uploads\/2026\/01\/From-KlickPin-CF-Aesthetic-vibes-Relaxing-videos-Aesthetic-edits-Visual-aesthetics-Minimalist-videos-Dreamy-visuals-Aesthetic-\u2026-_-Lezioni-di-fotografia-Guerriera-Pose-fotografiche-1.mp4\" autoplay=\"autoplay\" loop=\"loop\" muted=\"\" width=\"300\" height=\"150\" data-object-fit=\"cover\"><\/video>\r\n<div class=\"wp-block-cover__inner-container is-layout-constrained wp-block-cover-is-layout-constrained\">\r\n<p class=\"has-text-align-center has-large-font-size\">\u00a0<\/p>\r\n<\/div>\r\n<\/div>\r\n<\/div>\r\n<\/div>\r\n\r\n\r\n\r\n<p>&nbsp;<\/p>\r\n\r\n\r\n<hr class=\"wp-block-separator has-alpha-channel-opacity is-style-wide\" \/>\r\n\r\n\r\n<h1 style=\"text-align: center;\">Nos Valeurs<\/h1>\r\n\r\n\r\n\r\n<div class=\"wp-block-columns is-layout-flex wp-container-core-columns-is-layout-28f84493 wp-block-columns-is-layout-flex\">\r\n<div class=\"wp-block-column is-layout-flow wp-block-column-is-layout-flow\"><details class=\"wp-block-details\">\r\n<summary><span style=\"font-size: 24pt;\"><strong><mark class=\"has-inline-color is-layout-flow wp-block-details-is-layout-flow\" style=\"background-color: rgba(0, 0, 0, 0); color: #ab8007;\">Cr\u00e9ativit\u00e9<\/mark><\/strong><\/span><\/summary>\r\n\r\n<p><span style=\"font-size: 24pt;\">Chaque projet est une opportunit\u00e9 d\u2019imaginer des images uniques et marquantes. Nous cherchons constamment \u00e0 proposer des contenus visuels originaux, porteurs d\u2019\u00e9motion et de sens.<\/span><\/p>\r\n<\/details>\r\n\r\n<details class=\"wp-block-details\">\r\n<summary><span style=\"font-size: 24pt;\"><strong><mark class=\"has-inline-color is-layout-flow wp-block-details-is-layout-flow\" style=\"background-color: rgba(0, 0, 0, 0); color: #ab8007;\">Engagement<\/mark><\/strong><\/span><\/summary>\r\n\r\n<p><span style=\"font-size: 24pt;\">Nous nous investissons pleinement dans chaque collaboration. Comprendre les besoins, respecter l\u2019identit\u00e9 du projet et assurer un rendu de qualit\u00e9 sont au c\u0153ur de notre d\u00e9marche.<\/span><\/p>\r\n<\/details>\r\n\r\n<details class=\"wp-block-details\">\r\n<summary><span style=\"font-size: 24pt;\"><mark class=\"has-inline-color is-layout-flow wp-block-details-is-layout-flow\" style=\"background-color: rgba(0, 0, 0, 0); color: #ab8007;\"><strong>Exigence<\/strong><\/mark><\/span><\/summary>\r\n\r\n<p><span style=\"font-size: 24pt;\">Le souci du d\u00e9tail guide chacune de nos r\u00e9alisations. De la pr\u00e9paration \u00e0 la livraison finale, nous veillons \u00e0 produire des contenus soign\u00e9s et professionnels.<\/span><\/p>\r\n<\/details><\/div>\r\n<\/div>\r\n\r\n\r\n\r\n<p>&nbsp;<\/p>\r\n","protected":false},"excerpt":{"rendered":"<p>Tout commence par un instant. Celui o\u00f9 l\u2019on choisit de cr\u00e9er. Un instant o\u00f9 l\u2019id\u00e9e devient image. &nbsp; \u00a0 DimWan est n\u00e9 d\u2019une passion pour l\u2019image et le d\u00e9sir de raconter des histoires visuelles fortes.\u00c0 travers la photo et la vid\u00e9o, nous cherchons \u00e0 capter l\u2019essence d\u2019un lieu, d\u2019une ambiance, d\u2019une exp\u00e9rience.Chaque projet est pens\u00e9 comme une cr\u00e9ation unique, guid\u00e9e par l\u2019\u00e9motion et le d\u00e9tail.Nous accompagnons les acteurs du tourisme dans la mise en valeur de leur identit\u00e9 visuelle.Parce qu\u2019une image r\u00e9ussie est celle qui marque les esprits. &nbsp; Nos Promesses &nbsp; &nbsp; Chez DimWan, chaque projet est abord\u00e9 avec exigence, cr\u00e9ativit\u00e9 et attention.Nous nous engageons \u00e0 proposer des contenus visuels de qualit\u00e9 professionnelle, fid\u00e8les \u00e0 l\u2019identit\u00e9 de chaque lieu.Notre promesse repose sur une approche sur mesure, une \u00e9coute attentive et un sens du d\u00e9tail constant.Parce que chaque image que nous cr\u00e9ons doit avoir du sens et de l\u2019impact. &nbsp; Nos Valeurs &nbsp;<\/p>\n","protected":false},"author":1,"featured_media":0,"parent":0,"menu_order":0,"comment_status":"closed","ping_status":"closed","template":"","meta":{"footnotes":""},"class_list":["post-207","page","type-page","status-publish","hentry"],"_links":{"self":[{"href":"https:\/\/lpctour.fr\/2025\/td\/ewan\/wp-json\/wp\/v2\/pages\/207","targetHints":{"allow":["GET"]}}],"collection":[{"href":"https:\/\/lpctour.fr\/2025\/td\/ewan\/wp-json\/wp\/v2\/pages"}],"about":[{"href":"https:\/\/lpctour.fr\/2025\/td\/ewan\/wp-json\/wp\/v2\/types\/page"}],"author":[{"embeddable":true,"href":"https:\/\/lpctour.fr\/2025\/td\/ewan\/wp-json\/wp\/v2\/users\/1"}],"replies":[{"embeddable":true,"href":"https:\/\/lpctour.fr\/2025\/td\/ewan\/wp-json\/wp\/v2\/comments?post=207"}],"version-history":[{"count":61,"href":"https:\/\/lpctour.fr\/2025\/td\/ewan\/wp-json\/wp\/v2\/pages\/207\/revisions"}],"predecessor-version":[{"id":570,"href":"https:\/\/lpctour.fr\/2025\/td\/ewan\/wp-json\/wp\/v2\/pages\/207\/revisions\/570"}],"wp:attachment":[{"href":"https:\/\/lpctour.fr\/2025\/td\/ewan\/wp-json\/wp\/v2\/media?parent=207"}],"curies":[{"name":"wp","href":"https:\/\/api.w.org\/{rel}","templated":true}]}}