{"id":317,"date":"2026-01-02T17:52:36","date_gmt":"2026-01-02T16:52:36","guid":{"rendered":"https:\/\/lpctour.fr\/2025\/td\/ewan\/?page_id=317"},"modified":"2026-01-07T22:28:36","modified_gmt":"2026-01-07T21:28:36","slug":"photos","status":"publish","type":"page","link":"https:\/\/lpctour.fr\/2025\/td\/ewan\/photos\/","title":{"rendered":"Photos"},"content":{"rendered":"\r\n<p style=\"text-align: center;\"><span style=\"font-size: 14pt;\"><strong>DimWan<\/strong> propose des prestations <strong>photo professionnelles<\/strong> d\u00e9di\u00e9es aux acteurs du tourisme. Nos images sont pens\u00e9es pour valoriser chaque lieu, chaque exp\u00e9rience et attirer l\u2019attention des visiteurs. Nous capturons <strong>l\u2019authenticit\u00e9<\/strong> et <strong>l\u2019ambiance<\/strong> unique de chaque \u00e9tablissement, afin que vos clients puissent ressentir l\u2019exp\u00e9rience avant m\u00eame de vous visiter. Chaque photo est soigneusement travaill\u00e9e pour mettre en avant les d\u00e9tails qui font la diff\u00e9rence : <strong>luminosit\u00e9, composition, et atmosph\u00e8re.<\/strong> Que ce soit pour vos h\u00e9bergements, restaurants, sites touristiques ou \u00e9v\u00e9nements, nos images racontent une histoire et renforcent votre image de marque. Gr\u00e2ce \u00e0 une approche <strong>cr\u00e9ative et professionnelle<\/strong>, nous contribuons \u00e0 rendre votre communication visuelle plus impactante et m\u00e9morable. Avec <strong>DimWan<\/strong>, chaque photo devient un v\u00e9ritable outil pour s\u00e9duire, inspirer et fid\u00e9liser votre client\u00e8le.<\/span><\/p>\r\n\r\n\r\n\r\n<div class=\"wp-block-columns is-layout-flex wp-container-core-columns-is-layout-28f84493 wp-block-columns-is-layout-flex\">\r\n<div class=\"wp-block-column is-layout-flow wp-block-column-is-layout-flow\">\r\n<h2 class=\"wp-block-heading has-text-align-center\"><mark class=\"has-inline-color\" style=\"background-color: rgba(0, 0, 0, 0); color: #ab8007;\">Restaurant<\/mark><\/h2>\r\n\r\n\r\n\r\n<div class=\"alignnormal\"><div id=\"metaslider-id-421\" style=\"width: 100%;\" class=\"ml-slider-3-104-0 metaslider metaslider-flex metaslider-421 ml-slider has-dots-nav has-carousel-mode ms-theme-default\" role=\"region\" aria-label=\"Restaurant\" data-height=\"400\" data-width=\"300\">\n    <div id=\"metaslider_container_421\">\n        <div id=\"metaslider_421\">\n            <ul aria-live='off' class='slides'>\n                <li style=\"display: none; width: 100%;\" class=\"slide-422 ms-image \" aria-roledescription=\"slide\" data-date=\"2026-01-07 18:16:36\" data-filename=\"telecharge-3-300x400.jpeg\" data-slide-type=\"image\"><img loading=\"lazy\" decoding=\"async\" src=\"https:\/\/lpctour.fr\/2025\/td\/ewan\/wp-content\/uploads\/2026\/01\/telecharge-3-300x400.jpeg\" height=\"400\" width=\"300\" alt=\"\" class=\"slider-421 slide-422 msDefaultImage\" title=\"Photo Restaurant 1\" \/><\/li>\n                <li style=\"display: none; width: 100%;\" class=\"slide-423 ms-image \" aria-roledescription=\"slide\" data-date=\"2026-01-07 18:16:36\" data-filename=\"Restaurant-Soho-_-Sucre-Restaurant-Soho-300x400.jpeg\" data-slide-type=\"image\"><img loading=\"lazy\" decoding=\"async\" src=\"https:\/\/lpctour.fr\/2025\/td\/ewan\/wp-content\/uploads\/2026\/01\/Restaurant-Soho-_-Sucre-Restaurant-Soho-300x400.jpeg\" height=\"400\" width=\"300\" alt=\"\" class=\"slider-421 slide-423 msDefaultImage\" title=\"Photo Restaurant 2\" \/><\/li>\n                <li style=\"display: none; width: 100%;\" class=\"slide-424 ms-image \" aria-roledescription=\"slide\" data-date=\"2026-01-07 18:16:36\" data-filename=\"telecharge-4-1-300x400.jpeg\" data-slide-type=\"image\"><img loading=\"lazy\" decoding=\"async\" src=\"https:\/\/lpctour.fr\/2025\/td\/ewan\/wp-content\/uploads\/2026\/01\/telecharge-4-1-300x400.jpeg\" height=\"400\" width=\"300\" alt=\"\" class=\"slider-421 slide-424 msDefaultImage\" title=\"Photo restaurant 3\" \/><\/li>\n                <li style=\"display: none; width: 100%;\" class=\"slide-427 ms-image \" aria-roledescription=\"slide\" data-date=\"2026-01-07 18:22:36\" data-filename=\"telecharge-5-300x400.jpeg\" data-slide-type=\"image\"><img loading=\"lazy\" decoding=\"async\" src=\"https:\/\/lpctour.fr\/2025\/td\/ewan\/wp-content\/uploads\/2026\/01\/telecharge-5-300x400.jpeg\" height=\"400\" width=\"300\" alt=\"\" class=\"slider-421 slide-427 msDefaultImage\" title=\"Photo restaurant 4\" \/><\/li>\n            <\/ul>\n        <\/div>\n        \n    <\/div>\n<\/div><\/div>\r\n<\/div>\r\n\r\n\r\n\r\n<div class=\"wp-block-column is-layout-flow wp-block-column-is-layout-flow\">\r\n<h2 class=\"wp-block-heading has-text-align-center\"><mark class=\"has-inline-color\" style=\"background-color: rgba(0, 0, 0, 0); color: #ab8007;\">H\u00f4tel<\/mark><\/h2>\r\n\r\n\r\n\r\n<div class=\"alignnormal\"><div id=\"metaslider-id-428\" style=\"width: 100%;\" class=\"ml-slider-3-104-0 metaslider metaslider-flex metaslider-428 ml-slider has-dots-nav has-carousel-mode ms-theme-default-base\" role=\"region\" aria-label=\"H\u00f4tel\" data-height=\"400\" data-width=\"300\">\n    <div id=\"metaslider_container_428\">\n        <div id=\"metaslider_428\">\n            <ul aria-live='off' class='slides'>\n                <li style=\"display: none; width: 100%;\" class=\"slide-433 ms-image \" aria-roledescription=\"slide\" data-date=\"2026-01-07 18:31:31\" data-filename=\"telecharge-7-300x400.jpeg\" data-slide-type=\"image\"><img loading=\"lazy\" decoding=\"async\" src=\"https:\/\/lpctour.fr\/2025\/td\/ewan\/wp-content\/uploads\/2026\/01\/telecharge-7-300x400.jpeg\" height=\"400\" width=\"300\" alt=\"\" class=\"slider-428 slide-433 msDefaultImage\" title=\"Photo H\u00f4tel 1\" \/><\/li>\n                <li style=\"display: none; width: 100%;\" class=\"slide-434 ms-image \" aria-roledescription=\"slide\" data-date=\"2026-01-07 18:31:31\" data-filename=\"Anterre-at-Highcliffe-\u2014-Common-Era-300x400.jpeg\" data-slide-type=\"image\"><img loading=\"lazy\" decoding=\"async\" src=\"https:\/\/lpctour.fr\/2025\/td\/ewan\/wp-content\/uploads\/2026\/01\/Anterre-at-Highcliffe-\u2014-Common-Era-300x400.jpeg\" height=\"400\" width=\"300\" alt=\"\" class=\"slider-428 slide-434 msDefaultImage\" title=\"Photo H\u00f4tel 2\" \/><\/li>\n                <li style=\"display: none; width: 100%;\" class=\"slide-435 ms-image \" aria-roledescription=\"slide\" data-date=\"2026-01-07 18:31:31\" data-filename=\"How-Business-Intelligence-Can-Transform-the-Hotel-Industry-300x400.jpeg\" data-slide-type=\"image\"><img loading=\"lazy\" decoding=\"async\" src=\"https:\/\/lpctour.fr\/2025\/td\/ewan\/wp-content\/uploads\/2026\/01\/How-Business-Intelligence-Can-Transform-the-Hotel-Industry-300x400.jpeg\" height=\"400\" width=\"300\" alt=\"\" class=\"slider-428 slide-435 msDefaultImage\" title=\"Photo H\u00f4tel 3\" \/><\/li>\n                <li style=\"display: none; width: 100%;\" class=\"slide-436 ms-image \" aria-roledescription=\"slide\" data-date=\"2026-01-07 18:31:31\" data-filename=\"telecharge-6-300x400.jpeg\" data-slide-type=\"image\"><img loading=\"lazy\" decoding=\"async\" src=\"https:\/\/lpctour.fr\/2025\/td\/ewan\/wp-content\/uploads\/2026\/01\/telecharge-6-300x400.jpeg\" height=\"400\" width=\"300\" alt=\"\" class=\"slider-428 slide-436 msDefaultImage\" title=\"Photo H\u00f4tel 4\" \/><\/li>\n            <\/ul>\n        <\/div>\n        \n    <\/div>\n<\/div><\/div>\r\n<\/div>\r\n\r\n\r\n\r\n<div class=\"wp-block-column is-layout-flow wp-block-column-is-layout-flow\">\r\n<h2 class=\"wp-block-heading has-text-align-center\"><mark class=\"has-inline-color\" style=\"background-color: rgba(0, 0, 0, 0); color: #ab8007;\">Lieux touristiques<\/mark><\/h2>\r\n\r\n\r\n\r\n<div class=\"alignnormal\"><div id=\"metaslider-id-439\" style=\"width: 100%;\" class=\"ml-slider-3-104-0 metaslider metaslider-flex metaslider-439 ml-slider has-dots-nav has-carousel-mode ms-theme-default-base\" role=\"region\" aria-label=\"Nouveau diaporama\" data-height=\"400\" data-width=\"300\">\n    <div id=\"metaslider_container_439\">\n        <div id=\"metaslider_439\">\n            <ul aria-live='off' class='slides'>\n                <li style=\"display: none; width: 100%;\" class=\"slide-444 ms-image \" aria-roledescription=\"slide\" data-date=\"2026-01-07 18:42:11\" data-filename=\"Lieu-touristique-1-300x400.jpeg\" data-slide-type=\"image\"><img loading=\"lazy\" decoding=\"async\" src=\"https:\/\/lpctour.fr\/2025\/td\/ewan\/wp-content\/uploads\/2026\/01\/Lieu-touristique-1-300x400.jpeg\" height=\"400\" width=\"300\" alt=\"\" class=\"slider-439 slide-444 msDefaultImage\" title=\"Lieu touristique 1\" \/><\/li>\n                <li style=\"display: none; width: 100%;\" class=\"slide-445 ms-image \" aria-roledescription=\"slide\" data-date=\"2026-01-07 18:42:11\" data-filename=\"Lieu-touristique-2-300x400.jpeg\" data-slide-type=\"image\"><img loading=\"lazy\" decoding=\"async\" src=\"https:\/\/lpctour.fr\/2025\/td\/ewan\/wp-content\/uploads\/2026\/01\/Lieu-touristique-2-300x400.jpeg\" height=\"400\" width=\"300\" alt=\"\" class=\"slider-439 slide-445 msDefaultImage\" title=\"Lieu touristique 2\" \/><\/li>\n                <li style=\"display: none; width: 100%;\" class=\"slide-446 ms-image \" aria-roledescription=\"slide\" data-date=\"2026-01-07 18:42:11\" data-filename=\"Lieu-touristique-3-300x400.jpeg\" data-slide-type=\"image\"><img loading=\"lazy\" decoding=\"async\" src=\"https:\/\/lpctour.fr\/2025\/td\/ewan\/wp-content\/uploads\/2026\/01\/Lieu-touristique-3-300x400.jpeg\" height=\"400\" width=\"300\" alt=\"\" class=\"slider-439 slide-446 msDefaultImage\" title=\"Lieu touristique 3\" \/><\/li>\n                <li style=\"display: none; width: 100%;\" class=\"slide-447 ms-image \" aria-roledescription=\"slide\" data-date=\"2026-01-07 18:42:12\" data-filename=\"Lieu-touristique-4-300x400.jpeg\" data-slide-type=\"image\"><img loading=\"lazy\" decoding=\"async\" src=\"https:\/\/lpctour.fr\/2025\/td\/ewan\/wp-content\/uploads\/2026\/01\/Lieu-touristique-4-300x400.jpeg\" height=\"400\" width=\"300\" alt=\"\" class=\"slider-439 slide-447 msDefaultImage\" title=\"Lieu touristique 4\" \/><\/li>\n            <\/ul>\n        <\/div>\n        \n    <\/div>\n<\/div><\/div>\r\n<\/div>\r\n<\/div>\r\n\r\n\r\n\r\n<h2 class=\"wp-block-heading has-text-align-center\"><mark class=\"has-inline-color\" style=\"background-color: rgba(0, 0, 0, 0); color: #ab8007;\"><em>Pourquoi nous choisir ?<\/em><\/mark><\/h2>\r\n\r\n\r\n<details class=\"wp-block-details is-layout-flow wp-block-details-is-layout-flow\">\r\n<summary><span style=\"font-size: 14pt;\"><mark class=\"has-inline-color\" style=\"background-color: rgba(0, 0, 0, 0); color: #ab8007;\"><strong>Expertise en photographie touristique<\/strong><\/mark><\/span><\/summary>\r\n<p><span style=\"font-size: 14pt;\">Nous comprenons les attentes du secteur du tourisme et savons capturer l\u2019ambiance, les espaces et les d\u00e9tails qui donnent envie de d\u00e9couvrir un lieu ou un \u00e9tablissement.<\/span><\/p>\r\n<\/details>\r\n<p>&nbsp;<\/p>\r\n<p>&nbsp;<\/p>\r\n\r\n\r\n<details class=\"wp-block-details is-layout-flow wp-block-details-is-layout-flow\">\r\n<summary><span style=\"font-size: 14pt;\"><strong><mark class=\"has-inline-color\" style=\"background-color: rgba(0, 0, 0, 0); color: #ab8007;\">Images pens\u00e9es pour attirer et convaincre<\/mark><\/strong><\/span><\/summary>\r\n<p><span style=\"font-size: 14pt;\">Chaque photo est r\u00e9alis\u00e9e pour capter l\u2019attention et transmettre une \u00e9motion, tout en mettant en valeur votre \u00e9tablissement sur vos supports de communication.<\/span><\/p>\r\n<\/details>\r\n<p>&nbsp;<\/p>\r\n<p>&nbsp;<\/p>\r\n\r\n\r\n<details class=\"wp-block-details is-layout-flow wp-block-details-is-layout-flow\">\r\n<summary><span style=\"font-size: 14pt;\"><mark class=\"has-inline-color\" style=\"background-color: rgba(0, 0, 0, 0); color: #ab8007;\"><strong>Qualit\u00e9 professionnelle et rendu soign\u00e9<\/strong><\/mark><\/span><\/summary>\r\n<p><span style=\"font-size: 14pt;\">De la prise de vue au traitement final, chaque image b\u00e9n\u00e9ficie d\u2019un travail pr\u00e9cis sur la lumi\u00e8re, les couleurs et la composition pour un rendu esth\u00e9tique et coh\u00e9rent.<\/span><\/p>\r\n<\/details>\r\n<p>&nbsp;<\/p>\r\n<p>&nbsp;<\/p>\r\n\r\n\r\n<details class=\"wp-block-details\">\r\n<summary><span style=\"font-size: 14pt;\"><mark class=\"has-inline-color is-layout-flow wp-block-details-is-layout-flow\" style=\"background-color: rgba(0, 0, 0, 0); color: #ab8007;\"><strong>Photos adapt\u00e9es \u00e0 tous vos supports<\/strong><\/mark><\/span><\/summary>\r\n\r\n<p><span style=\"font-size: 14pt;\">Nos visuels sont optimis\u00e9s pour une utilisation sur sites web, r\u00e9seaux sociaux, brochures et plateformes de r\u00e9servation, afin d\u2019assurer une image impactante et professionnelle.<\/span><\/p>\r\n<\/details>\r\n\r\n\r\n<p>&nbsp;<\/p>\r\n\r\n\r\n\r\n<div class=\"wp-block-buttons is-content-justification-center is-layout-flex wp-container-core-buttons-is-layout-a89b3969 wp-block-buttons-is-layout-flex\">\r\n<div class=\"wp-block-button\"><a class=\"wp-block-button__link has-text-align-center wp-element-button\" href=\"https:\/\/lpctour.fr\/2025\/td\/ewan\/contact\/\">Contactez-nous<\/a><\/div>\r\n<\/div>\r\n\r\n\r\n\r\n<p>&nbsp;<\/p>\r\n","protected":false},"excerpt":{"rendered":"<p>DimWan propose des prestations photo professionnelles d\u00e9di\u00e9es aux acteurs du tourisme. Nos images sont pens\u00e9es pour valoriser chaque lieu, chaque exp\u00e9rience et attirer l\u2019attention des visiteurs. Nous capturons l\u2019authenticit\u00e9 et l\u2019ambiance unique de chaque \u00e9tablissement, afin que vos clients puissent ressentir l\u2019exp\u00e9rience avant m\u00eame de vous visiter. Chaque photo est soigneusement travaill\u00e9e pour mettre en avant les d\u00e9tails qui font la diff\u00e9rence : luminosit\u00e9, composition, et atmosph\u00e8re. Que ce soit pour vos h\u00e9bergements, restaurants, sites touristiques ou \u00e9v\u00e9nements, nos images racontent une histoire et renforcent votre image de marque. Gr\u00e2ce \u00e0 une approche cr\u00e9ative et professionnelle, nous contribuons \u00e0 rendre votre communication visuelle plus impactante et m\u00e9morable. Avec DimWan, chaque photo devient un v\u00e9ritable outil pour s\u00e9duire, inspirer et fid\u00e9liser votre client\u00e8le. Restaurant H\u00f4tel Lieux touristiques Pourquoi nous choisir ? &nbsp; &nbsp;<\/p>\n","protected":false},"author":1,"featured_media":0,"parent":0,"menu_order":0,"comment_status":"closed","ping_status":"closed","template":"","meta":{"footnotes":""},"class_list":["post-317","page","type-page","status-publish","hentry"],"_links":{"self":[{"href":"https:\/\/lpctour.fr\/2025\/td\/ewan\/wp-json\/wp\/v2\/pages\/317","targetHints":{"allow":["GET"]}}],"collection":[{"href":"https:\/\/lpctour.fr\/2025\/td\/ewan\/wp-json\/wp\/v2\/pages"}],"about":[{"href":"https:\/\/lpctour.fr\/2025\/td\/ewan\/wp-json\/wp\/v2\/types\/page"}],"author":[{"embeddable":true,"href":"https:\/\/lpctour.fr\/2025\/td\/ewan\/wp-json\/wp\/v2\/users\/1"}],"replies":[{"embeddable":true,"href":"https:\/\/lpctour.fr\/2025\/td\/ewan\/wp-json\/wp\/v2\/comments?post=317"}],"version-history":[{"count":19,"href":"https:\/\/lpctour.fr\/2025\/td\/ewan\/wp-json\/wp\/v2\/pages\/317\/revisions"}],"predecessor-version":[{"id":465,"href":"https:\/\/lpctour.fr\/2025\/td\/ewan\/wp-json\/wp\/v2\/pages\/317\/revisions\/465"}],"wp:attachment":[{"href":"https:\/\/lpctour.fr\/2025\/td\/ewan\/wp-json\/wp\/v2\/media?parent=317"}],"curies":[{"name":"wp","href":"https:\/\/api.w.org\/{rel}","templated":true}]}}