{"id":319,"date":"2026-01-02T17:52:51","date_gmt":"2026-01-02T16:52:51","guid":{"rendered":"https:\/\/lpctour.fr\/2025\/td\/ewan\/?page_id=319"},"modified":"2026-01-07T23:05:32","modified_gmt":"2026-01-07T22:05:32","slug":"videos","status":"publish","type":"page","link":"https:\/\/lpctour.fr\/2025\/td\/ewan\/videos\/","title":{"rendered":"Vid\u00e9os"},"content":{"rendered":"\n<p style=\"text-align: center;\"><span style=\"font-size: 14pt;\"><strong>DimWan<\/strong> propose des prestations vid\u00e9o professionnelles d\u00e9di\u00e9es aux acteurs du tourisme. Nos vid\u00e9os sont con\u00e7ues pour<strong> immerger le spectateur<\/strong>, <strong>transmettre une \u00e9motion et mettre en valeur <\/strong>chaque lieu, chaque \u00e9tablissement et chaque exp\u00e9rience. Gr\u00e2ce \u00e0 un travail soign\u00e9 sur<strong> le cadrage, le mouvement et le montage<\/strong>, nous cr\u00e9ons des contenus dynamiques qui captent l\u2019attention et racontent une histoire. Chaque projet est pens\u00e9 pour refl\u00e9ter<strong> votre identit\u00e9 et renforcer votre image de marque.<\/strong> Nos vid\u00e9os sont adapt\u00e9es aux diff\u00e9rents supports de communication, du site internet aux r\u00e9seaux sociaux, afin d\u2019optimiser votre visibilit\u00e9 et votre impact.<\/span><\/p>\r\n<p>\n\n\n\n<\/p>\r\n<hr class=\"wp-block-separator has-alpha-channel-opacity\" \/>\r\n<p>\n\n\n\n<\/p>\r\n<div class=\"wp-block-columns is-layout-flex wp-container-core-columns-is-layout-28f84493 wp-block-columns-is-layout-flex\">\n\n<div class=\"wp-block-column is-layout-flow wp-block-column-is-layout-flow\" style=\"flex-basis: 66.66%;\">\n\n<div class=\"wp-block-cover is-light\" style=\"min-height: 283px;aspect-ratio:unset;\"><video class=\"wp-block-cover__video-background intrinsic-ignore\" src=\"https:\/\/lpctour.fr\/2025\/td\/ewan\/wp-content\/uploads\/2026\/01\/01072.mp4\" autoplay=\"autoplay\" loop=\"loop\" muted=\"\" width=\"300\" height=\"150\" data-object-fit=\"cover\"><\/video>\r\n<div class=\"wp-block-cover__inner-container is-layout-constrained wp-block-cover-is-layout-constrained\">\n\n<p class=\"has-text-align-center has-large-font-size\"><span style=\"color: #ffffff;\"><strong>Vibrez<\/strong><\/span><\/p>\n\n<\/div>\r\n<\/div>\n\n\r\n\r\n\n<div class=\"wp-block-cover is-light\" style=\"min-height: 265px;aspect-ratio:unset;\"><video class=\"wp-block-cover__video-background intrinsic-ignore\" src=\"https:\/\/lpctour.fr\/2025\/td\/ewan\/wp-content\/uploads\/2026\/01\/01073.mp4\" autoplay=\"autoplay\" loop=\"loop\" muted=\"\" width=\"300\" height=\"150\" data-object-fit=\"cover\"><\/video>\r\n<div class=\"wp-block-cover__inner-container is-layout-constrained wp-block-cover-is-layout-constrained\">\n\n<p class=\"has-text-align-center has-large-font-size\"><span style=\"color: #ffffff;\"><strong>Partagez<\/strong><\/span><\/p>\n\n<\/div>\r\n<\/div>\n\n<\/div>\n\n\r\n\r\n\n<div class=\"wp-block-column is-layout-flow wp-block-column-is-layout-flow\" style=\"flex-basis: 33.33%;\">\n\n<div class=\"wp-block-cover is-light\" style=\"min-height: 574px;aspect-ratio:unset;\"><video class=\"wp-block-cover__video-background intrinsic-ignore\" src=\"https:\/\/lpctour.fr\/2025\/td\/ewan\/wp-content\/uploads\/2026\/01\/From-KlickPin-CF-Pin-on-\ud835\udddc\ud835\uddfb\ud835\ude00\ud835\ude01\ud835\uddee\ud835\uddf4\ud835\uddff\ud835\uddee\ud835\uddfa-\ud835\ude01\ud835\uddff\ud835\uddf2\ud835\uddfb\ud835\uddf1\ud835\uddf6\ud835\uddfb\ud835\uddf4-\ud835\uddf0\ud835\uddfc\ud835\uddfb\ud835\ude01\ud835\uddf2\ud835\uddfb\ud835\ude01.mp4\" autoplay=\"autoplay\" loop=\"loop\" muted=\"\" width=\"300\" height=\"150\" data-object-fit=\"cover\"><\/video>\r\n<div class=\"wp-block-cover__inner-container is-layout-constrained wp-block-cover-is-layout-constrained\">\n\n<p class=\"has-text-align-center has-large-font-size\"><span style=\"color: #ffffff;\"><strong>Ressentez<\/strong><\/span><\/p>\n\n<\/div>\r\n<\/div>\n\n<\/div>\n\n<\/div>\r\n<p>\n\n\n\n<\/p>\r\n<div class=\"wp-block-cover is-light\" style=\"min-height: 280px;aspect-ratio:unset;\"><video class=\"wp-block-cover__video-background intrinsic-ignore\" src=\"https:\/\/lpctour.fr\/2025\/td\/ewan\/wp-content\/uploads\/2026\/01\/01074.mp4\" autoplay=\"autoplay\" loop=\"loop\" muted=\"\" width=\"300\" height=\"150\" data-object-fit=\"cover\"><\/video>\r\n<div class=\"wp-block-cover__inner-container is-layout-constrained wp-block-cover-is-layout-constrained\">\n\n<p class=\"has-text-align-center has-large-font-size\">\u00a0<\/p>\n\n<\/div>\r\n<\/div>\r\n<p>\n\n\n\n<\/p>\r\n<h2 class=\"wp-block-heading has-text-align-center\"><em><mark class=\"has-inline-color\" style=\"background-color: rgba(0, 0, 0, 0); color: #ab8007;\">Pourquoi nous choisir ?<\/mark><\/em><\/h2>\r\n<p>\n\n\n\n<\/p>\r\n<details class=\"wp-block-details is-layout-flow wp-block-details-is-layout-flow\">\r\n<summary><span style=\"font-size: 14pt;\"><strong><mark class=\"has-inline-color\" style=\"background-color: rgba(0, 0, 0, 0); color: #ab8007;\">Expertise en vid\u00e9o touristique<\/mark><\/strong><\/span><\/summary>\r\n<p><span style=\"font-size: 14pt;\">Nous r\u00e9alisons des vid\u00e9os pens\u00e9es pour le secteur du tourisme, en mettant en valeur les lieux, les ambiances et les exp\u00e9riences qui donnent envie de d\u00e9couvrir et de voyager.<\/span><\/p>\r\n<\/details>\r\n<p>&nbsp;<\/p>\r\n<p>&nbsp;<\/p>\r\n<p>\n\n\n\n<\/p>\r\n<details class=\"wp-block-details is-layout-flow wp-block-details-is-layout-flow\">\r\n<summary><span style=\"font-size: 14pt;\"><strong><mark class=\"has-inline-color\" style=\"background-color: rgba(0, 0, 0, 0); color: #ab8007;\">Storytelling et \u00e9motion<\/mark><\/strong><\/span><\/summary>\r\n<p><span style=\"font-size: 14pt;\">Chaque vid\u00e9o est construite autour d\u2019une narration visuelle qui transmet une \u00e9motion et plonge le spectateur au c\u0153ur de l\u2019exp\u00e9rience, bien au-del\u00e0 d\u2019une simple pr\u00e9sentation.<\/span><\/p>\r\n<\/details>\r\n<p>&nbsp;<\/p>\r\n<p>&nbsp;<\/p>\r\n<p>\n\n\n\n<\/p>\r\n<details class=\"wp-block-details is-layout-flow wp-block-details-is-layout-flow\">\r\n<summary><span style=\"font-size: 14pt;\"><strong><mark class=\"has-inline-color\" style=\"background-color: rgba(0, 0, 0, 0); color: #ab8007;\">R\u00e9alisation et montage professionnels<\/mark><\/strong><\/span><\/summary>\r\n<p><span style=\"font-size: 14pt;\">De la captation au montage final, nous travaillons le rythme, les plans, la musique et les couleurs pour offrir des vid\u00e9os fluides, immersives et impactantes.<\/span><\/p>\r\n<\/details>\r\n<p>&nbsp;<\/p>\r\n<p>&nbsp;<\/p>\r\n<p>\n\n\n\n<\/p>\r\n<details class=\"wp-block-details is-layout-flow wp-block-details-is-layout-flow\">\r\n<summary><span style=\"font-size: 14pt;\"><mark class=\"has-inline-color\" style=\"background-color: rgba(0, 0, 0, 0); color: #ab8007;\"><strong>Formats adapt\u00e9s \u00e0 tous les supports<\/strong><\/mark><\/span><\/summary>\r\n<p><span style=\"font-size: 14pt;\">Nos vid\u00e9os sont d\u00e9clin\u00e9es pour le web, les r\u00e9seaux sociaux et les plateformes de diffusion afin d\u2019assurer une communication coh\u00e9rente et efficace.<\/span><\/p>\r\n<\/details>\r\n<p>&nbsp;<\/p>\r\n<p>\n\n\n\n<div class=\"wp-block-buttons is-content-justification-center is-layout-flex wp-container-core-buttons-is-layout-a89b3969 wp-block-buttons-is-layout-flex\">\n<div class=\"wp-block-button\"><a class=\"wp-block-button__link wp-element-button\" href=\"https:\/\/lpctour.fr\/2025\/td\/ewan\/contact\/\">Contactez-nous<\/a><\/div>\n<\/div>\n","protected":false},"excerpt":{"rendered":"<p>DimWan propose des prestations vid\u00e9o professionnelles d\u00e9di\u00e9es aux acteurs du tourisme. Nos vid\u00e9os sont con\u00e7ues pour immerger le spectateur, transmettre une \u00e9motion et mettre en valeur chaque lieu, chaque \u00e9tablissement et chaque exp\u00e9rience. Gr\u00e2ce \u00e0 un travail soign\u00e9 sur le cadrage, le mouvement et le montage, nous cr\u00e9ons des contenus dynamiques qui captent l\u2019attention et racontent une histoire. Chaque projet est pens\u00e9 pour refl\u00e9ter votre identit\u00e9 et renforcer votre image de marque. Nos vid\u00e9os sont adapt\u00e9es aux diff\u00e9rents supports de communication, du site internet aux r\u00e9seaux sociaux, afin d\u2019optimiser votre visibilit\u00e9 et votre impact. Pourquoi nous choisir ?<\/p>\n","protected":false},"author":1,"featured_media":0,"parent":0,"menu_order":0,"comment_status":"closed","ping_status":"closed","template":"","meta":{"footnotes":""},"class_list":["post-319","page","type-page","status-publish","hentry"],"_links":{"self":[{"href":"https:\/\/lpctour.fr\/2025\/td\/ewan\/wp-json\/wp\/v2\/pages\/319","targetHints":{"allow":["GET"]}}],"collection":[{"href":"https:\/\/lpctour.fr\/2025\/td\/ewan\/wp-json\/wp\/v2\/pages"}],"about":[{"href":"https:\/\/lpctour.fr\/2025\/td\/ewan\/wp-json\/wp\/v2\/types\/page"}],"author":[{"embeddable":true,"href":"https:\/\/lpctour.fr\/2025\/td\/ewan\/wp-json\/wp\/v2\/users\/1"}],"replies":[{"embeddable":true,"href":"https:\/\/lpctour.fr\/2025\/td\/ewan\/wp-json\/wp\/v2\/comments?post=319"}],"version-history":[{"count":16,"href":"https:\/\/lpctour.fr\/2025\/td\/ewan\/wp-json\/wp\/v2\/pages\/319\/revisions"}],"predecessor-version":[{"id":483,"href":"https:\/\/lpctour.fr\/2025\/td\/ewan\/wp-json\/wp\/v2\/pages\/319\/revisions\/483"}],"wp:attachment":[{"href":"https:\/\/lpctour.fr\/2025\/td\/ewan\/wp-json\/wp\/v2\/media?parent=319"}],"curies":[{"name":"wp","href":"https:\/\/api.w.org\/{rel}","templated":true}]}}