{"id":81,"date":"2025-11-28T11:21:51","date_gmt":"2025-11-28T10:21:51","guid":{"rendered":"https:\/\/lpctour.buchon.fr\/2025\/td\/ewan\/silverstorm\/"},"modified":"2026-01-07T17:04:57","modified_gmt":"2026-01-07T16:04:57","slug":"silverstorm","status":"publish","type":"page","link":"https:\/\/lpctour.fr\/2025\/td\/ewan\/","title":{"rendered":""},"content":{"rendered":"\r\n<p><span style=\"font-size: 18pt;\"><strong>DimWan Production<\/strong> est un studio cr\u00e9atif sp\u00e9cialis\u00e9 dans la <strong>photo et la vid\u00e9o promotionnelle haut de gamme<\/strong> d\u00e9di\u00e9es au secteur du tourisme.<\/span><br \/><span style=\"font-size: 18pt;\">Nous accompagnons restaurants, h\u00f4tels, lieux touristiques et acteurs du voyage dans la cr\u00e9ation de contenus visuels forts, capables de capter l\u2019attention et de susciter l\u2019\u00e9motion.<\/span><\/p>\r\n\r\n\r\n\r\n<div class=\"wp-block-buttons is-content-justification-center is-layout-flex wp-container-core-buttons-is-layout-749adb30 wp-block-buttons-is-layout-flex\">\r\n<div class=\"wp-block-button is-style-fill\"><a class=\"wp-block-button__link has-text-align-center wp-element-button\" href=\"https:\/\/lpctour.fr\/2025\/td\/ewan\/a-propos-de-nous\/\">Lire la suite<\/a><\/div>\r\n<\/div>\r\n\r\n\r\n\r\n<p>&nbsp;<\/p>\r\n\r\n\r\n\r\n<p>&nbsp;<\/p>\r\n\r\n\r\n\r\n<div class=\"wp-block-cover is-light\"><video class=\"wp-block-cover__video-background intrinsic-ignore\" src=\"https:\/\/lpctour.fr\/2025\/td\/ewan\/wp-content\/uploads\/2026\/01\/01071-2.mp4\" autoplay=\"autoplay\" loop=\"loop\" muted=\"\" width=\"454\" height=\"454\" data-object-fit=\"cover\"><\/video>\r\n<div class=\"wp-block-cover__inner-container is-layout-constrained wp-block-cover-is-layout-constrained\">\r\n<p class=\"has-text-align-center has-large-font-size\"><span style=\"font-size: 18pt;\"><em><span style=\"font-family: 'trebuchet ms', geneva, sans-serif;\"><strong><span style=\"color: #ffffff;\">Chaque image raconte une<\/span> <span style=\"color: #ab8007;\">histoire<\/span><\/strong><\/span><\/em><\/span><\/p>\r\n<\/div>\r\n<\/div>\r\n\r\n\r\n\r\n<h1 class=\"wp-block-heading has-text-align-center\"><span style=\"font-family: 'courier new', courier, monospace; color: #333399;\"><strong><em><kbd><mark class=\"has-inline-color\" style=\"background-color: rgba(0, 0, 0, 0); color: #ab8007;\">Nos Prestations<\/mark><\/kbd><\/em><\/strong><\/span><\/h1>\r\n\r\n\r\n\r\n<p>&nbsp;<\/p>\r\n\r\n\r\n\r\n<div class=\"wp-block-columns is-layout-flex wp-container-core-columns-is-layout-28f84493 wp-block-columns-is-layout-flex\">\r\n<div class=\"wp-block-column is-layout-flow wp-block-column-is-layout-flow\">\r\n<figure class=\"wp-block-image size-large\"><a href=\"https:\/\/lpctour.fr\/2025\/td\/ewan\/photos\/\"><img loading=\"lazy\" decoding=\"async\" width=\"2560\" height=\"1921\" class=\"wp-image-332\" src=\"https:\/\/lpctour.fr\/2025\/td\/ewan\/wp-content\/uploads\/2026\/01\/IMG_0706-3-edited-scaled.jpg\" alt=\"\" srcset=\"https:\/\/lpctour.fr\/2025\/td\/ewan\/wp-content\/uploads\/2026\/01\/IMG_0706-3-edited-scaled.jpg 2560w, https:\/\/lpctour.fr\/2025\/td\/ewan\/wp-content\/uploads\/2026\/01\/IMG_0706-3-edited-300x225.jpg 300w, https:\/\/lpctour.fr\/2025\/td\/ewan\/wp-content\/uploads\/2026\/01\/IMG_0706-3-edited-1024x768.jpg 1024w, https:\/\/lpctour.fr\/2025\/td\/ewan\/wp-content\/uploads\/2026\/01\/IMG_0706-3-edited-768x576.jpg 768w, https:\/\/lpctour.fr\/2025\/td\/ewan\/wp-content\/uploads\/2026\/01\/IMG_0706-3-edited-1536x1152.jpg 1536w, https:\/\/lpctour.fr\/2025\/td\/ewan\/wp-content\/uploads\/2026\/01\/IMG_0706-3-edited-2048x1537.jpg 2048w\" sizes=\"auto, (max-width: 2560px) 100vw, 2560px\" \/><\/a><\/figure>\r\n\r\n\r\n\r\n<p class=\"has-text-align-center\"><strong><a href=\"https:\/\/lpctour.fr\/2025\/td\/ewan\/photos\/\" data-type=\"page\" data-id=\"317\">Photos<\/a><\/strong><\/p>\r\n<\/div>\r\n\r\n\r\n\r\n<div class=\"wp-block-column is-layout-flow wp-block-column-is-layout-flow\">\r\n<figure class=\"wp-block-image size-large\"><a href=\"https:\/\/lpctour.fr\/2025\/td\/ewan\/videos\/\"><img loading=\"lazy\" decoding=\"async\" width=\"1200\" height=\"900\" class=\"wp-image-330\" src=\"https:\/\/lpctour.fr\/2025\/td\/ewan\/wp-content\/uploads\/2026\/01\/pexels-photo-18015232-edited.jpeg\" alt=\"\" srcset=\"https:\/\/lpctour.fr\/2025\/td\/ewan\/wp-content\/uploads\/2026\/01\/pexels-photo-18015232-edited.jpeg 1200w, https:\/\/lpctour.fr\/2025\/td\/ewan\/wp-content\/uploads\/2026\/01\/pexels-photo-18015232-edited-300x225.jpeg 300w, https:\/\/lpctour.fr\/2025\/td\/ewan\/wp-content\/uploads\/2026\/01\/pexels-photo-18015232-edited-1024x768.jpeg 1024w, https:\/\/lpctour.fr\/2025\/td\/ewan\/wp-content\/uploads\/2026\/01\/pexels-photo-18015232-edited-768x576.jpeg 768w\" sizes=\"auto, (max-width: 1200px) 100vw, 1200px\" \/><\/a><\/figure>\r\n\r\n\r\n\r\n<p class=\"has-text-align-center\"><strong><a href=\"https:\/\/lpctour.fr\/2025\/td\/ewan\/videos\/\" data-type=\"page\" data-id=\"319\">Vid\u00e9os<\/a><\/strong><\/p>\r\n<\/div>\r\n<\/div>\r\n\r\n\r\n\r\n<p style=\"text-align: center;\"><span style=\"font-family: 'comic sans ms', sans-serif; font-size: 18pt;\">Les prestations photo et vid\u00e9o de <a href=\"https:\/\/lpctour.fr\/2025\/td\/ewan\/a-propos-de-nous\/\" data-type=\"page\" data-id=\"207\">DimWan<\/a> sont con\u00e7ues comme de v\u00e9ritables outils de communication \u00e0 part enti\u00e8re.<\/span><br \/><span style=\"font-family: 'comic sans ms', sans-serif; font-size: 18pt;\">Elles permettent aux professionnels du tourisme de mettre en avant leurs services, de renforcer leur image de marque et de se d\u00e9marquer dans un environnement num\u00e9rique toujours plus visuel.\u2028En s\u2019adaptant aux besoins de chaque projet, ces contenus visuels ont pour vocation de cr\u00e9er de l\u2019impact, d\u2019attirer l\u2019attention et de susciter l\u2019envie chez le futur visiteur.\u00a0<\/span><\/p>\r\n\r\n\r\n\r\n<p>&nbsp;<\/p>\r\n\r\n\r\n<hr class=\"wp-block-separator has-alpha-channel-opacity is-style-wide\" \/>","protected":false},"excerpt":{"rendered":"<p>DimWan Production est un studio cr\u00e9atif sp\u00e9cialis\u00e9 dans la photo et la vid\u00e9o promotionnelle haut de gamme d\u00e9di\u00e9es au secteur du tourisme.Nous accompagnons restaurants, h\u00f4tels, lieux touristiques et acteurs du voyage dans la cr\u00e9ation de contenus visuels forts, capables de capter l\u2019attention et de susciter l\u2019\u00e9motion. &nbsp; &nbsp; Nos Prestations &nbsp; Photos Vid\u00e9os Les prestations photo et vid\u00e9o de DimWan sont con\u00e7ues comme de v\u00e9ritables outils de communication \u00e0 part enti\u00e8re.Elles permettent aux professionnels du tourisme de mettre en avant leurs services, de renforcer leur image de marque et de se d\u00e9marquer dans un environnement num\u00e9rique toujours plus visuel.\u2028En s\u2019adaptant aux besoins de chaque projet, ces contenus visuels ont pour vocation de cr\u00e9er de l\u2019impact, d\u2019attirer l\u2019attention et de susciter l\u2019envie chez le futur visiteur.\u00a0 &nbsp;<\/p>\n","protected":false},"author":1,"featured_media":0,"parent":0,"menu_order":0,"comment_status":"closed","ping_status":"closed","template":"","meta":{"footnotes":""},"class_list":["post-81","page","type-page","status-publish","hentry"],"_links":{"self":[{"href":"https:\/\/lpctour.fr\/2025\/td\/ewan\/wp-json\/wp\/v2\/pages\/81","targetHints":{"allow":["GET"]}}],"collection":[{"href":"https:\/\/lpctour.fr\/2025\/td\/ewan\/wp-json\/wp\/v2\/pages"}],"about":[{"href":"https:\/\/lpctour.fr\/2025\/td\/ewan\/wp-json\/wp\/v2\/types\/page"}],"author":[{"embeddable":true,"href":"https:\/\/lpctour.fr\/2025\/td\/ewan\/wp-json\/wp\/v2\/users\/1"}],"replies":[{"embeddable":true,"href":"https:\/\/lpctour.fr\/2025\/td\/ewan\/wp-json\/wp\/v2\/comments?post=81"}],"version-history":[{"count":87,"href":"https:\/\/lpctour.fr\/2025\/td\/ewan\/wp-json\/wp\/v2\/pages\/81\/revisions"}],"predecessor-version":[{"id":404,"href":"https:\/\/lpctour.fr\/2025\/td\/ewan\/wp-json\/wp\/v2\/pages\/81\/revisions\/404"}],"wp:attachment":[{"href":"https:\/\/lpctour.fr\/2025\/td\/ewan\/wp-json\/wp\/v2\/media?parent=81"}],"curies":[{"name":"wp","href":"https:\/\/api.w.org\/{rel}","templated":true}]}}