{"id":113,"date":"2025-12-12T09:15:00","date_gmt":"2025-12-12T08:15:00","guid":{"rendered":"https:\/\/lpctour.buchon.fr\/2025\/td\/hafssa\/?page_id=113"},"modified":"2026-01-29T15:52:02","modified_gmt":"2026-01-29T14:52:02","slug":"lyon","status":"publish","type":"page","link":"https:\/\/lpctour.fr\/2025\/td\/hafssa\/lyon\/","title":{"rendered":"Lyon"},"content":{"rendered":"<h3 style=\"text-align: center;\"><strong data-start=\"543\" data-end=\"577\">Lyon, entre traboules et pages<\/strong><\/h3>\n<p class=\"my-2 [&amp;+p]:mt-4 [&amp;_strong:has(+br)]:inline-block [&amp;_strong:has(+br)]:pb-2\">Lyon vit et respire la litt\u00e9rature, entre traboules secr\u00e8tes et fa\u00e7ades Renaissance.<span class=\"inline-flex\" aria-label=\"Literary Lyon: A Bookworm's Guide To The City Of Lights\" data-state=\"closed\">\u200b<\/span><br \/>\nJe ne cherche pas \u00e0 tout voir : juste lire, marcher sans but dans Vieux Lyon ou sur les quais de Sa\u00f4ne, m\u2019asseoir dans une librairie cosy, laisser les romans dialoguer avec la ville.<span class=\"inline-flex\" aria-label=\"Lyon dans la litt\u00e9rature - Office du tourisme de Lyon - Visiter Lyon\" data-state=\"closed\">\u200b<\/span><span class=\"inline-flex\" aria-label=\"5 Magical Lyon Bookstores To Explore - A Well-Read Wanderer\" data-state=\"closed\">\u200b<\/span><\/p>\n<h3 id=\"saint-exupry--bellecour\" class=\"mb-2 mt-4 font-display font-semimedium text-base first:mt-0 md:text-lg [hr+&amp;]:mt-4\" style=\"text-align: center;\"><em>Saint-Exup\u00e9ry &amp; Bellecour<\/em><\/h3>\n<p><img loading=\"lazy\" decoding=\"async\" class=\"aligncenter wp-image-797 size-large\" src=\"https:\/\/lpctour.fr\/2025\/td\/hafssa\/wp-content\/uploads\/2025\/12\/petit-prince-1024x576.webp\" alt=\"\" width=\"1024\" height=\"576\" srcset=\"https:\/\/lpctour.fr\/2025\/td\/hafssa\/wp-content\/uploads\/2025\/12\/petit-prince-1024x576.webp 1024w, https:\/\/lpctour.fr\/2025\/td\/hafssa\/wp-content\/uploads\/2025\/12\/petit-prince-300x169.webp 300w, https:\/\/lpctour.fr\/2025\/td\/hafssa\/wp-content\/uploads\/2025\/12\/petit-prince-768x432.webp 768w, https:\/\/lpctour.fr\/2025\/td\/hafssa\/wp-content\/uploads\/2025\/12\/petit-prince.webp 1200w\" sizes=\"auto, (max-width: 1024px) 100vw, 1024px\" \/><\/p>\n<p class=\"my-2 [&amp;+p]:mt-4 [&amp;_strong:has(+br)]:inline-block [&amp;_strong:has(+br)]:pb-2\">Place Bellecour d\u2019abord : statue imposante de Saint-Exup\u00e9ry et du Petit Prince dominant la place, hommage \u00e0 l\u2019enfant du pays n\u00e9 rue Saint-Exup\u00e9ry (n\u00b08, plaque bleue).<span class=\"inline-flex\" data-state=\"closed\">\u200b<\/span><br \/>\nPuis la rue du m\u00eame nom : fa\u00e7ade de sa maison natale, o\u00f9 il grandit avant de devenir aviateur-\u00e9crivain.<br \/>\nLire un extrait du Petit Prince sur un banc de la place, en imaginant le gamin lyonnais r\u00eaver d\u2019\u00e9toiles.<span class=\"inline-flex\" data-state=\"closed\">\u200b<\/span><\/p>\n<h3 id=\"vieux-lyon--traboules--imprimerie\" class=\"mb-2 mt-4 font-display font-semimedium text-base first:mt-0 md:text-lg [hr+&amp;]:mt-4\" style=\"text-align: center;\"><em>Vieux Lyon : traboules &amp; imprimerie<\/em><\/h3>\n<p><img loading=\"lazy\" decoding=\"async\" class=\"wp-image-798 size-medium alignleft\" src=\"https:\/\/lpctour.fr\/2025\/td\/hafssa\/wp-content\/uploads\/2025\/12\/vieux-lyon-300x200.jpg\" alt=\"\" width=\"300\" height=\"200\" srcset=\"https:\/\/lpctour.fr\/2025\/td\/hafssa\/wp-content\/uploads\/2025\/12\/vieux-lyon-300x200.jpg 300w, https:\/\/lpctour.fr\/2025\/td\/hafssa\/wp-content\/uploads\/2025\/12\/vieux-lyon-1024x683.jpg 1024w, https:\/\/lpctour.fr\/2025\/td\/hafssa\/wp-content\/uploads\/2025\/12\/vieux-lyon-768x512.jpg 768w, https:\/\/lpctour.fr\/2025\/td\/hafssa\/wp-content\/uploads\/2025\/12\/vieux-lyon.jpg 1200w\" sizes=\"auto, (max-width: 300px) 100vw, 300px\" \/><\/p>\n<p class=\"my-2 [&amp;+p]:mt-4 [&amp;_strong:has(+br)]:inline-block [&amp;_strong:has(+br)]:pb-2\">Traboules du Vieux Lyon : passages secrets o\u00f9 s\u2019impriment les premi\u00e8res \u00e9ditions fran\u00e7aises. En effet, Lyon fut capitale de l\u2019imprimerie au XVIe si\u00e8cle.<span class=\"inline-flex\" data-state=\"closed\">\u200b<\/span><br \/>\nLibrairies cach\u00e9es comme Librairie du Tramway ou celles nich\u00e9es dans les traboules, avec vues sur la Sa\u00f4ne.<span class=\"inline-flex\" data-state=\"closed\">\u200b<\/span><br \/>\nFl\u00e2ner en lisant Proust ou des auteurs lyonnais, sentir la ville comme d\u00e9cor de roman.<span class=\"inline-flex\" aria-label=\"Literature in Lyon: through the eyes of a bibliophile\" data-state=\"closed\">\u200b<\/span><\/p>\n<h3 id=\"croix-rousse--pentes--posie--maisons-dauteurs\" class=\"mb-2 mt-4 font-display font-semimedium text-base first:mt-0 md:text-lg [hr+&amp;]:mt-4\" style=\"text-align: center;\"><em>Croix-Rousse &amp; pentes : po\u00e9sie &amp; maisons d\u2019auteurs<\/em><\/h3>\n<p><img loading=\"lazy\" decoding=\"async\" class=\"wp-image-799 size-medium alignright\" src=\"https:\/\/lpctour.fr\/2025\/td\/hafssa\/wp-content\/uploads\/2025\/12\/croix-rousse-canut-300x157.webp\" alt=\"\" width=\"300\" height=\"157\" srcset=\"https:\/\/lpctour.fr\/2025\/td\/hafssa\/wp-content\/uploads\/2025\/12\/croix-rousse-canut-300x157.webp 300w, https:\/\/lpctour.fr\/2025\/td\/hafssa\/wp-content\/uploads\/2025\/12\/croix-rousse-canut-768x402.webp 768w, https:\/\/lpctour.fr\/2025\/td\/hafssa\/wp-content\/uploads\/2025\/12\/croix-rousse-canut.webp 1024w\" sizes=\"auto, (max-width: 300px) 100vw, 300px\" \/><\/p>\n<p class=\"my-2 [&amp;+p]:mt-4 [&amp;_strong:has(+br)]:inline-block [&amp;_strong:has(+br)]:pb-2\">Croix-Rousse : escaliers monumentaux, canuts, ambiance ouvri\u00e8re qui inspira po\u00e9sie et romans sociaux.<br \/>\nPaul Val\u00e9ry y donna des conf\u00e9rences ; maisons o\u00f9 v\u00e9curent Lamartine (pr\u00e8s de Lyon) ou d\u2019autres plumes romantiques.<span class=\"inline-flex\" data-state=\"closed\">\u200b<\/span><br \/>\nPause caf\u00e9 litt\u00e9raire sur les pentes, avec vue sur Fourvi\u00e8re, pour feuilleter M\u00e9ditations po\u00e9tiques.<span class=\"inline-flex\" aria-label=\"Le Lac Lamartine \ud83d\uddfc {Fiche de lecture}\" data-state=\"closed\">\u200b<\/span><\/p>\n<h3 id=\"villa-gillet--quai-rhey\" class=\"mb-2 mt-4 font-display font-semimedium text-base first:mt-0 md:text-lg [hr+&amp;]:mt-4\" style=\"text-align: center;\"><em>Villa Gillet &amp; Quai Rhey<\/em><\/h3>\n<p><img loading=\"lazy\" decoding=\"async\" class=\"wp-image-800 size-medium alignleft\" src=\"https:\/\/lpctour.fr\/2025\/td\/hafssa\/wp-content\/uploads\/2025\/12\/villa_gillet-300x130.jpg\" alt=\"\" width=\"300\" height=\"130\" srcset=\"https:\/\/lpctour.fr\/2025\/td\/hafssa\/wp-content\/uploads\/2025\/12\/villa_gillet-300x130.jpg 300w, https:\/\/lpctour.fr\/2025\/td\/hafssa\/wp-content\/uploads\/2025\/12\/villa_gillet.jpg 630w\" sizes=\"auto, (max-width: 300px) 100vw, 300px\" \/><\/p>\n<p class=\"my-2 [&amp;+p]:mt-4 [&amp;_strong:has(+br)]:inline-block [&amp;_strong:has(+br)]:pb-2\">Villa Gillet : maison des \u00e9critures contemporaines, rencontres d\u2019auteurs, d\u00e9bats litt\u00e9raires dans un cadre verdoyant.<span class=\"inline-flex\" aria-label=\"Villa Gillet \u2013 Maison internationale des \u00e9critures contemporaines\" data-state=\"closed\">\u200b<\/span><br \/>\nQuai de la Rheyne ou berges du Rh\u00f4ne : promenades pour lire au soleil, passer devant les \u00e9ditions lyonnaises.<span class=\"inline-flex\" aria-label=\"Liste des maisons d'\u00e9ditions de Lyon (et sa r\u00e9gion) - Publier son Livre\" data-state=\"closed\">\u200b<\/span><br \/>\n\u00c9v\u00e9nements po\u00e9sie ou festivals rappellent que Lyon est Ville de litt\u00e9rature UNESCO.<span class=\"inline-flex\" aria-label=\"Lyon - Creative Cities Network - UNESCO\" data-state=\"closed\">\u200b<\/span><\/p>\n<h3 id=\"fourvire--paroisses\" class=\"mb-2 mt-4 font-display font-semimedium text-base first:mt-0 md:text-lg [hr+&amp;]:mt-4\" style=\"text-align: center;\"><em>Fourvi\u00e8re &amp; Paroisses<\/em><\/h3>\n<p><img loading=\"lazy\" decoding=\"async\" class=\"wp-image-801 size-thumbnail alignright\" src=\"https:\/\/lpctour.fr\/2025\/td\/hafssa\/wp-content\/uploads\/2025\/12\/la-basilique-notre-dame-de-fourviere-lyon-interieur-150x150.jpg\" alt=\"\" width=\"150\" height=\"150\"><\/p>\n<p class=\"my-2 [&amp;+p]:mt-4 [&amp;_strong:has(+br)]:inline-block [&amp;_strong:has(+br)]:pb-2\">Fourvi\u00e8re en fin de journ\u00e9e : basilique dominant la ville, lumi\u00e8re ros\u00e9e sur les toits, comme dans les descriptions lyriques de Lamartine.<span class=\"inline-flex\" aria-label=\"Le po\u00e8te Alphonse de Lamartine a toujours sa chambre ...\" data-state=\"closed\">\u200b<\/span><br \/>\nDescendre par les traboules, un dernier verre en terrasse avec vue, un roman lyonnais en main.<\/p>\n<p>&nbsp;<\/p>\n<blockquote data-start=\"1475\" data-end=\"1592\">\n<p data-start=\"1477\" data-end=\"1592\"><strong><em data-start=\"1477\" data-end=\"1574\">\u00ab \u202fFais de ta vie un r\u00eave, et d\u2019un r\u00eave, une r\u00e9alit\u00e9. \u00bb<\/em><\/strong><br data-start=\"1574\" data-end=\"1577\"><strong>\u2014 Antoine de Saint-Exup\u00e9ry<\/strong><\/p>\n<\/blockquote>\n<hr>\n<p data-start=\"1477\" data-end=\"1592\">Je vous propose un circuit d\u2019une journ\u00e9e \u00e0 Lyon, qui permet de d\u00e9couvrir la ville tout en laissant place \u00e0 l\u2019\u00e9merveillement, comme si chaque rue, chaque place ou chaque traboule pouvait devenir le d\u00e9cor d\u2019un petit conte.<\/p>\n<p><a href=\"https:\/\/lpctour.fr\/2025\/td\/hafssa\/wp-content\/uploads\/2026\/01\/Circuit-sejour-Lyon.pdf\">Circuit &#8211; s\u00e9jour Lyon<\/a><\/p>\n","protected":false},"excerpt":{"rendered":"<p>Lyon, entre traboules et pages Lyon vit et respire la litt\u00e9rature, entre traboules secr\u00e8tes et fa\u00e7ades Renaissance.\u200b Je ne cherche pas \u00e0 tout voir : juste lire, marcher sans but dans Vieux Lyon ou sur les quais de Sa\u00f4ne, m\u2019asseoir dans une librairie cosy, laisser les romans dialoguer avec la ville.\u200b\u200b Saint-Exup\u00e9ry &amp; Bellecour Place [&hellip;]<\/p>\n","protected":false},"author":1,"featured_media":0,"parent":0,"menu_order":0,"comment_status":"closed","ping_status":"closed","template":"","meta":{"ngg_post_thumbnail":0,"footnotes":""},"class_list":["post-113","page","type-page","status-publish","hentry"],"_links":{"self":[{"href":"https:\/\/lpctour.fr\/2025\/td\/hafssa\/wp-json\/wp\/v2\/pages\/113","targetHints":{"allow":["GET"]}}],"collection":[{"href":"https:\/\/lpctour.fr\/2025\/td\/hafssa\/wp-json\/wp\/v2\/pages"}],"about":[{"href":"https:\/\/lpctour.fr\/2025\/td\/hafssa\/wp-json\/wp\/v2\/types\/page"}],"author":[{"embeddable":true,"href":"https:\/\/lpctour.fr\/2025\/td\/hafssa\/wp-json\/wp\/v2\/users\/1"}],"replies":[{"embeddable":true,"href":"https:\/\/lpctour.fr\/2025\/td\/hafssa\/wp-json\/wp\/v2\/comments?post=113"}],"version-history":[{"count":7,"href":"https:\/\/lpctour.fr\/2025\/td\/hafssa\/wp-json\/wp\/v2\/pages\/113\/revisions"}],"predecessor-version":[{"id":1120,"href":"https:\/\/lpctour.fr\/2025\/td\/hafssa\/wp-json\/wp\/v2\/pages\/113\/revisions\/1120"}],"wp:attachment":[{"href":"https:\/\/lpctour.fr\/2025\/td\/hafssa\/wp-json\/wp\/v2\/media?parent=113"}],"curies":[{"name":"wp","href":"https:\/\/api.w.org\/{rel}","templated":true}]}}