{"id":548,"date":"2025-12-19T09:12:43","date_gmt":"2025-12-19T08:12:43","guid":{"rendered":"https:\/\/lpctour.fr\/2025\/td\/hafssa\/?page_id=548"},"modified":"2026-01-29T15:38:03","modified_gmt":"2026-01-29T14:38:03","slug":"la-france-en-pages","status":"publish","type":"page","link":"https:\/\/lpctour.fr\/2025\/td\/hafssa\/la-france-en-pages\/","title":{"rendered":"Le Monde en pages"},"content":{"rendered":"<p><img loading=\"lazy\" decoding=\"async\" class=\"aligncenter size-full wp-image-1029\" src=\"https:\/\/lpctour.fr\/2025\/td\/hafssa\/wp-content\/uploads\/2026\/01\/telechargement-22.jpg\" alt=\"\" width=\"736\" height=\"117\" srcset=\"https:\/\/lpctour.fr\/2025\/td\/hafssa\/wp-content\/uploads\/2026\/01\/telechargement-22.jpg 736w, https:\/\/lpctour.fr\/2025\/td\/hafssa\/wp-content\/uploads\/2026\/01\/telechargement-22-300x48.jpg 300w\" sizes=\"auto, (max-width: 736px) 100vw, 736px\" \/><\/p>\n<p><span style=\"font-weight: 400;\">Bienvenue dans Le Monde en Pages, une collection de circuits litt\u00e9raires qui vous invite \u00e0 d\u00e9couvrir chaque r\u00e9gion du monde au travers de ses \u00e9crivains, de ses r\u00e9cits, de ses mythes et de ses paysages r\u00e9els.<\/span><\/p>\n<p><span style=\"font-weight: 400;\">Ici, chaque article correspond \u00e0 un coin du monde, qu\u2019il soit vaste ou minuscule, connu ou totalement m\u00e9connu. L\u2019id\u00e9e est simple :<\/span><\/p>\n<p><span style=\"font-weight: 400;\">partir sur les traces des livres, des auteurs et des univers qui ont fa\u00e7onn\u00e9 l\u2019imaginaire d\u2019un pays.<\/span><\/p>\n<h3><b>Afrique&nbsp;<\/b><\/h3>\n<p><em><a href=\"https:\/\/lpctour.fr\/2025\/td\/hafssa\/sahel\/\"><span style=\"font-weight: 400;\"><img loading=\"lazy\" decoding=\"async\" class=\"alignleft wp-image-1108 size-thumbnail\" src=\"https:\/\/lpctour.fr\/2025\/td\/hafssa\/wp-content\/uploads\/2026\/01\/Sahel-150x150.jpg\" alt=\"\" width=\"150\" height=\"150\">Sahel<\/span><\/a><\/em><\/p>\n<p><span style=\"font-weight: 400;\">Riche en traditions orales et en voix puissantes, le Sahel raconte la vie entre d\u00e9sert, r\u00e9silience et cultures nomades. Une r\u00e9gion litt\u00e9raire trop m\u00e9connue.<\/span><\/p>\n<h3><b>Asie&nbsp;<\/b><\/h3>\n<p><em><a href=\"https:\/\/lpctour.fr\/2025\/td\/hafssa\/iran\/\"><span style=\"font-weight: 400;\"><img loading=\"lazy\" decoding=\"async\" class=\"size-thumbnail wp-image-1107 alignleft\" src=\"https:\/\/lpctour.fr\/2025\/td\/hafssa\/wp-content\/uploads\/2026\/01\/Isfahan-150x150.jpg\" alt=\"\" width=\"150\" height=\"150\">Iran<\/span><\/a><\/em><\/p>\n<p><span style=\"font-weight: 400;\">Terre de po\u00e9sie et de mystique, l\u2019Iran d\u00e9voile une litt\u00e9rature profonde, marqu\u00e9e par Hafez, Rumi et des si\u00e8cles de culture raffin\u00e9e.<\/span><\/p>\n<p><em><a href=\"https:\/\/lpctour.fr\/2025\/td\/hafssa\/vietnam\/\"><span style=\"font-weight: 400;\"><img loading=\"lazy\" decoding=\"async\" class=\"size-thumbnail wp-image-1106 alignleft\" src=\"https:\/\/lpctour.fr\/2025\/td\/hafssa\/wp-content\/uploads\/2026\/01\/telechargement-23-1-150x150.jpg\" alt=\"\" width=\"150\" height=\"150\">Vietnam<\/span><\/a><\/em><\/p>\n<p><span style=\"font-weight: 400;\">Le Vietnam offre une litt\u00e9rature sensible et vibrante, entre traditions, m\u00e9moire et r\u00e9cits du M\u00e9kong. Un voyage entre po\u00e9sie et histoire.<\/span><\/p>\n<h3><b>Am\u00e9rique du Nord<\/b><\/h3>\n<p><em><a href=\"https:\/\/lpctour.fr\/2025\/td\/hafssa\/new-york\/\"><span style=\"font-weight: 400;\"><img loading=\"lazy\" decoding=\"async\" class=\"size-thumbnail wp-image-1105 alignleft\" src=\"https:\/\/lpctour.fr\/2025\/td\/hafssa\/wp-content\/uploads\/2026\/01\/telechargement-24-150x150.jpg\" alt=\"\" width=\"150\" height=\"150\">New York<\/span><\/a><\/em><\/p>\n<p><span style=\"font-weight: 400;\">La ville-monde, d\u00e9cor de l\u2019American Dream, est une source in\u00e9puisable de r\u00e9cits. Des gratte-ciel de Gatsby aux errances de Paul Auster, chaque arrondissement est une page d\u2019histoire, de modernit\u00e9 et de contrastes.<\/span><\/p>\n<h3><b>Europe<\/b><\/h3>\n<p><em><a href=\"https:\/\/lpctour.fr\/2025\/td\/hafssa\/londres\/\"><span style=\"font-weight: 400;\"><img loading=\"lazy\" decoding=\"async\" class=\"size-thumbnail wp-image-1104 alignleft\" src=\"https:\/\/lpctour.fr\/2025\/td\/hafssa\/wp-content\/uploads\/2026\/01\/Descubre-la-Belleza-de-Londres-al-Atardecer-150x150.jpg\" alt=\"\" width=\"150\" height=\"150\">Londres<\/span><\/a><\/em><\/p>\n<p><span style=\"font-weight: 400;\">Ville iconique de la litt\u00e9rature, Londres m\u00eale les pas de Sherlock Holmes, la magie de Harry Potter et les caf\u00e9s des grands auteurs. Une capitale o\u00f9 chaque rue raconte une histoire.<\/span><\/p>\n<p><em><a href=\"https:\/\/lpctour.fr\/2025\/td\/hafssa\/les-pays-germanophones\/\"><span style=\"font-weight: 400;\"><img loading=\"lazy\" decoding=\"async\" class=\"size-thumbnail wp-image-1103 alignleft\" src=\"https:\/\/lpctour.fr\/2025\/td\/hafssa\/wp-content\/uploads\/2026\/01\/Vienna-in-bloom-\ud83c\udf38-150x150.jpg\" alt=\"\" width=\"150\" height=\"150\">Pays germanophones<\/span><\/a><\/em><\/p>\n<p><span style=\"font-weight: 400;\">Entre Goethe, Kafka et les paysages romantiques, le monde germanophone est un pilier de la litt\u00e9rature europ\u00e9enne. Un territoire de mythes et de pens\u00e9es.<\/span><\/p>\n<p data-start=\"292\" data-end=\"458\"><b>Note : Les circuits litt\u00e9raires fran\u00e7ais sont disponible sur la page d\u00e9di\u00e9e : <\/b><a href=\"https:\/\/lpctour.fr\/2025\/td\/hafssa\/la-france-en-pages-2\/\"><b><i>La France en Pages<\/i><\/b><b>.<\/b><\/a><\/p>\n<p data-start=\"1047\" data-end=\"1306\">&nbsp;<\/p>\n<p data-start=\"1047\" data-end=\"1306\">&nbsp;<\/p>\n","protected":false},"excerpt":{"rendered":"<p>Bienvenue dans Le Monde en Pages, une collection de circuits litt\u00e9raires qui vous invite \u00e0 d\u00e9couvrir chaque r\u00e9gion du monde au travers de ses \u00e9crivains, de ses r\u00e9cits, de ses mythes et de ses paysages r\u00e9els. Ici, chaque article correspond \u00e0 un coin du monde, qu\u2019il soit vaste ou minuscule, connu ou totalement m\u00e9connu. L\u2019id\u00e9e [&hellip;]<\/p>\n","protected":false},"author":1,"featured_media":0,"parent":0,"menu_order":0,"comment_status":"closed","ping_status":"closed","template":"","meta":{"ngg_post_thumbnail":0,"footnotes":""},"class_list":["post-548","page","type-page","status-publish","hentry"],"_links":{"self":[{"href":"https:\/\/lpctour.fr\/2025\/td\/hafssa\/wp-json\/wp\/v2\/pages\/548","targetHints":{"allow":["GET"]}}],"collection":[{"href":"https:\/\/lpctour.fr\/2025\/td\/hafssa\/wp-json\/wp\/v2\/pages"}],"about":[{"href":"https:\/\/lpctour.fr\/2025\/td\/hafssa\/wp-json\/wp\/v2\/types\/page"}],"author":[{"embeddable":true,"href":"https:\/\/lpctour.fr\/2025\/td\/hafssa\/wp-json\/wp\/v2\/users\/1"}],"replies":[{"embeddable":true,"href":"https:\/\/lpctour.fr\/2025\/td\/hafssa\/wp-json\/wp\/v2\/comments?post=548"}],"version-history":[{"count":18,"href":"https:\/\/lpctour.fr\/2025\/td\/hafssa\/wp-json\/wp\/v2\/pages\/548\/revisions"}],"predecessor-version":[{"id":1112,"href":"https:\/\/lpctour.fr\/2025\/td\/hafssa\/wp-json\/wp\/v2\/pages\/548\/revisions\/1112"}],"wp:attachment":[{"href":"https:\/\/lpctour.fr\/2025\/td\/hafssa\/wp-json\/wp\/v2\/media?parent=548"}],"curies":[{"name":"wp","href":"https:\/\/api.w.org\/{rel}","templated":true}]}}