{"id":560,"date":"2025-12-19T09:16:34","date_gmt":"2025-12-19T08:16:34","guid":{"rendered":"https:\/\/lpctour.fr\/2025\/td\/hafssa\/?page_id=560"},"modified":"2026-01-29T16:14:48","modified_gmt":"2026-01-29T15:14:48","slug":"la-france-en-pages-2","status":"publish","type":"page","link":"https:\/\/lpctour.fr\/2025\/td\/hafssa\/la-france-en-pages-2\/","title":{"rendered":"La France en pages"},"content":{"rendered":"<div class=\"style-186 style-local-560-c1 position-relative\" data-colibri-id=\"560-c1\">\n<div id=\"initial-content\" class=\"h-section h-section-global-spacing d-flex align-items-lg-center align-items-md-center align-items-center style-187 style-local-560-c2 position-relative\" data-colibri-component=\"section\" data-colibri-id=\"560-c2\">\n<div class=\"h-section-grid-container h-section-boxed-container\">\n<div class=\"h-row-container gutters-row-lg-2 gutters-row-md-2 gutters-row-0 gutters-row-v-lg-2 gutters-row-v-md-2 gutters-row-v-2 style-188 style-local-560-c3 position-relative\" data-colibri-id=\"560-c3\">\n<div class=\"h-row justify-content-lg-center justify-content-md-center justify-content-center align-items-lg-stretch align-items-md-stretch align-items-stretch gutters-col-lg-2 gutters-col-md-2 gutters-col-0 gutters-col-v-lg-2 gutters-col-v-md-2 gutters-col-v-2\">\n<div class=\"h-column h-column-container d-flex h-col-lg-auto h-col-md-auto h-col-auto style-189-outer style-local-560-c4-outer\">\n<div class=\"d-flex h-flex-basis h-column__inner h-px-lg-2 h-px-md-2 h-px-2 v-inner-lg-2 v-inner-md-2 v-inner-2 style-189 style-local-560-c4 position-relative\" data-colibri-id=\"560-c4\">\n<div class=\"w-100 h-y-container h-column__content h-column__v-align flex-basis-100 align-self-lg-start align-self-md-start align-self-start\">\n<div class=\"style-190 style-local-560-c5 position-relative h-element\" data-colibri-id=\"560-c5\">\n<p><img loading=\"lazy\" decoding=\"async\" class=\"aligncenter size-full wp-image-1056\" src=\"https:\/\/lpctour.fr\/2025\/td\/hafssa\/wp-content\/uploads\/2026\/01\/telechargement-21.jpg\" alt=\"\" width=\"729\" height=\"90\" srcset=\"https:\/\/lpctour.fr\/2025\/td\/hafssa\/wp-content\/uploads\/2026\/01\/telechargement-21.jpg 729w, https:\/\/lpctour.fr\/2025\/td\/hafssa\/wp-content\/uploads\/2026\/01\/telechargement-21-300x37.jpg 300w\" sizes=\"auto, (max-width: 729px) 100vw, 729px\" \/><\/p>\n<p><span style=\"font-weight: 400;\">Bienvenue dans La France en Pages, une collection d\u2019escapades litt\u00e9raires qui vous invite \u00e0 red\u00e9couvrir le pays \u00e0 travers les mots, les d\u00e9cors et les r\u00eaves de ses \u00e9crivains.<\/span><\/p>\n<p><span style=\"font-weight: 400;\">Pour l\u2019instant je vous am\u00e8ne visiter 3 villes. Mais ce n&rsquo;est que le d\u00e9but de mes escapades litt\u00e9raires dans l&rsquo;hexagone.&nbsp;<\/span><\/p>\n<p><span style=\"font-weight: 400;\">Bienvenue dans La France en Pages, une collection d\u2019escapades litt\u00e9raires qui vous invite \u00e0 red\u00e9couvrir l\u2019Hexagone \u00e0 travers les mots, les d\u00e9cors et l\u2019imaginaire de ses plus grands auteurs.<\/span><\/p>\n<p><span style=\"font-weight: 400;\">Ce voyage ne fait que commencer. Pour l&rsquo;instant, je vous ouvre les portes de trois cit\u00e9s embl\u00e9matiques, mais bien d&rsquo;autres escales viendront bient\u00f4t enrichir cette biblioth\u00e8que \u00e0 ciel ouvert :<\/span><\/p>\n<ul>\n<li style=\"font-weight: 400;\" aria-level=\"1\"><span style=\"font-weight: 400;\"><a href=\"https:\/\/lpctour.fr\/2025\/td\/hafssa\/amiens\/\">Amiens <\/a>: Un p\u00e9riple fantastique sur les traces de Jules Verne, entre esth\u00e9tique steampunk et machines extraordinaires.<\/span><\/li>\n<li style=\"font-weight: 400;\" aria-level=\"1\"><span style=\"font-weight: 400;\"><a href=\"https:\/\/lpctour.fr\/2025\/td\/hafssa\/paris\/\">Paris <\/a>: Une immersion dans la Ville Lumi\u00e8re et ses innombrables tr\u00e9sors, des drames romantiques aux myst\u00e8res gothiques.<\/span><\/li>\n<li style=\"font-weight: 400;\" aria-level=\"1\"><span style=\"font-weight: 400;\"><a href=\"https:\/\/lpctour.fr\/2025\/td\/hafssa\/lyon\/\">Lyon <\/a>: Une escale entre Rh\u00f4ne et Sa\u00f4ne pour explorer une influence litt\u00e9raire et culturelle s\u00e9culaire, au fil des si\u00e8cles et des r\u00e9cits.<\/span><\/li>\n<\/ul>\n<p>&nbsp;<\/p>\n<\/div>\n<\/div>\n<\/div>\n<\/div>\n<\/div>\n<\/div>\n<\/div>\n<\/div>\n<\/div>\n","protected":false},"excerpt":{"rendered":"<p>Bienvenue dans La France en Pages, une collection d\u2019escapades litt\u00e9raires qui vous invite \u00e0 red\u00e9couvrir le pays \u00e0 travers les mots, les d\u00e9cors et les r\u00eaves de ses \u00e9crivains. Pour l\u2019instant je vous am\u00e8ne visiter 3 villes. Mais ce n&rsquo;est que le d\u00e9but de mes escapades litt\u00e9raires dans l&rsquo;hexagone.&nbsp; Bienvenue dans La France en Pages, [&hellip;]<\/p>\n","protected":false},"author":1,"featured_media":0,"parent":0,"menu_order":0,"comment_status":"closed","ping_status":"closed","template":"","meta":{"ngg_post_thumbnail":0,"footnotes":""},"class_list":["post-560","page","type-page","status-publish","hentry"],"_links":{"self":[{"href":"https:\/\/lpctour.fr\/2025\/td\/hafssa\/wp-json\/wp\/v2\/pages\/560","targetHints":{"allow":["GET"]}}],"collection":[{"href":"https:\/\/lpctour.fr\/2025\/td\/hafssa\/wp-json\/wp\/v2\/pages"}],"about":[{"href":"https:\/\/lpctour.fr\/2025\/td\/hafssa\/wp-json\/wp\/v2\/types\/page"}],"author":[{"embeddable":true,"href":"https:\/\/lpctour.fr\/2025\/td\/hafssa\/wp-json\/wp\/v2\/users\/1"}],"replies":[{"embeddable":true,"href":"https:\/\/lpctour.fr\/2025\/td\/hafssa\/wp-json\/wp\/v2\/comments?post=560"}],"version-history":[{"count":10,"href":"https:\/\/lpctour.fr\/2025\/td\/hafssa\/wp-json\/wp\/v2\/pages\/560\/revisions"}],"predecessor-version":[{"id":1124,"href":"https:\/\/lpctour.fr\/2025\/td\/hafssa\/wp-json\/wp\/v2\/pages\/560\/revisions\/1124"}],"wp:attachment":[{"href":"https:\/\/lpctour.fr\/2025\/td\/hafssa\/wp-json\/wp\/v2\/media?parent=560"}],"curies":[{"name":"wp","href":"https:\/\/api.w.org\/{rel}","templated":true}]}}