{"id":575,"date":"2025-12-19T12:16:10","date_gmt":"2025-12-19T11:16:10","guid":{"rendered":"https:\/\/lpctour.fr\/2025\/td\/hafssa\/?page_id=575"},"modified":"2026-01-29T16:01:49","modified_gmt":"2026-01-29T15:01:49","slug":"paris","status":"publish","type":"page","link":"https:\/\/lpctour.fr\/2025\/td\/hafssa\/paris\/","title":{"rendered":"Paris"},"content":{"rendered":"<h2 style=\"text-align: center;\"><strong>Paris, c\u0153ur de la litt\u00e9rature.<\/strong><\/h2>\n<p><span style=\"font-weight: 400;\">Je vous emm\u00e8ne pour un week-end \u00e0 Paris, la ville qui respire la litt\u00e9rature \u00e0 chaque coin de rue. Depuis toujours, Hugo, Leroux, Wilde, Balzac et Sartre font partie de mes compagnons de lecture, et marcher sur leurs traces, c\u2019est un peu comme entrer dans un roman vivant<\/span><\/p>\n<p>&nbsp;<\/p>\n<p><span style=\"font-weight: 400;\"><img loading=\"lazy\" decoding=\"async\" class=\"wp-image-680 alignright\" src=\"https:\/\/lpctour.fr\/2025\/td\/hafssa\/wp-content\/uploads\/2025\/12\/Opera-Garnier-L-Martivisites-Visites-guidees-a-Paris-de-Claude-Marti-300x225.jpg\" alt=\"\" width=\"216\" height=\"162\" srcset=\"https:\/\/lpctour.fr\/2025\/td\/hafssa\/wp-content\/uploads\/2025\/12\/Opera-Garnier-L-Martivisites-Visites-guidees-a-Paris-de-Claude-Marti-300x225.jpg 300w, https:\/\/lpctour.fr\/2025\/td\/hafssa\/wp-content\/uploads\/2025\/12\/Opera-Garnier-L-Martivisites-Visites-guidees-a-Paris-de-Claude-Marti.jpg 736w\" sizes=\"auto, (max-width: 216px) 100vw, 216px\" \/>D\u00e8s le matin, l\u2019Op\u00e9ra Garnier s\u2019impose comme un palais sorti d\u2019un conte. Les marbres \u00e9tincelants, les dorures et les escaliers majestueux font surgir sous mes yeux le Fant\u00f4me de Leroux\u2026 On imagine les loges&nbsp;&nbsp; secr\u00e8tes, les escaliers cach\u00e9s, et on sent presque les notes de musique suspendues dans l\u2019air.<\/span><\/p>\n<p>&nbsp;<\/p>\n<p><span style=\"font-weight: 400;\">Le P\u00e8re-Lachaise, l\u2019apr\u00e8s-midi, est un labyrinthe gothique fascinant. On y croise Oscar Wilde, Balzac, Proust\u2026 chaque tombe raconte une histoire, chaque all\u00e9e semble murmurer des r\u00e9cits oubli\u00e9s. Je me perds volontiers dans ce d\u00e9dale, fascin\u00e9 par la beaut\u00e9 et le myst\u00e8re des lieux.<\/span><\/p>\n<p><span style=\"font-weight: 400;\"><img loading=\"lazy\" decoding=\"async\" class=\" wp-image-679 alignleft\" src=\"https:\/\/lpctour.fr\/2025\/td\/hafssa\/wp-content\/uploads\/2025\/12\/Destinos-por-Visitar-Barrio-de-Montmartre-Paris-Francia-\ud83c\uddeb\ud83c\uddf7-_-Facebook-300x300.jpg\" alt=\"\" width=\"173\" height=\"173\" srcset=\"https:\/\/lpctour.fr\/2025\/td\/hafssa\/wp-content\/uploads\/2025\/12\/Destinos-por-Visitar-Barrio-de-Montmartre-Paris-Francia-\ud83c\uddeb\ud83c\uddf7-_-Facebook-300x300.jpg 300w, https:\/\/lpctour.fr\/2025\/td\/hafssa\/wp-content\/uploads\/2025\/12\/Destinos-por-Visitar-Barrio-de-Montmartre-Paris-Francia-\ud83c\uddeb\ud83c\uddf7-_-Facebook-150x150.jpg 150w, https:\/\/lpctour.fr\/2025\/td\/hafssa\/wp-content\/uploads\/2025\/12\/Destinos-por-Visitar-Barrio-de-Montmartre-Paris-Francia-\ud83c\uddeb\ud83c\uddf7-_-Facebook.jpg 736w\" sizes=\"auto, (max-width: 173px) 100vw, 173px\" \/>Montmartre, avec sa butte et ses ruelles pav\u00e9es, offre une autre dimension. Les couleurs de la Maison Rose, le Bateau-Lavoir, le Sacr\u00e9-C\u0153ur dominant la ville\u2026 ici, la boh\u00e8me du XIXe si\u00e8cle semble encore respirer. C\u2019est le genre d\u2019endroit o\u00f9 j\u2019ai envie de m\u2019asseoir sur un banc, carnet \u00e0 la main, et laisser Paris me raconter ses secrets.<\/span><\/p>\n<p>&nbsp;<\/p>\n<p><span style=\"font-weight: 400;\"><img loading=\"lazy\" decoding=\"async\" class=\" wp-image-678 alignright\" src=\"https:\/\/lpctour.fr\/2025\/td\/hafssa\/wp-content\/uploads\/2025\/12\/A-Perfect-Day-In-The-Quartier-Latin-240x300.jpg\" alt=\"\" width=\"169\" height=\"212\" srcset=\"https:\/\/lpctour.fr\/2025\/td\/hafssa\/wp-content\/uploads\/2025\/12\/A-Perfect-Day-In-The-Quartier-Latin-240x300.jpg 240w, https:\/\/lpctour.fr\/2025\/td\/hafssa\/wp-content\/uploads\/2025\/12\/A-Perfect-Day-In-The-Quartier-Latin.jpg 720w\" sizes=\"auto, (max-width: 169px) 100vw, 169px\" \/>Le lendemain, Saint-Germain-des-Pr\u00e9s m\u2019accueille avec ses caf\u00e9s l\u00e9gendaires. Au Caf\u00e9 de Flore, je m\u2019imagine Sartre et Simone de Beauvoir refaisant le monde \u00e0 voix basse, tandis que les librairies anciennes regorgent de tr\u00e9sors oubli\u00e9s. Au Quartier Latin, les bouquinistes et le Panth\u00e9on me ram\u00e8nent \u00e0 Hugo, \u00e0 ses Mis\u00e9rables, \u00e0 son Paris vivant et flamboyant.<\/span><\/p>\n<p><img loading=\"lazy\" decoding=\"async\" class=\"aligncenter wp-image-1122 size-full\" src=\"https:\/\/lpctour.fr\/2025\/td\/hafssa\/wp-content\/uploads\/2026\/01\/7c5414831d38947b09144bec576376bc.jpg\" alt=\"\" width=\"973\" height=\"482\" srcset=\"https:\/\/lpctour.fr\/2025\/td\/hafssa\/wp-content\/uploads\/2026\/01\/7c5414831d38947b09144bec576376bc.jpg 973w, https:\/\/lpctour.fr\/2025\/td\/hafssa\/wp-content\/uploads\/2026\/01\/7c5414831d38947b09144bec576376bc-300x149.jpg 300w, https:\/\/lpctour.fr\/2025\/td\/hafssa\/wp-content\/uploads\/2026\/01\/7c5414831d38947b09144bec576376bc-768x380.jpg 768w\" sizes=\"auto, (max-width: 973px) 100vw, 973px\" \/><\/p>\n<p><span style=\"font-weight: 400;\">Chaque coin de cette ville m\u2019a offert un m\u00e9lange d\u2019histoire, d\u2019imaginaire et de po\u00e9sie. Et pour celles et ceux qui veulent suivre mes pas, j\u2019ai pr\u00e9par\u00e9 un circuit d\u00e9taill\u00e9 de deux jours, entre patrimoine, caf\u00e9s litt\u00e9raires et promenades au fil de la Seine.<\/span><\/p>\n<blockquote><p><em data-start=\"1477\" data-end=\"1574\">\u00ab Le v\u00e9ritable voyage de d\u00e9couverte ne consiste pas \u00e0 chercher de nouveaux paysages, mais \u00e0 avoir de nouveaux yeux. \u00bb<\/em><br data-start=\"1574\" data-end=\"1577\">\u2014 Marcel Proust<\/p><\/blockquote>\n<hr>\n<p>Je vous propose ici le circuit complet de mon weekend. N&rsquo;h\u00e9sitez pas vous en inspir\u00e9 et me faire un retour votre s\u00e9jour !<\/p>\n<p><a href=\"https:\/\/lpctour.fr\/2025\/td\/hafssa\/wp-content\/uploads\/2025\/12\/Brochure-Paris.pdf\">Brochure Paris<\/a><\/p>\n","protected":false},"excerpt":{"rendered":"<p>Paris, c\u0153ur de la litt\u00e9rature. Je vous emm\u00e8ne pour un week-end \u00e0 Paris, la ville qui respire la litt\u00e9rature \u00e0 chaque coin de rue. Depuis toujours, Hugo, Leroux, Wilde, Balzac et Sartre font partie de mes compagnons de lecture, et marcher sur leurs traces, c\u2019est un peu comme entrer dans un roman vivant &nbsp; D\u00e8s [&hellip;]<\/p>\n","protected":false},"author":1,"featured_media":0,"parent":0,"menu_order":0,"comment_status":"closed","ping_status":"closed","template":"","meta":{"ngg_post_thumbnail":0,"footnotes":""},"class_list":["post-575","page","type-page","status-publish","hentry"],"_links":{"self":[{"href":"https:\/\/lpctour.fr\/2025\/td\/hafssa\/wp-json\/wp\/v2\/pages\/575","targetHints":{"allow":["GET"]}}],"collection":[{"href":"https:\/\/lpctour.fr\/2025\/td\/hafssa\/wp-json\/wp\/v2\/pages"}],"about":[{"href":"https:\/\/lpctour.fr\/2025\/td\/hafssa\/wp-json\/wp\/v2\/types\/page"}],"author":[{"embeddable":true,"href":"https:\/\/lpctour.fr\/2025\/td\/hafssa\/wp-json\/wp\/v2\/users\/1"}],"replies":[{"embeddable":true,"href":"https:\/\/lpctour.fr\/2025\/td\/hafssa\/wp-json\/wp\/v2\/comments?post=575"}],"version-history":[{"count":6,"href":"https:\/\/lpctour.fr\/2025\/td\/hafssa\/wp-json\/wp\/v2\/pages\/575\/revisions"}],"predecessor-version":[{"id":1123,"href":"https:\/\/lpctour.fr\/2025\/td\/hafssa\/wp-json\/wp\/v2\/pages\/575\/revisions\/1123"}],"wp:attachment":[{"href":"https:\/\/lpctour.fr\/2025\/td\/hafssa\/wp-json\/wp\/v2\/media?parent=575"}],"curies":[{"name":"wp","href":"https:\/\/api.w.org\/{rel}","templated":true}]}}