{"id":703,"date":"2025-12-23T15:16:27","date_gmt":"2025-12-23T14:16:27","guid":{"rendered":"https:\/\/lpctour.fr\/2025\/td\/hafssa\/?page_id=703"},"modified":"2026-01-04T01:47:51","modified_gmt":"2026-01-04T00:47:51","slug":"carte","status":"publish","type":"page","link":"https:\/\/lpctour.fr\/2025\/td\/hafssa\/carte\/","title":{"rendered":"Carte Litt\u00e9raire"},"content":{"rendered":"<div style=\"width: 100%;\">\n<div>&nbsp;<\/div>\n<div><em><span style=\"color: #000000;\">Cliquez sur une r\u00e9gion et laissez-vous emporter par ses histoires, ses voix et ses paysages. Chaque zone devient une invitation au voyage, o\u00f9 la litt\u00e9rature vous transporte bien au-del\u00e0 des fronti\u00e8res.<\/span><\/em><\/div>\n<div>&nbsp;<\/div>\n<div style=\"position: relative; padding-bottom: 56.25%; padding-top: 0; height: 0;\"><iframe loading=\"lazy\" style=\"position: absolute; top: 0; left: 0; width: 100%; height: 100%;\" title=\"Cartes et Pages\" src=\"https:\/\/view.genially.com\/6959a8c44ddeaf45ef4aa601\" width=\"1200\" height=\"675\" frameborder=\"0\" scrolling=\"yes\" allowfullscreen=\"allowfullscreen\"><\/iframe><\/div>\n<\/div>\n","protected":false},"excerpt":{"rendered":"<p>&nbsp; Cliquez sur une r\u00e9gion et laissez-vous emporter par ses histoires, ses voix et ses paysages. Chaque zone devient une invitation au voyage, o\u00f9 la litt\u00e9rature vous transporte bien au-del\u00e0 des fronti\u00e8res. &nbsp;<\/p>\n","protected":false},"author":1,"featured_media":0,"parent":0,"menu_order":0,"comment_status":"closed","ping_status":"closed","template":"","meta":{"ngg_post_thumbnail":0,"footnotes":""},"class_list":["post-703","page","type-page","status-publish","hentry"],"_links":{"self":[{"href":"https:\/\/lpctour.fr\/2025\/td\/hafssa\/wp-json\/wp\/v2\/pages\/703","targetHints":{"allow":["GET"]}}],"collection":[{"href":"https:\/\/lpctour.fr\/2025\/td\/hafssa\/wp-json\/wp\/v2\/pages"}],"about":[{"href":"https:\/\/lpctour.fr\/2025\/td\/hafssa\/wp-json\/wp\/v2\/types\/page"}],"author":[{"embeddable":true,"href":"https:\/\/lpctour.fr\/2025\/td\/hafssa\/wp-json\/wp\/v2\/users\/1"}],"replies":[{"embeddable":true,"href":"https:\/\/lpctour.fr\/2025\/td\/hafssa\/wp-json\/wp\/v2\/comments?post=703"}],"version-history":[{"count":3,"href":"https:\/\/lpctour.fr\/2025\/td\/hafssa\/wp-json\/wp\/v2\/pages\/703\/revisions"}],"predecessor-version":[{"id":1022,"href":"https:\/\/lpctour.fr\/2025\/td\/hafssa\/wp-json\/wp\/v2\/pages\/703\/revisions\/1022"}],"wp:attachment":[{"href":"https:\/\/lpctour.fr\/2025\/td\/hafssa\/wp-json\/wp\/v2\/media?parent=703"}],"curies":[{"name":"wp","href":"https:\/\/api.w.org\/{rel}","templated":true}]}}