{"id":124,"date":"2025-12-19T10:56:14","date_gmt":"2025-12-19T09:56:14","guid":{"rendered":"https:\/\/lpctour.fr\/2025\/td\/julie\/?page_id=124"},"modified":"2026-01-07T15:43:06","modified_gmt":"2026-01-07T14:43:06","slug":"contact","status":"publish","type":"page","link":"https:\/\/lpctour.fr\/2025\/td\/julie\/contact\/","title":{"rendered":"Contact"},"content":{"rendered":"<table class=\"wp-list-table widefat fixed striped table-view-list forms\">\n<tbody id=\"the-list\" data-wp-lists=\"list:form\">\n<tr>\n<td class=\"author column-author\" data-colname=\"Auteur\/autrice\"><\/td>\n<td class=\"shortcode column-shortcode\" data-colname=\"Code court\"><style id=\"wpforms-css-vars-262\">\n\t\t\t\t#wpforms-262 {\n\t\t\t\t--wpforms-field-border-radius: 0px;\n--wpforms-field-border-color: #030303;\n--wpforms-field-border-color-spare: #030303;\n--wpforms-field-text-color: #444444;\n--wpforms-label-color: #262626;\n--wpforms-label-sublabel-color: #7f7f7f;\n--wpforms-label-error-color: #ff0000;\n--wpforms-button-border-style: solid;\n--wpforms-button-border-radius: 0px;\n--wpforms-button-background-color: #dddddd;\n--wpforms-button-border-color: #cccccc;\n--wpforms-button-text-color: #666666;\n--wpforms-container-padding: 0px;\n--wpforms-container-border-width: 1px;\n--wpforms-container-border-radius: 3px;\n--wpforms-background-color: rgba(0, 0, 0, 0);\n--wpforms-page-break-color: #dddddd;\n--wpforms-field-size-input-height: 43px;\n--wpforms-field-size-input-spacing: 15px;\n--wpforms-field-size-font-size: 16px;\n--wpforms-field-size-line-height: 19px;\n--wpforms-field-size-padding-h: 14px;\n--wpforms-field-size-checkbox-size: 16px;\n--wpforms-field-size-sublabel-spacing: 5px;\n--wpforms-field-size-icon-size: 1;\n--wpforms-label-size-font-size: 14px;\n--wpforms-label-size-line-height: 17px;\n--wpforms-label-size-sublabel-font-size: 13px;\n--wpforms-label-size-sublabel-line-height: 16px;\n--wpforms-button-size-font-size: 17px;\n--wpforms-button-size-height: 41px;\n--wpforms-button-size-padding-h: 15px;\n--wpforms-button-size-margin-top: 10px;\n--wpforms-container-shadow-size-box-shadow: none;\n\t\t\t}\n\t\t\t<\/style><div class=\"wpforms-container wpforms-container-full wpforms-render-modern\" id=\"wpforms-262\"><form id=\"wpforms-form-262\" class=\"wpforms-validate wpforms-form wpforms-ajax-form\" data-formid=\"262\" method=\"post\" enctype=\"multipart\/form-data\" action=\"\/2025\/td\/julie\/wp-json\/wp\/v2\/pages\/124\" data-token=\"01ea5ac4c228becb559f300e3e826c03\" data-token-time=\"1777212810\"><noscript class=\"wpforms-error-noscript\">Veuillez activer JavaScript dans votre navigateur pour remplir ce formulaire.<\/noscript><div id=\"wpforms-error-noscript\" style=\"display: none;\">Veuillez activer JavaScript dans votre navigateur pour remplir ce formulaire.<\/div><div class=\"wpforms-field-container\"><div id=\"wpforms-262-field_1-container\" class=\"wpforms-field wpforms-field-name\" data-field-id=\"1\"><label class=\"wpforms-field-label\" for=\"wpforms-262-field_1\">Nom  <span class=\"wpforms-required-label\" aria-hidden=\"true\">*<\/span><\/label><input type=\"text\" id=\"wpforms-262-field_1\" class=\"wpforms-field-medium wpforms-field-required\" name=\"wpforms[fields][1]\" aria-errormessage=\"wpforms-262-field_1-error\" required><\/div><div id=\"wpforms-262-field_2-container\" class=\"wpforms-field wpforms-field-email\" data-field-id=\"2\"><label class=\"wpforms-field-label\" for=\"wpforms-262-field_2\">Adresse e-mail <span class=\"wpforms-required-label\" aria-hidden=\"true\">*<\/span><\/label><input type=\"email\" id=\"wpforms-262-field_2\" class=\"wpforms-field-medium wpforms-field-required\" name=\"wpforms[fields][2]\" spellcheck=\"false\" aria-errormessage=\"wpforms-262-field_2-error\" required><\/div><div id=\"wpforms-262-field_4-container\" class=\"wpforms-field wpforms-field-text\" data-field-id=\"4\"><label class=\"wpforms-field-label\" for=\"wpforms-262-field_4\">Sujet du contact<\/label><input type=\"text\" id=\"wpforms-262-field_4\" class=\"wpforms-field-medium\" name=\"wpforms[fields][4]\" aria-errormessage=\"wpforms-262-field_4-error\" ><\/div><div id=\"wpforms-262-field_5-container\" class=\"wpforms-field wpforms-field-textarea\" data-field-id=\"5\"><label class=\"wpforms-field-label\" for=\"wpforms-262-field_5\">Message du formulaire de contact <span class=\"wpforms-required-label\" aria-hidden=\"true\">*<\/span><\/label><textarea id=\"wpforms-262-field_5\" class=\"wpforms-field-medium wpforms-field-required\" name=\"wpforms[fields][5]\" aria-errormessage=\"wpforms-262-field_5-error\" required><\/textarea><\/div>\t\t<div id=\"wpforms-262-field_3-container\"\n\t\t\tclass=\"wpforms-field wpforms-field-text\"\n\t\t\tdata-field-type=\"text\"\n\t\t\tdata-field-id=\"3\"\n\t\t\t>\n\t\t\t<label class=\"wpforms-field-label\" for=\"wpforms-262-field_3\" >Adresse de contact<\/label>\n\t\t\t<input type=\"text\" id=\"wpforms-262-field_3\" class=\"wpforms-field-medium\" name=\"wpforms[fields][3]\" >\n\t\t<\/div>\n\t\t<div id=\"wpforms-262-field_6-container\" class=\"wpforms-field wpforms-field-checkbox\" data-field-id=\"6\"><fieldset><legend class=\"wpforms-field-label\">Consentement<\/legend><ul id=\"wpforms-262-field_6\"><li class=\"choice-1 depth-1\"><input type=\"checkbox\" id=\"wpforms-262-field_6_1\" name=\"wpforms[fields][6][]\" value=\"J\u2019accepte que mes donn\u00e9es soient utilis\u00e9es pour \u00eatre contact\u00e9 via ce formulaire de contact\" aria-errormessage=\"wpforms-262-field_6_1-error\"  ><label class=\"wpforms-field-label-inline\" for=\"wpforms-262-field_6_1\">J\u2019accepte que mes donn\u00e9es soient utilis\u00e9es pour \u00eatre contact\u00e9 via ce formulaire de contact<\/label><\/li><\/ul><\/fieldset><\/div><script>\n\t\t\t\t( function() {\n\t\t\t\t\tconst style = document.createElement( 'style' );\n\t\t\t\t\tstyle.appendChild( document.createTextNode( '#wpforms-262-field_3-container { position: absolute !important; overflow: hidden !important; display: inline !important; height: 1px !important; width: 1px !important; z-index: -1000 !important; padding: 0 !important; } #wpforms-262-field_3-container input { visibility: hidden; } #wpforms-conversational-form-page #wpforms-262-field_3-container label { counter-increment: none; }' ) );\n\t\t\t\t\tdocument.head.appendChild( style );\n\t\t\t\t\tdocument.currentScript?.remove();\n\t\t\t\t} )();\n\t\t\t<\/script><\/div><!-- .wpforms-field-container --><div class=\"wpforms-submit-container\" ><input type=\"hidden\" name=\"wpforms[id]\" value=\"262\"><input type=\"hidden\" name=\"page_title\" value=\"\"><input type=\"hidden\" name=\"page_url\" value=\"https:\/\/lpctour.fr\/2025\/td\/julie\/wp-json\/wp\/v2\/pages\/124\"><input type=\"hidden\" name=\"url_referer\" value=\"\"><button type=\"submit\" name=\"wpforms[submit]\" id=\"wpforms-submit-262\" class=\"wpforms-submit\" data-alt-text=\"Envoi...\" data-submit-text=\"Envoyer le formulaire de contact\" aria-live=\"assertive\" value=\"wpforms-submit\">Envoyer le formulaire de contact<\/button><img loading=\"lazy\" decoding=\"async\" src=\"https:\/\/lpctour.fr\/2025\/td\/julie\/wp-content\/plugins\/wpforms-lite\/assets\/images\/submit-spin.svg\" class=\"wpforms-submit-spinner\" style=\"display: none;\" width=\"26\" height=\"26\" alt=\"Chargement en cours\"><\/div><\/form><\/div>  <!-- .wpforms-container --><\/td>\n<\/tr>\n<\/tbody>\n<\/table>\n","protected":false},"excerpt":{"rendered":"","protected":false},"author":1,"featured_media":0,"parent":0,"menu_order":0,"comment_status":"closed","ping_status":"closed","template":"","meta":{"footnotes":""},"class_list":["entry","page","publish","author-julie_merlier","post-124"],"_links":{"self":[{"href":"https:\/\/lpctour.fr\/2025\/td\/julie\/wp-json\/wp\/v2\/pages\/124","targetHints":{"allow":["GET"]}}],"collection":[{"href":"https:\/\/lpctour.fr\/2025\/td\/julie\/wp-json\/wp\/v2\/pages"}],"about":[{"href":"https:\/\/lpctour.fr\/2025\/td\/julie\/wp-json\/wp\/v2\/types\/page"}],"author":[{"embeddable":true,"href":"https:\/\/lpctour.fr\/2025\/td\/julie\/wp-json\/wp\/v2\/users\/1"}],"replies":[{"embeddable":true,"href":"https:\/\/lpctour.fr\/2025\/td\/julie\/wp-json\/wp\/v2\/comments?post=124"}],"version-history":[{"count":4,"href":"https:\/\/lpctour.fr\/2025\/td\/julie\/wp-json\/wp\/v2\/pages\/124\/revisions"}],"predecessor-version":[{"id":271,"href":"https:\/\/lpctour.fr\/2025\/td\/julie\/wp-json\/wp\/v2\/pages\/124\/revisions\/271"}],"wp:attachment":[{"href":"https:\/\/lpctour.fr\/2025\/td\/julie\/wp-json\/wp\/v2\/media?parent=124"}],"curies":[{"name":"wp","href":"https:\/\/api.w.org\/{rel}","templated":true}]}}