{"id":42,"date":"2025-11-28T10:10:54","date_gmt":"2025-11-28T09:10:54","guid":{"rendered":"https:\/\/lpctour.buchon.fr\/2025\/td\/julie\/?page_id=42"},"modified":"2026-01-09T16:15:33","modified_gmt":"2026-01-09T15:15:33","slug":"informations-pratiques","status":"publish","type":"page","link":"https:\/\/lpctour.fr\/2025\/td\/julie\/informations-pratiques\/","title":{"rendered":"Informations pratiques"},"content":{"rendered":"<p style=\"text-align: center;\"><span class=\"wixui-rich-text__text\" style=\"font-family: arial, helvetica, sans-serif; color: #000000; font-size: 14pt;\">Ici, vous trouverez tous les conseils et informations pratiques qu&rsquo;il vous faut savoir pour pr\u00e9parer votre voyage au P\u00e9rou. Des formalit\u00e9s administratives aux conseils sur la monnaie locale, en passant par le climat, chaque page est con\u00e7ue pour r\u00e9pondre \u00e0 vos questions essentielles pour vous aider \u00e0 voyager sereinement.<\/span><\/p>\n<p style=\"text-align: center;\"><span style=\"font-size: 14pt;\"><strong><span style=\"color: #ff3636; font-family: arial, helvetica, sans-serif;\"><span style=\"font-size: 18pt;\">Formalit\u00e9s administratives<\/span><\/span><\/strong><\/span><span style=\"font-size: 14pt;\"><strong><span style=\"color: #ff3636; font-family: arial, helvetica, sans-serif;\"><span style=\"font-size: 18pt;\"> et sanitaires<\/span><\/span><\/strong><\/span><\/p>\n<p><img loading=\"lazy\" decoding=\"async\" class=\" wp-image-249 aligncenter\" src=\"https:\/\/lpctour.fr\/2025\/td\/julie\/wp-content\/uploads\/2026\/01\/documents-administratifs-300x175.jpg\" alt=\"\" width=\"421\" height=\"246\" srcset=\"https:\/\/lpctour.fr\/2025\/td\/julie\/wp-content\/uploads\/2026\/01\/documents-administratifs-300x175.jpg 300w, https:\/\/lpctour.fr\/2025\/td\/julie\/wp-content\/uploads\/2026\/01\/documents-administratifs.jpg 603w\" sizes=\"auto, (max-width: 421px) 100vw, 421px\" \/><\/p>\n<p style=\"text-align: center;\"><span style=\"font-family: arial, helvetica, sans-serif; color: #000000;\">Pour voyager en toute s\u00e9r\u00e9nit\u00e9, pensez \u00e0 consulter les recommandations officielles et \u00e0 pr\u00e9parer vos documents avant le d\u00e9part. <a href=\"https:\/\/lpctour.fr\/2025\/td\/julie\/2026\/01\/07\/formalites-administratives-et-sanitaires\/\"><strong><span style=\"color: #3b28e0;\">En savoir plus&#8230;<\/span><\/strong><\/a><\/span><\/p>\n<p>&nbsp;<\/p>\n<p style=\"text-align: center;\"><span style=\"color: #ff3636;\"><strong><span style=\"font-size: 18pt; font-family: arial, helvetica, sans-serif;\">\u00a0Climat<\/span><\/strong><\/span><span style=\"font-size: 14pt;\"><strong><span style=\"color: #ff3636; font-family: arial, helvetica, sans-serif;\"><img loading=\"lazy\" decoding=\"async\" class=\"wp-image-251 aligncenter\" src=\"https:\/\/lpctour.fr\/2025\/td\/julie\/wp-content\/uploads\/2026\/01\/thermometre-300x180.jpg\" alt=\"\" width=\"424\" height=\"255\" srcset=\"https:\/\/lpctour.fr\/2025\/td\/julie\/wp-content\/uploads\/2026\/01\/thermometre-300x180.jpg 300w, https:\/\/lpctour.fr\/2025\/td\/julie\/wp-content\/uploads\/2026\/01\/thermometre-768x461.jpg 768w, https:\/\/lpctour.fr\/2025\/td\/julie\/wp-content\/uploads\/2026\/01\/thermometre.jpg 780w\" sizes=\"auto, (max-width: 424px) 100vw, 424px\" \/><\/span><\/strong><\/span><\/p>\n<p style=\"text-align: center;\"><span style=\"font-family: arial, helvetica, sans-serif; color: #000000;\">Le climat du P\u00e9rou est particulier et varie fortement selon les r\u00e9gions. D\u00e9couvre mon article pour mieux comprendre en cliquant <a href=\"https:\/\/lpctour.fr\/2025\/td\/julie\/2026\/01\/07\/climat\/\"><span style=\"color: #3b28e0;\"><strong>ici.\u00a0<\/strong><\/span><\/a><\/span><\/p>\n<p>&nbsp;<\/p>\n<p style=\"text-align: center;\"><span style=\"color: #ff3636;\"><strong><span style=\"font-family: arial, helvetica, sans-serif; font-size: 18pt;\">Monnaie\u00a0<\/span><\/strong><\/span><\/p>\n<p><img loading=\"lazy\" decoding=\"async\" class=\"aligncenter wp-image-250\" src=\"https:\/\/lpctour.fr\/2025\/td\/julie\/wp-content\/uploads\/2026\/01\/monnaie-perou-300x200.jpg\" alt=\"\" width=\"433\" height=\"288\" srcset=\"https:\/\/lpctour.fr\/2025\/td\/julie\/wp-content\/uploads\/2026\/01\/monnaie-perou-300x200.jpg 300w, https:\/\/lpctour.fr\/2025\/td\/julie\/wp-content\/uploads\/2026\/01\/monnaie-perou-1024x682.jpg 1024w, https:\/\/lpctour.fr\/2025\/td\/julie\/wp-content\/uploads\/2026\/01\/monnaie-perou-768x512.jpg 768w, https:\/\/lpctour.fr\/2025\/td\/julie\/wp-content\/uploads\/2026\/01\/monnaie-perou-1536x1024.jpg 1536w, https:\/\/lpctour.fr\/2025\/td\/julie\/wp-content\/uploads\/2026\/01\/monnaie-perou-2048x1365.jpg 2048w\" sizes=\"auto, (max-width: 433px) 100vw, 433px\" \/><\/p>\n<p style=\"text-align: center;\"><span style=\"font-family: arial, helvetica, sans-serif; color: #000000;\">La monnaie du P\u00e9rou est particuli\u00e8re et m\u00e9rite d&rsquo;\u00eatre comprise avant de voyager. D\u00e9couvre notre article d\u00e9di\u00e9 en cliquant <a href=\"https:\/\/lpctour.fr\/2025\/td\/julie\/2026\/01\/07\/monnaie\/\"><span style=\"color: #3b28e0;\"><strong>ici.<\/strong><\/span><\/a><\/span><\/p>\n<p>&nbsp;<\/p>\n","protected":false},"excerpt":{"rendered":"<p>Ici, vous trouverez tous les conseils et informations pratiques qu&rsquo;il vous faut savoir pour pr\u00e9parer votre voyage au P\u00e9rou. Des formalit\u00e9s administratives aux conseils sur la monnaie locale, en passant par le climat, chaque page est con\u00e7ue pour r\u00e9pondre \u00e0 vos questions essentielles pour vous aider \u00e0 voyager sereinement. Formalit\u00e9s administratives et sanitaires Pour voyager &#8230; <span class=\"more\"><a class=\"more-link\" href=\"https:\/\/lpctour.fr\/2025\/td\/julie\/informations-pratiques\/\">[Read more&#8230;]<\/a><\/span><\/p>\n","protected":false},"author":1,"featured_media":392,"parent":0,"menu_order":0,"comment_status":"closed","ping_status":"closed","template":"","meta":{"footnotes":""},"class_list":{"0":"entry","1":"page","2":"publish","3":"author-julie_merlier","4":"post-42","6":"has-post-thumbnail"},"_links":{"self":[{"href":"https:\/\/lpctour.fr\/2025\/td\/julie\/wp-json\/wp\/v2\/pages\/42","targetHints":{"allow":["GET"]}}],"collection":[{"href":"https:\/\/lpctour.fr\/2025\/td\/julie\/wp-json\/wp\/v2\/pages"}],"about":[{"href":"https:\/\/lpctour.fr\/2025\/td\/julie\/wp-json\/wp\/v2\/types\/page"}],"author":[{"embeddable":true,"href":"https:\/\/lpctour.fr\/2025\/td\/julie\/wp-json\/wp\/v2\/users\/1"}],"replies":[{"embeddable":true,"href":"https:\/\/lpctour.fr\/2025\/td\/julie\/wp-json\/wp\/v2\/comments?post=42"}],"version-history":[{"count":17,"href":"https:\/\/lpctour.fr\/2025\/td\/julie\/wp-json\/wp\/v2\/pages\/42\/revisions"}],"predecessor-version":[{"id":338,"href":"https:\/\/lpctour.fr\/2025\/td\/julie\/wp-json\/wp\/v2\/pages\/42\/revisions\/338"}],"wp:featuredmedia":[{"embeddable":true,"href":"https:\/\/lpctour.fr\/2025\/td\/julie\/wp-json\/wp\/v2\/media\/392"}],"wp:attachment":[{"href":"https:\/\/lpctour.fr\/2025\/td\/julie\/wp-json\/wp\/v2\/media?parent=42"}],"curies":[{"name":"wp","href":"https:\/\/api.w.org\/{rel}","templated":true}]}}