{"id":46,"date":"2025-11-28T10:11:22","date_gmt":"2025-11-28T09:11:22","guid":{"rendered":"https:\/\/lpctour.buchon.fr\/2025\/td\/julie\/?page_id=46"},"modified":"2026-01-09T22:10:25","modified_gmt":"2026-01-09T21:10:25","slug":"que-faire","status":"publish","type":"page","link":"https:\/\/lpctour.fr\/2025\/td\/julie\/que-faire\/","title":{"rendered":"Incontournables"},"content":{"rendered":"<p><img loading=\"lazy\" decoding=\"async\" class=\"aligncenter wp-image-444\" src=\"https:\/\/lpctour.fr\/2025\/td\/julie\/wp-content\/uploads\/2026\/01\/Alpaca_natural_colors-300x200.webp\" alt=\"\" width=\"390\" height=\"260\" srcset=\"https:\/\/lpctour.fr\/2025\/td\/julie\/wp-content\/uploads\/2026\/01\/Alpaca_natural_colors-300x200.webp 300w, https:\/\/lpctour.fr\/2025\/td\/julie\/wp-content\/uploads\/2026\/01\/Alpaca_natural_colors-1024x683.webp 1024w, https:\/\/lpctour.fr\/2025\/td\/julie\/wp-content\/uploads\/2026\/01\/Alpaca_natural_colors-768x512.webp 768w, https:\/\/lpctour.fr\/2025\/td\/julie\/wp-content\/uploads\/2026\/01\/Alpaca_natural_colors.webp 1200w\" sizes=\"auto, (max-width: 390px) 100vw, 390px\" \/><\/p>\n<p style=\"text-align: center;\"><span style=\"font-family: arial, helvetica, sans-serif; font-size: 14pt; color: #000000;\">Le P\u00e9rou est une destination qui se vit autant qu&rsquo;elle se d\u00e9couvre. Des saveurs embl\u00e9matiques de sa gastronomie aux sites mythiques, chaque incontournable raconte l&rsquo;histoire du pays. Au P\u00e9rou, les coutumes se transmettent de g\u00e9n\u00e9ration en g\u00e9n\u00e9ration, les f\u00eates rythment la vie locale et l&rsquo;artisanat raconte l&rsquo;histoire des civilisations anciennes, offrant une immersion authentique au c\u0153ur de l&rsquo;\u00e2me p\u00e9ruvienne.\u00a0<\/span><\/p>\n<p style=\"text-align: center;\"><span style=\"color: #000000; font-family: arial, helvetica, sans-serif; font-size: 14pt;\">Si vous souhaitez en savoir plus sur la gastronomie p\u00e9ruvienne, les lieux embl\u00e9matiques et les traditions locales, d\u00e9couvrez mes articles d\u00e9di\u00e9s et laissez-vous guider.<\/span><\/p>\n<table style=\"height: 204px; width: 100.396%; border-collapse: collapse; border-style: dashed; border-color: #000000;\">\n<tbody>\n<tr style=\"border-style: solid; border-color: #000000;\">\n<td style=\"width: 33.0261%; height: 58px; text-align: center; border-style: solid; border-color: #000000;\"><span style=\"font-size: 14pt; color: #ff3636;\"><strong><span style=\"font-family: arial, helvetica, sans-serif;\">Explorez les lieux embl\u00e9matiques<\/span><\/strong><\/span><\/td>\n<td style=\"width: 33.5525%; height: 58px; border-style: solid; border-color: #000000; text-align: center;\"><span style=\"color: #ff3636;\"><strong><span style=\"font-size: 14pt; font-family: arial, helvetica, sans-serif;\">D\u00e9couvrez la gastronomie<\/span><\/strong><\/span><\/td>\n<td style=\"width: 33.2893%; height: 58px; border-style: solid; border-color: #000000; text-align: center;\"><span style=\"color: #ff3636;\"><strong><span style=\"font-size: 14pt; font-family: arial, helvetica, sans-serif;\">Vivez les traditions p\u00e9ruviennes<\/span><\/strong><\/span><\/td>\n<\/tr>\n<tr style=\"border-style: solid; border-color: #000000;\">\n<td style=\"width: 33.0261%; height: 117px; border-style: solid; border-color: #000000;\"><img loading=\"lazy\" decoding=\"async\" class=\"aligncenter wp-image-441\" src=\"https:\/\/lpctour.fr\/2025\/td\/julie\/wp-content\/uploads\/2026\/01\/arequipa-300x176.jpg\" alt=\"\" width=\"236\" height=\"138\" srcset=\"https:\/\/lpctour.fr\/2025\/td\/julie\/wp-content\/uploads\/2026\/01\/arequipa-300x176.jpg 300w, https:\/\/lpctour.fr\/2025\/td\/julie\/wp-content\/uploads\/2026\/01\/arequipa-1024x599.jpg 1024w, https:\/\/lpctour.fr\/2025\/td\/julie\/wp-content\/uploads\/2026\/01\/arequipa-768x449.jpg 768w, https:\/\/lpctour.fr\/2025\/td\/julie\/wp-content\/uploads\/2026\/01\/arequipa.jpg 1350w\" sizes=\"auto, (max-width: 236px) 100vw, 236px\" \/><\/td>\n<td style=\"width: 33.5525%; height: 117px; border-style: solid; border-color: #000000;\"><img loading=\"lazy\" decoding=\"async\" class=\"aligncenter wp-image-443\" src=\"https:\/\/lpctour.fr\/2025\/td\/julie\/wp-content\/uploads\/2026\/01\/gastronomia-peruana-platos-tipicos.desktop-300x169.jpg\" alt=\"\" width=\"237\" height=\"134\" srcset=\"https:\/\/lpctour.fr\/2025\/td\/julie\/wp-content\/uploads\/2026\/01\/gastronomia-peruana-platos-tipicos.desktop-300x169.jpg 300w, https:\/\/lpctour.fr\/2025\/td\/julie\/wp-content\/uploads\/2026\/01\/gastronomia-peruana-platos-tipicos.desktop-1024x576.jpg 1024w, https:\/\/lpctour.fr\/2025\/td\/julie\/wp-content\/uploads\/2026\/01\/gastronomia-peruana-platos-tipicos.desktop-768x432.jpg 768w, https:\/\/lpctour.fr\/2025\/td\/julie\/wp-content\/uploads\/2026\/01\/gastronomia-peruana-platos-tipicos.desktop-1536x864.jpg 1536w, https:\/\/lpctour.fr\/2025\/td\/julie\/wp-content\/uploads\/2026\/01\/gastronomia-peruana-platos-tipicos.desktop.jpg 1920w\" sizes=\"auto, (max-width: 237px) 100vw, 237px\" \/><\/td>\n<td style=\"width: 33.2893%; height: 117px; border-style: solid; border-color: #000000;\"><img loading=\"lazy\" decoding=\"async\" class=\"aligncenter wp-image-442\" src=\"https:\/\/lpctour.fr\/2025\/td\/julie\/wp-content\/uploads\/2026\/01\/traditions-culturelles-300x225.jpg\" alt=\"\" width=\"199\" height=\"149\" srcset=\"https:\/\/lpctour.fr\/2025\/td\/julie\/wp-content\/uploads\/2026\/01\/traditions-culturelles-300x225.jpg 300w, https:\/\/lpctour.fr\/2025\/td\/julie\/wp-content\/uploads\/2026\/01\/traditions-culturelles-1024x768.jpg 1024w, https:\/\/lpctour.fr\/2025\/td\/julie\/wp-content\/uploads\/2026\/01\/traditions-culturelles-768x576.jpg 768w, https:\/\/lpctour.fr\/2025\/td\/julie\/wp-content\/uploads\/2026\/01\/traditions-culturelles-1536x1152.jpg 1536w, https:\/\/lpctour.fr\/2025\/td\/julie\/wp-content\/uploads\/2026\/01\/traditions-culturelles.jpg 1920w\" sizes=\"auto, (max-width: 199px) 100vw, 199px\" \/><\/td>\n<\/tr>\n<tr style=\"border-style: solid; border-color: #000000;\">\n<td style=\"width: 33.0261%; height: 29px; text-align: center; border-style: solid; border-color: #000000;\"><a href=\"https:\/\/lpctour.fr\/2025\/td\/julie\/2026\/01\/09\/lieux-emblematiques\/\"><span style=\"color: #3b28e0;\"><strong><span style=\"font-family: arial, helvetica, sans-serif;\"><span style=\"font-size: 14pt;\">En savoir plus<\/span><\/span><\/strong><\/span><\/a><\/td>\n<td style=\"width: 33.5525%; height: 29px; text-align: center; border-style: solid; border-color: #000000;\"><a href=\"https:\/\/lpctour.fr\/2025\/td\/julie\/2026\/01\/09\/gastronomie\/\"><span style=\"color: #3b28e0; font-family: arial, helvetica, sans-serif;\"><strong><span style=\"font-size: 14pt;\">En savoir plus<\/span><\/strong><\/span><\/a><\/td>\n<td style=\"width: 33.2893%; height: 29px; border-style: solid; border-color: #000000; text-align: center;\"><a href=\"https:\/\/lpctour.fr\/2025\/td\/julie\/2026\/01\/09\/traditions-culturelles\/\"><span style=\"color: #3b28e0; font-family: arial, helvetica, sans-serif;\"><strong><span style=\"font-size: 14pt;\">En savoir plus<\/span><\/strong><\/span><\/a><\/td>\n<\/tr>\n<\/tbody>\n<\/table>\n<p>&nbsp;<\/p>\n","protected":false},"excerpt":{"rendered":"<p>Le P\u00e9rou est une destination qui se vit autant qu&rsquo;elle se d\u00e9couvre. Des saveurs embl\u00e9matiques de sa gastronomie aux sites mythiques, chaque incontournable raconte l&rsquo;histoire du pays. Au P\u00e9rou, les coutumes se transmettent de g\u00e9n\u00e9ration en g\u00e9n\u00e9ration, les f\u00eates rythment la vie locale et l&rsquo;artisanat raconte l&rsquo;histoire des civilisations anciennes, offrant une immersion authentique au &#8230; <span class=\"more\"><a class=\"more-link\" href=\"https:\/\/lpctour.fr\/2025\/td\/julie\/que-faire\/\">[Read more&#8230;]<\/a><\/span><\/p>\n","protected":false},"author":1,"featured_media":412,"parent":0,"menu_order":0,"comment_status":"closed","ping_status":"closed","template":"","meta":{"footnotes":""},"class_list":{"0":"entry","1":"page","2":"publish","3":"author-julie_merlier","4":"post-46","6":"has-post-thumbnail"},"_links":{"self":[{"href":"https:\/\/lpctour.fr\/2025\/td\/julie\/wp-json\/wp\/v2\/pages\/46","targetHints":{"allow":["GET"]}}],"collection":[{"href":"https:\/\/lpctour.fr\/2025\/td\/julie\/wp-json\/wp\/v2\/pages"}],"about":[{"href":"https:\/\/lpctour.fr\/2025\/td\/julie\/wp-json\/wp\/v2\/types\/page"}],"author":[{"embeddable":true,"href":"https:\/\/lpctour.fr\/2025\/td\/julie\/wp-json\/wp\/v2\/users\/1"}],"replies":[{"embeddable":true,"href":"https:\/\/lpctour.fr\/2025\/td\/julie\/wp-json\/wp\/v2\/comments?post=46"}],"version-history":[{"count":15,"href":"https:\/\/lpctour.fr\/2025\/td\/julie\/wp-json\/wp\/v2\/pages\/46\/revisions"}],"predecessor-version":[{"id":482,"href":"https:\/\/lpctour.fr\/2025\/td\/julie\/wp-json\/wp\/v2\/pages\/46\/revisions\/482"}],"wp:featuredmedia":[{"embeddable":true,"href":"https:\/\/lpctour.fr\/2025\/td\/julie\/wp-json\/wp\/v2\/media\/412"}],"wp:attachment":[{"href":"https:\/\/lpctour.fr\/2025\/td\/julie\/wp-json\/wp\/v2\/media?parent=46"}],"curies":[{"name":"wp","href":"https:\/\/api.w.org\/{rel}","templated":true}]}}