{"id":130,"date":"2026-01-09T10:06:18","date_gmt":"2026-01-09T09:06:18","guid":{"rendered":"https:\/\/lpctour.fr\/2025\/td\/lisa\/?page_id=130"},"modified":"2026-01-09T10:20:35","modified_gmt":"2026-01-09T09:20:35","slug":"accueil","status":"publish","type":"page","link":"https:\/\/lpctour.fr\/2025\/td\/lisa\/","title":{"rendered":"Accueil"},"content":{"rendered":"<h2 data-start=\"135\" data-end=\"150\"><span style=\"color: #ff99cc;\"><strong data-start=\"138\" data-end=\"150\">Solencia<\/strong><\/span><\/h2>\n<h3 data-start=\"151\" data-end=\"177\"><span style=\"color: #ff99cc;\"><em data-start=\"155\" data-end=\"177\">L\u2019\u00e9vasion r\u00e9invent\u00e9e<\/em><\/span><\/h3>\n<p data-start=\"179\" data-end=\"245\">Voyages sur-mesure d\u2019exception, con\u00e7us avec \u00e9l\u00e9gance et pr\u00e9cision.<\/p>\n<hr data-start=\"247\" data-end=\"250\" \/>\n<p data-start=\"252\" data-end=\"331\"><strong data-start=\"252\" data-end=\"275\">Destinations rares.<\/strong><br data-start=\"275\" data-end=\"278\" \/><strong data-start=\"278\" data-end=\"305\">Exp\u00e9riences exclusives.<\/strong><br data-start=\"305\" data-end=\"308\" \/><strong data-start=\"308\" data-end=\"331\">Service sur-mesure.<\/strong><\/p>\n<hr data-start=\"333\" data-end=\"336\" \/>\n<p data-start=\"338\" data-end=\"469\">Chez Solencia, chaque voyage est une cr\u00e9ation unique, pens\u00e9e pour celles et ceux qui recherchent le luxe discret et l\u2019authenticit\u00e9.<\/p>\n","protected":false},"excerpt":{"rendered":"<p>Solencia L\u2019\u00e9vasion r\u00e9invent\u00e9e Voyages sur-mesure d\u2019exception, con\u00e7us avec \u00e9l\u00e9gance et pr\u00e9cision. Destinations rares.Exp\u00e9riences exclusives.Service sur-mesure. Chez Solencia, chaque voyage est une cr\u00e9ation unique, pens\u00e9e pour celles et ceux qui recherchent le luxe discret et l\u2019authenticit\u00e9.<\/p>\n","protected":false},"author":1,"featured_media":126,"parent":0,"menu_order":1,"comment_status":"closed","ping_status":"closed","template":"","meta":{"footnotes":""},"class_list":["post-130","page","type-page","status-publish","has-post-thumbnail","hentry"],"_links":{"self":[{"href":"https:\/\/lpctour.fr\/2025\/td\/lisa\/wp-json\/wp\/v2\/pages\/130","targetHints":{"allow":["GET"]}}],"collection":[{"href":"https:\/\/lpctour.fr\/2025\/td\/lisa\/wp-json\/wp\/v2\/pages"}],"about":[{"href":"https:\/\/lpctour.fr\/2025\/td\/lisa\/wp-json\/wp\/v2\/types\/page"}],"author":[{"embeddable":true,"href":"https:\/\/lpctour.fr\/2025\/td\/lisa\/wp-json\/wp\/v2\/users\/1"}],"replies":[{"embeddable":true,"href":"https:\/\/lpctour.fr\/2025\/td\/lisa\/wp-json\/wp\/v2\/comments?post=130"}],"version-history":[{"count":1,"href":"https:\/\/lpctour.fr\/2025\/td\/lisa\/wp-json\/wp\/v2\/pages\/130\/revisions"}],"predecessor-version":[{"id":131,"href":"https:\/\/lpctour.fr\/2025\/td\/lisa\/wp-json\/wp\/v2\/pages\/130\/revisions\/131"}],"wp:featuredmedia":[{"embeddable":true,"href":"https:\/\/lpctour.fr\/2025\/td\/lisa\/wp-json\/wp\/v2\/media\/126"}],"wp:attachment":[{"href":"https:\/\/lpctour.fr\/2025\/td\/lisa\/wp-json\/wp\/v2\/media?parent=130"}],"curies":[{"name":"wp","href":"https:\/\/api.w.org\/{rel}","templated":true}]}}