{"id":141,"date":"2026-01-09T10:26:58","date_gmt":"2026-01-09T09:26:58","guid":{"rendered":"https:\/\/lpctour.fr\/2025\/td\/lisa\/?page_id=141"},"modified":"2026-01-09T10:27:28","modified_gmt":"2026-01-09T09:27:28","slug":"contactez-nous-%e2%98%8e%ef%b8%8f","status":"publish","type":"page","link":"https:\/\/lpctour.fr\/2025\/td\/lisa\/contactez-nous-%e2%98%8e%ef%b8%8f\/","title":{"rendered":"Contactez nous \u260e\ufe0f"},"content":{"rendered":"<h2 data-start=\"157\" data-end=\"182\"><span style=\"color: #ff99cc;\"><strong data-start=\"160\" data-end=\"182\">Contactez Solencia<\/strong><\/span><\/h2>\n<p data-start=\"184\" data-end=\"404\"><span style=\"color: #ff99cc;\">Chaque voyage commence par une conversation.<\/span><br data-start=\"228\" data-end=\"231\" \/><span style=\"color: #ff99cc;\">Partagez avec nous vos envies, vos inspirations et vos attentes \u2014 notre \u00e9quipe se chargera de transformer votre projet en une exp\u00e9rience d\u2019exception, enti\u00e8rement sur mesure.<\/span><\/p>\n<p data-start=\"406\" data-end=\"588\"><span style=\"color: #ff99cc;\">Remplissez le formulaire ci-dessous et laissez-vous guider.<\/span><\/p>\n<p data-start=\"406\" data-end=\"588\">\n<div class=\"wpcf7 no-js\" id=\"wpcf7-f109-o1\" lang=\"fr-FR\" dir=\"ltr\" data-wpcf7-id=\"109\">\n<div class=\"screen-reader-response\"><p role=\"status\" aria-live=\"polite\" aria-atomic=\"true\"><\/p> <ul><\/ul><\/div>\n<form action=\"\/2025\/td\/lisa\/wp-json\/wp\/v2\/pages\/141#wpcf7-f109-o1\" method=\"post\" class=\"wpcf7-form init\" aria-label=\"Formulaire de contact\" novalidate=\"novalidate\" data-status=\"init\">\n<fieldset class=\"hidden-fields-container\"><input type=\"hidden\" name=\"_wpcf7\" value=\"109\" \/><input type=\"hidden\" name=\"_wpcf7_version\" value=\"6.1.4\" \/><input type=\"hidden\" name=\"_wpcf7_locale\" value=\"fr_FR\" \/><input type=\"hidden\" name=\"_wpcf7_unit_tag\" value=\"wpcf7-f109-o1\" \/><input type=\"hidden\" name=\"_wpcf7_container_post\" value=\"0\" \/><input type=\"hidden\" name=\"_wpcf7_posted_data_hash\" value=\"\" \/>\n<\/fieldset>\n<p><label> Votre nom<br \/>\n<span class=\"wpcf7-form-control-wrap\" data-name=\"your-name\"><input size=\"40\" maxlength=\"400\" class=\"wpcf7-form-control wpcf7-text wpcf7-validates-as-required\" autocomplete=\"name\" aria-required=\"true\" aria-invalid=\"false\" value=\"\" type=\"text\" name=\"your-name\" \/><\/span> <\/label>\n<\/p>\n<p><label> Votre e-mail<br \/>\n<span class=\"wpcf7-form-control-wrap\" data-name=\"your-email\"><input size=\"40\" maxlength=\"400\" class=\"wpcf7-form-control wpcf7-email wpcf7-validates-as-required wpcf7-text wpcf7-validates-as-email\" autocomplete=\"email\" aria-required=\"true\" aria-invalid=\"false\" value=\"\" type=\"email\" name=\"your-email\" \/><\/span> <\/label>\n<\/p>\n<p><label> Objet<br \/>\n<span class=\"wpcf7-form-control-wrap\" data-name=\"your-subject\"><input size=\"40\" maxlength=\"400\" class=\"wpcf7-form-control wpcf7-text wpcf7-validates-as-required\" aria-required=\"true\" aria-invalid=\"false\" value=\"\" type=\"text\" name=\"your-subject\" \/><\/span> <\/label>\n<\/p>\n<p><label> Votre message (facultatif)<br \/>\n<span class=\"wpcf7-form-control-wrap\" data-name=\"your-message\"><textarea cols=\"40\" rows=\"10\" maxlength=\"2000\" class=\"wpcf7-form-control wpcf7-textarea\" aria-invalid=\"false\" name=\"your-message\"><\/textarea><\/span> <\/label>\n<\/p>\n<p><input class=\"wpcf7-form-control wpcf7-submit has-spinner\" type=\"submit\" value=\"Envoyer\" \/>\n<\/p><p style=\"display: none !important;\"><label>&#916;<textarea name=\"_wpcf7_ak_hp_textarea\" cols=\"45\" rows=\"8\" maxlength=\"100\"><\/textarea><\/label><input type=\"hidden\" id=\"ak_js_1\" name=\"_wpcf7_ak_js\" value=\"63\"\/><script>document.getElementById( \"ak_js_1\" ).setAttribute( \"value\", ( new Date() ).getTime() );<\/script><\/p><div class=\"wpcf7-response-output\" aria-hidden=\"true\"><\/div>\n<\/form>\n<\/div>\n<\/p>\n<p data-start=\"406\" data-end=\"588\"><br data-start=\"465\" data-end=\"468\" \/><span style=\"color: #ff99cc;\">Un conseiller Solencia vous contactera dans les plus brefs d\u00e9lais pour imaginer, ensemble, le voyage qui vous ressemble.<\/span><\/p>\n<p data-start=\"590\" data-end=\"626\"><span style=\"color: #ff99cc;\"><strong data-start=\"590\" data-end=\"626\">Solencia \u2014 L\u2019\u00e9vasion r\u00e9invent\u00e9e.<\/strong><\/span><\/p>\n","protected":false},"excerpt":{"rendered":"<p>Contactez Solencia Chaque voyage commence par une conversation.Partagez avec nous vos envies, vos inspirations et vos attentes \u2014 notre \u00e9quipe se chargera de transformer votre projet en une exp\u00e9rience d\u2019exception, enti\u00e8rement sur mesure. Remplissez le formulaire ci-dessous et laissez-vous guider. Un conseiller Solencia vous contactera dans les plus brefs d\u00e9lais pour imaginer, ensemble, le voyage qui vous ressemble. Solencia \u2014 L\u2019\u00e9vasion r\u00e9invent\u00e9e.<\/p>\n","protected":false},"author":1,"featured_media":0,"parent":0,"menu_order":0,"comment_status":"closed","ping_status":"closed","template":"","meta":{"footnotes":""},"class_list":["post-141","page","type-page","status-publish","hentry"],"_links":{"self":[{"href":"https:\/\/lpctour.fr\/2025\/td\/lisa\/wp-json\/wp\/v2\/pages\/141","targetHints":{"allow":["GET"]}}],"collection":[{"href":"https:\/\/lpctour.fr\/2025\/td\/lisa\/wp-json\/wp\/v2\/pages"}],"about":[{"href":"https:\/\/lpctour.fr\/2025\/td\/lisa\/wp-json\/wp\/v2\/types\/page"}],"author":[{"embeddable":true,"href":"https:\/\/lpctour.fr\/2025\/td\/lisa\/wp-json\/wp\/v2\/users\/1"}],"replies":[{"embeddable":true,"href":"https:\/\/lpctour.fr\/2025\/td\/lisa\/wp-json\/wp\/v2\/comments?post=141"}],"version-history":[{"count":2,"href":"https:\/\/lpctour.fr\/2025\/td\/lisa\/wp-json\/wp\/v2\/pages\/141\/revisions"}],"predecessor-version":[{"id":143,"href":"https:\/\/lpctour.fr\/2025\/td\/lisa\/wp-json\/wp\/v2\/pages\/141\/revisions\/143"}],"wp:attachment":[{"href":"https:\/\/lpctour.fr\/2025\/td\/lisa\/wp-json\/wp\/v2\/media?parent=141"}],"curies":[{"name":"wp","href":"https:\/\/api.w.org\/{rel}","templated":true}]}}