{"id":53,"date":"2025-12-12T09:26:25","date_gmt":"2025-12-12T08:26:25","guid":{"rendered":"https:\/\/lpctour.buchon.fr\/2025\/td\/manon\/?page_id=53"},"modified":"2025-12-19T10:58:55","modified_gmt":"2025-12-19T09:58:55","slug":"piscine-spa","status":"publish","type":"page","link":"https:\/\/lpctour.fr\/2025\/td\/manon\/piscine-spa\/","title":{"rendered":""},"content":{"rendered":"<h1><span style=\"color: #99cc00;\">Piscine &amp; Spa<\/span><\/h1>\n<h3><span style=\"color: #99cc00;\">Un espace bien-\u00eatre &amp; spa pour se d\u00e9tendre<\/span><\/h3>\n<p>Peu de lieux offrent un cadre id\u00e9alement con\u00e7u pour vous inviter au ressourcement et aux sensations de pl\u00e9nitude. Notre espace bien-\u00eatre &amp; spa avec piscine, jacuzzi, hammam, sauna &amp; salle de fitness vous permettra de vous relaxer en profondeur.<\/p>\n<h3><span style=\"color: #99cc00;\">Ouvert \u00e0 la client\u00e8le ext\u00e9rieure a l&rsquo;h\u00f4tel !<\/span><\/h3>\n<p>D\u00e9couvrez notre carte des soins, \u00e9labor\u00e9e en partenariat avec Thalgo, leader mondial de la cosm\u00e9tique marine.<br \/>\nOffrez-vous un moment de bien-\u00eatre &amp; relaxation\u2026<\/p>\n<p><strong><u>Vous ne s\u00e9journez pas au sein de notre h\u00f4tel\u00a0?<\/u><\/strong><br \/>\nL\u2019achat d\u2019un soin vous offre 30 minutes d\u2019acc\u00e8s \u00e0 notre espace bien-\u00eatre. (Piscine, sauna, bain \u00e0 remous).<\/p>\n<p><strong><u>Vous souhaitez faire durer le plaisir\u00a0?<\/u><\/strong><br \/>\nD\u00e9couvrez nos forfaits\u2026 Vous b\u00e9n\u00e9ficierez d\u2019un soin adapt\u00e9 \u00e0 vos besoins et d\u2019un acc\u00e8s de 2 heures dans notre espace bien-\u00eatre. (Piscine, sauna, bain \u00e0 remous).<\/p>\n<div class=\"ccm-custom-style-container ccm-custom-style-intro-1268 uk-margin-large-bottom\">\n<div id=\"coteo-block-button-cid196-20250828-103855\" class=\" coteo-block-button coteo-block-button--cid196-20250828-103855 coteo-block-button--color-mode-default c-default-mode coteo-block-button--one-column coteo-block-button--justify-start coteo-block-button--padding-none coteo-block-button--width-default\">\n<h3><\/h3>\n<h3><span style=\"color: #99cc00;\">Piscine<\/span><\/h3>\n<h3><img loading=\"lazy\" decoding=\"async\" class=\"alignnone size-medium wp-image-129\" src=\"https:\/\/lpctour.buchon.fr\/2025\/td\/manon\/wp-content\/uploads\/2025\/12\/Capture-decran-2025-12-12-a-11.45.31-300x212.png\" alt=\"\" width=\"300\" height=\"212\" srcset=\"https:\/\/lpctour.fr\/2025\/td\/manon\/wp-content\/uploads\/2025\/12\/Capture-decran-2025-12-12-a-11.45.31-300x212.png 300w, https:\/\/lpctour.fr\/2025\/td\/manon\/wp-content\/uploads\/2025\/12\/Capture-decran-2025-12-12-a-11.45.31-1024x723.png 1024w, https:\/\/lpctour.fr\/2025\/td\/manon\/wp-content\/uploads\/2025\/12\/Capture-decran-2025-12-12-a-11.45.31-768x542.png 768w, https:\/\/lpctour.fr\/2025\/td\/manon\/wp-content\/uploads\/2025\/12\/Capture-decran-2025-12-12-a-11.45.31-1536x1085.png 1536w, https:\/\/lpctour.fr\/2025\/td\/manon\/wp-content\/uploads\/2025\/12\/Capture-decran-2025-12-12-a-11.45.31-2048x1447.png 2048w\" sizes=\"auto, (max-width: 300px) 100vw, 300px\" \/><\/h3>\n<h3><span style=\"color: #99cc00;\">Un retour aux sources<\/span><\/h3>\n<p>Se relaxer, se ressourcer, d\u00e9stresser\u2026 vous aurez tout le loisir pendant votre s\u00e9jour \u00e0 l\u2019Escale de profiter des espaces d\u00e9di\u00e9s \u00e0 la d\u00e9tente et au bien-\u00eatre. Apr\u00e8s l\u2019effort, le r\u00e9confort de notre piscine int\u00e9rieure chauff\u00e9e toute l\u2019ann\u00e9e.<\/p>\n<p>Profitez du soleil et de la vue sur le Cap Blanc Nez depuis les chaises longues de la plage int\u00e9rieure ou de la terrasse ext\u00e9rieure.<\/p>\n<p><strong>Horaires d&rsquo;ouverture :<\/strong> de 9h \u00e0 20h<\/p>\n<\/div>\n<\/div>\n<h3><span style=\"color: #99cc00;\">Jacuzzi<\/span><\/h3>\n<p><img loading=\"lazy\" decoding=\"async\" class=\"alignnone size-medium wp-image-132\" src=\"https:\/\/lpctour.buchon.fr\/2025\/td\/manon\/wp-content\/uploads\/2025\/12\/Capture-decran-2025-12-12-a-11.48.45-300x196.png\" alt=\"\" width=\"300\" height=\"196\" srcset=\"https:\/\/lpctour.fr\/2025\/td\/manon\/wp-content\/uploads\/2025\/12\/Capture-decran-2025-12-12-a-11.48.45-300x196.png 300w, https:\/\/lpctour.fr\/2025\/td\/manon\/wp-content\/uploads\/2025\/12\/Capture-decran-2025-12-12-a-11.48.45-1024x668.png 1024w, https:\/\/lpctour.fr\/2025\/td\/manon\/wp-content\/uploads\/2025\/12\/Capture-decran-2025-12-12-a-11.48.45-768x501.png 768w, https:\/\/lpctour.fr\/2025\/td\/manon\/wp-content\/uploads\/2025\/12\/Capture-decran-2025-12-12-a-11.48.45-1536x1002.png 1536w, https:\/\/lpctour.fr\/2025\/td\/manon\/wp-content\/uploads\/2025\/12\/Capture-decran-2025-12-12-a-11.48.45.png 1772w\" sizes=\"auto, (max-width: 300px) 100vw, 300px\" \/><\/p>\n<h3><span style=\"color: #99cc00;\">La d\u00e9tente absolue<\/span><\/h3>\n<p>Notre bain \u00e0 bulles chauff\u00e9 \u00e0 35\u00b0 vous place comme en apesanteur. Les jets d\u2019hydromassage permettent la totale relaxation de votre corps et poursuivent leurs actions b\u00e9n\u00e9fiques jusqu\u2019\u00e0 apaiser vos articulations et tensions musculaires.<\/p>\n<p><i class=\"fa fa-clock-o uk-margin-small-right\"><\/i><strong>Horaires d&rsquo;ouverture :<\/strong> de 9h \u00e0 20h<\/p>\n<h3><span style=\"color: #99cc00;\">Hammam<\/span><\/h3>\n<h3><img loading=\"lazy\" decoding=\"async\" class=\"alignnone size-medium wp-image-134\" src=\"https:\/\/lpctour.buchon.fr\/2025\/td\/manon\/wp-content\/uploads\/2025\/12\/Capture-decran-2025-12-12-a-12.01.44-300x199.png\" alt=\"\" width=\"300\" height=\"199\" srcset=\"https:\/\/lpctour.fr\/2025\/td\/manon\/wp-content\/uploads\/2025\/12\/Capture-decran-2025-12-12-a-12.01.44-300x199.png 300w, https:\/\/lpctour.fr\/2025\/td\/manon\/wp-content\/uploads\/2025\/12\/Capture-decran-2025-12-12-a-12.01.44-1024x680.png 1024w, https:\/\/lpctour.fr\/2025\/td\/manon\/wp-content\/uploads\/2025\/12\/Capture-decran-2025-12-12-a-12.01.44-768x510.png 768w, https:\/\/lpctour.fr\/2025\/td\/manon\/wp-content\/uploads\/2025\/12\/Capture-decran-2025-12-12-a-12.01.44-1536x1020.png 1536w, https:\/\/lpctour.fr\/2025\/td\/manon\/wp-content\/uploads\/2025\/12\/Capture-decran-2025-12-12-a-12.01.44.png 1786w\" sizes=\"auto, (max-width: 300px) 100vw, 300px\" \/><\/h3>\n<h3><span style=\"color: #99cc00;\">Une exp\u00e9rience mill\u00e9naire<\/span><\/h3>\n<p>Ce bain de vapeur poss\u00e8de plusieurs vertus : le corps se d\u00e9tend sous l\u2019effet de cette chaleur douce, les voies respiratoires se d\u00e9gagent par l\u2019inhalation des vapeurs d\u2019eucalyptus et la circulation sanguine se voit stimul\u00e9e.<\/p>\n<p>L\u2019\u00e9limination des toxines et l\u2019oxyg\u00e9nation du corps participent \u00e0 une meilleure r\u00e9cup\u00e9ration, un sommeil am\u00e9lior\u00e9 et une peau plus belle, plus douce.<\/p>\n<p><strong>Horaires d&rsquo;ouverture : <\/strong>de 9h00 \u00e0 20h00<\/p>\n<h3><span style=\"color: #99cc00;\">Sauna<\/span><\/h3>\n<p><img loading=\"lazy\" decoding=\"async\" class=\"alignnone size-medium wp-image-135\" src=\"https:\/\/lpctour.buchon.fr\/2025\/td\/manon\/wp-content\/uploads\/2025\/12\/Capture-decran-2025-12-12-a-12.01.55-300x194.png\" alt=\"\" width=\"300\" height=\"194\" srcset=\"https:\/\/lpctour.fr\/2025\/td\/manon\/wp-content\/uploads\/2025\/12\/Capture-decran-2025-12-12-a-12.01.55-300x194.png 300w, https:\/\/lpctour.fr\/2025\/td\/manon\/wp-content\/uploads\/2025\/12\/Capture-decran-2025-12-12-a-12.01.55-1024x663.png 1024w, https:\/\/lpctour.fr\/2025\/td\/manon\/wp-content\/uploads\/2025\/12\/Capture-decran-2025-12-12-a-12.01.55-768x497.png 768w, https:\/\/lpctour.fr\/2025\/td\/manon\/wp-content\/uploads\/2025\/12\/Capture-decran-2025-12-12-a-12.01.55-1536x995.png 1536w, https:\/\/lpctour.fr\/2025\/td\/manon\/wp-content\/uploads\/2025\/12\/Capture-decran-2025-12-12-a-12.01.55.png 1776w\" sizes=\"auto, (max-width: 300px) 100vw, 300px\" \/><\/p>\n<h3><span style=\"color: #99cc00;\">Des vertus reconnues<\/span><\/h3>\n<p>Cette chaleur s\u00e8che intense venue de Scandinavie acc\u00e9l\u00e8re la sudation. La forte chaleur vous aide \u00e0 \u00e9vacuer les tensions musculaires, du stress et des tensions internes. Elle stimule \u00e9galement l\u2019\u00e9limination des impuret\u00e9s : votre peau devient plus souple, votre teint plus \u00e9clatant et renforce votre syst\u00e8me immunitaire.<\/p>\n<p><i class=\"fa fa-clock-o uk-margin-small-right\"><\/i><strong>Horaires d&rsquo;ouverture : <\/strong>de 9h00 \u00e0 20h00<\/p>\n<h3><span style=\"color: #99cc00;\">Massage bien-\u00eatre<\/span><\/h3>\n<p><img loading=\"lazy\" decoding=\"async\" class=\"alignnone size-medium wp-image-136\" src=\"https:\/\/lpctour.buchon.fr\/2025\/td\/manon\/wp-content\/uploads\/2025\/12\/Capture-decran-2025-12-12-a-12.02.06-300x199.png\" alt=\"\" width=\"300\" height=\"199\" srcset=\"https:\/\/lpctour.fr\/2025\/td\/manon\/wp-content\/uploads\/2025\/12\/Capture-decran-2025-12-12-a-12.02.06-300x199.png 300w, https:\/\/lpctour.fr\/2025\/td\/manon\/wp-content\/uploads\/2025\/12\/Capture-decran-2025-12-12-a-12.02.06-1024x681.png 1024w, https:\/\/lpctour.fr\/2025\/td\/manon\/wp-content\/uploads\/2025\/12\/Capture-decran-2025-12-12-a-12.02.06-768x511.png 768w, https:\/\/lpctour.fr\/2025\/td\/manon\/wp-content\/uploads\/2025\/12\/Capture-decran-2025-12-12-a-12.02.06-1536x1021.png 1536w, https:\/\/lpctour.fr\/2025\/td\/manon\/wp-content\/uploads\/2025\/12\/Capture-decran-2025-12-12-a-12.02.06.png 1778w\" sizes=\"auto, (max-width: 300px) 100vw, 300px\" \/><\/p>\n<h3><span style=\"color: #99cc00;\">Un moment pour soi<\/span><\/h3>\n<p>Apr\u00e8s une longue journ\u00e9e de marche \u00e0 arpenter les Deux Caps ou juste pour vous relaxer, accordez-vous un moment de d\u00e9tente gr\u00e2ce aux massages.<\/p>\n<p>Nos praticiens certifi\u00e9s sont cr\u00e9ateurs de bien-\u00eatre et vous proposent diff\u00e9rents massages alliant relaxation, tonicit\u00e9 et \u00e9nergie.<\/p>\n<p>D\u00e9couvrez <span style=\"color: #99cc00;\"><a style=\"color: #99cc00;\" href=\"https:\/\/www.hotel-lescale.com\/application\/files\/4717\/5637\/7503\/Carte_des_soins_LESCALE_SPA_Aout_2025.pdf\">notre carte des soins<\/a><\/span> cr\u00e9e en partenariat avec Thalgo, leader mondial de la cosm\u00e9tique marine.<\/p>\n<p><i class=\"fa fa-clock-o uk-margin-small-right\"><\/i><strong>Horaires d&rsquo;ouverture : <\/strong>de 9h \u00e0 19h<\/p>\n<h3><span style=\"color: #99cc00;\">Salle de fitness<\/span><\/h3>\n<p><img loading=\"lazy\" decoding=\"async\" class=\"alignnone size-medium wp-image-137\" src=\"https:\/\/lpctour.buchon.fr\/2025\/td\/manon\/wp-content\/uploads\/2025\/12\/Capture-decran-2025-12-12-a-12.02.21-300x196.png\" alt=\"\" width=\"300\" height=\"196\" srcset=\"https:\/\/lpctour.fr\/2025\/td\/manon\/wp-content\/uploads\/2025\/12\/Capture-decran-2025-12-12-a-12.02.21-300x196.png 300w, https:\/\/lpctour.fr\/2025\/td\/manon\/wp-content\/uploads\/2025\/12\/Capture-decran-2025-12-12-a-12.02.21-1024x669.png 1024w, https:\/\/lpctour.fr\/2025\/td\/manon\/wp-content\/uploads\/2025\/12\/Capture-decran-2025-12-12-a-12.02.21-768x502.png 768w, https:\/\/lpctour.fr\/2025\/td\/manon\/wp-content\/uploads\/2025\/12\/Capture-decran-2025-12-12-a-12.02.21-1536x1003.png 1536w, https:\/\/lpctour.fr\/2025\/td\/manon\/wp-content\/uploads\/2025\/12\/Capture-decran-2025-12-12-a-12.02.21.png 1788w\" sizes=\"auto, (max-width: 300px) 100vw, 300px\" \/><\/p>\n<p>Entretenir sa forme au sein de l\u2019h\u00f4tel, rien de plus simple !<\/p>\n<p>Rendez-vous dans la salle de fitness !<\/p>\n<p>La salle de remise en forme est \u00e9quip\u00e9e de 2 tapis de course, 1 rameur, 3 diff\u00e9rents types de v\u00e9los ainsi que de diverses machines de musculations.<\/p>\n<p>Id\u00e9al pour garder la forme durant votre s\u00e9jour ou vos vacances \u00e0 l\u2019h\u00f4tel !<\/p>\n<p><i class=\"fa fa-clock-o uk-margin-small-right\"><\/i><strong>Horaires d&rsquo;ouverture :<\/strong> de 8h \u00e0 22h<\/p>\n<h3><span style=\"color: #99cc00;\">R\u00e8glement Int\u00e9rieur &#8211; Espace bien-\u00eatre<\/span><\/h3>\n<h4><span style=\"color: #99cc00;\">Accueil des enfants :<\/span><\/h4>\n<p>L&rsquo;acc\u00e8s \u00e0 l&rsquo;espace bien-\u00eatre est interdit aux enfants de moins de 4 ans.<br \/>\nDes cr\u00e9neaux horaires r\u00e9serv\u00e9s aux adultes sont mis en place tout au long de l&rsquo;ann\u00e9e:<br \/>\nL&rsquo;acc\u00e8s \u00e0 l&rsquo;espace bien-\u00eatre des enfants de moins de 14 ans est interdit entre 17h00 et 21h00.<\/p>\n<p>Veuillez consulter<span style=\"color: #99cc00;\"><a style=\"color: #99cc00;\" href=\"https:\/\/www.hotel-lescale.com\/application\/files\/5316\/5780\/6437\/Spa.pdf\"> le r\u00e8glement int\u00e9rieur<\/a>.<\/span><\/p>\n","protected":false},"excerpt":{"rendered":"<p>Piscine &amp; Spa Un espace bien-\u00eatre &amp; spa pour se d\u00e9tendre Peu de lieux offrent un cadre id\u00e9alement con\u00e7u pour vous inviter au ressourcement et aux sensations de pl\u00e9nitude. Notre espace bien-\u00eatre &amp; spa avec piscine, jacuzzi, hammam, sauna &amp; salle de fitness vous permettra de vous relaxer en profondeur. Ouvert \u00e0 la client\u00e8le ext\u00e9rieure &#8230; <span class=\"more\"><a class=\"more-link\" href=\"https:\/\/lpctour.fr\/2025\/td\/manon\/piscine-spa\/\">[Read more&#8230;]<\/a><\/span><\/p>\n","protected":false},"author":1,"featured_media":133,"parent":0,"menu_order":0,"comment_status":"closed","ping_status":"closed","template":"","meta":{"footnotes":""},"class_list":{"0":"entry","1":"page","2":"publish","3":"author-manonrib","4":"post-53","6":"has-post-thumbnail"},"_links":{"self":[{"href":"https:\/\/lpctour.fr\/2025\/td\/manon\/wp-json\/wp\/v2\/pages\/53","targetHints":{"allow":["GET"]}}],"collection":[{"href":"https:\/\/lpctour.fr\/2025\/td\/manon\/wp-json\/wp\/v2\/pages"}],"about":[{"href":"https:\/\/lpctour.fr\/2025\/td\/manon\/wp-json\/wp\/v2\/types\/page"}],"author":[{"embeddable":true,"href":"https:\/\/lpctour.fr\/2025\/td\/manon\/wp-json\/wp\/v2\/users\/1"}],"replies":[{"embeddable":true,"href":"https:\/\/lpctour.fr\/2025\/td\/manon\/wp-json\/wp\/v2\/comments?post=53"}],"version-history":[{"count":11,"href":"https:\/\/lpctour.fr\/2025\/td\/manon\/wp-json\/wp\/v2\/pages\/53\/revisions"}],"predecessor-version":[{"id":165,"href":"https:\/\/lpctour.fr\/2025\/td\/manon\/wp-json\/wp\/v2\/pages\/53\/revisions\/165"}],"wp:featuredmedia":[{"embeddable":true,"href":"https:\/\/lpctour.fr\/2025\/td\/manon\/wp-json\/wp\/v2\/media\/133"}],"wp:attachment":[{"href":"https:\/\/lpctour.fr\/2025\/td\/manon\/wp-json\/wp\/v2\/media?parent=53"}],"curies":[{"name":"wp","href":"https:\/\/api.w.org\/{rel}","templated":true}]}}