{"id":59,"date":"2025-12-12T09:27:32","date_gmt":"2025-12-12T08:27:32","guid":{"rendered":"https:\/\/lpctour.buchon.fr\/2025\/td\/manon\/?page_id=59"},"modified":"2025-12-20T16:56:16","modified_gmt":"2025-12-20T15:56:16","slug":"contact","status":"publish","type":"page","link":"https:\/\/lpctour.fr\/2025\/td\/manon\/contact\/","title":{"rendered":""},"content":{"rendered":"<h2><span style=\"color: #99cc00;\">Contact<\/span><\/h2>\n<p style=\"text-align: left;\"><span style=\"color: #99cc00;\">Les informations recueillies via ce formulaire sont enregistr\u00e9es par l\u2019H\u00f4tel Esccale afin de traiter votre demande. Elles sont conserv\u00e9es uniquement le temps n\u00e9cessaire au traitement et ne sont en aucun cas transmises \u00e0 des tiers.<\/span><br data-start=\"333\" data-end=\"336\" \/><span style=\"color: #99cc00;\">Conform\u00e9ment au R\u00e8glement G\u00e9n\u00e9ral sur la Protection des Donn\u00e9es (RGPD), vous disposez d\u2019un droit d\u2019acc\u00e8s, de rectification, d\u2019opposition et de suppression des donn\u00e9es vous concernant.<\/span><br data-start=\"521\" data-end=\"524\" data-is-only-node=\"\" \/><span style=\"color: #99cc00;\">Pour exercer ces droits, vous pouvez nous contacter directement.<\/span><\/p>\n\n<div class=\"wpcf7 no-js\" id=\"wpcf7-f6-o1\" lang=\"fr-FR\" dir=\"ltr\" data-wpcf7-id=\"6\">\n<div class=\"screen-reader-response\"><p role=\"status\" aria-live=\"polite\" aria-atomic=\"true\"><\/p> <ul><\/ul><\/div>\n<form action=\"\/2025\/td\/manon\/wp-json\/wp\/v2\/pages\/59#wpcf7-f6-o1\" method=\"post\" class=\"wpcf7-form init\" aria-label=\"Formulaire de contact\" novalidate=\"novalidate\" data-status=\"init\">\n<fieldset class=\"hidden-fields-container\"><input type=\"hidden\" name=\"_wpcf7\" value=\"6\" \/><input type=\"hidden\" name=\"_wpcf7_version\" value=\"6.1.3\" \/><input type=\"hidden\" name=\"_wpcf7_locale\" value=\"fr_FR\" \/><input type=\"hidden\" name=\"_wpcf7_unit_tag\" value=\"wpcf7-f6-o1\" \/><input type=\"hidden\" name=\"_wpcf7_container_post\" value=\"0\" \/><input type=\"hidden\" name=\"_wpcf7_posted_data_hash\" value=\"\" \/><input type=\"hidden\" name=\"_wpcf7_recaptcha_response\" value=\"\" \/>\n<\/fieldset>\n<p><label> Votre nom<br \/>\n<span class=\"wpcf7-form-control-wrap\" data-name=\"your-name\"><input size=\"40\" maxlength=\"400\" class=\"wpcf7-form-control wpcf7-text wpcf7-validates-as-required\" autocomplete=\"name\" aria-required=\"true\" aria-invalid=\"false\" value=\"\" type=\"text\" name=\"your-name\" \/><\/span> <\/label>\n<\/p>\n<p><label> Votre e-mail<br \/>\n<span class=\"wpcf7-form-control-wrap\" data-name=\"your-email\"><input size=\"40\" maxlength=\"400\" class=\"wpcf7-form-control wpcf7-email wpcf7-validates-as-required wpcf7-text wpcf7-validates-as-email\" autocomplete=\"email\" aria-required=\"true\" aria-invalid=\"false\" value=\"\" type=\"email\" name=\"your-email\" \/><\/span> <\/label>\n<\/p>\n<p><label> Objet<br \/>\n<span class=\"wpcf7-form-control-wrap\" data-name=\"your-subject\"><input size=\"40\" maxlength=\"400\" class=\"wpcf7-form-control wpcf7-text wpcf7-validates-as-required\" aria-required=\"true\" aria-invalid=\"false\" value=\"\" type=\"text\" name=\"your-subject\" \/><\/span> <\/label>\n<\/p>\n<p><label> Votre message (facultatif)<br \/>\n<span class=\"wpcf7-form-control-wrap\" data-name=\"your-message\"><textarea cols=\"40\" rows=\"10\" maxlength=\"2000\" class=\"wpcf7-form-control wpcf7-textarea\" aria-invalid=\"false\" name=\"your-message\"><\/textarea><\/span> <\/label>\n<\/p>\n<p><input class=\"wpcf7-form-control wpcf7-submit has-spinner\" type=\"submit\" value=\"Envoyer\" \/>\n<\/p><div class=\"wpcf7-response-output\" aria-hidden=\"true\"><\/div>\n<\/form>\n<\/div>\n\n<h3><span style=\"color: #99cc00;\">Nos r\u00e9seaux sociaux\u00a0<\/span><\/h3>\n<p><a href=\"https:\/\/www.facebook.com\/HotelLescale\/\"><img loading=\"lazy\" decoding=\"async\" class=\"alignnone size-full wp-image-208\" src=\"https:\/\/lpctour.fr\/2025\/td\/manon\/wp-content\/uploads\/2025\/12\/Capture-decran-2025-12-20-a-16.24.38.png\" alt=\"\" width=\"68\" height=\"58\" \/><\/a> <a href=\"https:\/\/www.instagram.com\/hotel_lescale\/\"><img loading=\"lazy\" decoding=\"async\" class=\"alignnone size-medium wp-image-209\" src=\"https:\/\/lpctour.fr\/2025\/td\/manon\/wp-content\/uploads\/2025\/12\/Capture-decran-2025-12-20-a-16.24.56.png\" alt=\"\" width=\"64\" height=\"58\" \/><\/a><\/p>\n<h3><span style=\"color: #99cc00;\">Nos coordonn\u00e9es<\/span><\/h3>\n<div class=\"uk-margin-small uk-flex uk-flex-column\">\n<div class=\"uk-flex uk-flex-row uk-flex-middle\">\n<div class=\"uk-flex uk-flex-column\">\n<div class=\"uk-margin-small-bottom\"><span class=\"text-bold\">H\u00f4tel de l&rsquo;Escale<\/span><\/div>\n<div class=\"uk-margin-small-bottom\">4 Rue de la Mer<\/div>\n<div>62179 &#8211; Escalles<\/div>\n<\/div>\n<\/div>\n<\/div>\n<p><iframe loading=\"lazy\" style=\"border: 0;\" src=\"https:\/\/www.google.com\/maps\/embed?pb=!1m18!1m12!1m3!1d2515.309911970288!2d1.7105622767690225!3d50.91798387168529!2m3!1f0!2f0!3f0!3m2!1i1024!2i768!4f13.1!3m3!1m2!1s0x47dc3c9ddc5b6f4b%3A0x5d742ac695a87d6!2sH%C3%B4tel%20l'Escale%20-%20Piscine%20%26%20SPA%20-%20Cap%20Blanc%20Nez!5e0!3m2!1sfr!2sfr!4v1765535134404!5m2!1sfr!2sfr\" width=\"600\" height=\"450\" allowfullscreen=\"allowfullscreen\"><\/iframe><\/p>\n<h2><span style=\"color: #99cc00;\">Conditions g\u00e9n\u00e9rales de vente<\/span><\/h2>\n<h3><span style=\"color: #99cc00;\">Politique de r\u00e9servation :<\/span><\/h3>\n<p>Politique de r\u00e9servation :<\/p>\n<ul>\n<li>Toute modification ou annulation de r\u00e9servation est possible jusqu\u2019\u00e0 48 heures avant la date d\u2019arriv\u00e9e (23h59, UTC+1), pass\u00e9 ce d\u00e9lais la premi\u00e8re nuit\u00e9e sera factur\u00e9e.<\/li>\n<li>Hors offre sp\u00e9ciale (Non annulable, non modifiable, non remboursable) et hors conditions particuli\u00e8res appliqu\u00e9es aupr\u00e8s des sites partenaires (Booking.com, etc\u2026)<\/li>\n<li>Toute r\u00e9servation doit \u00eatre confirm\u00e9e par garantie bancaire : Carte VISA ou Mastercard avec date d\u2019expiration ou virement bancaire.<\/li>\n<li>Les ch\u00e8ques ne sont pas accept\u00e9s comme mode de r\u00e8glement.<\/li>\n<li>En cas d\u2019annulation, les arrhes ne sont pas remboursables. En cas de versement d\u2019arrhes, la r\u00e9servation reste sous r\u00e9serve de r\u00e9ception des arrhes dans les d\u00e9lais impartis.<\/li>\n<li>Les chambres sont disponibles \u00e0 partir de 14 heures le jour de l\u2019arriv\u00e9e et doivent \u00eatre lib\u00e9r\u00e9es \u00e0 11 heures le jour du d\u00e9part. Il est aimablement demand\u00e9 de pr\u00e9voir une arriv\u00e9e \u00e0 l\u2019h\u00f4tel avant 18 heures ou de pr\u00e9venir en cas d\u2019arriv\u00e9e tardive (Horaires d\u2019ouverture de la r\u00e9ception de 7h30 \u00e0 22h30).<\/li>\n<li>L\u2019h\u00f4tel est 100% non-fumeur, en cas de manquement \u00e0 cette r\u00e8gle le nettoyage de la chambre entrainera une facturation de 50.00 \u20ac.<\/li>\n<li>L&rsquo;acc\u00e8s \u00e0 l&rsquo;espace bien-\u00eatre est interdit aux enfants de moins de 4 ans. L&rsquo;acc\u00e8s \u00e0 l&rsquo;espace bien-\u00eatre est interdit aux enfants de moins de 16 ans non accompagn\u00e9s d&rsquo;un adulte. Des cr\u00e9neaux horaires interdisant l&rsquo;acc\u00e8s aux enfants de moins de 14 ans sont en place. Plus d&rsquo;informations en contactant directement la r\u00e9ception.<\/li>\n<li>Conform\u00e9ment aux dispositions de la loi N\u00b078-17 du 6 Janvier 1978, vous disposez d\u2019un droit d\u2019acc\u00e8s, de rectification et d\u2019opposition sur les donn\u00e9es nominatives vous concernant.<\/li>\n<li>En cas de litige, apr\u00e8s avoir saisi le service client et \u00e0 d\u00e9faut de r\u00e9ponse satisfaisante dans un d\u00e9lai d\u2019un mois, le client peut saisir le M\u00e9diateur du Tourisme et du Voyage, dont les coordonn\u00e9es et modalit\u00e9s de saisine sont disponibles sur son site: www.mtv.travel.<\/li>\n<\/ul>\n<h3><span style=\"color: #99cc00;\">Donn\u00e9es Personnelles\u00a0:<\/span><\/h3>\n<p>Toute prestation fera l\u2019objet d\u2019un enregistrement accessible par le Client sur simple demande.<\/p>\n<p>Conform\u00e9ment \u00e0 la Loi 78-17 \u00ab\u00a0Informatique et Libert\u00e9s\u00a0\u00bb du 6 janvier 1978 modifi\u00e9e, les clients disposent d\u2019un droit d\u2019acc\u00e8s, de rectification et d\u2019opposition aux donn\u00e9es personnelles trait\u00e9es les concernant.<\/p>\n<p>Le client peut \u00e9galement refuser le traitement, solliciter une limitation de celui-ci ou demander la suppression (dans les limites des dur\u00e9es l\u00e9gales de conservation) des donn\u00e9es \u00e0 caract\u00e8re personnel.<\/p>\n<p>Selon l\u2019article L.223-2 du code de la consommation, le consommateur qui ne souhaite pas faire l&rsquo;objet de prospection commerciale par voie t\u00e9l\u00e9phonique peut gratuitement s&rsquo;inscrire sur une liste d&rsquo;opposition au d\u00e9marchage t\u00e9l\u00e9phonique (Bloctel, \u2026).<\/p>\n<p>Ce droit peut \u00eatre exerc\u00e9 sur simple demande \u00e9crite qui r\u00e9pondra aux demandes formul\u00e9es.<\/p>\n<p>La finalit\u00e9 du traitement des donn\u00e9es personnelles collect\u00e9es correspond aux obligations relatives aux prestations r\u00e9alis\u00e9es.<\/p>\n","protected":false},"excerpt":{"rendered":"<p>Contact Les informations recueillies via ce formulaire sont enregistr\u00e9es par l\u2019H\u00f4tel Esccale afin de traiter votre demande. Elles sont conserv\u00e9es uniquement le temps n\u00e9cessaire au traitement et ne sont en aucun cas transmises \u00e0 des tiers.Conform\u00e9ment au R\u00e8glement G\u00e9n\u00e9ral sur la Protection des Donn\u00e9es (RGPD), vous disposez d\u2019un droit d\u2019acc\u00e8s, de rectification, d\u2019opposition et de &#8230; <span class=\"more\"><a class=\"more-link\" href=\"https:\/\/lpctour.fr\/2025\/td\/manon\/contact\/\">[Read more&#8230;]<\/a><\/span><\/p>\n","protected":false},"author":1,"featured_media":159,"parent":0,"menu_order":0,"comment_status":"closed","ping_status":"closed","template":"","meta":{"footnotes":""},"class_list":{"0":"entry","1":"page","2":"publish","3":"author-manonrib","4":"post-59","6":"has-post-thumbnail"},"_links":{"self":[{"href":"https:\/\/lpctour.fr\/2025\/td\/manon\/wp-json\/wp\/v2\/pages\/59","targetHints":{"allow":["GET"]}}],"collection":[{"href":"https:\/\/lpctour.fr\/2025\/td\/manon\/wp-json\/wp\/v2\/pages"}],"about":[{"href":"https:\/\/lpctour.fr\/2025\/td\/manon\/wp-json\/wp\/v2\/types\/page"}],"author":[{"embeddable":true,"href":"https:\/\/lpctour.fr\/2025\/td\/manon\/wp-json\/wp\/v2\/users\/1"}],"replies":[{"embeddable":true,"href":"https:\/\/lpctour.fr\/2025\/td\/manon\/wp-json\/wp\/v2\/comments?post=59"}],"version-history":[{"count":10,"href":"https:\/\/lpctour.fr\/2025\/td\/manon\/wp-json\/wp\/v2\/pages\/59\/revisions"}],"predecessor-version":[{"id":213,"href":"https:\/\/lpctour.fr\/2025\/td\/manon\/wp-json\/wp\/v2\/pages\/59\/revisions\/213"}],"wp:featuredmedia":[{"embeddable":true,"href":"https:\/\/lpctour.fr\/2025\/td\/manon\/wp-json\/wp\/v2\/media\/159"}],"wp:attachment":[{"href":"https:\/\/lpctour.fr\/2025\/td\/manon\/wp-json\/wp\/v2\/media?parent=59"}],"curies":[{"name":"wp","href":"https:\/\/api.w.org\/{rel}","templated":true}]}}