{"id":56,"date":"2026-01-09T10:07:51","date_gmt":"2026-01-09T09:07:51","guid":{"rendered":"https:\/\/lpctour.fr\/2025\/td\/mehdi\/?page_id=56"},"modified":"2026-01-26T20:21:34","modified_gmt":"2026-01-26T19:21:34","slug":"france","status":"publish","type":"page","link":"https:\/\/lpctour.fr\/2025\/td\/mehdi\/france\/","title":{"rendered":"FRANCE"},"content":{"rendered":"<p style=\"text-align: center;\" data-start=\"286\" data-end=\"349\"><span style=\"font-size: 18pt;\"><strong data-start=\"286\" data-end=\"347\">Les stades fran\u00e7ais : entre h\u00e9ritage sportif et modernit\u00e9<\/strong><\/span><\/p>\n<p data-start=\"356\" data-end=\"774\">La France poss\u00e8de un patrimoine footballistique riche et diversifi\u00e9, port\u00e9 par des stades embl\u00e9matiques r\u00e9partis sur l\u2019ensemble du territoire. Ces infrastructures jouent un r\u00f4le central dans la pratique du football professionnel mais \u00e9galement dans l\u2019attractivit\u00e9 touristique des villes. Les stades fran\u00e7ais sont aujourd\u2019hui pens\u00e9s comme de v\u00e9ritables lieux de vie, ouverts au public bien au-del\u00e0 des jours de match.<\/p>\n<p data-start=\"781\" data-end=\"1180\">L\u2019un des stades les plus embl\u00e9matiques est le <strong data-start=\"827\" data-end=\"846\">Stade de France<\/strong>, situ\u00e9 \u00e0 Saint-Denis. Inaugur\u00e9 pour la Coupe du monde de football de 1998, il est le plus grand stade du pays. Il accueille les rencontres de l\u2019\u00e9quipe de France ainsi que de grands \u00e9v\u00e9nements sportifs et culturels. Sa dimension nationale en fait un symbole fort du sport fran\u00e7ais et un site touristique majeur en r\u00e9gion parisienne.<img decoding=\"async\" class=\"sFlh5c FyHeAf iPVvYb\" src=\"https:\/\/upload.wikimedia.org\/wikipedia\/commons\/1\/17\/Stade_de_France_1000_023.jpg\" alt=\"Fichier:Stade de France 1000 023.jpg \u2014 Wikip\u00e9dia\" \/><\/p>\n<p data-start=\"1187\" data-end=\"1554\">Dans le sud de la France, le <strong data-start=\"1216\" data-end=\"1235\">Stade V\u00e9lodrome<\/strong> de Marseille occupe une place particuli\u00e8re dans le c\u0153ur des supporters. R\u00e9nov\u00e9 pour l\u2019Euro 2016, il se distingue par son architecture moderne et son ambiance r\u00e9put\u00e9e comme l\u2019une des plus ferventes d\u2019Europe. Ce stade est \u00e9troitement li\u00e9 \u00e0 l\u2019identit\u00e9 de la ville et constitue un \u00e9l\u00e9ment cl\u00e9 de son rayonnement sportif.<\/p>\n<p data-start=\"1187\" data-end=\"1554\"><img loading=\"lazy\" decoding=\"async\" class=\"alignnone size-medium wp-image-100 aligncenter\" src=\"https:\/\/lpctour.fr\/2025\/td\/mehdi\/wp-content\/uploads\/2026\/01\/1200x680_sc_conformation-photos-histoire-6-1366x768-1-300x170.webp\" alt=\"\" width=\"300\" height=\"170\" srcset=\"https:\/\/lpctour.fr\/2025\/td\/mehdi\/wp-content\/uploads\/2026\/01\/1200x680_sc_conformation-photos-histoire-6-1366x768-1-300x170.webp 300w, https:\/\/lpctour.fr\/2025\/td\/mehdi\/wp-content\/uploads\/2026\/01\/1200x680_sc_conformation-photos-histoire-6-1366x768-1-1024x580.webp 1024w, https:\/\/lpctour.fr\/2025\/td\/mehdi\/wp-content\/uploads\/2026\/01\/1200x680_sc_conformation-photos-histoire-6-1366x768-1-768x435.webp 768w, https:\/\/lpctour.fr\/2025\/td\/mehdi\/wp-content\/uploads\/2026\/01\/1200x680_sc_conformation-photos-histoire-6-1366x768-1.webp 1200w\" sizes=\"auto, (max-width: 300px) 100vw, 300px\" \/><\/p>\n<p data-start=\"1561\" data-end=\"1900\">Le <strong data-start=\"1564\" data-end=\"1584\">Groupama Stadium<\/strong> \u00e0 Lyon illustre quant \u00e0 lui la nouvelle g\u00e9n\u00e9ration de stades fran\u00e7ais. Con\u00e7u comme un complexe multifonctionnel, il comprend des espaces de loisirs, de restauration et des visites guid\u00e9es. Ce type d\u2019infrastructure permet de d\u00e9velopper le tourisme sportif et de dynamiser l\u2019\u00e9conomie locale tout au long de l\u2019ann\u00e9e.<\/p>\n<p data-start=\"1561\" data-end=\"1900\"><img decoding=\"async\" class=\"sFlh5c FyHeAf iPVvYb\" src=\"https:\/\/olvallee.twic.pics\/wp-content\/uploads\/2023\/10\/stade-2.webp\" alt=\"Les visites du Groupama Stadium - OL Vall\u00e9e\" \/><\/p>\n<p data-start=\"1907\" data-end=\"2147\">D\u2019autres villes fran\u00e7aises disposent \u00e9galement de stades remarquables, comme Lille, Bordeaux, Nice ou Paris. Chacun de ces stades refl\u00e8te les sp\u00e9cificit\u00e9s de son territoire et contribue \u00e0 renforcer l\u2019identit\u00e9 locale \u00e0 travers le football.<\/p>\n<p data-start=\"2154\" data-end=\"2400\">En France, les stades de football ne sont plus seulement des lieux de comp\u00e9tition. Ils sont devenus des espaces culturels et touristiques \u00e0 part enti\u00e8re, participant au d\u00e9veloppement des villes et \u00e0 l\u2019attractivit\u00e9 du pays sur la sc\u00e8ne europ\u00e9enne.<\/p>\n<p data-start=\"2154\" data-end=\"2400\">D\u00e9couvre \u00e0 travers cette vid\u00e9o les stades les plus importants de cette derni\u00e8re d\u00e9c\u00e9nnie :<\/p>\n<p><iframe loading=\"lazy\" title=\"Ligue 1 Stadiums 2023\/24 | TFC Stadiums\" width=\"780\" height=\"439\" src=\"https:\/\/www.youtube.com\/embed\/ayxdrs8Z3mU?feature=oembed\" frameborder=\"0\" allow=\"accelerometer; autoplay; clipboard-write; encrypted-media; gyroscope; picture-in-picture; web-share\" referrerpolicy=\"strict-origin-when-cross-origin\" allowfullscreen><\/iframe><\/p>\n","protected":false},"excerpt":{"rendered":"<p>Les stades fran\u00e7ais : entre h\u00e9ritage sportif et modernit\u00e9 La France poss\u00e8de un patrimoine footballistique riche et diversifi\u00e9, port\u00e9 par des stades embl\u00e9matiques r\u00e9partis sur l\u2019ensemble du territoire. Ces infrastructures jouent un r\u00f4le central dans la pratique du football professionnel mais \u00e9galement dans l\u2019attractivit\u00e9 touristique des villes. Les stades fran\u00e7ais sont aujourd\u2019hui pens\u00e9s comme de &hellip; <\/p>\n","protected":false},"author":1,"featured_media":0,"parent":0,"menu_order":0,"comment_status":"closed","ping_status":"closed","template":"","meta":{"footnotes":""},"class_list":["post-56","page","type-page","status-publish","hentry"],"_links":{"self":[{"href":"https:\/\/lpctour.fr\/2025\/td\/mehdi\/wp-json\/wp\/v2\/pages\/56","targetHints":{"allow":["GET"]}}],"collection":[{"href":"https:\/\/lpctour.fr\/2025\/td\/mehdi\/wp-json\/wp\/v2\/pages"}],"about":[{"href":"https:\/\/lpctour.fr\/2025\/td\/mehdi\/wp-json\/wp\/v2\/types\/page"}],"author":[{"embeddable":true,"href":"https:\/\/lpctour.fr\/2025\/td\/mehdi\/wp-json\/wp\/v2\/users\/1"}],"replies":[{"embeddable":true,"href":"https:\/\/lpctour.fr\/2025\/td\/mehdi\/wp-json\/wp\/v2\/comments?post=56"}],"version-history":[{"count":8,"href":"https:\/\/lpctour.fr\/2025\/td\/mehdi\/wp-json\/wp\/v2\/pages\/56\/revisions"}],"predecessor-version":[{"id":107,"href":"https:\/\/lpctour.fr\/2025\/td\/mehdi\/wp-json\/wp\/v2\/pages\/56\/revisions\/107"}],"wp:attachment":[{"href":"https:\/\/lpctour.fr\/2025\/td\/mehdi\/wp-json\/wp\/v2\/media?parent=56"}],"curies":[{"name":"wp","href":"https:\/\/api.w.org\/{rel}","templated":true}]}}