{"id":7,"date":"2025-11-28T09:57:58","date_gmt":"2025-11-28T08:57:58","guid":{"rendered":"https:\/\/lpctour.buchon.fr\/2025\/td\/mehdi\/?page_id=7"},"modified":"2026-01-26T21:38:20","modified_gmt":"2026-01-26T20:38:20","slug":"accueil","status":"publish","type":"page","link":"https:\/\/lpctour.fr\/2025\/td\/mehdi\/","title":{"rendered":"Accueil"},"content":{"rendered":"<h2 style=\"text-align: center;\" data-start=\"297\" data-end=\"332\"><span style=\"font-size: 24pt;\"><strong data-start=\"300\" data-end=\"332\">QUI SOMMES NOUS ?<\/strong><\/span><\/h2>\n<p>&nbsp;<\/p>\n<p style=\"text-align: center;\" data-start=\"336\" data-end=\"596\">Bienvenue sur <strong data-start=\"350\" data-end=\"363\">EUROSTADE<\/strong>, votre guide complet pour d\u00e9couvrir les plus grands stades de football d\u2019Europe. Que vous soyez passionn\u00e9 de sport, amateur d\u2019architecture ou simple curieux, notre site vous plonge dans l\u2019univers fascinant des enceintes sportives.<\/p>\n<p style=\"text-align: center;\" data-start=\"603\" data-end=\"934\">Du <strong data-start=\"606\" data-end=\"625\">Stade de France<\/strong> \u00e0 Paris, au <strong data-start=\"638\" data-end=\"650\">Camp Nou<\/strong> de Barcelone, en passant par le <strong data-start=\"683\" data-end=\"704\">Signal Iduna Park<\/strong> \u00e0 Dortmund, partez \u00e0 la d\u00e9couverte des lieux o\u00f9 l\u2019histoire du football s\u2019\u00e9crit jour apr\u00e8s jour. EUROSTADE vous fait voyager \u00e0 travers les terrains qui font vibrer les supporters et attirent des millions de visiteurs chaque ann\u00e9e.<\/p>\n<p data-start=\"603\" data-end=\"934\"><img decoding=\"async\" class=\"aligncenter\" src=\"https:\/\/lpctour.fr\/2025\/td\/mehdi\/wp-content\/uploads\/2026\/01\/cropped-cropped-LOGO-300x253.png\" \/><\/p>\n<p style=\"text-align: center;\" data-start=\"603\" data-end=\"934\"><em><span style=\"font-size: 18pt;\"><strong data-start=\"1795\" data-end=\"1845\">POURQUOI VISITER LES STADES DE FOOTBALL<\/strong><\/span><\/em><\/p>\n<p style=\"text-align: center;\" data-start=\"1849\" data-end=\"1962\">Les stades ne sont plus seulement des lieux de match : ils sont devenus de v\u00e9ritables attractions touristiques.<\/p>\n<table style=\"border-collapse: collapse; width: 100%;\">\n<tbody>\n<tr>\n<td style=\"width: 25%;\"><strong data-start=\"2357\" data-end=\"2381\">Ambiance inoubliable<\/strong> : Ressentez l\u2019\u00e9nergie et la passion des supporters, m\u00eame \u00e0 travers des photos et vid\u00e9os.<\/td>\n<td style=\"width: 25%;\"><strong data-start=\"1971\" data-end=\"1994\">Culture et histoire<\/strong> : Chaque stade raconte une histoire unique, avec ses grands matchs, ses champions et ses l\u00e9gendes.<\/td>\n<td style=\"width: 25%;\">\n<p data-start=\"2100\" data-end=\"2231\"><strong data-start=\"2100\" data-end=\"2116\">Architecture<\/strong> : Des structures impressionnantes, modernes ou historiques, qui attirent les amateurs de design et d\u2019ing\u00e9nierie.<\/p>\n<\/td>\n<td style=\"width: 25%;\"><strong data-start=\"2236\" data-end=\"2256\">Tourisme sportif<\/strong> : De nombreux stades proposent des visites guid\u00e9es, boutiques, mus\u00e9es et espaces interactifs.<\/td>\n<\/tr>\n<\/tbody>\n<\/table>\n<h2 data-start=\"2477\" data-end=\"2506\"><\/h2>\n<h2 data-start=\"2477\" data-end=\"2506\"><\/h2>\n<p>&nbsp;<\/p>\n<h2 style=\"text-align: center;\" data-start=\"2477\" data-end=\"2506\"><strong data-start=\"2480\" data-end=\"2506\">Nos coups de c\u0153ur<\/strong><\/h2>\n<p>&nbsp;<\/p>\n<p style=\"text-align: center;\" data-start=\"2512\" data-end=\"2582\"><strong data-start=\"2512\" data-end=\"2547\">Stade de France (Paris, France)<\/strong> : Capacit\u00e9, modernit\u00e9, histoire.<\/p>\n<p style=\"text-align: center;\" data-start=\"2587\" data-end=\"2652\"><strong data-start=\"2587\" data-end=\"2620\">Camp Nou (Barcelone, Espagne)<\/strong> : Temple du football mondial.<\/p>\n<p style=\"text-align: center;\" data-start=\"2587\" data-end=\"2652\"><strong data-start=\"2657\" data-end=\"2700\">Signal Iduna Park (Dortmund, Allemagne)<\/strong> : Ambiance l\u00e9gendaire et tribune mythique.<\/p>\n<p style=\"text-align: center;\" data-start=\"2750\" data-end=\"2805\"><strong data-start=\"2750\" data-end=\"2778\">San Siro (Milan, Italie)<\/strong> : Tradition et prestige.<\/p>\n<p style=\"text-align: center;\" data-start=\"2810\" data-end=\"2892\"><strong data-start=\"2810\" data-end=\"2851\">Wembley Stadium (Londres, Angleterre)<\/strong> : Ic\u00f4ne du football anglais et europ\u00e9en.<\/p>\n<p><strong><span style=\"font-size: 24pt;\">EUROSTADE vous permet de naviguer facilement :<\/span><\/strong><\/p>\n<p>&nbsp;<\/p>\n<ul style=\"text-align: left;\" data-start=\"2982\" data-end=\"3173\">\n<li data-start=\"2982\" data-end=\"3049\">\n<p data-start=\"2984\" data-end=\"3049\"><strong data-start=\"2984\" data-end=\"3007\">Cliquez sur un pays<\/strong> pour d\u00e9couvrir ses stades embl\u00e9matiques<\/p>\n<\/li>\n<li data-start=\"3052\" data-end=\"3107\">\n<p data-start=\"3054\" data-end=\"3107\"><strong data-start=\"3054\" data-end=\"3089\">D\u00e9couvrez les fiches d\u00e9taill\u00e9es<\/strong> de chaque stade<\/p>\n<\/li>\n<li data-start=\"3110\" data-end=\"3173\">\n<p data-start=\"3112\" data-end=\"3173\"><strong data-start=\"3112\" data-end=\"3152\">Comparez les capacit\u00e9s et l\u2019histoire<\/strong> de chaque enceinte<\/p>\n<\/li>\n<\/ul>\n<p style=\"text-align: left;\" data-start=\"3177\" data-end=\"3306\">Chaque page est con\u00e7ue pour vous offrir une exp\u00e9rience compl\u00e8te, claire et agr\u00e9able, que vous soyez sur ordinateur ou smartphone.<\/p>\n<p>&nbsp;<\/p>\n<p style=\"text-align: center;\" data-start=\"3564\" data-end=\"3635\"><span style=\"font-size: 14pt;\">Plongez d\u00e8s maintenant dans l\u2019univers fascinant des stades europ\u00e9ens.<\/span><\/p>\n<p style=\"text-align: center;\" data-start=\"3642\" data-end=\"3790\"><span style=\"font-size: 14pt;\">Explorez <strong data-start=\"3651\" data-end=\"3701\">France, Allemagne, Italie, Espagne, Angleterre<\/strong> et le <strong data-start=\"3708\" data-end=\"3729\">reste de l\u2019Europe<\/strong> et d\u00e9couvrez o\u00f9 l\u2019histoire du football continue de s\u2019\u00e9crire.<\/span><\/p>\n<p data-start=\"3642\" data-end=\"3790\">\n<p>&nbsp;<\/p>\n<p style=\"text-align: center;\" data-start=\"3642\" data-end=\"3790\">\n<p><iframe loading=\"lazy\" src=\"https:\/\/www.google.com\/maps\/d\/u\/0\/embed?mid=1EbwG0aTVOCBzTAITyAx3g2WFqtQML6c&#038;ehbc=2E312F\" width=\"640\" height=\"480\"><\/iframe><\/p>\n","protected":false},"excerpt":{"rendered":"<p>QUI SOMMES NOUS ? &nbsp; Bienvenue sur EUROSTADE, votre guide complet pour d\u00e9couvrir les plus grands stades de football d\u2019Europe. Que vous soyez passionn\u00e9 de sport, amateur d\u2019architecture ou simple curieux, notre site vous plonge dans l\u2019univers fascinant des enceintes sportives. Du Stade de France \u00e0 Paris, au Camp Nou de Barcelone, en passant par &hellip; <\/p>\n","protected":false},"author":1,"featured_media":0,"parent":0,"menu_order":0,"comment_status":"closed","ping_status":"closed","template":"","meta":{"footnotes":""},"class_list":["post-7","page","type-page","status-publish","hentry"],"_links":{"self":[{"href":"https:\/\/lpctour.fr\/2025\/td\/mehdi\/wp-json\/wp\/v2\/pages\/7","targetHints":{"allow":["GET"]}}],"collection":[{"href":"https:\/\/lpctour.fr\/2025\/td\/mehdi\/wp-json\/wp\/v2\/pages"}],"about":[{"href":"https:\/\/lpctour.fr\/2025\/td\/mehdi\/wp-json\/wp\/v2\/types\/page"}],"author":[{"embeddable":true,"href":"https:\/\/lpctour.fr\/2025\/td\/mehdi\/wp-json\/wp\/v2\/users\/1"}],"replies":[{"embeddable":true,"href":"https:\/\/lpctour.fr\/2025\/td\/mehdi\/wp-json\/wp\/v2\/comments?post=7"}],"version-history":[{"count":31,"href":"https:\/\/lpctour.fr\/2025\/td\/mehdi\/wp-json\/wp\/v2\/pages\/7\/revisions"}],"predecessor-version":[{"id":123,"href":"https:\/\/lpctour.fr\/2025\/td\/mehdi\/wp-json\/wp\/v2\/pages\/7\/revisions\/123"}],"wp:attachment":[{"href":"https:\/\/lpctour.fr\/2025\/td\/mehdi\/wp-json\/wp\/v2\/media?parent=7"}],"curies":[{"name":"wp","href":"https:\/\/api.w.org\/{rel}","templated":true}]}}