{"id":25,"date":"2026-01-09T10:19:50","date_gmt":"2026-01-09T09:19:50","guid":{"rendered":"https:\/\/lpctour.fr\/2025\/td\/oriane\/?page_id=25"},"modified":"2026-01-09T11:22:52","modified_gmt":"2026-01-09T10:22:52","slug":"accueil","status":"publish","type":"page","link":"https:\/\/lpctour.fr\/2025\/td\/oriane\/","title":{"rendered":"Accueil"},"content":{"rendered":"<h1><span style=\"font-family: 'arial black', sans-serif; color: #ff9900;\">Explorez la C\u00f4te d\u2019Azur autrement<\/span><\/h1>\n<p><span style=\"font-family: tahoma, arial, helvetica, sans-serif;\">Bienvenue sur Azur \u00c9vasion, votre guide touristique pour d\u00e9couvrir la C\u00f4te d\u2019Azur de mani\u00e8re authentique et responsable. D\u00e9couvrez les plus belles destinations, activit\u00e9s et exp\u00e9riences locales de cette r\u00e9gion unique.<\/span><\/p>\n<p><a href=\"https:\/\/lpctour.fr\/2025\/td\/oriane\/contact\/\"><span style=\"color: #0000ff;\">R\u00e9servez une exp\u00e9rience<\/span><\/a><\/p>\n<p><iframe loading=\"lazy\" title=\"Les 10 immanquables de la C\u00f4te d&#039;Azur !\" width=\"525\" height=\"295\" src=\"https:\/\/www.youtube.com\/embed\/mNuP1UQ3l74?feature=oembed\" frameborder=\"0\" allow=\"accelerometer; autoplay; clipboard-write; encrypted-media; gyroscope; picture-in-picture; web-share\" referrerpolicy=\"strict-origin-when-cross-origin\" allowfullscreen><\/iframe><\/p>\n<p>&nbsp;<\/p>\n","protected":false},"excerpt":{"rendered":"<p>Explorez la C\u00f4te d\u2019Azur autrement Bienvenue sur Azur \u00c9vasion, votre guide touristique pour d\u00e9couvrir la C\u00f4te d\u2019Azur de mani\u00e8re authentique et responsable. D\u00e9couvrez les plus belles destinations, activit\u00e9s et exp\u00e9riences locales de cette r\u00e9gion unique. R\u00e9servez une exp\u00e9rience &nbsp;<\/p>\n","protected":false},"author":1,"featured_media":62,"parent":0,"menu_order":0,"comment_status":"closed","ping_status":"closed","template":"","meta":{"footnotes":""},"class_list":["post-25","page","type-page","status-publish","has-post-thumbnail","hentry"],"_links":{"self":[{"href":"https:\/\/lpctour.fr\/2025\/td\/oriane\/wp-json\/wp\/v2\/pages\/25","targetHints":{"allow":["GET"]}}],"collection":[{"href":"https:\/\/lpctour.fr\/2025\/td\/oriane\/wp-json\/wp\/v2\/pages"}],"about":[{"href":"https:\/\/lpctour.fr\/2025\/td\/oriane\/wp-json\/wp\/v2\/types\/page"}],"author":[{"embeddable":true,"href":"https:\/\/lpctour.fr\/2025\/td\/oriane\/wp-json\/wp\/v2\/users\/1"}],"replies":[{"embeddable":true,"href":"https:\/\/lpctour.fr\/2025\/td\/oriane\/wp-json\/wp\/v2\/comments?post=25"}],"version-history":[{"count":7,"href":"https:\/\/lpctour.fr\/2025\/td\/oriane\/wp-json\/wp\/v2\/pages\/25\/revisions"}],"predecessor-version":[{"id":67,"href":"https:\/\/lpctour.fr\/2025\/td\/oriane\/wp-json\/wp\/v2\/pages\/25\/revisions\/67"}],"wp:featuredmedia":[{"embeddable":true,"href":"https:\/\/lpctour.fr\/2025\/td\/oriane\/wp-json\/wp\/v2\/media\/62"}],"wp:attachment":[{"href":"https:\/\/lpctour.fr\/2025\/td\/oriane\/wp-json\/wp\/v2\/media?parent=25"}],"curies":[{"name":"wp","href":"https:\/\/api.w.org\/{rel}","templated":true}]}}