{"id":27,"date":"2026-01-09T10:30:14","date_gmt":"2026-01-09T09:30:14","guid":{"rendered":"https:\/\/lpctour.fr\/2025\/td\/oriane\/?page_id=27"},"modified":"2026-01-09T12:11:38","modified_gmt":"2026-01-09T11:11:38","slug":"la-cote-dazur","status":"publish","type":"page","link":"https:\/\/lpctour.fr\/2025\/td\/oriane\/la-cote-dazur\/","title":{"rendered":"La C\u00f4te d&rsquo;Azur"},"content":{"rendered":"<h1><span style=\"font-family: 'arial black', sans-serif;\"><span style=\"color: #ff9900;\">La C\u00f4te d\u2019Azur : le joyau de la M\u00e9diterran\u00e9e<\/span><br \/>\n<\/span><\/h1>\n<p><span style=\"font-family: tahoma, arial, helvetica, sans-serif;\">La C\u00f4te d\u2019Azur est une r\u00e9gion unique o\u00f9 se m\u00ealent mer turquoise, villages pittoresques et montagnes majestueuses. Elle attire chaque ann\u00e9e des millions de visiteurs gr\u00e2ce \u00e0 ses plages, son climat ensoleill\u00e9 et son patrimoine culturel exceptionnel.<\/span><\/p>\n<table style=\"border-collapse: collapse; width: 100%;\">\n<tbody>\n<tr>\n<td style=\"width: 50%;\">\n<h4><span style=\"font-family: 'arial black', sans-serif; color: #3366ff;\">Plages et paysages<\/span><\/h4>\n<p><span style=\"font-family: tahoma, arial, helvetica, sans-serif;\">La C\u00f4te d\u2019Azur est c\u00e9l\u00e8bre pour ses plages de r\u00eave et ses paysages \u00e0 couper le \u00a0 \u00a0 \u00a0souffle. Que ce soit les criques secr\u00e8tes, les plages de sable fin ou les panoramas depuis l\u2019arri\u00e8re-pays, chaque visiteur y trouve son bonheur.<\/span><\/td>\n<td style=\"width: 50%;\"><img loading=\"lazy\" decoding=\"async\" class=\"alignnone size-medium wp-image-69\" src=\"https:\/\/lpctour.fr\/2025\/td\/oriane\/wp-content\/uploads\/2026\/01\/pexels-huy-phan-316220-28602920-300x200.jpg\" alt=\"\" width=\"300\" height=\"200\" srcset=\"https:\/\/lpctour.fr\/2025\/td\/oriane\/wp-content\/uploads\/2026\/01\/pexels-huy-phan-316220-28602920-300x200.jpg 300w, https:\/\/lpctour.fr\/2025\/td\/oriane\/wp-content\/uploads\/2026\/01\/pexels-huy-phan-316220-28602920-1024x683.jpg 1024w, https:\/\/lpctour.fr\/2025\/td\/oriane\/wp-content\/uploads\/2026\/01\/pexels-huy-phan-316220-28602920-768x512.jpg 768w, https:\/\/lpctour.fr\/2025\/td\/oriane\/wp-content\/uploads\/2026\/01\/pexels-huy-phan-316220-28602920-1536x1024.jpg 1536w, https:\/\/lpctour.fr\/2025\/td\/oriane\/wp-content\/uploads\/2026\/01\/pexels-huy-phan-316220-28602920-2048x1365.jpg 2048w\" sizes=\"auto, (max-width: 300px) 100vw, 300px\" \/><\/td>\n<\/tr>\n<\/tbody>\n<\/table>\n<table style=\"border-collapse: collapse; width: 100%;\">\n<tbody>\n<tr>\n<td style=\"width: 50%;\">\n<h4><span style=\"font-family: 'arial black', sans-serif; color: #3366ff;\">Culture et patrimoine<\/span><\/h4>\n<p><span style=\"font-family: tahoma, arial, helvetica, sans-serif;\">La r\u00e9gion regorge de villages pittoresques, de march\u00e9s traditionnels et de monuments historiques. Nice, Antibes, Cannes ou Monaco offrent un m\u00e9lange parfait entre modernit\u00e9 et authenticit\u00e9.<\/span><\/td>\n<td style=\"width: 50%;\"><img loading=\"lazy\" decoding=\"async\" class=\"alignnone size-medium wp-image-75\" src=\"https:\/\/lpctour.fr\/2025\/td\/oriane\/wp-content\/uploads\/2026\/01\/pexels-helen1-7102924-300x199.jpg\" alt=\"\" width=\"300\" height=\"199\" srcset=\"https:\/\/lpctour.fr\/2025\/td\/oriane\/wp-content\/uploads\/2026\/01\/pexels-helen1-7102924-300x199.jpg 300w, https:\/\/lpctour.fr\/2025\/td\/oriane\/wp-content\/uploads\/2026\/01\/pexels-helen1-7102924-1024x680.jpg 1024w, https:\/\/lpctour.fr\/2025\/td\/oriane\/wp-content\/uploads\/2026\/01\/pexels-helen1-7102924-768x510.jpg 768w, https:\/\/lpctour.fr\/2025\/td\/oriane\/wp-content\/uploads\/2026\/01\/pexels-helen1-7102924-1536x1020.jpg 1536w, https:\/\/lpctour.fr\/2025\/td\/oriane\/wp-content\/uploads\/2026\/01\/pexels-helen1-7102924-2048x1360.jpg 2048w\" sizes=\"auto, (max-width: 300px) 100vw, 300px\" \/><\/td>\n<\/tr>\n<\/tbody>\n<\/table>\n<table style=\"border-collapse: collapse; width: 100%;\">\n<tbody>\n<tr>\n<td style=\"width: 50%;\">\n<h4><span style=\"color: #3366ff; font-family: 'arial black', sans-serif;\">Activit\u00e9s et exp\u00e9riences<\/span><\/h4>\n<p><span style=\"font-family: tahoma, arial, helvetica, sans-serif;\">Entre randonn\u00e9es, excursions en bateau, visites guid\u00e9es et festivals, la C\u00f4te d\u2019Azur propose une infinit\u00e9 d\u2019exp\u00e9riences pour tous les go\u00fbts. Chaque visiteur peut personnaliser son s\u00e9jour selon ses envies.<\/span><\/td>\n<td style=\"width: 50%; text-align: left;\"><img loading=\"lazy\" decoding=\"async\" class=\"alignnone size-medium wp-image-77\" src=\"https:\/\/lpctour.fr\/2025\/td\/oriane\/wp-content\/uploads\/2026\/01\/pexels-toulouse-2076935-300x200.jpg\" alt=\"\" width=\"300\" height=\"200\" srcset=\"https:\/\/lpctour.fr\/2025\/td\/oriane\/wp-content\/uploads\/2026\/01\/pexels-toulouse-2076935-300x200.jpg 300w, https:\/\/lpctour.fr\/2025\/td\/oriane\/wp-content\/uploads\/2026\/01\/pexels-toulouse-2076935-1024x683.jpg 1024w, https:\/\/lpctour.fr\/2025\/td\/oriane\/wp-content\/uploads\/2026\/01\/pexels-toulouse-2076935-768x512.jpg 768w, https:\/\/lpctour.fr\/2025\/td\/oriane\/wp-content\/uploads\/2026\/01\/pexels-toulouse-2076935-1536x1024.jpg 1536w, https:\/\/lpctour.fr\/2025\/td\/oriane\/wp-content\/uploads\/2026\/01\/pexels-toulouse-2076935-2048x1365.jpg 2048w\" sizes=\"auto, (max-width: 300px) 100vw, 300px\" \/><\/td>\n<\/tr>\n<\/tbody>\n<\/table>\n<p>&nbsp;<\/p>\n","protected":false},"excerpt":{"rendered":"<p>La C\u00f4te d\u2019Azur : le joyau de la M\u00e9diterran\u00e9e La C\u00f4te d\u2019Azur est une r\u00e9gion unique o\u00f9 se m\u00ealent mer turquoise, villages pittoresques et montagnes majestueuses. Elle attire chaque ann\u00e9e des millions de visiteurs gr\u00e2ce \u00e0 ses plages, son climat ensoleill\u00e9 et son patrimoine culturel exceptionnel. Plages et paysages La C\u00f4te d\u2019Azur est c\u00e9l\u00e8bre pour &hellip; <\/p>\n<p class=\"link-more\"><a href=\"https:\/\/lpctour.fr\/2025\/td\/oriane\/la-cote-dazur\/\" class=\"more-link\">Continuer la lecture<span class=\"screen-reader-text\"> de &laquo;&nbsp;La C\u00f4te d&rsquo;Azur&nbsp;&raquo;<\/span><\/a><\/p>\n","protected":false},"author":1,"featured_media":0,"parent":0,"menu_order":0,"comment_status":"closed","ping_status":"closed","template":"","meta":{"footnotes":""},"class_list":["post-27","page","type-page","status-publish","hentry"],"_links":{"self":[{"href":"https:\/\/lpctour.fr\/2025\/td\/oriane\/wp-json\/wp\/v2\/pages\/27","targetHints":{"allow":["GET"]}}],"collection":[{"href":"https:\/\/lpctour.fr\/2025\/td\/oriane\/wp-json\/wp\/v2\/pages"}],"about":[{"href":"https:\/\/lpctour.fr\/2025\/td\/oriane\/wp-json\/wp\/v2\/types\/page"}],"author":[{"embeddable":true,"href":"https:\/\/lpctour.fr\/2025\/td\/oriane\/wp-json\/wp\/v2\/users\/1"}],"replies":[{"embeddable":true,"href":"https:\/\/lpctour.fr\/2025\/td\/oriane\/wp-json\/wp\/v2\/comments?post=27"}],"version-history":[{"count":8,"href":"https:\/\/lpctour.fr\/2025\/td\/oriane\/wp-json\/wp\/v2\/pages\/27\/revisions"}],"predecessor-version":[{"id":78,"href":"https:\/\/lpctour.fr\/2025\/td\/oriane\/wp-json\/wp\/v2\/pages\/27\/revisions\/78"}],"wp:attachment":[{"href":"https:\/\/lpctour.fr\/2025\/td\/oriane\/wp-json\/wp\/v2\/media?parent=27"}],"curies":[{"name":"wp","href":"https:\/\/api.w.org\/{rel}","templated":true}]}}