{"id":32,"date":"2026-01-09T10:30:59","date_gmt":"2026-01-09T09:30:59","guid":{"rendered":"https:\/\/lpctour.fr\/2025\/td\/oriane\/?page_id=32"},"modified":"2026-01-10T11:26:29","modified_gmt":"2026-01-10T10:26:29","slug":"prestations","status":"publish","type":"page","link":"https:\/\/lpctour.fr\/2025\/td\/oriane\/prestations\/","title":{"rendered":"Prestations"},"content":{"rendered":"<div class=\"woocommerce columns-3 \"><ul class=\"products columns-3\">\n<li class=\"product type-product post-148 status-publish first instock product_cat-non-classe has-post-thumbnail shipping-taxable purchasable product-type-simple\">\n\t<a href=\"https:\/\/lpctour.fr\/2025\/td\/oriane\/produit\/excursion-a-monaco-et-monte-carlo\/\" class=\"woocommerce-LoopProduct-link woocommerce-loop-product__link\"><img loading=\"lazy\" decoding=\"async\" width=\"250\" height=\"250\" src=\"https:\/\/lpctour.fr\/2025\/td\/oriane\/wp-content\/uploads\/2026\/01\/monaco-monte-carlo--250x250.jpeg\" class=\"attachment-woocommerce_thumbnail size-woocommerce_thumbnail\" alt=\"Excursion \u00e0 Monaco et Monte-Carlo\" srcset=\"https:\/\/lpctour.fr\/2025\/td\/oriane\/wp-content\/uploads\/2026\/01\/monaco-monte-carlo--250x250.jpeg 250w, https:\/\/lpctour.fr\/2025\/td\/oriane\/wp-content\/uploads\/2026\/01\/monaco-monte-carlo--150x150.jpeg 150w, https:\/\/lpctour.fr\/2025\/td\/oriane\/wp-content\/uploads\/2026\/01\/monaco-monte-carlo--100x100.jpeg 100w\" sizes=\"auto, 100vw\" \/><h2 class=\"woocommerce-loop-product__title\">Excursion \u00e0 Monaco et Monte-Carlo<\/h2>\n\t<span class=\"price\"><span class=\"woocommerce-Price-amount amount\"><bdi>65,00&nbsp;<span class=\"woocommerce-Price-currencySymbol\">&euro;<\/span><\/bdi><\/span><\/span>\n<\/a><a href=\"\/2025\/td\/oriane\/wp-json\/wp\/v2\/pages\/32?add-to-cart=148\" aria-describedby=\"woocommerce_loop_add_to_cart_link_describedby_148\" data-quantity=\"1\" class=\"button product_type_simple add_to_cart_button ajax_add_to_cart\" data-product_id=\"148\" data-product_sku=\"\" aria-label=\"Ajouter au panier\u00a0: &ldquo;Excursion \u00e0 Monaco et Monte-Carlo&rdquo;\" rel=\"nofollow\" data-success_message=\"\u00ab\u00a0Excursion \u00e0 Monaco et Monte-Carlo\u00a0\u00bb a \u00e9t\u00e9 ajout\u00e9 \u00e0 votre panier\" role=\"button\">Ajouter au panier<\/a>\t<span id=\"woocommerce_loop_add_to_cart_link_describedby_148\" class=\"screen-reader-text\">\n\t\t\t<\/span>\n<\/li>\n<li class=\"product type-product post-153 status-publish instock product_cat-non-classe has-post-thumbnail shipping-taxable purchasable product-type-simple\">\n\t<a href=\"https:\/\/lpctour.fr\/2025\/td\/oriane\/produit\/sortie-en-bateau-sur-la-cote-dazur\/\" class=\"woocommerce-LoopProduct-link woocommerce-loop-product__link\"><img loading=\"lazy\" decoding=\"async\" width=\"250\" height=\"250\" src=\"https:\/\/lpctour.fr\/2025\/td\/oriane\/wp-content\/uploads\/2026\/01\/cote-dazur-250x250.jpeg\" class=\"attachment-woocommerce_thumbnail size-woocommerce_thumbnail\" alt=\"Sortie en bateau sur la C\u00f4te d\u2019Azur\" srcset=\"https:\/\/lpctour.fr\/2025\/td\/oriane\/wp-content\/uploads\/2026\/01\/cote-dazur-250x250.jpeg 250w, https:\/\/lpctour.fr\/2025\/td\/oriane\/wp-content\/uploads\/2026\/01\/cote-dazur-150x150.jpeg 150w, https:\/\/lpctour.fr\/2025\/td\/oriane\/wp-content\/uploads\/2026\/01\/cote-dazur-100x100.jpeg 100w\" sizes=\"auto, 100vw\" \/><h2 class=\"woocommerce-loop-product__title\">Sortie en bateau sur la C\u00f4te d\u2019Azur<\/h2>\n\t<span class=\"price\"><span class=\"woocommerce-Price-amount amount\"><bdi>80,00&nbsp;<span class=\"woocommerce-Price-currencySymbol\">&euro;<\/span><\/bdi><\/span><\/span>\n<\/a><a href=\"\/2025\/td\/oriane\/wp-json\/wp\/v2\/pages\/32?add-to-cart=153\" aria-describedby=\"woocommerce_loop_add_to_cart_link_describedby_153\" data-quantity=\"1\" class=\"button product_type_simple add_to_cart_button ajax_add_to_cart\" data-product_id=\"153\" data-product_sku=\"\" aria-label=\"Ajouter au panier\u00a0: &ldquo;Sortie en bateau sur la C\u00f4te d\u2019Azur&rdquo;\" rel=\"nofollow\" data-success_message=\"\u00ab\u00a0Sortie en bateau sur la C\u00f4te d\u2019Azur\u00a0\u00bb a \u00e9t\u00e9 ajout\u00e9 \u00e0 votre panier\" role=\"button\">Ajouter au panier<\/a>\t<span id=\"woocommerce_loop_add_to_cart_link_describedby_153\" class=\"screen-reader-text\">\n\t\t\t<\/span>\n<\/li>\n<li class=\"product type-product post-144 status-publish last instock product_cat-non-classe has-post-thumbnail shipping-taxable purchasable product-type-simple\">\n\t<a href=\"https:\/\/lpctour.fr\/2025\/td\/oriane\/produit\/visite-guidee-de-nice\/\" class=\"woocommerce-LoopProduct-link woocommerce-loop-product__link\"><img loading=\"lazy\" decoding=\"async\" width=\"250\" height=\"250\" src=\"https:\/\/lpctour.fr\/2025\/td\/oriane\/wp-content\/uploads\/2026\/01\/nice-ville--250x250.jpeg\" class=\"attachment-woocommerce_thumbnail size-woocommerce_thumbnail\" alt=\"Visite guid\u00e9e de Nice\" srcset=\"https:\/\/lpctour.fr\/2025\/td\/oriane\/wp-content\/uploads\/2026\/01\/nice-ville--250x250.jpeg 250w, https:\/\/lpctour.fr\/2025\/td\/oriane\/wp-content\/uploads\/2026\/01\/nice-ville--150x150.jpeg 150w, https:\/\/lpctour.fr\/2025\/td\/oriane\/wp-content\/uploads\/2026\/01\/nice-ville--100x100.jpeg 100w\" sizes=\"auto, 100vw\" \/><h2 class=\"woocommerce-loop-product__title\">Visite guid\u00e9e de Nice<\/h2>\n\t<span class=\"price\"><span class=\"woocommerce-Price-amount amount\"><bdi>25,00&nbsp;<span class=\"woocommerce-Price-currencySymbol\">&euro;<\/span><\/bdi><\/span><\/span>\n<\/a><a href=\"\/2025\/td\/oriane\/wp-json\/wp\/v2\/pages\/32?add-to-cart=144\" aria-describedby=\"woocommerce_loop_add_to_cart_link_describedby_144\" data-quantity=\"1\" class=\"button product_type_simple add_to_cart_button ajax_add_to_cart\" data-product_id=\"144\" data-product_sku=\"\" aria-label=\"Ajouter au panier\u00a0: &ldquo;Visite guid\u00e9e de Nice&rdquo;\" rel=\"nofollow\" data-success_message=\"\u00ab\u00a0Visite guid\u00e9e de Nice\u00a0\u00bb a \u00e9t\u00e9 ajout\u00e9 \u00e0 votre panier\" role=\"button\">Ajouter au panier<\/a>\t<span id=\"woocommerce_loop_add_to_cart_link_describedby_144\" class=\"screen-reader-text\">\n\t\t\t<\/span>\n<\/li>\n<\/ul>\n<\/div>\n","protected":false},"excerpt":{"rendered":"","protected":false},"author":1,"featured_media":0,"parent":0,"menu_order":0,"comment_status":"closed","ping_status":"closed","template":"","meta":{"footnotes":""},"class_list":["post-32","page","type-page","status-publish","hentry"],"_links":{"self":[{"href":"https:\/\/lpctour.fr\/2025\/td\/oriane\/wp-json\/wp\/v2\/pages\/32","targetHints":{"allow":["GET"]}}],"collection":[{"href":"https:\/\/lpctour.fr\/2025\/td\/oriane\/wp-json\/wp\/v2\/pages"}],"about":[{"href":"https:\/\/lpctour.fr\/2025\/td\/oriane\/wp-json\/wp\/v2\/types\/page"}],"author":[{"embeddable":true,"href":"https:\/\/lpctour.fr\/2025\/td\/oriane\/wp-json\/wp\/v2\/users\/1"}],"replies":[{"embeddable":true,"href":"https:\/\/lpctour.fr\/2025\/td\/oriane\/wp-json\/wp\/v2\/comments?post=32"}],"version-history":[{"count":5,"href":"https:\/\/lpctour.fr\/2025\/td\/oriane\/wp-json\/wp\/v2\/pages\/32\/revisions"}],"predecessor-version":[{"id":151,"href":"https:\/\/lpctour.fr\/2025\/td\/oriane\/wp-json\/wp\/v2\/pages\/32\/revisions\/151"}],"wp:attachment":[{"href":"https:\/\/lpctour.fr\/2025\/td\/oriane\/wp-json\/wp\/v2\/media?parent=32"}],"curies":[{"name":"wp","href":"https:\/\/api.w.org\/{rel}","templated":true}]}}